{"id":285428,"date":"2025-04-04T09:51:34","date_gmt":"2025-04-04T07:51:34","guid":{"rendered":"https:\/\/www.huntersfriend.eu\/product\/pard-leopard-480-termisk-monokular\/"},"modified":"2025-11-27T11:15:00","modified_gmt":"2025-11-27T09:15:00","slug":"pard-leopard-480-termisk-monokular","status":"publish","type":"product","link":"https:\/\/www.huntersfriend.eu\/sv\/produkt\/pard-leopard-480-termisk-monokular\/","title":{"rendered":"Pard leopard 480 termisk monokul\u00e4r"},"content":{"rendered":"<h4>F\u00d6RB\u00c4TTRAD SENSOR MED <span class=\"color-text2\">H\u00d6GRE UPPL\u00d6SNING \u2013 <\/span>med en <b>h\u00f6guppl\u00f6st<\/b> sensor med en uppl\u00f6sning p\u00e5 <b>480*360<\/b>, tillsammans med banbrytande <b>okyld vox-teknik<\/b> som s\u00e4kerst\u00e4ller tydlig synlighet av rikliga m\u00e5ldetaljer och egenskaper.<\/h4>\n<h4 class=\"clear-right\">UPPGRADERAD DISPLAY MED H\u00d6GRE UPPL\u00d6SNING 1920*1080 \u2013 utrustad med en ultrah\u00f6g <b>1920*1080<\/b> uppl\u00f6sningssk\u00e4rm f\u00f6r monokul\u00e4r, kommer leopard att leverera observationsbilder som \u00e4r rikare, mer detaljerade och exceptionellt tydliga.<\/h4>\n<h4>NETD \u2264 20mK O\u00d6VERTR\u00c4FFAD K\u00c4NSLIGHET \u2013 uppt\u00e4ck den subtila temperaturskillnaden under <b>0,020 \u2103<\/b>, vilket ger tydligare, mer detaljerade bilder och m\u00f6jligg\u00f6r enklare identifiering av objekt i olika v\u00e4derf\u00f6rh\u00e5llanden.<\/h4>\n<h4 class=\"clear-right\">INTEGRERAD 1000m LASERAVST\u00c5NDSM\u00c4TARE \u2013 integrerad <b>1000m<\/b> avst\u00e5ndsm\u00e4tarmodul m\u00e4ter snabbt och exakt och visar m\u00e5lavst\u00e5nd i realtid, vilket st\u00f6djer en snabb och felfri bed\u00f6mning av situationen.<\/h4>\n<h4>SUPERLITEN &amp; KOMPAKT DESIGN \u2013 med sin kompakta design och l\u00e5ga vikt <b>360g<\/b>. Det f\u00f6rb\u00e4ttrar observationskomforten och bekv\u00e4mligheten avsev\u00e4rt,<br \/>\nvilket s\u00e4kerst\u00e4ller l\u00e5ngvarig anv\u00e4ndning utan att anstr\u00e4nga h\u00e4nderna. <\/h4>\n<section>\n<h6>Sensor<\/h6>\n<div class=\"info\">\n<p>Typ Okyld VOx (vanadinoxid)<br \/>\nUppl\u00f6sning (pixel) 480*360<br \/>\nPixelstorlek (\u00b5m) 12*12<br \/>\nNETD \u226420mK\uff080,02\u2103\uff09<br \/>\nBildhastighet (Hz) 50<br \/>\nDetektionsavst\u00e5nd (m) 1200\/1800<\/p>\n<\/div>\n<\/section>\n<section>\n<h6>Optik<\/h6>\n<div class=\"info\">\n<p>Objektiv (mm) (mm) &#8211; 25\/35<br \/>\nOptisk f\u00f6rstoring (x) &#8211; 2\/2,8<br \/>\nDigital zoom (x) 2\/4\/6\/8<br \/>\nSynf\u00e4lt (horisontellt) 13,1\u00b0\/9,4\u00b0<br \/>\nSynf\u00e4lt (vertikalt) 9,9\u00b0\/7,1\u00b0<br \/>\nSynf\u00e4lt (diagonalt) 16,4\u00b0\/11,7\u00b0<br \/>\n\u00d6gonavst\u00e5nd (mm) 20<br \/>\nDioptrijustering (D) -5~5<\/p>\n<\/div>\n<\/section>\n<section>\n<h6>Display<\/h6>\n<div class=\"info\">\n<p>Typ AMOLED<br \/>\nUppl\u00f6sning (pixel) 1920*1080<br \/>\nScenl\u00e4ge Stad\/Regn\/Skog<br \/>\nBildl\u00e4ge WT-HOT\/BK-HOT\/EDGE\/RD-HOT\/IN-HOT\/SKY<\/p>\n<\/div>\n<\/section>\n<section>\n<h6>Foto\/video<\/h6>\n<div class=\"info\">\n<p>Fotouppl\u00f6sning (pixel) 1440*1080<br \/>\nFotoformat .JPG<br \/>\nVideouppl\u00f6sning (pixel) 1440*1080<br \/>\nVideoformat .mp4<br \/>\nLagring (GB) Micro SD-kort (Max. 128GB)<br \/>\nBildmotor Pard IREA<\/p>\n<\/div>\n<\/section>\n<section>\n<h6>Huvudfunktion<\/h6>\n<div class=\"info\">\n<p>LRF-detekteringsomr\u00e5de (m\/yd) 1000\/1200<br \/>\nPIP Ja<br \/>\nGyroskop Ja<br \/>\nLoop-inspelning Ja<br \/>\nHot Track Ja<br \/>\nE-kompass Ja<br \/>\nSlutare Mekanisk slutare<br \/>\nMikrofon Ja<br \/>\nFirmware-uppgradering Ja<\/p>\n<\/div>\n<\/section>\n<section>\n<h6>Anslutningar<\/h6>\n<div class=\"info\">\n<p>USB Type-C Ja<br \/>\nHDMI-utg\u00e5ng Ja<br \/>\nWiFi Ja<br \/>\nAppar som st\u00f6ds PardVision2<\/p>\n<\/div>\n<\/section>\n<section>\n<h6>Str\u00f6mf\u00f6rs\u00f6rjning<\/h6>\n<div class=\"info\">\n<p>Batterityp Litiumjon 18650*1<br \/>\nUtsp\u00e4nning (V) 3,7<br \/>\nDrifttid (h) \u22646<br \/>\nExtern str\u00f6mf\u00f6rs\u00f6rjning Type-C<\/p>\n<\/div>\n<\/section>\n<section>\n<h6>Milj\u00f6egenskap<\/h6>\n<div class=\"info\">\n<p>Skyddsgrad IP67<br \/>\nDrifttemperatur (\u00b0C\/\u00b0F) -30 ~ +55 \/ -22 ~ +131<\/p>\n<\/div>\n<\/section>\n<section>\n<h6>Material<\/h6>\n<div class=\"info\">\n<p>H\u00f6lje Aluminiumlegering+Komposit<br \/>\n\u00d6gonstycke Multibelagd lins helt i glas<\/p>\n<\/div>\n<\/section>\n<section>\n<h6>M\u00e4tning<\/h6>\n<div class=\"info\">\n<p>Produktm\u00e5tt (L x B x H, mm) 169*58*48<br \/>\nN.V\/st (med LRF&amp;batteri, g) 360<\/p>\n<\/div>\n<\/section>\n","protected":false},"excerpt":{"rendered":"<p>F\u00d6RB\u00c4TTRAD SENSOR MED H\u00d6GRE UPPL\u00d6SNING \u2013 med en h\u00f6guppl\u00f6st sensor med en uppl\u00f6sning p\u00e5 480*360, tillsammans med banbrytande okyld vox-teknik som s\u00e4kerst\u00e4ller tydlig synlighet av rikliga m\u00e5ldetaljer och egenskaper. UPPGRADERAD DISPLAY MED H\u00d6GRE UPPL\u00d6SNING 1920*1080 \u2013 utrustad med en ultrah\u00f6g 1920*1080 uppl\u00f6sningssk\u00e4rm f\u00f6r monokul\u00e4r, kommer leopard att leverera observationsbilder som \u00e4r rikare, mer detaljerade och [&#8230;]\n","protected":false},"featured_media":278029,"comment_status":"open","ping_status":"closed","template":"","meta":[],"product_brand":[],"product_cat":[2529],"product_tag":[],"class_list":{"0":"post-285428","1":"product","2":"type-product","3":"status-publish","4":"has-post-thumbnail","6":"product_cat-varmebilder","8":"first","9":"instock","10":"taxable","11":"shipping-taxable","12":"purchasable","13":"product-type-variable"},"composite_virtual":false,"composite_layout":"","composite_add_to_cart_form_location":"","composite_editable_in_cart":false,"composite_sold_individually_context":"","composite_shop_price_calc":"","composite_components":[],"composite_scenarios":[],"group_of_quantity":0,"min_quantity":0,"max_quantity":"","exclude_order_quantity_value_rules":"no","exclude_category_quantity_rules":"no","combine_variations":"no","exclude_global_add_ons":[],"addons":[],"_links":{"self":[{"href":"https:\/\/www.huntersfriend.eu\/sv\/wp-json\/wp\/v2\/product\/285428","targetHints":{"allow":["GET"]}}],"collection":[{"href":"https:\/\/www.huntersfriend.eu\/sv\/wp-json\/wp\/v2\/product"}],"about":[{"href":"https:\/\/www.huntersfriend.eu\/sv\/wp-json\/wp\/v2\/types\/product"}],"replies":[{"embeddable":true,"href":"https:\/\/www.huntersfriend.eu\/sv\/wp-json\/wp\/v2\/comments?post=285428"}],"wp:featuredmedia":[{"embeddable":true,"href":"https:\/\/www.huntersfriend.eu\/sv\/wp-json\/wp\/v2\/media\/278029"}],"wp:attachment":[{"href":"https:\/\/www.huntersfriend.eu\/sv\/wp-json\/wp\/v2\/media?parent=285428"}],"wp:term":[{"taxonomy":"product_brand","embeddable":true,"href":"https:\/\/www.huntersfriend.eu\/sv\/wp-json\/wp\/v2\/product_brand?post=285428"},{"taxonomy":"product_cat","embeddable":true,"href":"https:\/\/www.huntersfriend.eu\/sv\/wp-json\/wp\/v2\/product_cat?post=285428"},{"taxonomy":"product_tag","embeddable":true,"href":"https:\/\/www.huntersfriend.eu\/sv\/wp-json\/wp\/v2\/product_tag?post=285428"}],"curies":[{"name":"wp","href":"https:\/\/api.w.org\/{rel}","templated":true}]}}