{"id":285427,"date":"2025-04-02T15:04:16","date_gmt":"2025-04-02T13:04:16","guid":{"rendered":"https:\/\/www.huntersfriend.eu\/product\/lyckans-ost-king-critter\/"},"modified":"2025-08-26T10:30:13","modified_gmt":"2025-08-26T08:30:13","slug":"lyckans-ost-king-critter","status":"publish","type":"product","link":"https:\/\/www.huntersfriend.eu\/sv\/produkt\/lyckans-ost-king-critter\/","title":{"rendered":"Lyckans ost King Critter"},"content":{"rendered":"<p><span class=\"s1\">King Critter \u00e4r den ultimata rovdjursattrappen som \u00e4r byggd f\u00f6r att klara extrema f\u00f6rh\u00e5llanden. Med ryckiga r\u00f6relser fr\u00e5n den magnetiska attrappen kommer den garanterat att locka in alla rovdjur. King Critter har 2 hastighetsinst\u00e4llningar f\u00f6r attrappen och inkluderar ett stativ som \u00e4r perfekt f\u00f6r alla typer av terr\u00e4ng. Det finns ocks\u00e5 en 3,5 mm-port som \u00e4r kompatibel med de flesta e-caller-fj\u00e4rrkontroller med extrafunktion.    <\/span><span class=\"s1\">Drivs med 4 AA-batterier (ing\u00e5r ej).<\/span><\/p>\n","protected":false},"excerpt":{"rendered":"<p>King Critter \u00e4r den ultimata rovdjursattrappen som \u00e4r byggd f\u00f6r att klara extrema f\u00f6rh\u00e5llanden. Med ryckiga r\u00f6relser fr\u00e5n den magnetiska attrappen kommer den garanterat att locka in alla rovdjur. King Critter har 2 hastighetsinst\u00e4llningar f\u00f6r attrappen och inkluderar ett stativ som \u00e4r perfekt f\u00f6r alla typer av terr\u00e4ng. Det finns ocks\u00e5 en 3,5 mm-port som [&#8230;]\n","protected":false},"featured_media":278124,"comment_status":"open","ping_status":"closed","template":"","meta":[],"product_brand":[],"product_cat":[2528,2530],"product_tag":[],"class_list":{"0":"post-285427","1":"product","2":"type-product","3":"status-publish","4":"has-post-thumbnail","6":"product_cat-rorliga-lockfaglar","7":"product_cat-rovdjursattrapper","9":"first","10":"instock","11":"taxable","12":"shipping-taxable","13":"purchasable","14":"product-type-simple"},"composite_virtual":false,"composite_layout":"","composite_add_to_cart_form_location":"","composite_editable_in_cart":false,"composite_sold_individually_context":"","composite_shop_price_calc":"","composite_components":[],"composite_scenarios":[],"group_of_quantity":0,"min_quantity":0,"max_quantity":"","exclude_order_quantity_value_rules":"no","exclude_category_quantity_rules":"no","combine_variations":"no","exclude_global_add_ons":[],"addons":[],"_links":{"self":[{"href":"https:\/\/www.huntersfriend.eu\/sv\/wp-json\/wp\/v2\/product\/285427","targetHints":{"allow":["GET"]}}],"collection":[{"href":"https:\/\/www.huntersfriend.eu\/sv\/wp-json\/wp\/v2\/product"}],"about":[{"href":"https:\/\/www.huntersfriend.eu\/sv\/wp-json\/wp\/v2\/types\/product"}],"replies":[{"embeddable":true,"href":"https:\/\/www.huntersfriend.eu\/sv\/wp-json\/wp\/v2\/comments?post=285427"}],"wp:featuredmedia":[{"embeddable":true,"href":"https:\/\/www.huntersfriend.eu\/sv\/wp-json\/wp\/v2\/media\/278124"}],"wp:attachment":[{"href":"https:\/\/www.huntersfriend.eu\/sv\/wp-json\/wp\/v2\/media?parent=285427"}],"wp:term":[{"taxonomy":"product_brand","embeddable":true,"href":"https:\/\/www.huntersfriend.eu\/sv\/wp-json\/wp\/v2\/product_brand?post=285427"},{"taxonomy":"product_cat","embeddable":true,"href":"https:\/\/www.huntersfriend.eu\/sv\/wp-json\/wp\/v2\/product_cat?post=285427"},{"taxonomy":"product_tag","embeddable":true,"href":"https:\/\/www.huntersfriend.eu\/sv\/wp-json\/wp\/v2\/product_tag?post=285427"}],"curies":[{"name":"wp","href":"https:\/\/api.w.org\/{rel}","templated":true}]}}