{"id":285424,"date":"2025-04-04T09:36:50","date_gmt":"2025-04-04T07:36:50","guid":{"rendered":"https:\/\/www.huntersfriend.eu\/product\/pard-leopard-256-termisk-monokular\/"},"modified":"2025-08-26T10:30:11","modified_gmt":"2025-08-26T08:30:11","slug":"pard-leopard-256-termisk-monokular","status":"publish","type":"product","link":"https:\/\/www.huntersfriend.eu\/sv\/produkt\/pard-leopard-256-termisk-monokular\/","title":{"rendered":"Pard leopard 256 termisk monokul\u00e4r"},"content":{"rendered":"<section>Den <strong>Leopard termiska<\/strong> monokul\u00e4ra enheten f\u00f6r v\u00e4rmebilder \u00e4r utrustad med ett uppladdningsbart 18650-batteri och har en l\u00e4tt och kompakt design med en uppl\u00f6sning p\u00e5 480 x 360 pixlar och en pixelstorlek p\u00e5 12 \u00b5m och o\u00f6vertr\u00e4ffad k\u00e4nslighet NETD\u226425mk, vilket ger den perfekta <strong>termiska<\/strong> monokul\u00e4ra bildl\u00f6sningen f\u00f6r utomhus\u00e4ventyr och professionell anv\u00e4ndning. SMART SCREEN RECORDING &#8211; Leopard 256 \u00f6vertr\u00e4ffar traditionell video- och bildinspelning genom att<br \/>\nspela in startsk\u00e4rmens ikoner tillsammans med foton och videor,<br \/>\nvilket ger rikare informationsinspelning.<\/p>\n<p class=\"title font-ee\">HOT TRACK &#8211; Hot track m\u00f6jligg\u00f6r snabb uppt\u00e4ckt och sp\u00e5rning av byte, vilket s\u00e4kerst\u00e4ller att de aldrig f\u00f6rsvinner ur sikte.<\/p>\n<p class=\"title font-ee\">STAND BY MODE &#8211; Ett enkelt tryck p\u00e5 str\u00f6mknappen v\u00e4cker snabbt enheten, vilket minskar str\u00f6mf\u00f6rbrukningen och \u00f6kar jaktens effektivitet.<\/p>\n<p class=\"title font-ee\">3 SCENL\u00c4GEN &#8211; Tre scenl\u00e4gen (City\/Rain\/Forest) ger enast\u00e5ende anpassningsf\u00f6rm\u00e5ga i olika milj\u00f6er.<\/p>\n<p class=\"title font-ee\">IP67-KLASSIFICERING &#8211; S\u00e4kerst\u00e4ller tillf\u00f6rlitlig prestanda \u00e4ven under extrema v\u00e4derf\u00f6rh\u00e5llanden.<\/p>\n<p class=\"title font-ee\">WIFI &#8211; Inbyggt WiFi m\u00f6jligg\u00f6r anslutning till en telefon som en extern s\u00f6kare f\u00f6r delning eller visning.<\/p>\n<p class=\"title font-ee\">UPPDATERING AV FIRMWARE &#8211; Kopiera den senaste programvaran till det inbyggda lagringskortet, anv\u00e4ndare kan enkelt uppgradera firmware.<\/p>\n<h6>Sensor<\/h6>\n<div class=\"info\">\n<p>Typ Okyld VOx (vanadinoxid)<br \/>\nUppl\u00f6sning (pixel) 256*192<br \/>\nPixelstorlek (um) 12*12<br \/>\nNETD \u226425mK\uff080.025\u2103\uff09<br \/>\nBildhastighet (Hz) 50<br \/>\nDetektionsavst\u00e5nd (m) 500\/800<\/p>\n<\/div>\n<\/section>\n<section>\n<h6>Optik<\/h6>\n<div class=\"info\">\n<p>Objektiv (mm) 11\/16<br \/>\nOptisk f\u00f6rstoring (x) 2\/2.9<br \/>\nDigital zoom (x) 2\/4\/6\/8<br \/>\nSynf\u00e4lt (horisontellt) 15.9\u00b0\/11\u00b0<br \/>\nSynf\u00e4lt (vertikalt) 12\u00b0\/8.2\u00b0<br \/>\nSynf\u00e4lt (diagonalt) 19.8\u00b0\/13.7\u00b0<br \/>\n\u00d6gonavst\u00e5nd (mm) 20<br \/>\nDioptrijustering (D) \u00b15<\/p>\n<\/div>\n<\/section>\n<section>\n<h6>Display<\/h6>\n<div class=\"info\">\n<p>Typ OLED<br \/>\nUppl\u00f6sning (pixel) 1024*768<br \/>\nScenl\u00e4ge City\/Rain\/Forest<br \/>\nBildl\u00e4ge WT-HOT\/BK-HOT\/RD-HOT\/IN-HOT\/SKY<\/p>\n<\/div>\n<\/section>\n<section>\n<h6>Foto\/video<\/h6>\n<div class=\"info\">\n<p>Fotouppl\u00f6sning (pixel) 1024*768<br \/>\nFotoformat .JPG<br \/>\nVideouppl\u00f6sning (pixel) 1024*768<br \/>\nVideoformat .MP4<br \/>\nLagring Inbyggd EMMC (32 GB)<br \/>\nBildmotor Pard IREA<\/p>\n<\/div>\n<\/section>\n<section>\n<h6>Huvudfunktion<\/h6>\n<div class=\"info\">\n<p>PIP Ja<br \/>\nGyroskop Ja<br \/>\nLoop-inspelning Ja<br \/>\nHot Track Ja<br \/>\nE-kompass Ja<br \/>\nSlutare Mekanisk slutare<br \/>\nMikrofon Ja<br \/>\nFirmware-uppgradering Ja<\/p>\n<\/div>\n<\/section>\n<section>\n<h6>Anslutningar<\/h6>\n<div class=\"info\">\n<p>USB Type-C Ja<br \/>\nWiFi Ja<br \/>\nAppar som st\u00f6ds PardVision2<\/p>\n<\/div>\n<\/section>\n<section>\n<h6>Str\u00f6mf\u00f6rs\u00f6rjning<\/h6>\n<div class=\"info\">\n<p>Batterityp Litiumjon 18650*1<br \/>\nUtsp\u00e4nning (V) 3.7<br \/>\nDrifttid (h) \u22646<br \/>\nExtern str\u00f6mf\u00f6rs\u00f6rjning (V) Type-C<\/p>\n<\/div>\n<\/section>\n<section>\n<h6>Milj\u00f6egenskap<\/h6>\n<div class=\"info\">\n<p>Skyddsgrad IP67<br \/>\nDrifttemperatur (\u2103\/\u2109) -30 ~ +55 \/ -22 ~ +131<\/p>\n<\/div>\n<\/section>\n<section>\n<h6>M\u00e4tning<\/h6>\n<div class=\"info\">\n<p>Produktm\u00e5tt (med LRF, L * B * H, mm) 172*36*48<br \/>\nN.V\/st (med batteri, g) 300<\/p>\n<\/div>\n<\/section>\n","protected":false},"excerpt":{"rendered":"<p>V\u00e4lj 11 mm eller 16 mm objektiv<\/p>\n","protected":false},"featured_media":278017,"comment_status":"open","ping_status":"closed","template":"","meta":[],"product_brand":[],"product_cat":[2529],"product_tag":[],"class_list":{"0":"post-285424","1":"product","2":"type-product","3":"status-publish","4":"has-post-thumbnail","6":"product_cat-varmebilder","8":"first","9":"instock","10":"taxable","11":"shipping-taxable","12":"purchasable","13":"product-type-variable"},"composite_virtual":false,"composite_layout":"","composite_add_to_cart_form_location":"","composite_editable_in_cart":false,"composite_sold_individually_context":"","composite_shop_price_calc":"","composite_components":[],"composite_scenarios":[],"group_of_quantity":0,"min_quantity":0,"max_quantity":"","exclude_order_quantity_value_rules":"no","exclude_category_quantity_rules":"no","combine_variations":"no","exclude_global_add_ons":[],"addons":[],"_links":{"self":[{"href":"https:\/\/www.huntersfriend.eu\/sv\/wp-json\/wp\/v2\/product\/285424","targetHints":{"allow":["GET"]}}],"collection":[{"href":"https:\/\/www.huntersfriend.eu\/sv\/wp-json\/wp\/v2\/product"}],"about":[{"href":"https:\/\/www.huntersfriend.eu\/sv\/wp-json\/wp\/v2\/types\/product"}],"replies":[{"embeddable":true,"href":"https:\/\/www.huntersfriend.eu\/sv\/wp-json\/wp\/v2\/comments?post=285424"}],"wp:featuredmedia":[{"embeddable":true,"href":"https:\/\/www.huntersfriend.eu\/sv\/wp-json\/wp\/v2\/media\/278017"}],"wp:attachment":[{"href":"https:\/\/www.huntersfriend.eu\/sv\/wp-json\/wp\/v2\/media?parent=285424"}],"wp:term":[{"taxonomy":"product_brand","embeddable":true,"href":"https:\/\/www.huntersfriend.eu\/sv\/wp-json\/wp\/v2\/product_brand?post=285424"},{"taxonomy":"product_cat","embeddable":true,"href":"https:\/\/www.huntersfriend.eu\/sv\/wp-json\/wp\/v2\/product_cat?post=285424"},{"taxonomy":"product_tag","embeddable":true,"href":"https:\/\/www.huntersfriend.eu\/sv\/wp-json\/wp\/v2\/product_tag?post=285424"}],"curies":[{"name":"wp","href":"https:\/\/api.w.org\/{rel}","templated":true}]}}