{"id":285423,"date":"2025-04-02T15:04:16","date_gmt":"2025-04-02T13:04:16","guid":{"rendered":"https:\/\/www.huntersfriend.eu\/product\/lucky-duck-field-flasher-3-pack\/"},"modified":"2025-08-26T10:30:11","modified_gmt":"2025-08-26T08:30:11","slug":"lucky-duck-field-flasher-3-pack","status":"publish","type":"product","link":"https:\/\/www.huntersfriend.eu\/sv\/produkt\/lucky-duck-field-flasher-3-pack\/","title":{"rendered":"Lucky Duck Field Flasher, 3-pack"},"content":{"rendered":"<p><span class=\"s1\">Enda g\u00e5ngen mindre \u00e4r mer. F\u00e5 samma effekt som en roterande lockf\u00e5gel med 3-packet Field Flashers. Enkelt, portabelt och effektivt. 3-packet Field Flashers kan anv\u00e4ndas f\u00f6r att locka \u00e4nder, duvor, eller andra flyttf\u00e5glar. Field Flashers inkluderar en HD-fj\u00e4rrkontroll som g\u00f6r det enkelt att sl\u00e5 p\u00e5\/av, samt slumpm\u00e4ssiga intervalltimers.     <\/span><span class=\"s1\">Varje enhet kr\u00e4ver 4 AA-batterier (ing\u00e5r ej).<\/span><\/p>\n","protected":false},"excerpt":{"rendered":"<p>Enda g\u00e5ngen mindre \u00e4r mer. F\u00e5 samma effekt som en roterande lockf\u00e5gel med 3-packet Field Flashers. Enkelt, portabelt och effektivt. 3-packet Field Flashers kan anv\u00e4ndas f\u00f6r att locka \u00e4nder, duvor, eller andra flyttf\u00e5glar. Field Flashers inkluderar en HD-fj\u00e4rrkontroll som g\u00f6r det enkelt att sl\u00e5 p\u00e5\/av, samt slumpm\u00e4ssiga intervalltimers. Varje enhet kr\u00e4ver 4 AA-batterier (ing\u00e5r ej).<\/p>\n","protected":false},"featured_media":278132,"comment_status":"open","ping_status":"closed","template":"","meta":[],"product_brand":[],"product_cat":[2528],"product_tag":[],"class_list":{"0":"post-285423","1":"product","2":"type-product","3":"status-publish","4":"has-post-thumbnail","6":"product_cat-rorliga-lockfaglar","8":"first","9":"instock","10":"taxable","11":"shipping-taxable","12":"purchasable","13":"product-type-simple"},"composite_virtual":false,"composite_layout":"","composite_add_to_cart_form_location":"","composite_editable_in_cart":false,"composite_sold_individually_context":"","composite_shop_price_calc":"","composite_components":[],"composite_scenarios":[],"group_of_quantity":0,"min_quantity":0,"max_quantity":"","exclude_order_quantity_value_rules":"no","exclude_category_quantity_rules":"no","combine_variations":"no","exclude_global_add_ons":[],"addons":[],"_links":{"self":[{"href":"https:\/\/www.huntersfriend.eu\/sv\/wp-json\/wp\/v2\/product\/285423","targetHints":{"allow":["GET"]}}],"collection":[{"href":"https:\/\/www.huntersfriend.eu\/sv\/wp-json\/wp\/v2\/product"}],"about":[{"href":"https:\/\/www.huntersfriend.eu\/sv\/wp-json\/wp\/v2\/types\/product"}],"replies":[{"embeddable":true,"href":"https:\/\/www.huntersfriend.eu\/sv\/wp-json\/wp\/v2\/comments?post=285423"}],"wp:featuredmedia":[{"embeddable":true,"href":"https:\/\/www.huntersfriend.eu\/sv\/wp-json\/wp\/v2\/media\/278132"}],"wp:attachment":[{"href":"https:\/\/www.huntersfriend.eu\/sv\/wp-json\/wp\/v2\/media?parent=285423"}],"wp:term":[{"taxonomy":"product_brand","embeddable":true,"href":"https:\/\/www.huntersfriend.eu\/sv\/wp-json\/wp\/v2\/product_brand?post=285423"},{"taxonomy":"product_cat","embeddable":true,"href":"https:\/\/www.huntersfriend.eu\/sv\/wp-json\/wp\/v2\/product_cat?post=285423"},{"taxonomy":"product_tag","embeddable":true,"href":"https:\/\/www.huntersfriend.eu\/sv\/wp-json\/wp\/v2\/product_tag?post=285423"}],"curies":[{"name":"wp","href":"https:\/\/api.w.org\/{rel}","templated":true}]}}