{"id":285422,"date":"2025-04-01T13:35:51","date_gmt":"2025-04-01T11:35:51","guid":{"rendered":"https:\/\/www.huntersfriend.eu\/product\/final-approch-live-common-goldeneye-decoy\/"},"modified":"2025-08-26T10:30:10","modified_gmt":"2025-08-26T08:30:10","slug":"final-approch-live-common-goldeneye-decoy","status":"publish","type":"product","link":"https:\/\/www.huntersfriend.eu\/sv\/produkt\/final-approch-live-common-goldeneye-decoy\/","title":{"rendered":"Final approch live common goldeneye decoy"},"content":{"rendered":"<div class=\" product-block product-block--description \">\n<div class=\"product-description rte\" data-product-description=\"\">\n<p>Uppt\u00e4ck Final Approach Live Foam Filled Common Goldeneye Floating Decoys, sakkunnigt snidade av den tv\u00e5faldige v\u00e4rldsm\u00e4staren Wayne Simkin. Dessa beten har en n\u00e5got \u00f6verdimensionerad, skumfylld design som \u00e4r perfekt f\u00f6r dykandjakt. De \u00e4r tillverkade av slitstark plast med otroliga f\u00e4rgdetaljer och efterliknar verkligheten med fantastisk realism. Designen i ett stycke och den viktade k\u00f6len s\u00e4kerst\u00e4ller stabilitet p\u00e5 grovt vatten. Perfekt f\u00f6r alla typer av j\u00e4gare, dessa beten ger o\u00f6vertr\u00e4ffad prestanda och h\u00e5llbarhet. F\u00f6rh\u00f6j din jaktupplevelse med de finaste betena p\u00e5 marknaden!     <\/p>\n<h2>Funktioner<\/h2>\n<ul>\n<li>\u201cLIVE\u201d Fj\u00e4derdetaljer fr\u00e5n den tv\u00e5faldige v\u00e4rldsm\u00e4staren Wayne Simkin<\/li>\n<li>\u00d6verdimensionerad<\/li>\n<li>Skumfylld<\/li>\n<li>Robust plast<\/li>\n<li>Verklighetstrogna f\u00e4rgdetaljer<\/li>\n<li>Design i ett stycke<\/li>\n<li>6-pack \u2013 alla drakar<\/li>\n<\/ul>\n<p><em>Final approach live foam filled common goldeneye flytande andbeten &#8211; 6-pack<\/em><\/p>\n<\/div>\n<\/div>\n<div class=\" product-block product-block--sku \">\n<div class=\" product-sku \"><strong>Obs: Onlinebest\u00e4llningar \u00e4r begr\u00e4nsade till en l\u00e5da per best\u00e4llning. F\u00f6r st\u00f6rre m\u00e4ngder, v\u00e4nligen kontakta kundtj\u00e4nst direkt f\u00f6r att se om leveranskostnader. <\/strong><\/div>\n<\/div>\n","protected":false},"excerpt":{"rendered":"<p>Uppt\u00e4ck Final Approach Live Foam Filled Common Goldeneye Floating Decoys, sakkunnigt snidade av den tv\u00e5faldige v\u00e4rldsm\u00e4staren Wayne Simkin. Dessa beten har en n\u00e5got \u00f6verdimensionerad, skumfylld design som \u00e4r perfekt f\u00f6r dykandjakt. De \u00e4r tillverkade av slitstark plast med otroliga f\u00e4rgdetaljer och efterliknar verkligheten med fantastisk realism. Designen i ett stycke och den viktade k\u00f6len s\u00e4kerst\u00e4ller [&#8230;]\n","protected":false},"featured_media":278150,"comment_status":"open","ping_status":"closed","template":"","meta":[],"product_brand":[],"product_cat":[2527],"product_tag":[],"class_list":{"0":"post-285422","1":"product","2":"type-product","3":"status-publish","4":"has-post-thumbnail","6":"product_cat-andbeten","7":"product_shipping_class-big-sv","9":"first","10":"instock","11":"sale","12":"taxable","13":"shipping-taxable","14":"purchasable","15":"product-type-simple"},"composite_virtual":false,"composite_layout":"","composite_add_to_cart_form_location":"","composite_editable_in_cart":false,"composite_sold_individually_context":"","composite_shop_price_calc":"","composite_components":[],"composite_scenarios":[],"group_of_quantity":0,"min_quantity":0,"max_quantity":"","exclude_order_quantity_value_rules":"no","exclude_category_quantity_rules":"no","combine_variations":"no","exclude_global_add_ons":[],"addons":[],"_links":{"self":[{"href":"https:\/\/www.huntersfriend.eu\/sv\/wp-json\/wp\/v2\/product\/285422","targetHints":{"allow":["GET"]}}],"collection":[{"href":"https:\/\/www.huntersfriend.eu\/sv\/wp-json\/wp\/v2\/product"}],"about":[{"href":"https:\/\/www.huntersfriend.eu\/sv\/wp-json\/wp\/v2\/types\/product"}],"replies":[{"embeddable":true,"href":"https:\/\/www.huntersfriend.eu\/sv\/wp-json\/wp\/v2\/comments?post=285422"}],"wp:featuredmedia":[{"embeddable":true,"href":"https:\/\/www.huntersfriend.eu\/sv\/wp-json\/wp\/v2\/media\/278150"}],"wp:attachment":[{"href":"https:\/\/www.huntersfriend.eu\/sv\/wp-json\/wp\/v2\/media?parent=285422"}],"wp:term":[{"taxonomy":"product_brand","embeddable":true,"href":"https:\/\/www.huntersfriend.eu\/sv\/wp-json\/wp\/v2\/product_brand?post=285422"},{"taxonomy":"product_cat","embeddable":true,"href":"https:\/\/www.huntersfriend.eu\/sv\/wp-json\/wp\/v2\/product_cat?post=285422"},{"taxonomy":"product_tag","embeddable":true,"href":"https:\/\/www.huntersfriend.eu\/sv\/wp-json\/wp\/v2\/product_tag?post=285422"}],"curies":[{"name":"wp","href":"https:\/\/api.w.org\/{rel}","templated":true}]}}