{"id":285421,"date":"2025-04-02T15:18:31","date_gmt":"2025-04-02T13:18:31","guid":{"rendered":"https:\/\/www.huntersfriend.eu\/product\/lucky-teal-hd\/"},"modified":"2025-08-26T10:30:10","modified_gmt":"2025-08-26T08:30:10","slug":"lucky-teal-hd","status":"publish","type":"product","link":"https:\/\/www.huntersfriend.eu\/sv\/produkt\/lucky-teal-hd\/","title":{"rendered":"Lucky Teal HD"},"content":{"rendered":"<p>Lucky Teal HD \u00e4r en fullstor spinnande vingattrapp med exceptionella detaljer. Tillverkad av slitstark EVA-plast som motst\u00e5r sprickbildning och h\u00e5ller f\u00e4rgen bra, \u00e4ven f\u00f6r de tuffaste vattenf\u00e5gelj\u00e4garna. V\u00e5rt br\u00f6stf\u00e4ste med bungee g\u00f6r denna attrapp problemfri och mobil. Krickan inkluderar en 3-delad 42&#8243; pinne och magnetiska vingar med verklighetstrogna tryck. Attrappen drivs med 4 AA-batterier (ing\u00e5r ej) och fungerar i 12\u201314 timmar. HD-fj\u00e4rrkontroll redo.     <\/p>\n<ul>\n<li>Ultrarealistisk kricka<\/li>\n<li>Br\u00f6stf\u00e4ste med bungee<\/li>\n<li>T\u00e5liga magnetiska vingar med verklighetstrogna tryck<\/li>\n<li>Fungerar i 12\u201314 timmar<\/li>\n<li>Kr\u00e4ver 4 AA-batterier (ing\u00e5r ej)\n<ul>\n<li>Bl\u00e5vingad kricka #10218-3<\/li>\n<\/ul>\n<\/li>\n<li>HD-fj\u00e4rrkontrollkit redo \u2013 s\u00e4ljs separat<\/li>\n<li>Inkluderar 3-delad 42&#8243; pinne<\/li>\n<\/ul>\n","protected":false},"excerpt":{"rendered":"<p>Lucky Teal HD \u00e4r en fullstor spinnande vingattrapp med exceptionella detaljer. Tillverkad av slitstark EVA-plast som motst\u00e5r sprickbildning och h\u00e5ller f\u00e4rgen bra, \u00e4ven f\u00f6r de tuffaste vattenf\u00e5gelj\u00e4garna. V\u00e5rt br\u00f6stf\u00e4ste med bungee g\u00f6r denna attrapp problemfri och mobil. Krickan inkluderar en 3-delad 42&#8243; pinne och magnetiska vingar med verklighetstrogna tryck. Attrappen drivs med 4 AA-batterier (ing\u00e5r [&#8230;]\n","protected":false},"featured_media":278063,"comment_status":"open","ping_status":"closed","template":"","meta":[],"product_brand":[],"product_cat":[878],"product_tag":[],"class_list":{"0":"post-285421","1":"product","2":"type-product","3":"status-publish","4":"has-post-thumbnail","6":"product_cat-uncategorized-sv","8":"first","9":"outofstock","10":"taxable","11":"shipping-taxable","12":"purchasable","13":"product-type-simple"},"composite_virtual":false,"composite_layout":"","composite_add_to_cart_form_location":"","composite_editable_in_cart":false,"composite_sold_individually_context":"","composite_shop_price_calc":"","composite_components":[],"composite_scenarios":[],"group_of_quantity":0,"min_quantity":0,"max_quantity":"","exclude_order_quantity_value_rules":"no","exclude_category_quantity_rules":"no","combine_variations":"no","exclude_global_add_ons":[],"addons":[],"_links":{"self":[{"href":"https:\/\/www.huntersfriend.eu\/sv\/wp-json\/wp\/v2\/product\/285421","targetHints":{"allow":["GET"]}}],"collection":[{"href":"https:\/\/www.huntersfriend.eu\/sv\/wp-json\/wp\/v2\/product"}],"about":[{"href":"https:\/\/www.huntersfriend.eu\/sv\/wp-json\/wp\/v2\/types\/product"}],"replies":[{"embeddable":true,"href":"https:\/\/www.huntersfriend.eu\/sv\/wp-json\/wp\/v2\/comments?post=285421"}],"wp:featuredmedia":[{"embeddable":true,"href":"https:\/\/www.huntersfriend.eu\/sv\/wp-json\/wp\/v2\/media\/278063"}],"wp:attachment":[{"href":"https:\/\/www.huntersfriend.eu\/sv\/wp-json\/wp\/v2\/media?parent=285421"}],"wp:term":[{"taxonomy":"product_brand","embeddable":true,"href":"https:\/\/www.huntersfriend.eu\/sv\/wp-json\/wp\/v2\/product_brand?post=285421"},{"taxonomy":"product_cat","embeddable":true,"href":"https:\/\/www.huntersfriend.eu\/sv\/wp-json\/wp\/v2\/product_cat?post=285421"},{"taxonomy":"product_tag","embeddable":true,"href":"https:\/\/www.huntersfriend.eu\/sv\/wp-json\/wp\/v2\/product_tag?post=285421"}],"curies":[{"name":"wp","href":"https:\/\/api.w.org\/{rel}","templated":true}]}}