{"id":285420,"date":"2025-07-07T23:40:41","date_gmt":"2025-07-07T21:40:41","guid":{"rendered":"https:\/\/www.huntersfriend.eu\/product\/meopta-meopror6-1-6x24-rd-sfp-k-dot-2\/"},"modified":"2025-08-26T08:42:27","modified_gmt":"2025-08-26T06:42:27","slug":"meopta-meopror6-1-6x24-rd-sfp-k-dot-2","status":"publish","type":"product","link":"https:\/\/www.huntersfriend.eu\/sv\/produkt\/meopta-meopror6-1-6x24-rd-sfp-k-dot-2\/","title":{"rendered":"Meopta MeoProR6 1-6&#215;24 RD SFP &#8211; k-Dot 2"},"content":{"rendered":"<p data-start=\"0\" data-end=\"114\"><strong data-start=\"0\" data-end=\"30\">Meopta MeoPro R6 1-6&#215;24 RD<\/strong><br data-start=\"30\" data-end=\"33\"><em data-start=\"33\" data-end=\"114\">En m\u00e5ngsidig och h\u00f6gpresterande kikarsikte f\u00f6r snabb jakt och skytte<\/em><\/p>\n<p data-start=\"116\" data-end=\"431\"><strong data-start=\"120\" data-end=\"150\">Meopta MeoPro R6 1-6&#215;24 RD<\/strong> \u00e4r ett europeiskt kvalitetskikarsikte, speciellt utformat f\u00f6r kr\u00e4vande drevjakter och situationer d\u00e4r snabb m\u00e5lf\u00e5ngst \u00e4r avg\u00f6rande. Dess kompakta kropp, breda synf\u00e4lt och utm\u00e4rkta ljustransmission kombineras med den precisa optiska prestanda som Meopta \u00e4r k\u00e4nt f\u00f6r. <\/p>\n<p data-start=\"433\" data-end=\"667\">Detta sikte \u00e4r en del av <strong data-start=\"459\" data-end=\"479\">MeoPro R6-serien<\/strong>, som har en 6x zoom, premiumlinscoating och ett p\u00e5litligt belyst riktmedelssystem. Det levererar enast\u00e5ende prestanda b\u00e5de i starkt dagsljus och i svagt ljus. <\/p>\n<hr data-start=\"669\" data-end=\"672\">\n<h3 data-start=\"674\" data-end=\"707\"><strong data-start=\"678\" data-end=\"707\">Tekniska specifikationer:<\/strong><\/h3>\n<ul data-start=\"709\" data-end=\"1344\">\n<li data-start=\"709\" data-end=\"832\">\n<p data-start=\"711\" data-end=\"832\"><strong data-start=\"711\" data-end=\"735\">F\u00f6rstoring:<\/strong> 1\u20136x \u2013 Perfekt f\u00f6r snabb m\u00e5lsp\u00e5rning p\u00e5 n\u00e4ra h\u00e5ll och precisionsskytte p\u00e5 l\u00e4ngre avst\u00e5nd<\/p>\n<\/li>\n<li data-start=\"833\" data-end=\"871\">\n<p data-start=\"835\" data-end=\"871\"><strong data-start=\"835\" data-end=\"863\">Objektivdiameter:<\/strong> 24 mm<\/p>\n<\/li>\n<li data-start=\"872\" data-end=\"951\">\n<p data-start=\"874\" data-end=\"951\"><strong data-start=\"874\" data-end=\"892\">Tubdiameter:<\/strong> 30 mm \u2013 Kompatibel med ett brett utbud av monteringsalternativ<\/p>\n<\/li>\n<li data-start=\"952\" data-end=\"1072\">\n<p data-start=\"954\" data-end=\"1072\"><strong data-start=\"954\" data-end=\"978\">Belyst riktmedel:<\/strong> RD (Red Dot) \u2013 6-stegs justering av ljusstyrka, utm\u00e4rkt kontrast i alla ljusf\u00f6rh\u00e5llanden<\/p>\n<\/li>\n<li data-start=\"1073\" data-end=\"1137\">\n<p data-start=\"1075\" data-end=\"1137\"><strong data-start=\"1075\" data-end=\"1102\">Synf\u00e4lt p\u00e5 100 m:<\/strong> Upp till 38,7 m vid 1x f\u00f6rstoring<\/p>\n<\/li>\n<li data-start=\"1138\" data-end=\"1203\">\n<p data-start=\"1140\" data-end=\"1203\"><strong data-start=\"1140\" data-end=\"1155\">\u00d6gonavst\u00e5nd:<\/strong> 100 mm \u2013 S\u00e4kert att anv\u00e4nda med kraftfulla gev\u00e4r<\/p>\n<\/li>\n<li data-start=\"1204\" data-end=\"1248\">\n<p data-start=\"1206\" data-end=\"1248\"><strong data-start=\"1206\" data-end=\"1222\">Klickv\u00e4rde:<\/strong> 0,1 mrad (1 cm \/ 100 m)<\/p>\n<\/li>\n<li data-start=\"1249\" data-end=\"1344\">\n<p data-start=\"1251\" data-end=\"1344\"><strong data-start=\"1251\" data-end=\"1272\">Riktmedlets position:<\/strong> Andra fokalplanet (SFP) \u2013 Riktmedlets storlek f\u00f6rblir konstant vid zoomning<\/p>\n<\/li>\n<\/ul>\n<hr data-start=\"1346\" data-end=\"1349\">\n<h3 data-start=\"1351\" data-end=\"1375\"><strong data-start=\"1355\" data-end=\"1375\">Riktmedelsalternativ:<\/strong><\/h3>\n<ul data-start=\"1377\" data-end=\"1644\">\n<li data-start=\"1377\" data-end=\"1481\">\n<p data-start=\"1379\" data-end=\"1481\"><strong data-start=\"1379\" data-end=\"1386\">4C:<\/strong> Klassiskt, tydligt jaktriktmedel med en r\u00f6d belyst mittpunkt \u2013 Utm\u00e4rkt f\u00f6r allm\u00e4n jakt<\/p>\n<\/li>\n<li data-start=\"1482\" data-end=\"1644\">\n<p data-start=\"1484\" data-end=\"1644\"><strong data-start=\"1484\" data-end=\"1496\">K-Dot 2:<\/strong> Utformat f\u00f6r snabb m\u00e5lf\u00e5ngst med en ljusstark central punkt och brett synf\u00e4lt \u2013 S\u00e4rskilt l\u00e4mpligt f\u00f6r taktiskt skytte och drevjakter<\/p>\n<\/li>\n<\/ul>\n<hr data-start=\"1646\" data-end=\"1649\">\n<h3 data-start=\"1651\" data-end=\"1685\"><strong data-start=\"1655\" data-end=\"1685\">Konstruktion och ytbehandlingar:<\/strong><\/h3>\n<ul data-start=\"1687\" data-end=\"2071\">\n<li data-start=\"1687\" data-end=\"1806\">\n<p data-start=\"1689\" data-end=\"1806\"><strong data-start=\"1689\" data-end=\"1717\">MeoBright\u2122 5501-coating:<\/strong> S\u00e4kerst\u00e4ller upp till 99,8 % ljustransmission per yta \u2013 Exceptionell prestanda i svagt ljus<\/p>\n<\/li>\n<li data-start=\"1807\" data-end=\"1883\">\n<p data-start=\"1809\" data-end=\"1883\"><strong data-start=\"1809\" data-end=\"1837\">MeoShield\u2122 h\u00e5rd coating:<\/strong> Skyddar linserna fr\u00e5n repor och n\u00f6tning<\/p>\n<\/li>\n<li data-start=\"1884\" data-end=\"1986\">\n<p data-start=\"1886\" data-end=\"1986\"><strong data-start=\"1886\" data-end=\"1927\">Helt vattent\u00e4t och kv\u00e4vgasfylld:<\/strong> Kommer inte att imma eller sl\u00e4ppa in fukt, inte ens i tufft v\u00e4der<\/p>\n<\/li>\n<li data-start=\"1987\" data-end=\"2071\">\n<p data-start=\"1989\" data-end=\"2071\"><strong data-start=\"1989\" data-end=\"2022\">St\u00f6tt\u00e5lig konstruktion:<\/strong> Byggd f\u00f6r att t\u00e5la kraftig rekyl och tuff anv\u00e4ndning<\/p>\n<\/li>\n<\/ul>\n<hr data-start=\"2073\" data-end=\"2076\">\n<h3 data-start=\"2078\" data-end=\"2108\"><strong data-start=\"2082\" data-end=\"2108\">M\u00e5tt och vikt:<\/strong><\/h3>\n<ul data-start=\"2110\" data-end=\"2170\">\n<li data-start=\"2110\" data-end=\"2140\">\n<p data-start=\"2112\" data-end=\"2140\"><strong data-start=\"2112\" data-end=\"2123\">L\u00e4ngd:<\/strong> ca 292 mm <\/p>\n<\/li>\n<li data-start=\"2141\" data-end=\"2170\">\n<p data-start=\"2143\" data-end=\"2170\"><strong data-start=\"2143\" data-end=\"2154\">Vikt:<\/strong> ca 508 g <\/p>\n<\/li>\n<\/ul>\n<hr data-start=\"2172\" data-end=\"2175\">\n<h3 data-start=\"2177\" data-end=\"2209\"><strong data-start=\"2181\" data-end=\"2209\">Ing\u00e5r i paketet:<\/strong><\/h3>\n<ul data-start=\"2211\" data-end=\"2324\">\n<li data-start=\"2211\" data-end=\"2252\">\n<p data-start=\"2213\" data-end=\"2252\">Meopta MeoPro R6 1-6&#215;24 RD kikarsikte<\/p>\n<\/li>\n<li data-start=\"2253\" data-end=\"2268\">\n<p data-start=\"2255\" data-end=\"2268\">Linsskydd<\/p>\n<\/li>\n<li data-start=\"2269\" data-end=\"2289\">\n<p data-start=\"2271\" data-end=\"2289\">Batteri (CR2354)<\/p>\n<\/li>\n<li data-start=\"2290\" data-end=\"2305\">\n<p data-start=\"2292\" data-end=\"2305\">Anv\u00e4ndarmanual<\/p>\n<\/li>\n<li data-start=\"2306\" data-end=\"2324\">\n<p data-start=\"2308\" data-end=\"2324\">Putsduk<\/p>\n<\/li>\n<\/ul>\n","protected":false},"excerpt":{"rendered":"<p>Meopta MeoPro R6 1-6&#215;24 RDEn m\u00e5ngsidig och h\u00f6gpresterande kikarsikte f\u00f6r snabb jakt och skytte Meopta MeoPro R6 1-6&#215;24 RD \u00e4r ett europeiskt kvalitetskikarsikte, speciellt utformat f\u00f6r kr\u00e4vande drevjakter och situationer d\u00e4r snabb m\u00e5lf\u00e5ngst \u00e4r avg\u00f6rande. Dess kompakta kropp, breda synf\u00e4lt och utm\u00e4rkta ljustransmission kombineras med den precisa optiska prestanda som Meopta \u00e4r k\u00e4nt f\u00f6r. Detta [&#8230;]\n","protected":false},"featured_media":282937,"comment_status":"open","ping_status":"closed","template":"","meta":[],"product_brand":[],"product_cat":[2526],"product_tag":[],"class_list":{"0":"post-285420","1":"product","2":"type-product","3":"status-publish","4":"has-post-thumbnail","6":"product_cat-kikarsikten-och-optik","8":"first","9":"instock","10":"taxable","11":"shipping-taxable","12":"purchasable","13":"product-type-simple"},"composite_virtual":false,"composite_layout":"","composite_add_to_cart_form_location":"","composite_editable_in_cart":false,"composite_sold_individually_context":"","composite_shop_price_calc":"","composite_components":[],"composite_scenarios":[],"group_of_quantity":0,"min_quantity":0,"max_quantity":"","exclude_order_quantity_value_rules":"no","exclude_category_quantity_rules":"no","combine_variations":"no","exclude_global_add_ons":[],"addons":[],"_links":{"self":[{"href":"https:\/\/www.huntersfriend.eu\/sv\/wp-json\/wp\/v2\/product\/285420","targetHints":{"allow":["GET"]}}],"collection":[{"href":"https:\/\/www.huntersfriend.eu\/sv\/wp-json\/wp\/v2\/product"}],"about":[{"href":"https:\/\/www.huntersfriend.eu\/sv\/wp-json\/wp\/v2\/types\/product"}],"replies":[{"embeddable":true,"href":"https:\/\/www.huntersfriend.eu\/sv\/wp-json\/wp\/v2\/comments?post=285420"}],"wp:featuredmedia":[{"embeddable":true,"href":"https:\/\/www.huntersfriend.eu\/sv\/wp-json\/wp\/v2\/media\/282937"}],"wp:attachment":[{"href":"https:\/\/www.huntersfriend.eu\/sv\/wp-json\/wp\/v2\/media?parent=285420"}],"wp:term":[{"taxonomy":"product_brand","embeddable":true,"href":"https:\/\/www.huntersfriend.eu\/sv\/wp-json\/wp\/v2\/product_brand?post=285420"},{"taxonomy":"product_cat","embeddable":true,"href":"https:\/\/www.huntersfriend.eu\/sv\/wp-json\/wp\/v2\/product_cat?post=285420"},{"taxonomy":"product_tag","embeddable":true,"href":"https:\/\/www.huntersfriend.eu\/sv\/wp-json\/wp\/v2\/product_tag?post=285420"}],"curies":[{"name":"wp","href":"https:\/\/api.w.org\/{rel}","templated":true}]}}