{"id":285419,"date":"2025-06-19T00:40:03","date_gmt":"2025-06-18T22:40:03","guid":{"rendered":"https:\/\/www.huntersfriend.eu\/product\/armytek-18650-li-ion-med-pcb-3500-mah\/"},"modified":"2025-08-26T08:42:25","modified_gmt":"2025-08-26T06:42:25","slug":"armytek-18650-li-ion-med-pcb-3500-mah","status":"publish","type":"product","link":"https:\/\/www.huntersfriend.eu\/sv\/produkt\/armytek-18650-li-ion-med-pcb-3500-mah\/","title":{"rendered":"Armytek 18650 Li-ion med PCB 3500 mAh"},"content":{"rendered":"<p data-start=\"0\" data-end=\"132\"><strong data-start=\"0\" data-end=\"41\">Armytek 18650 Li-Ion-batteri 3500 mAh<\/strong><br data-start=\"41\" data-end=\"44\"><em data-start=\"44\" data-end=\"132\">F\u00f6rl\u00e4ng din belysningsprestanda \u2013 kraftfull, l\u00e5ngvarig och byggd f\u00f6r kr\u00e4vande anv\u00e4ndning<\/em><\/p>\n<p data-start=\"134\" data-end=\"432\"><strong data-start=\"138\" data-end=\"171\">Armytek 18650 Li-Ion 3500 mAh<\/strong> \u00e4r ett h\u00f6gpresterande batteri som \u00e4r utformat f\u00f6r att leverera l\u00e5ngvarig kraft till dina lampor. Detta litiumjonbatteri \u00e4r byggt f\u00f6r enheter med h\u00f6g str\u00f6mf\u00f6rbrukning och t\u00e5l upp till <strong data-start=\"339\" data-end=\"360\">500 laddningscykler<\/strong> \u2013 en p\u00e5litlig str\u00f6mk\u00e4lla f\u00f6r b\u00e5de vardagsbruk och utomhus\u00e4ventyr. <\/p>\n<hr data-start=\"434\" data-end=\"437\">\n<h3 data-start=\"439\" data-end=\"455\"><strong data-start=\"443\" data-end=\"455\">\u00d6versikt<\/strong><\/h3>\n<p data-start=\"457\" data-end=\"654\">Armytek 18650 Li-Ion 3500 mAh \u00e4r ett <strong data-start=\"496\" data-end=\"526\">skyddat batteri med platt topp<\/strong> avsett f\u00f6r anv\u00e4ndning i enheter som kr\u00e4ver 18650-celler. Det inkluderar avancerade skyddskretsar f\u00f6r att s\u00e4kerst\u00e4lla s\u00e4kerhet och livsl\u00e4ngd. <\/p>\n<hr data-start=\"656\" data-end=\"659\">\n<h3 data-start=\"661\" data-end=\"693\"><strong data-start=\"665\" data-end=\"693\">Tekniska specifikationer<\/strong><\/h3>\n<ul data-start=\"695\" data-end=\"1241\">\n<li data-start=\"695\" data-end=\"759\">\n<p data-start=\"697\" data-end=\"759\"><strong data-start=\"697\" data-end=\"717\">Nominell sp\u00e4nning:<\/strong> 3,7 V \u2013 standard f\u00f6r litiumjonutg\u00e5ng<\/p>\n<\/li>\n<li data-start=\"760\" data-end=\"832\">\n<p data-start=\"762\" data-end=\"832\"><strong data-start=\"762\" data-end=\"775\">Kapacitet:<\/strong> 3500 mAh (\u224812,95 Wh) \u2013 l\u00e5ng drifttid p\u00e5 en enda laddning<\/p>\n<\/li>\n<li data-start=\"833\" data-end=\"914\">\n<p data-start=\"835\" data-end=\"914\"><strong data-start=\"835\" data-end=\"854\">Urladdningshastighet:<\/strong> Upp till <strong data-start=\"861\" data-end=\"879\">7 A kontinuerligt<\/strong> \u2013 l\u00e4mpligt f\u00f6r lampor med h\u00f6g str\u00f6mf\u00f6rbrukning<\/p>\n<\/li>\n<li data-start=\"915\" data-end=\"996\">\n<p data-start=\"917\" data-end=\"996\"><strong data-start=\"917\" data-end=\"935\">Laddningscykler:<\/strong> Upp till <strong data-start=\"942\" data-end=\"978\">500 fullst\u00e4ndiga laddnings-\/urladdningscykler<\/strong> \u2013 l\u00e5ng livsl\u00e4ngd<\/p>\n<\/li>\n<li data-start=\"997\" data-end=\"1084\">\n<p data-start=\"999\" data-end=\"1084\"><strong data-start=\"999\" data-end=\"1019\">S\u00e4kerhetsfunktioner:<\/strong> Inbyggd <strong data-start=\"1029\" data-end=\"1054\">tryckavlastningsventil<\/strong> och <strong data-start=\"1059\" data-end=\"1082\">\u00f6verhettningsskydd<\/strong><\/p>\n<\/li>\n<li data-start=\"1085\" data-end=\"1178\">\n<p data-start=\"1087\" data-end=\"1178\"><strong data-start=\"1087\" data-end=\"1105\">Terminaltyp:<\/strong> <strong data-start=\"1106\" data-end=\"1118\">Platt topp<\/strong> \u2013 stabil anslutning, kompatibel med de flesta Armytek-enheter<\/p>\n<\/li>\n<li data-start=\"1179\" data-end=\"1241\">\n<p data-start=\"1181\" data-end=\"1241\"><strong data-start=\"1181\" data-end=\"1199\">Tillverkning:<\/strong> Tillverkad i Japan vid Armyteks egen anl\u00e4ggning<\/p>\n<\/li>\n<\/ul>\n<hr data-start=\"1243\" data-end=\"1246\">\n<h3 data-start=\"1248\" data-end=\"1279\"><strong data-start=\"1252\" data-end=\"1279\">F\u00f6rdelar och anv\u00e4ndningsomr\u00e5den<\/strong><\/h3>\n<ul data-start=\"1281\" data-end=\"1730\">\n<li data-start=\"1281\" data-end=\"1415\">\n<p data-start=\"1283\" data-end=\"1415\"><strong data-start=\"1283\" data-end=\"1300\">Ut\u00f6kad anv\u00e4ndning:<\/strong> 3500 mAh kapacitet s\u00e4kerst\u00e4ller att din ficklampa r\u00e4cker under l\u00e4ngre anv\u00e4ndning \u2013 \u00e4ven upp till en vecka under normala f\u00f6rh\u00e5llanden<\/p>\n<\/li>\n<li data-start=\"1416\" data-end=\"1528\">\n<p data-start=\"1418\" data-end=\"1528\"><strong data-start=\"1418\" data-end=\"1447\">H\u00f6g str\u00f6mprestanda:<\/strong> 7 A urladdning st\u00f6der h\u00f6geffektsl\u00e4gen i <strong data-start=\"1491\" data-end=\"1512\">Pro-seriens lampor<\/strong> utan problem<\/p>\n<\/li>\n<li data-start=\"1529\" data-end=\"1608\">\n<p data-start=\"1531\" data-end=\"1608\"><strong data-start=\"1531\" data-end=\"1551\">S\u00e4kert och p\u00e5litligt:<\/strong> Integrerade s\u00e4kerhetssystem skyddar b\u00e5de anv\u00e4ndare och enhet<\/p>\n<\/li>\n<li data-start=\"1609\" data-end=\"1730\">\n<p data-start=\"1611\" data-end=\"1730\"><strong data-start=\"1611\" data-end=\"1635\">Bred kompatibilitet:<\/strong> Passar ett brett utbud av <strong data-start=\"1657\" data-end=\"1680\">Armytek-ficklampor<\/strong> och andra enheter som anv\u00e4nder 18650 litiumjonceller<\/p>\n<\/li>\n<\/ul>\n<hr data-start=\"1732\" data-end=\"1735\">\n<h3 data-start=\"1737\" data-end=\"1777\"><strong data-start=\"1741\" data-end=\"1777\">Rekommenderade anv\u00e4ndningsomr\u00e5den och kompatibilitet<\/strong><\/h3>\n<p data-start=\"1779\" data-end=\"1821\">Kompatibel med kraftfulla modeller som:<\/p>\n<ul data-start=\"1822\" data-end=\"1910\">\n<li data-start=\"1822\" data-end=\"1851\">\n<p data-start=\"1824\" data-end=\"1851\"><strong data-start=\"1824\" data-end=\"1849\">Armytek wizard C2 pro<\/strong><\/p>\n<\/li>\n<li data-start=\"1852\" data-end=\"1880\">\n<p data-start=\"1854\" data-end=\"1880\"><strong data-start=\"1854\" data-end=\"1878\">Armytek predator pro<\/strong><\/p>\n<\/li>\n<li data-start=\"1881\" data-end=\"1910\">\n<p data-start=\"1883\" data-end=\"1910\"><strong data-start=\"1883\" data-end=\"1908\">Armytek dobermann pro<\/strong><\/p>\n<\/li>\n<\/ul>\n<p data-start=\"1912\" data-end=\"2035\">Anv\u00e4ndarfeedback bekr\u00e4ftar att batteriet hanterar urladdningshastigheter (10\u201313 A peak) som beh\u00f6vs f\u00f6r de flesta <strong data-start=\"2002\" data-end=\"2017\">Turbo-l\u00e4gen<\/strong> utan problem.<\/p>\n<hr data-start=\"2037\" data-end=\"2040\">\n<h3 data-start=\"2042\" data-end=\"2096\"><strong data-start=\"2046\" data-end=\"2096\">Varf\u00f6r v\u00e4lja armytek 18650 3500 mAh-batteriet?<\/strong><\/h3>\n<p data-start=\"2098\" data-end=\"2405\">Detta batteri \u00e4r en <strong data-start=\"2116\" data-end=\"2168\">h\u00f6gkapacitets-, l\u00e5ngvarig och s\u00e4kerhetsf\u00f6rb\u00e4ttrad<\/strong> str\u00f6mk\u00e4lla som \u00e4r idealisk f\u00f6r alla som vill maximera ficklampans drifttid. Oavsett om du \u00e4r tekniker, professionell anv\u00e4ndare eller friluftsentusiast g\u00f6r dess h\u00f6ga urladdningskapacitet och robusta s\u00e4kerhetsfunktioner det till ett enkelt och p\u00e5litligt val. <\/p>\n<p data-start=\"2407\" data-end=\"2528\" data-is-last-node=\"\" data-is-only-node=\"\">L\u00e5t mig veta om du vill ha en j\u00e4mf\u00f6relse med andra 18650-batterier eller en rekommendation f\u00f6r din specifika ficklampsmodell.<\/p>\n","protected":false},"excerpt":{"rendered":"<p>Armytek 18650 Li-Ion-batteri 3500 mAhF\u00f6rl\u00e4ng din belysningsprestanda \u2013 kraftfull, l\u00e5ngvarig och byggd f\u00f6r kr\u00e4vande anv\u00e4ndning Armytek 18650 Li-Ion 3500 mAh \u00e4r ett h\u00f6gpresterande batteri som \u00e4r utformat f\u00f6r att leverera l\u00e5ngvarig kraft till dina lampor. Detta litiumjonbatteri \u00e4r byggt f\u00f6r enheter med h\u00f6g str\u00f6mf\u00f6rbrukning och t\u00e5l upp till 500 laddningscykler \u2013 en p\u00e5litlig str\u00f6mk\u00e4lla f\u00f6r [&#8230;]\n","protected":false},"featured_media":282964,"comment_status":"open","ping_status":"closed","template":"","meta":[],"product_brand":[],"product_cat":[2524],"product_tag":[],"class_list":{"0":"post-285419","1":"product","2":"type-product","3":"status-publish","4":"has-post-thumbnail","6":"product_cat-optiktillbehor","8":"first","9":"instock","10":"taxable","11":"shipping-taxable","12":"purchasable","13":"product-type-simple"},"composite_virtual":false,"composite_layout":"","composite_add_to_cart_form_location":"","composite_editable_in_cart":false,"composite_sold_individually_context":"","composite_shop_price_calc":"","composite_components":[],"composite_scenarios":[],"group_of_quantity":0,"min_quantity":0,"max_quantity":"","exclude_order_quantity_value_rules":"no","exclude_category_quantity_rules":"no","combine_variations":"no","exclude_global_add_ons":[],"addons":[],"_links":{"self":[{"href":"https:\/\/www.huntersfriend.eu\/sv\/wp-json\/wp\/v2\/product\/285419","targetHints":{"allow":["GET"]}}],"collection":[{"href":"https:\/\/www.huntersfriend.eu\/sv\/wp-json\/wp\/v2\/product"}],"about":[{"href":"https:\/\/www.huntersfriend.eu\/sv\/wp-json\/wp\/v2\/types\/product"}],"replies":[{"embeddable":true,"href":"https:\/\/www.huntersfriend.eu\/sv\/wp-json\/wp\/v2\/comments?post=285419"}],"wp:featuredmedia":[{"embeddable":true,"href":"https:\/\/www.huntersfriend.eu\/sv\/wp-json\/wp\/v2\/media\/282964"}],"wp:attachment":[{"href":"https:\/\/www.huntersfriend.eu\/sv\/wp-json\/wp\/v2\/media?parent=285419"}],"wp:term":[{"taxonomy":"product_brand","embeddable":true,"href":"https:\/\/www.huntersfriend.eu\/sv\/wp-json\/wp\/v2\/product_brand?post=285419"},{"taxonomy":"product_cat","embeddable":true,"href":"https:\/\/www.huntersfriend.eu\/sv\/wp-json\/wp\/v2\/product_cat?post=285419"},{"taxonomy":"product_tag","embeddable":true,"href":"https:\/\/www.huntersfriend.eu\/sv\/wp-json\/wp\/v2\/product_tag?post=285419"}],"curies":[{"name":"wp","href":"https:\/\/api.w.org\/{rel}","templated":true}]}}