{"id":285418,"date":"2025-06-19T00:40:03","date_gmt":"2025-06-18T22:40:03","guid":{"rendered":"https:\/\/www.huntersfriend.eu\/product\/armytek-hjalmfaste-ahm-04\/"},"modified":"2025-08-26T08:42:24","modified_gmt":"2025-08-26T06:42:24","slug":"armytek-hjalmfaste-ahm-04","status":"publish","type":"product","link":"https:\/\/www.huntersfriend.eu\/sv\/produkt\/armytek-hjalmfaste-ahm-04\/","title":{"rendered":"Armytek hj\u00e4lmf\u00e4ste AHM-04"},"content":{"rendered":"<p data-start=\"0\" data-end=\"120\"><strong data-start=\"0\" data-end=\"31\">Armytek Hj\u00e4lmf\u00e4ste AHM-04<\/strong><br data-start=\"31\" data-end=\"34\"><em data-start=\"34\" data-end=\"120\">Arbeta handsfree och f\u00f6rbli effektiv \u2013 h\u00e5llbar, s\u00e4ker och byggd f\u00f6r tuffa f\u00f6rh\u00e5llanden<\/em><\/p>\n<p data-start=\"122\" data-end=\"471\"><strong data-start=\"126\" data-end=\"157\">Armytek AHM-04 Hj\u00e4lmf\u00e4ste<\/strong> \u00e4r en p\u00e5litlig och robust monteringsl\u00f6sning utformad f\u00f6r att h\u00e5lla din ficklampa s\u00e4kert p\u00e5 en skyddshj\u00e4lm, \u00e4ven i kr\u00e4vande milj\u00f6er. Kompatibel med popul\u00e4ra <strong data-start=\"314\" data-end=\"324\">Wizard<\/strong> och <strong data-start=\"329\" data-end=\"336\">Elf<\/strong> seriens ficklampor, det \u00e4r en idealisk handsfree-belysningsl\u00f6sning f\u00f6r proffs som beh\u00f6ver s\u00e4ker, bekv\u00e4m belysning p\u00e5 jobbet. <\/p>\n<hr data-start=\"473\" data-end=\"476\">\n<h3 data-start=\"478\" data-end=\"505\"><strong data-start=\"482\" data-end=\"505\">Produktbeskrivning<\/strong><\/h3>\n<p data-start=\"507\" data-end=\"654\">AHM-04-f\u00e4stet m\u00f6jligg\u00f6r <strong data-start=\"532\" data-end=\"575\">handsfree, s\u00e4ker och flexibel belysning<\/strong> p\u00e5 byggarbetsplatser eller i alla milj\u00f6er d\u00e4r en skyddshj\u00e4lm anv\u00e4nds.<\/p>\n<hr data-start=\"656\" data-end=\"659\">\n<h3 data-start=\"661\" data-end=\"682\"><strong data-start=\"665\" data-end=\"682\">Kompatibilitet<\/strong><\/h3>\n<ul data-start=\"684\" data-end=\"940\">\n<li data-start=\"684\" data-end=\"799\">\n<p data-start=\"686\" data-end=\"799\">Fungerar med <strong data-start=\"697\" data-end=\"730\">Armytek Wizard och Elf-serien<\/strong> multifunktionsficklampor med en kroppsdiameter p\u00e5 <strong data-start=\"781\" data-end=\"797\">20,4\u201323,6 mm<\/strong><\/p>\n<\/li>\n<li data-start=\"800\" data-end=\"859\">\n<p data-start=\"802\" data-end=\"859\"><strong data-start=\"802\" data-end=\"820\">Inte kompatibel<\/strong> med <strong data-start=\"826\" data-end=\"843\">Wizard C1 Pro<\/strong> eller <strong data-start=\"847\" data-end=\"857\">Elf C1<\/strong><\/p>\n<\/li>\n<li data-start=\"860\" data-end=\"940\">\n<p data-start=\"862\" data-end=\"940\">Inkluderar justerbara <strong data-start=\"882\" data-end=\"900\">gummimellanl\u00e4gg<\/strong> f\u00f6r en \u00e5tsittande passform \u00f6ver ficklampsmodeller<\/p>\n<\/li>\n<\/ul>\n<hr data-start=\"942\" data-end=\"945\">\n<h3 data-start=\"947\" data-end=\"967\"><strong data-start=\"951\" data-end=\"967\">Installation<\/strong><\/h3>\n<ul data-start=\"969\" data-end=\"1239\">\n<li data-start=\"969\" data-end=\"1077\">\n<p data-start=\"971\" data-end=\"1077\">Passar <strong data-start=\"976\" data-end=\"1005\">de flesta bygghj\u00e4lmar<\/strong> med en fr\u00e4mre br\u00e4tteh\u00f6jd p\u00e5 upp till 6 mm och en l\u00e4ngd p\u00e5 minst 15 mm<\/p>\n<\/li>\n<li data-start=\"1078\" data-end=\"1175\">\n<p data-start=\"1080\" data-end=\"1175\"><strong data-start=\"1080\" data-end=\"1105\">F\u00e4ste med en r\u00f6relse<\/strong>: s\u00e4tt snabbt in och l\u00e5s fast ficklampan p\u00e5 plats med en enda hand<\/p>\n<\/li>\n<li data-start=\"1176\" data-end=\"1239\">\n<p data-start=\"1178\" data-end=\"1239\">Levereras med en <strong data-start=\"1191\" data-end=\"1202\">sexkantnyckel<\/strong> f\u00f6r att dra \u00e5t f\u00e4stet efter behov<\/p>\n<\/li>\n<\/ul>\n<hr data-start=\"1241\" data-end=\"1244\">\n<h3 data-start=\"1246\" data-end=\"1276\"><strong data-start=\"1250\" data-end=\"1276\">Material och h\u00e5llbarhet<\/strong><\/h3>\n<ul data-start=\"1278\" data-end=\"1511\">\n<li data-start=\"1278\" data-end=\"1343\">\n<p data-start=\"1280\" data-end=\"1343\">Tillverkad av <strong data-start=\"1290\" data-end=\"1341\">l\u00e4tt, slagt\u00e5lig polymerkomposit<\/strong><\/p>\n<\/li>\n<li data-start=\"1344\" data-end=\"1420\">\n<p data-start=\"1346\" data-end=\"1420\">Byggd f\u00f6r att t\u00e5la <strong data-start=\"1365\" data-end=\"1385\">tuffa f\u00f6rh\u00e5llanden<\/strong>, inklusive <strong data-start=\"1397\" data-end=\"1418\">kyla och fukt<\/strong><\/p>\n<\/li>\n<li data-start=\"1421\" data-end=\"1511\">\n<p data-start=\"1423\" data-end=\"1511\"><strong data-start=\"1423\" data-end=\"1453\">Vatten- och st\u00f6tt\u00e5lig<\/strong> \u2013 bibeh\u00e5ller tillf\u00f6rlitlig prestanda i tuffa arbetsmilj\u00f6er<\/p>\n<\/li>\n<\/ul>\n<hr data-start=\"1513\" data-end=\"1516\">\n<h3 data-start=\"1518\" data-end=\"1538\"><strong data-start=\"1522\" data-end=\"1538\">Viktiga f\u00f6rdelar<\/strong><\/h3>\n<ul data-start=\"1540\" data-end=\"1921\">\n<li data-start=\"1540\" data-end=\"1639\">\n<p data-start=\"1542\" data-end=\"1639\"><strong data-start=\"1542\" data-end=\"1561\">Handsfree-anv\u00e4ndning:<\/strong> Perfekt f\u00f6r arbete i m\u00f6rka milj\u00f6er samtidigt som du har b\u00e5da h\u00e4nderna fria<\/p>\n<\/li>\n<li data-start=\"1640\" data-end=\"1723\">\n<p data-start=\"1642\" data-end=\"1723\"><strong data-start=\"1642\" data-end=\"1665\">Modul\u00e4r och b\u00e4rbar:<\/strong> L\u00e4tt att ta loss och flytta mellan hj\u00e4lmar eller positioner<\/p>\n<\/li>\n<li data-start=\"1724\" data-end=\"1811\">\n<p data-start=\"1726\" data-end=\"1811\"><strong data-start=\"1726\" data-end=\"1742\">S\u00e4kert grepp:<\/strong> Styv design f\u00f6rhindrar vobbling eller glidning, \u00e4ven vid aktiv anv\u00e4ndning<\/p>\n<\/li>\n<li data-start=\"1812\" data-end=\"1921\">\n<p data-start=\"1814\" data-end=\"1921\"><strong data-start=\"1814\" data-end=\"1836\">Klar f\u00f6r alla v\u00e4der:<\/strong> T\u00e5l minusgrader och fuktiga f\u00f6rh\u00e5llanden \u2013 perfekt f\u00f6r nordligt klimat<\/p>\n<\/li>\n<\/ul>\n<hr data-start=\"1923\" data-end=\"1926\">\n<h3 data-start=\"1928\" data-end=\"1950\"><strong data-start=\"1932\" data-end=\"1950\">Vem \u00e4r den till f\u00f6r?<\/strong><\/h3>\n<ul data-start=\"1952\" data-end=\"2251\">\n<li data-start=\"1952\" data-end=\"2033\">\n<p data-start=\"1954\" data-end=\"2033\"><strong data-start=\"1954\" data-end=\"1972\">Professionella:<\/strong> Byggnadsarbetare, elektriker, industriella tekniker<\/p>\n<\/li>\n<li data-start=\"2034\" data-end=\"2136\">\n<p data-start=\"2036\" data-end=\"2136\"><strong data-start=\"2036\" data-end=\"2060\">Utomhusspecialister:<\/strong> Skogsarbetare, vildmarksproffs, SAR-team (s\u00f6k- och r\u00e4ddning)<\/p>\n<\/li>\n<li data-start=\"2137\" data-end=\"2251\">\n<p data-start=\"2139\" data-end=\"2251\"><strong data-start=\"2139\" data-end=\"2161\">G\u00f6r-det-sj\u00e4lv och allm\u00e4nt bruk:<\/strong> Perfekt f\u00f6r camping, garagearbete eller hemrenoveringar d\u00e4r handsfree-belysning beh\u00f6vs<\/p>\n<\/li>\n<\/ul>\n<hr data-start=\"2253\" data-end=\"2256\">\n<h3 data-start=\"2258\" data-end=\"2273\"><strong data-start=\"2262\" data-end=\"2273\">Sammanfattning<\/strong><\/h3>\n<p data-start=\"2275\" data-end=\"2635\" data-is-last-node=\"\" data-is-only-node=\"\"><strong data-start=\"2279\" data-end=\"2312\">Armytek Hard Hat Mount AHM-04<\/strong> \u00e4r en l\u00e4tt, h\u00e5llbar och v\u00e4derbest\u00e4ndig l\u00f6sning f\u00f6r att montera din ficklampa p\u00e5 en hj\u00e4lm. Speciellt designad f\u00f6r <strong data-start=\"2436\" data-end=\"2461\">Wizard och Elf-serien<\/strong> ficklampor, den erbjuder s\u00e4ker, snabb och enkel fasts\u00e4ttning \u2013 vilket g\u00f6r den till ett viktigt verktyg f\u00f6r proffs och utomhusanv\u00e4ndare som f\u00f6rlitar sig p\u00e5 handsfree-belysning i alla f\u00f6rh\u00e5llanden. <\/p>\n","protected":false},"excerpt":{"rendered":"<p>Armytek Hj\u00e4lmf\u00e4ste AHM-04Arbeta handsfree och f\u00f6rbli effektiv \u2013 h\u00e5llbar, s\u00e4ker och byggd f\u00f6r tuffa f\u00f6rh\u00e5llanden Armytek AHM-04 Hj\u00e4lmf\u00e4ste \u00e4r en p\u00e5litlig och robust monteringsl\u00f6sning utformad f\u00f6r att h\u00e5lla din ficklampa s\u00e4kert p\u00e5 en skyddshj\u00e4lm, \u00e4ven i kr\u00e4vande milj\u00f6er. Kompatibel med popul\u00e4ra Wizard och Elf seriens ficklampor, det \u00e4r en idealisk handsfree-belysningsl\u00f6sning f\u00f6r proffs som beh\u00f6ver [&#8230;]\n","protected":false},"featured_media":282967,"comment_status":"open","ping_status":"closed","template":"","meta":[],"product_brand":[],"product_cat":[2525,2524],"product_tag":[],"class_list":{"0":"post-285418","1":"product","2":"type-product","3":"status-publish","4":"has-post-thumbnail","6":"product_cat-jaktlampor","7":"product_cat-optiktillbehor","9":"first","10":"instock","11":"taxable","12":"shipping-taxable","13":"purchasable","14":"product-type-simple"},"composite_virtual":false,"composite_layout":"","composite_add_to_cart_form_location":"","composite_editable_in_cart":false,"composite_sold_individually_context":"","composite_shop_price_calc":"","composite_components":[],"composite_scenarios":[],"group_of_quantity":0,"min_quantity":0,"max_quantity":"","exclude_order_quantity_value_rules":"no","exclude_category_quantity_rules":"no","combine_variations":"no","exclude_global_add_ons":[],"addons":[],"_links":{"self":[{"href":"https:\/\/www.huntersfriend.eu\/sv\/wp-json\/wp\/v2\/product\/285418","targetHints":{"allow":["GET"]}}],"collection":[{"href":"https:\/\/www.huntersfriend.eu\/sv\/wp-json\/wp\/v2\/product"}],"about":[{"href":"https:\/\/www.huntersfriend.eu\/sv\/wp-json\/wp\/v2\/types\/product"}],"replies":[{"embeddable":true,"href":"https:\/\/www.huntersfriend.eu\/sv\/wp-json\/wp\/v2\/comments?post=285418"}],"wp:featuredmedia":[{"embeddable":true,"href":"https:\/\/www.huntersfriend.eu\/sv\/wp-json\/wp\/v2\/media\/282967"}],"wp:attachment":[{"href":"https:\/\/www.huntersfriend.eu\/sv\/wp-json\/wp\/v2\/media?parent=285418"}],"wp:term":[{"taxonomy":"product_brand","embeddable":true,"href":"https:\/\/www.huntersfriend.eu\/sv\/wp-json\/wp\/v2\/product_brand?post=285418"},{"taxonomy":"product_cat","embeddable":true,"href":"https:\/\/www.huntersfriend.eu\/sv\/wp-json\/wp\/v2\/product_cat?post=285418"},{"taxonomy":"product_tag","embeddable":true,"href":"https:\/\/www.huntersfriend.eu\/sv\/wp-json\/wp\/v2\/product_tag?post=285418"}],"curies":[{"name":"wp","href":"https:\/\/api.w.org\/{rel}","templated":true}]}}