{"id":285417,"date":"2025-06-19T00:40:03","date_gmt":"2025-06-18T22:40:03","guid":{"rendered":"https:\/\/www.huntersfriend.eu\/product\/armytek-hjalmfaste-ahm-05\/"},"modified":"2025-08-26T08:42:21","modified_gmt":"2025-08-26T06:42:21","slug":"armytek-hjalmfaste-ahm-05","status":"publish","type":"product","link":"https:\/\/www.huntersfriend.eu\/sv\/produkt\/armytek-hjalmfaste-ahm-05\/","title":{"rendered":"Armytek hj\u00e4lmf\u00e4ste AHM-05"},"content":{"rendered":"<p data-start=\"0\" data-end=\"114\"><strong data-start=\"0\" data-end=\"31\">Armytek Hj\u00e4lmf\u00e4ste AHM-05<\/strong><br data-start=\"31\" data-end=\"34\"><em data-start=\"34\" data-end=\"114\">H\u00e5ll ljuset exakt d\u00e4r du beh\u00f6ver det \u2013 s\u00e4kert, snabbt och helt handsfree<\/em><\/p>\n<p data-start=\"116\" data-end=\"477\"><strong data-start=\"120\" data-end=\"151\">Armytek AHM-05 Hj\u00e4lmf\u00e4ste<\/strong> \u00e4r en monteringsl\u00f6sning av professionell kvalitet, utformad f\u00f6r att f\u00e4sta din ficklampa direkt p\u00e5 en hj\u00e4lms <strong data-start=\"252\" data-end=\"276\">NVG-f\u00e4ste<\/strong>. L\u00e4tt, t\u00e5lig och byggd f\u00f6r kr\u00e4vande milj\u00f6er, den \u00e4r idealisk f\u00f6r <strong data-start=\"353\" data-end=\"393\">r\u00e4ddningsinsatser, taktiska uppdrag<\/strong> och <strong data-start=\"399\" data-end=\"427\">industri- eller f\u00e4ltarbete<\/strong> d\u00e4r p\u00e5litlig handsfree-belysning \u00e4r avg\u00f6rande. <\/p>\n<hr data-start=\"479\" data-end=\"482\">\n<h3 data-start=\"484\" data-end=\"505\"><strong data-start=\"488\" data-end=\"505\">Kompatibilitet<\/strong><\/h3>\n<ul data-start=\"507\" data-end=\"764\">\n<li data-start=\"507\" data-end=\"597\">\n<p data-start=\"509\" data-end=\"597\">Utformad f\u00f6r <strong data-start=\"522\" data-end=\"559\">Armytek multifunktionsficklampor<\/strong> med en kroppsdiameter p\u00e5 <strong data-start=\"584\" data-end=\"595\">20,4 mm<\/strong><\/p>\n<\/li>\n<li data-start=\"598\" data-end=\"657\">\n<p data-start=\"600\" data-end=\"657\"><strong data-start=\"600\" data-end=\"618\">Inte kompatibel<\/strong> med <strong data-start=\"624\" data-end=\"641\">Wizard C1 Pro<\/strong> eller <strong data-start=\"645\" data-end=\"655\">Elf C1<\/strong><\/p>\n<\/li>\n<li data-start=\"658\" data-end=\"764\">\n<p data-start=\"660\" data-end=\"764\">Monteras direkt p\u00e5 hj\u00e4lmar med ett <strong data-start=\"694\" data-end=\"749\">standard NVG-f\u00e4ste (Night Vision Goggle)<\/strong> p\u00e5 framsidan<\/p>\n<\/li>\n<\/ul>\n<hr data-start=\"766\" data-end=\"769\">\n<h3 data-start=\"771\" data-end=\"797\"><strong data-start=\"775\" data-end=\"797\">Installation och anv\u00e4ndning<\/strong><\/h3>\n<ul data-start=\"799\" data-end=\"1094\">\n<li data-start=\"799\" data-end=\"885\">\n<p data-start=\"801\" data-end=\"885\"><strong data-start=\"801\" data-end=\"827\">F\u00e4sts med en r\u00f6relse:<\/strong> Ficklampan l\u00e5ses p\u00e5 plats med en enkel handr\u00f6relse<\/p>\n<\/li>\n<li data-start=\"886\" data-end=\"1009\">\n<p data-start=\"888\" data-end=\"1009\"><strong data-start=\"888\" data-end=\"907\">Extra s\u00e4kerhet:<\/strong> Levereras med en <strong data-start=\"921\" data-end=\"948\">avtagbar silikon\u00f6gla<\/strong> f\u00f6r att h\u00e5lla lampan stadig, \u00e4ven under vibrationer eller r\u00f6relser<\/p>\n<\/li>\n<li data-start=\"1010\" data-end=\"1094\">\n<p data-start=\"1012\" data-end=\"1094\"><strong data-start=\"1012\" data-end=\"1046\">L\u00e4tt och snabbkoppling:<\/strong> L\u00e4tt att ta bort f\u00f6r transport eller ompositionering<\/p>\n<\/li>\n<\/ul>\n<hr data-start=\"1096\" data-end=\"1099\">\n<h3 data-start=\"1101\" data-end=\"1131\"><strong data-start=\"1105\" data-end=\"1131\">Material och h\u00e5llbarhet<\/strong><\/h3>\n<ul data-start=\"1133\" data-end=\"1368\">\n<li data-start=\"1133\" data-end=\"1201\">\n<p data-start=\"1135\" data-end=\"1201\">Tillverkad av <strong data-start=\"1145\" data-end=\"1199\">slagt\u00e5lig, l\u00e4tt polymer eller komposit<\/strong><\/p>\n<\/li>\n<li data-start=\"1202\" data-end=\"1291\">\n<p data-start=\"1204\" data-end=\"1291\"><strong data-start=\"1204\" data-end=\"1226\">V\u00e4derbest\u00e4ndig:<\/strong> Utformad f\u00f6r att fungera i minusgrader och h\u00f6g luftfuktighet<\/p>\n<\/li>\n<li data-start=\"1292\" data-end=\"1368\">\n<p data-start=\"1294\" data-end=\"1368\">T\u00e5l tuffa f\u00e4ltf\u00f6rh\u00e5llanden, vilket g\u00f6r den p\u00e5litlig f\u00f6r anv\u00e4ndning \u00e5ret runt<\/p>\n<\/li>\n<\/ul>\n<hr data-start=\"1370\" data-end=\"1373\">\n<h3 data-start=\"1375\" data-end=\"1396\"><strong data-start=\"1379\" data-end=\"1396\">Anv\u00e4ndarf\u00f6rdelar<\/strong><\/h3>\n<ul data-start=\"1398\" data-end=\"1815\">\n<li data-start=\"1398\" data-end=\"1513\">\n<p data-start=\"1400\" data-end=\"1513\"><strong data-start=\"1400\" data-end=\"1427\">Verklig handsfree-s\u00e4kerhet:<\/strong> Idealisk f\u00f6r h\u00f6griskjobb inom <strong data-start=\"1457\" data-end=\"1511\">r\u00e4ddning, milit\u00e4r, industri eller skogsbruk<\/strong><\/p>\n<\/li>\n<li data-start=\"1514\" data-end=\"1625\">\n<p data-start=\"1516\" data-end=\"1625\"><strong data-start=\"1516\" data-end=\"1554\">Stabil och justerbar positionering:<\/strong> NVG-f\u00e4stet m\u00f6jligg\u00f6r flexibel vinkeljustering utan vobbling<\/p>\n<\/li>\n<li data-start=\"1626\" data-end=\"1710\">\n<p data-start=\"1628\" data-end=\"1710\"><strong data-start=\"1628\" data-end=\"1650\">Snabba \u00f6verg\u00e5ngar:<\/strong> Flytta eller f\u00e4st enkelt din lampa mitt i uppgiften med en hand<\/p>\n<\/li>\n<li data-start=\"1711\" data-end=\"1815\">\n<p data-start=\"1713\" data-end=\"1815\"><strong data-start=\"1713\" data-end=\"1741\">F\u00e4ltbepr\u00f6vad h\u00e5llbarhet:<\/strong> T\u00e5l kraven fr\u00e5n <strong data-start=\"1768\" data-end=\"1789\">nordligt klimat<\/strong> och h\u00f6gintensivt arbete<\/p>\n<\/li>\n<\/ul>\n<hr data-start=\"1817\" data-end=\"1820\">\n<h3 data-start=\"1822\" data-end=\"1844\"><strong data-start=\"1826\" data-end=\"1844\">Vem \u00e4r den till f\u00f6r?<\/strong><\/h3>\n<ul data-start=\"1846\" data-end=\"2055\">\n<li data-start=\"1846\" data-end=\"1886\">\n<p data-start=\"1848\" data-end=\"1886\"><strong data-start=\"1848\" data-end=\"1884\">R\u00e4ddnings- och servicepersonal<\/strong><\/p>\n<\/li>\n<li data-start=\"1887\" data-end=\"1931\">\n<p data-start=\"1889\" data-end=\"1931\"><strong data-start=\"1889\" data-end=\"1929\">Milit\u00e4r personal och specialenheter<\/strong><\/p>\n<\/li>\n<li data-start=\"1932\" data-end=\"1988\">\n<p data-start=\"1934\" data-end=\"1988\"><strong data-start=\"1934\" data-end=\"1986\">Industri-, skogs- och infrastrukturarbetare<\/strong><\/p>\n<\/li>\n<li data-start=\"1989\" data-end=\"2055\">\n<p data-start=\"1991\" data-end=\"2055\"><strong data-start=\"1991\" data-end=\"2022\">Allm\u00e4nna anv\u00e4ndare och hobbyister<\/strong> som beh\u00f6ver s\u00e4ker hj\u00e4lmbelysning<\/p>\n<\/li>\n<\/ul>\n<hr data-start=\"2057\" data-end=\"2060\">\n<h3 data-start=\"2062\" data-end=\"2077\"><strong data-start=\"2066\" data-end=\"2077\">Sammanfattning<\/strong><\/h3>\n<p data-start=\"2079\" data-end=\"2442\" data-is-last-node=\"\" data-is-only-node=\"\"><strong data-start=\"2083\" data-end=\"2114\">Armytek Hj\u00e4lmf\u00e4ste AHM-05<\/strong> \u00e4r en kompakt, t\u00e5lig och NVG-kompatibel l\u00f6sning f\u00f6r att s\u00e4kert montera multifunktionsficklampor p\u00e5 din hj\u00e4lm. Utformad f\u00f6r <strong data-start=\"2243\" data-end=\"2276\">taktisk och professionell anv\u00e4ndning<\/strong>, den erbjuder snabb och p\u00e5litlig handsfree-belysning \u2013 utan att kompromissa med s\u00e4kerhet eller prestanda. Ett m\u00e5ste f\u00f6r anv\u00e4ndare som arbetar i de mest kr\u00e4vande milj\u00f6erna.  <\/p>\n","protected":false},"excerpt":{"rendered":"<p>Armytek Hj\u00e4lmf\u00e4ste AHM-05H\u00e5ll ljuset exakt d\u00e4r du beh\u00f6ver det \u2013 s\u00e4kert, snabbt och helt handsfree Armytek AHM-05 Hj\u00e4lmf\u00e4ste \u00e4r en monteringsl\u00f6sning av professionell kvalitet, utformad f\u00f6r att f\u00e4sta din ficklampa direkt p\u00e5 en hj\u00e4lms NVG-f\u00e4ste. L\u00e4tt, t\u00e5lig och byggd f\u00f6r kr\u00e4vande milj\u00f6er, den \u00e4r idealisk f\u00f6r r\u00e4ddningsinsatser, taktiska uppdrag och industri- eller f\u00e4ltarbete d\u00e4r p\u00e5litlig [&#8230;]\n","protected":false},"featured_media":282990,"comment_status":"open","ping_status":"closed","template":"","meta":[],"product_brand":[],"product_cat":[2525,2524],"product_tag":[],"class_list":{"0":"post-285417","1":"product","2":"type-product","3":"status-publish","4":"has-post-thumbnail","6":"product_cat-jaktlampor","7":"product_cat-optiktillbehor","9":"first","10":"instock","11":"taxable","12":"shipping-taxable","13":"purchasable","14":"product-type-simple"},"composite_virtual":false,"composite_layout":"","composite_add_to_cart_form_location":"","composite_editable_in_cart":false,"composite_sold_individually_context":"","composite_shop_price_calc":"","composite_components":[],"composite_scenarios":[],"group_of_quantity":0,"min_quantity":0,"max_quantity":"","exclude_order_quantity_value_rules":"no","exclude_category_quantity_rules":"no","combine_variations":"no","exclude_global_add_ons":[],"addons":[],"_links":{"self":[{"href":"https:\/\/www.huntersfriend.eu\/sv\/wp-json\/wp\/v2\/product\/285417","targetHints":{"allow":["GET"]}}],"collection":[{"href":"https:\/\/www.huntersfriend.eu\/sv\/wp-json\/wp\/v2\/product"}],"about":[{"href":"https:\/\/www.huntersfriend.eu\/sv\/wp-json\/wp\/v2\/types\/product"}],"replies":[{"embeddable":true,"href":"https:\/\/www.huntersfriend.eu\/sv\/wp-json\/wp\/v2\/comments?post=285417"}],"wp:featuredmedia":[{"embeddable":true,"href":"https:\/\/www.huntersfriend.eu\/sv\/wp-json\/wp\/v2\/media\/282990"}],"wp:attachment":[{"href":"https:\/\/www.huntersfriend.eu\/sv\/wp-json\/wp\/v2\/media?parent=285417"}],"wp:term":[{"taxonomy":"product_brand","embeddable":true,"href":"https:\/\/www.huntersfriend.eu\/sv\/wp-json\/wp\/v2\/product_brand?post=285417"},{"taxonomy":"product_cat","embeddable":true,"href":"https:\/\/www.huntersfriend.eu\/sv\/wp-json\/wp\/v2\/product_cat?post=285417"},{"taxonomy":"product_tag","embeddable":true,"href":"https:\/\/www.huntersfriend.eu\/sv\/wp-json\/wp\/v2\/product_tag?post=285417"}],"curies":[{"name":"wp","href":"https:\/\/api.w.org\/{rel}","templated":true}]}}