{"id":285413,"date":"2025-07-31T13:15:56","date_gmt":"2025-07-31T11:15:56","guid":{"rendered":"https:\/\/www.huntersfriend.eu\/product\/alperna-bergsklattring-konturpaket\/"},"modified":"2025-08-26T07:59:38","modified_gmt":"2025-08-26T05:59:38","slug":"alperna-bergsklattring-konturpaket","status":"publish","type":"product","link":"https:\/\/www.huntersfriend.eu\/sv\/produkt\/alperna-bergsklattring-konturpaket\/","title":{"rendered":"Alperna bergskl\u00e4ttring konturpaket"},"content":{"rendered":"<p>Den perfekta enkla designen kombineras med ett l\u00e4tt och slitstarkt 200D nylon dubbel ripstop-tyg och anv\u00e4nder 3D-mesh upph\u00e4ngningsremmar f\u00f6r komfort hela dagen. Det omv\u00e4nda locket ger enkel \u00e5tkomst till insidan, och stretchsidfickorna \u00e4r tillr\u00e4ckligt stora f\u00f6r 1L Nalgene-flaskor. Beh\u00f6ver du extra v\u00e4tskealternativ? Dessa paket erbjuder ocks\u00e5 en v\u00e4tskebl\u00e5sa-kompatibel insida med en slangport.   <\/p>\n<ul>\n<li>L\u00e4tt och slitstarkt 200D nylon dubbel ripstop-tyg<\/li>\n<li>3D-mesh upph\u00e4ngningsremmar<\/li>\n<li>Omv\u00e4nt lock ger enkel \u00e5tkomst<\/li>\n<li>Stretchsidfickor, tillr\u00e4ckligt stora f\u00f6r 1L Nalgene-flaskor<\/li>\n<li>V\u00e4tskebeh\u00e5llare kompatibel insida med slangport<\/li>\n<\/ul>\n<table>\n<tbody>\n<tr>\n<th colspan=\"2\" scope=\"col\">Contour 18<\/th>\n<\/tr>\n<tr>\n<th scope=\"row\">Kapacitet<\/th>\n<td>18L \/ 1098 in<sup>3<\/sup><\/td>\n<\/tr>\n<tr>\n<th scope=\"row\">Vikt<\/th>\n<td>1 lb. 2 oz. <\/td>\n<\/tr>\n<\/tbody>\n<\/table>\n<table>\n<tbody>\n<tr>\n<th colspan=\"2\" scope=\"col\">Contour 28<\/th>\n<\/tr>\n<tr>\n<th scope=\"row\">Kapacitet<\/th>\n<td>28L \/ 1709 in<sup>3<\/sup><\/td>\n<\/tr>\n<tr>\n<th scope=\"row\">Vikt<\/th>\n<td>1 lb. 8 oz. <\/td>\n<\/tr>\n<\/tbody>\n<\/table>\n<table>\n<tbody>\n<tr>\n<th colspan=\"2\" scope=\"col\">Reservoir 3.0<\/th>\n<\/tr>\n<tr>\n<th scope=\"row\">Kapacitet<\/th>\n<td>3L \/ 183 in<sup>3<\/sup><\/td>\n<\/tr>\n<tr>\n<th scope=\"row\">M\u00e5tt<\/th>\n<td>16 \u201cH x 8\u201d W<\/td>\n<\/tr>\n<tr>\n<th scope=\"row\">Vikt<\/th>\n<td>5 oz.<\/td>\n<\/tr>\n<\/tbody>\n<\/table>\n","protected":false},"excerpt":{"rendered":"<p>Den perfekta enkla designen kombineras med ett l\u00e4tt och slitstarkt 200D nylon dubbel ripstop-tyg och anv\u00e4nder 3D-mesh upph\u00e4ngningsremmar f\u00f6r komfort hela dagen. Det omv\u00e4nda locket ger enkel \u00e5tkomst till insidan, och stretchsidfickorna \u00e4r tillr\u00e4ckligt stora f\u00f6r 1L Nalgene-flaskor. Beh\u00f6ver du extra v\u00e4tskealternativ? Dessa paket erbjuder ocks\u00e5 en v\u00e4tskebl\u00e5sa-kompatibel insida med en slangport. L\u00e4tt och slitstarkt [&#8230;]\n","protected":false},"featured_media":284051,"comment_status":"open","ping_status":"closed","template":"","meta":[],"product_brand":[],"product_cat":[2523],"product_tag":[],"class_list":{"0":"post-285413","1":"product","2":"type-product","3":"status-publish","4":"has-post-thumbnail","6":"product_cat-ryggsackar","8":"first","9":"instock","10":"taxable","11":"shipping-taxable","12":"purchasable","13":"product-type-variable"},"composite_virtual":false,"composite_layout":"","composite_add_to_cart_form_location":"","composite_editable_in_cart":false,"composite_sold_individually_context":"","composite_shop_price_calc":"","composite_components":[],"composite_scenarios":[],"group_of_quantity":0,"min_quantity":0,"max_quantity":"","exclude_order_quantity_value_rules":"no","exclude_category_quantity_rules":"no","combine_variations":"no","exclude_global_add_ons":[],"addons":[],"_links":{"self":[{"href":"https:\/\/www.huntersfriend.eu\/sv\/wp-json\/wp\/v2\/product\/285413","targetHints":{"allow":["GET"]}}],"collection":[{"href":"https:\/\/www.huntersfriend.eu\/sv\/wp-json\/wp\/v2\/product"}],"about":[{"href":"https:\/\/www.huntersfriend.eu\/sv\/wp-json\/wp\/v2\/types\/product"}],"replies":[{"embeddable":true,"href":"https:\/\/www.huntersfriend.eu\/sv\/wp-json\/wp\/v2\/comments?post=285413"}],"wp:featuredmedia":[{"embeddable":true,"href":"https:\/\/www.huntersfriend.eu\/sv\/wp-json\/wp\/v2\/media\/284051"}],"wp:attachment":[{"href":"https:\/\/www.huntersfriend.eu\/sv\/wp-json\/wp\/v2\/media?parent=285413"}],"wp:term":[{"taxonomy":"product_brand","embeddable":true,"href":"https:\/\/www.huntersfriend.eu\/sv\/wp-json\/wp\/v2\/product_brand?post=285413"},{"taxonomy":"product_cat","embeddable":true,"href":"https:\/\/www.huntersfriend.eu\/sv\/wp-json\/wp\/v2\/product_cat?post=285413"},{"taxonomy":"product_tag","embeddable":true,"href":"https:\/\/www.huntersfriend.eu\/sv\/wp-json\/wp\/v2\/product_tag?post=285413"}],"curies":[{"name":"wp","href":"https:\/\/api.w.org\/{rel}","templated":true}]}}