{"id":285411,"date":"2025-07-07T23:40:42","date_gmt":"2025-07-07T21:40:42","guid":{"rendered":"https:\/\/www.huntersfriend.eu\/product\/meopta-meopro-r6-3-18x56-sfp-rd-bdc-3-2\/"},"modified":"2025-08-26T07:59:35","modified_gmt":"2025-08-26T05:59:35","slug":"meopta-meopro-r6-3-18x56-sfp-rd-bdc-3-2","status":"publish","type":"product","link":"https:\/\/www.huntersfriend.eu\/sv\/produkt\/meopta-meopro-r6-3-18x56-sfp-rd-bdc-3-2\/","title":{"rendered":"Meopta MeoPro R6 3-18X56 SFP RD &#8211; BDC 3"},"content":{"rendered":"<h3 data-start=\"121\" data-end=\"158\"><strong data-start=\"125\" data-end=\"156\">Meopta MeoPro R6 3-18&#215;56 RD<\/strong><\/h3>\n<p data-start=\"159\" data-end=\"246\"><strong data-start=\"159\" data-end=\"246\">Precision och ljustransmission f\u00f6r kr\u00e4vande kv\u00e4lls- och l\u00e5ngdistans \u00e4lgjakt<\/strong><\/p>\n<p data-start=\"248\" data-end=\"589\"><strong data-start=\"252\" data-end=\"283\">Meopta MeoPro R6 3-18&#215;56 RD<\/strong> \u00e4r ett europeiskt toppklassigt kikarsikte, speciellt utformat f\u00f6r exakt skytte p\u00e5 l\u00e5nga avst\u00e5nd och kr\u00e4vande jaktf\u00f6rh\u00e5llanden i svagt ljus. Det kombinerar ett brett 6x zoomomf\u00e5ng, en stor 56 mm objektivlins och Meoptas avancerade optiska teknologier \u2013 vilket ger exceptionell synlighet och kontrast i alla milj\u00f6er. <\/p>\n<p data-start=\"591\" data-end=\"849\">Detta sikte \u00e4r ett utm\u00e4rkt val f\u00f6r \u00e4lg- och hjortjakt, s\u00e4rskilt vid skytte p\u00e5 l\u00e5nga avst\u00e5nd eller i skymningen. En h\u00f6gkvalitativ belyst riktmedel, exakta tornjusteringar och l\u00e5ngt \u00f6gonavst\u00e5nd g\u00f6r det till en p\u00e5litlig f\u00f6ljeslagare f\u00f6r seri\u00f6sa j\u00e4gare. <\/p>\n<hr data-start=\"851\" data-end=\"854\">\n<h3 data-start=\"856\" data-end=\"889\"><strong data-start=\"860\" data-end=\"888\">Tekniska specifikationer<\/strong>:<\/h3>\n<ul data-start=\"890\" data-end=\"1572\">\n<li data-start=\"890\" data-end=\"969\">\n<p data-start=\"892\" data-end=\"969\"><strong data-start=\"892\" data-end=\"915\">F\u00f6rstoring<\/strong>: 3\u201318x \u2013 l\u00e4mplig f\u00f6r skytte p\u00e5 medell\u00e5nga till l\u00e5nga avst\u00e5nd<\/p>\n<\/li>\n<li data-start=\"970\" data-end=\"1074\">\n<p data-start=\"972\" data-end=\"1074\"><strong data-start=\"972\" data-end=\"999\">Objektivdiameter<\/strong>: 56 mm \u2013 enast\u00e5ende ljusinsamlingsf\u00f6rm\u00e5ga f\u00f6r svagt ljus<\/p>\n<\/li>\n<li data-start=\"1075\" data-end=\"1152\">\n<p data-start=\"1077\" data-end=\"1152\"><strong data-start=\"1077\" data-end=\"1099\">Huvudtubdiameter<\/strong>: 30 mm \u2013 kompatibel med standardmonteringssystem<\/p>\n<\/li>\n<li data-start=\"1153\" data-end=\"1240\">\n<p data-start=\"1155\" data-end=\"1240\"><strong data-start=\"1155\" data-end=\"1174\">Belyst punkt<\/strong>: RD (Red Dot) \u2013 6-stegs justering av ljusstyrka med snabb kontroll<\/p>\n<\/li>\n<li data-start=\"1241\" data-end=\"1285\">\n<p data-start=\"1243\" data-end=\"1285\"><strong data-start=\"1243\" data-end=\"1271\">Synf\u00e4lt (p\u00e5 100 m)<\/strong>: 12,5\u20132,1 m<\/p>\n<\/li>\n<li data-start=\"1286\" data-end=\"1353\">\n<p data-start=\"1288\" data-end=\"1353\"><strong data-start=\"1288\" data-end=\"1302\">\u00d6gonavst\u00e5nd<\/strong>: 100 mm \u2013 s\u00e4kert f\u00f6r anv\u00e4ndning med kalibrar med h\u00f6g rekyl<\/p>\n<\/li>\n<li data-start=\"1354\" data-end=\"1409\">\n<p data-start=\"1356\" data-end=\"1409\"><strong data-start=\"1356\" data-end=\"1382\">Justering klickv\u00e4rde<\/strong>: 0,1 mrad (1 cm \/ 100 m)<\/p>\n<\/li>\n<li data-start=\"1410\" data-end=\"1523\">\n<p data-start=\"1412\" data-end=\"1523\"><strong data-start=\"1412\" data-end=\"1435\">Parallaxjustering<\/strong>: Sidofokus (30 m \u2013 o\u00e4ndlighet) \u2013 f\u00f6rb\u00e4ttrar noggrannheten, s\u00e4rskilt vid h\u00f6gre f\u00f6rstoring<\/p>\n<\/li>\n<li data-start=\"1524\" data-end=\"1572\">\n<p data-start=\"1526\" data-end=\"1572\"><strong data-start=\"1526\" data-end=\"1546\">Riktmedelsl\u00e4ge<\/strong>: Andra fokalplanet (SFP)<\/p>\n<\/li>\n<\/ul>\n<hr data-start=\"1574\" data-end=\"1577\">\n<h3 data-start=\"1579\" data-end=\"1613\"><strong data-start=\"1583\" data-end=\"1612\">Tillg\u00e4ngliga riktmedelsalternativ<\/strong>:<\/h3>\n<ul data-start=\"1614\" data-end=\"1878\">\n<li data-start=\"1614\" data-end=\"1751\">\n<p data-start=\"1616\" data-end=\"1751\"><strong data-start=\"1616\" data-end=\"1622\">4C<\/strong>: Tydligt, traditionellt jaktriktmedel med en r\u00f6d belyst mittpunkt \u2013 ett utm\u00e4rkt allround-riktmedel f\u00f6r olika avst\u00e5nd.<\/p>\n<\/li>\n<li data-start=\"1752\" data-end=\"1878\">\n<p data-start=\"1754\" data-end=\"1878\"><strong data-start=\"1754\" data-end=\"1763\">BDC 3<\/strong>: Ballistiskt riktmedel med h\u00e5llpunkter f\u00f6r l\u00e4ngre avst\u00e5nd \u2013 idealiskt f\u00f6r l\u00e5ngdistansjakt och precisionsskytte.<\/p>\n<\/li>\n<\/ul>\n<hr data-start=\"1880\" data-end=\"1883\">\n<h3 data-start=\"1885\" data-end=\"1915\"><strong data-start=\"1889\" data-end=\"1914\">Optik &amp; konstruktion<\/strong>:<\/h3>\n<ul data-start=\"1916\" data-end=\"2314\">\n<li data-start=\"1916\" data-end=\"2058\">\n<p data-start=\"1918\" data-end=\"2058\"><strong data-start=\"1918\" data-end=\"1945\">MeoBright\u2122 5501 Coating<\/strong>: Extremt h\u00f6g ljustransmission (upp till 99,8 % per linsyta) s\u00e4kerst\u00e4ller en ljus bild \u00e4ven i d\u00e5liga ljusf\u00f6rh\u00e5llanden<\/p>\n<\/li>\n<li data-start=\"2059\" data-end=\"2135\">\n<p data-start=\"2061\" data-end=\"2135\"><strong data-start=\"2061\" data-end=\"2088\">MeoShield\u2122 Hard Coating<\/strong>: Skyddar linserna fr\u00e5n repor och slitage<\/p>\n<\/li>\n<li data-start=\"2136\" data-end=\"2243\">\n<p data-start=\"2138\" data-end=\"2243\"><strong data-start=\"2138\" data-end=\"2178\">Helt vattent\u00e4t och kv\u00e4vgasfylld<\/strong>: Intern imskydd och p\u00e5litlig prestanda i alla v\u00e4der<\/p>\n<\/li>\n<li data-start=\"2244\" data-end=\"2314\">\n<p data-start=\"2246\" data-end=\"2314\"><strong data-start=\"2246\" data-end=\"2270\">St\u00f6tt\u00e5ligt h\u00f6lje<\/strong>: Byggt f\u00f6r att hantera kraftig rekyl och tuff anv\u00e4ndning<\/p>\n<\/li>\n<\/ul>\n<hr data-start=\"2316\" data-end=\"2319\">\n<h3 data-start=\"2321\" data-end=\"2349\"><strong data-start=\"2325\" data-end=\"2348\">M\u00e5tt &amp; vikt<\/strong>:<\/h3>\n<ul data-start=\"2350\" data-end=\"2408\">\n<li data-start=\"2350\" data-end=\"2380\">\n<p data-start=\"2352\" data-end=\"2380\"><strong data-start=\"2352\" data-end=\"2362\">L\u00e4ngd<\/strong>: ca 373 mm <\/p>\n<\/li>\n<li data-start=\"2381\" data-end=\"2408\">\n<p data-start=\"2383\" data-end=\"2408\"><strong data-start=\"2383\" data-end=\"2393\">Vikt<\/strong>: ca 690 g <\/p>\n<\/li>\n<\/ul>\n<hr data-start=\"2410\" data-end=\"2413\">\n<h3 data-start=\"2415\" data-end=\"2440\"><strong data-start=\"2419\" data-end=\"2439\">Paketet inneh\u00e5ller<\/strong>:<\/h3>\n<ul data-start=\"2441\" data-end=\"2553\">\n<li data-start=\"2441\" data-end=\"2483\">\n<p data-start=\"2443\" data-end=\"2483\">Meopta MeoPro R6 3-18&#215;56 RD kikarsikte<\/p>\n<\/li>\n<li data-start=\"2484\" data-end=\"2499\">\n<p data-start=\"2486\" data-end=\"2499\">Linsskydd<\/p>\n<\/li>\n<li data-start=\"2500\" data-end=\"2520\">\n<p data-start=\"2502\" data-end=\"2520\">Batteri (CR2354)<\/p>\n<\/li>\n<li data-start=\"2521\" data-end=\"2536\">\n<p data-start=\"2523\" data-end=\"2536\">Anv\u00e4ndarmanual<\/p>\n<\/li>\n<li data-start=\"2537\" data-end=\"2553\">\n<p data-start=\"2539\" data-end=\"2553\">Putsduk<\/p>\n<\/li>\n<\/ul>\n","protected":false},"excerpt":{"rendered":"<p>Meopta MeoPro R6 3-18&#215;56 RD Precision och ljustransmission f\u00f6r kr\u00e4vande kv\u00e4lls- och l\u00e5ngdistans \u00e4lgjakt Meopta MeoPro R6 3-18&#215;56 RD \u00e4r ett europeiskt toppklassigt kikarsikte, speciellt utformat f\u00f6r exakt skytte p\u00e5 l\u00e5nga avst\u00e5nd och kr\u00e4vande jaktf\u00f6rh\u00e5llanden i svagt ljus. Det kombinerar ett brett 6x zoomomf\u00e5ng, en stor 56 mm objektivlins och Meoptas avancerade optiska teknologier \u2013 [&#8230;]\n","protected":false},"featured_media":282899,"comment_status":"open","ping_status":"closed","template":"","meta":[],"product_brand":[],"product_cat":[2526],"product_tag":[],"class_list":{"0":"post-285411","1":"product","2":"type-product","3":"status-publish","4":"has-post-thumbnail","6":"product_cat-kikarsikten-och-optik","8":"first","9":"instock","10":"taxable","11":"shipping-taxable","12":"purchasable","13":"product-type-simple"},"composite_virtual":false,"composite_layout":"","composite_add_to_cart_form_location":"","composite_editable_in_cart":false,"composite_sold_individually_context":"","composite_shop_price_calc":"","composite_components":[],"composite_scenarios":[],"group_of_quantity":0,"min_quantity":0,"max_quantity":"","exclude_order_quantity_value_rules":"no","exclude_category_quantity_rules":"no","combine_variations":"no","exclude_global_add_ons":[],"addons":[],"_links":{"self":[{"href":"https:\/\/www.huntersfriend.eu\/sv\/wp-json\/wp\/v2\/product\/285411","targetHints":{"allow":["GET"]}}],"collection":[{"href":"https:\/\/www.huntersfriend.eu\/sv\/wp-json\/wp\/v2\/product"}],"about":[{"href":"https:\/\/www.huntersfriend.eu\/sv\/wp-json\/wp\/v2\/types\/product"}],"replies":[{"embeddable":true,"href":"https:\/\/www.huntersfriend.eu\/sv\/wp-json\/wp\/v2\/comments?post=285411"}],"wp:featuredmedia":[{"embeddable":true,"href":"https:\/\/www.huntersfriend.eu\/sv\/wp-json\/wp\/v2\/media\/282899"}],"wp:attachment":[{"href":"https:\/\/www.huntersfriend.eu\/sv\/wp-json\/wp\/v2\/media?parent=285411"}],"wp:term":[{"taxonomy":"product_brand","embeddable":true,"href":"https:\/\/www.huntersfriend.eu\/sv\/wp-json\/wp\/v2\/product_brand?post=285411"},{"taxonomy":"product_cat","embeddable":true,"href":"https:\/\/www.huntersfriend.eu\/sv\/wp-json\/wp\/v2\/product_cat?post=285411"},{"taxonomy":"product_tag","embeddable":true,"href":"https:\/\/www.huntersfriend.eu\/sv\/wp-json\/wp\/v2\/product_tag?post=285411"}],"curies":[{"name":"wp","href":"https:\/\/api.w.org\/{rel}","templated":true}]}}