{"id":285410,"date":"2025-07-07T23:40:41","date_gmt":"2025-07-07T21:40:41","guid":{"rendered":"https:\/\/www.huntersfriend.eu\/product\/meopta-meopro-r6-25-15x44-rd-sfp-4c-2\/"},"modified":"2025-08-26T07:59:30","modified_gmt":"2025-08-26T05:59:30","slug":"meopta-meopro-r6-25-15x44-rd-sfp-4c-2","status":"publish","type":"product","link":"https:\/\/www.huntersfriend.eu\/sv\/produkt\/meopta-meopro-r6-25-15x44-rd-sfp-4c-2\/","title":{"rendered":"Meopta MeoPro R6 2,5-15X44 RD SFP &#8211; 4C"},"content":{"rendered":"<h3 data-start=\"123\" data-end=\"162\"><strong data-start=\"127\" data-end=\"160\">Meopta MeoPro R6 2.5\u201315&#215;44 RD<\/strong><\/h3>\n<p data-start=\"163\" data-end=\"242\"><strong data-start=\"163\" data-end=\"242\">Premium allround-jaktkikarsikte \u2013 prestanda och precision p\u00e5 alla avst\u00e5nd<\/strong><\/p>\n<p data-start=\"244\" data-end=\"570\"><strong data-start=\"248\" data-end=\"281\">Meopta MeoPro R6 2.5\u201315&#215;44 RD<\/strong> \u00e4r ett f\u00f6rstklassigt allround-gev\u00e4rssikte, idealiskt l\u00e4mpat f\u00f6r finska jaktf\u00f6rh\u00e5llanden \u2013 fr\u00e5n passjakt till \u00e4lg- och hjortstalkning. Det h\u00e4r siktet kombinerar ett brett f\u00f6rstoringsomr\u00e5de, kompakt design och ljusstark optik, vilket g\u00f6r det till ett p\u00e5litligt val i b\u00e5de t\u00e4t skogsterr\u00e4ng och \u00f6ppna f\u00e4lt. <\/p>\n<p data-start=\"572\" data-end=\"832\">Dess 44 mm objektivlins erbjuder utm\u00e4rkt ljusinsamlingsf\u00f6rm\u00e5ga f\u00f6r anv\u00e4ndning i svagt ljus, utan att tillf\u00f6ra \u00f6verdriven storlek eller vikt. Det fungerar som ett l\u00e4ttare alternativ till 50\u201356 mm-modeller samtidigt som det levererar stark prestanda i utmanande ljusf\u00f6rh\u00e5llanden. <\/p>\n<hr data-start=\"834\" data-end=\"837\">\n<h3 data-start=\"839\" data-end=\"872\"><strong data-start=\"843\" data-end=\"871\">Tekniska specifikationer<\/strong>:<\/h3>\n<ul data-start=\"873\" data-end=\"1629\">\n<li data-start=\"873\" data-end=\"975\">\n<p data-start=\"875\" data-end=\"975\"><strong data-start=\"875\" data-end=\"898\">F\u00f6rstoringsomr\u00e5de<\/strong>: 2,5\u201315x \u2013 l\u00e4mpligt f\u00f6r b\u00e5de skytte p\u00e5 korta och l\u00e5nga avst\u00e5nd<\/p>\n<\/li>\n<li data-start=\"976\" data-end=\"1070\">\n<p data-start=\"978\" data-end=\"1070\"><strong data-start=\"978\" data-end=\"1005\">Objektivlinsdiameter<\/strong>: 44 mm \u2013 en bra balans mellan ljustransmission och vikt<\/p>\n<\/li>\n<li data-start=\"1071\" data-end=\"1154\">\n<p data-start=\"1073\" data-end=\"1154\"><strong data-start=\"1073\" data-end=\"1095\">Huvudtubdiameter<\/strong>: 30 mm \u2013 brett kompatibel med olika monteringssystem<\/p>\n<\/li>\n<li data-start=\"1155\" data-end=\"1252\">\n<p data-start=\"1157\" data-end=\"1252\"><strong data-start=\"1157\" data-end=\"1176\">Belyst punkt<\/strong>: RD (Red Dot) \u2013 6-niv\u00e5s justering av ljusstyrka f\u00f6r snabb m\u00e5lf\u00e5ngst<\/p>\n<\/li>\n<li data-start=\"1253\" data-end=\"1302\">\n<p data-start=\"1255\" data-end=\"1302\"><strong data-start=\"1255\" data-end=\"1283\">Synf\u00e4lt (vid 100 m)<\/strong>: 13,6\u20132,3 meter<\/p>\n<\/li>\n<li data-start=\"1303\" data-end=\"1366\">\n<p data-start=\"1305\" data-end=\"1366\"><strong data-start=\"1305\" data-end=\"1319\">\u00d6gonavst\u00e5nd<\/strong>: 100 mm \u2013 s\u00e4ker anv\u00e4ndning \u00e4ven med st\u00f6rre kalibrar<\/p>\n<\/li>\n<li data-start=\"1367\" data-end=\"1422\">\n<p data-start=\"1369\" data-end=\"1422\"><strong data-start=\"1369\" data-end=\"1395\">Justering Klickv\u00e4rde<\/strong>: 0,1 mrad (1 cm \/ 100 m)<\/p>\n<\/li>\n<li data-start=\"1423\" data-end=\"1525\">\n<p data-start=\"1425\" data-end=\"1525\"><strong data-start=\"1425\" data-end=\"1448\">Parallaxjustering<\/strong>: Sidofokus (30 m \u2013 o\u00e4ndlighet) \u2013 f\u00f6rb\u00e4ttrar noggrannheten vid h\u00f6gre f\u00f6rstoringar<\/p>\n<\/li>\n<li data-start=\"1526\" data-end=\"1629\">\n<p data-start=\"1528\" data-end=\"1629\"><strong data-start=\"1528\" data-end=\"1548\">Riktmedelsposition<\/strong>: Andra fokalplanet (SFP) \u2013 riktmedlets storlek f\u00f6rblir konstant \u00f6ver alla zoomniv\u00e5er<\/p>\n<\/li>\n<\/ul>\n<hr data-start=\"1631\" data-end=\"1634\">\n<h3 data-start=\"1636\" data-end=\"1652\"><strong data-start=\"1640\" data-end=\"1651\">Riktmedel<\/strong>:<\/h3>\n<ul data-start=\"1653\" data-end=\"1798\">\n<li data-start=\"1653\" data-end=\"1798\">\n<p data-start=\"1655\" data-end=\"1798\"><strong data-start=\"1655\" data-end=\"1661\">4C<\/strong>: Ett tydligt och traditionellt jaktriktmedel med en ljusstark r\u00f6d belyst mittpunkt. Ger snabb och p\u00e5litlig siktning, \u00e4ven i svagt ljus. <\/p>\n<\/li>\n<\/ul>\n<hr data-start=\"1800\" data-end=\"1803\">\n<h3 data-start=\"1805\" data-end=\"1835\"><strong data-start=\"1809\" data-end=\"1834\">Optik &amp; konstruktion<\/strong>:<\/h3>\n<ul data-start=\"1836\" data-end=\"2227\">\n<li data-start=\"1836\" data-end=\"1985\">\n<p data-start=\"1838\" data-end=\"1985\"><strong data-start=\"1838\" data-end=\"1865\">MeoBright\u2122 5501-bel\u00e4ggning<\/strong>: Extremt h\u00f6g ljustransmission (upp till 99,8 % per linsyta) \u2013 s\u00e4kerst\u00e4ller en ljus bild i alla ljusf\u00f6rh\u00e5llanden<\/p>\n<\/li>\n<li data-start=\"1986\" data-end=\"2065\">\n<p data-start=\"1988\" data-end=\"2065\"><strong data-start=\"1988\" data-end=\"2015\">MeoShield\u2122 h\u00e5rd bel\u00e4ggning<\/strong>: Skyddar linsytorna fr\u00e5n repor och slitage<\/p>\n<\/li>\n<li data-start=\"2066\" data-end=\"2149\">\n<p data-start=\"2068\" data-end=\"2149\"><strong data-start=\"2068\" data-end=\"2108\">Helt vattent\u00e4t och kv\u00e4vgasfylld<\/strong>: Imt\u00e4t och f\u00f6rseglad mot fukt<\/p>\n<\/li>\n<li data-start=\"2150\" data-end=\"2227\">\n<p data-start=\"2152\" data-end=\"2227\"><strong data-start=\"2152\" data-end=\"2176\">St\u00f6tt\u00e5lig kropp<\/strong>: Byggd f\u00f6r att t\u00e5la kraftig rekyl och kr\u00e4vande anv\u00e4ndning<\/p>\n<\/li>\n<\/ul>\n<hr data-start=\"2229\" data-end=\"2232\">\n<h3 data-start=\"2234\" data-end=\"2262\"><strong data-start=\"2238\" data-end=\"2261\">M\u00e5tt &amp; vikt<\/strong>:<\/h3>\n<ul data-start=\"2263\" data-end=\"2321\">\n<li data-start=\"2263\" data-end=\"2293\">\n<p data-start=\"2265\" data-end=\"2293\"><strong data-start=\"2265\" data-end=\"2275\">L\u00e4ngd<\/strong>: ca 355 mm <\/p>\n<\/li>\n<li data-start=\"2294\" data-end=\"2321\">\n<p data-start=\"2296\" data-end=\"2321\"><strong data-start=\"2296\" data-end=\"2306\">Vikt<\/strong>: ca 650 g <\/p>\n<\/li>\n<\/ul>\n<hr data-start=\"2323\" data-end=\"2326\">\n<h3 data-start=\"2328\" data-end=\"2353\"><strong data-start=\"2332\" data-end=\"2352\">Paketet inneh\u00e5ller<\/strong>:<\/h3>\n<ul data-start=\"2354\" data-end=\"2486\">\n<li data-start=\"2354\" data-end=\"2416\">\n<p data-start=\"2356\" data-end=\"2416\">Meopta MeoPro R6 2.5\u201315&#215;44 RD Kikarsikte (med 4C-riktmedel)<\/p>\n<\/li>\n<li data-start=\"2417\" data-end=\"2432\">\n<p data-start=\"2419\" data-end=\"2432\">Linsskydd<\/p>\n<\/li>\n<li data-start=\"2433\" data-end=\"2453\">\n<p data-start=\"2435\" data-end=\"2453\">Batteri (CR2354)<\/p>\n<\/li>\n<li data-start=\"2454\" data-end=\"2469\">\n<p data-start=\"2456\" data-end=\"2469\">Anv\u00e4ndarmanual<\/p>\n<\/li>\n<li data-start=\"2470\" data-end=\"2486\">\n<p data-start=\"2472\" data-end=\"2486\">Putsduk<\/p>\n<\/li>\n<\/ul>\n","protected":false},"excerpt":{"rendered":"<p>Meopta MeoPro R6 2.5\u201315&#215;44 RD Premium allround-jaktkikarsikte \u2013 prestanda och precision p\u00e5 alla avst\u00e5nd Meopta MeoPro R6 2.5\u201315&#215;44 RD \u00e4r ett f\u00f6rstklassigt allround-gev\u00e4rssikte, idealiskt l\u00e4mpat f\u00f6r finska jaktf\u00f6rh\u00e5llanden \u2013 fr\u00e5n passjakt till \u00e4lg- och hjortstalkning. Det h\u00e4r siktet kombinerar ett brett f\u00f6rstoringsomr\u00e5de, kompakt design och ljusstark optik, vilket g\u00f6r det till ett p\u00e5litligt val i [&#8230;]\n","protected":false},"featured_media":282921,"comment_status":"open","ping_status":"closed","template":"","meta":[],"product_brand":[],"product_cat":[2526],"product_tag":[],"class_list":{"0":"post-285410","1":"product","2":"type-product","3":"status-publish","4":"has-post-thumbnail","6":"product_cat-kikarsikten-och-optik","8":"first","9":"instock","10":"taxable","11":"shipping-taxable","12":"purchasable","13":"product-type-simple"},"composite_virtual":false,"composite_layout":"","composite_add_to_cart_form_location":"","composite_editable_in_cart":false,"composite_sold_individually_context":"","composite_shop_price_calc":"","composite_components":[],"composite_scenarios":[],"group_of_quantity":0,"min_quantity":0,"max_quantity":"","exclude_order_quantity_value_rules":"no","exclude_category_quantity_rules":"no","combine_variations":"no","exclude_global_add_ons":[],"addons":[],"_links":{"self":[{"href":"https:\/\/www.huntersfriend.eu\/sv\/wp-json\/wp\/v2\/product\/285410","targetHints":{"allow":["GET"]}}],"collection":[{"href":"https:\/\/www.huntersfriend.eu\/sv\/wp-json\/wp\/v2\/product"}],"about":[{"href":"https:\/\/www.huntersfriend.eu\/sv\/wp-json\/wp\/v2\/types\/product"}],"replies":[{"embeddable":true,"href":"https:\/\/www.huntersfriend.eu\/sv\/wp-json\/wp\/v2\/comments?post=285410"}],"wp:featuredmedia":[{"embeddable":true,"href":"https:\/\/www.huntersfriend.eu\/sv\/wp-json\/wp\/v2\/media\/282921"}],"wp:attachment":[{"href":"https:\/\/www.huntersfriend.eu\/sv\/wp-json\/wp\/v2\/media?parent=285410"}],"wp:term":[{"taxonomy":"product_brand","embeddable":true,"href":"https:\/\/www.huntersfriend.eu\/sv\/wp-json\/wp\/v2\/product_brand?post=285410"},{"taxonomy":"product_cat","embeddable":true,"href":"https:\/\/www.huntersfriend.eu\/sv\/wp-json\/wp\/v2\/product_cat?post=285410"},{"taxonomy":"product_tag","embeddable":true,"href":"https:\/\/www.huntersfriend.eu\/sv\/wp-json\/wp\/v2\/product_tag?post=285410"}],"curies":[{"name":"wp","href":"https:\/\/api.w.org\/{rel}","templated":true}]}}