{"id":285408,"date":"2025-06-19T00:40:02","date_gmt":"2025-06-18T22:40:02","guid":{"rendered":"https:\/\/www.huntersfriend.eu\/product\/armytek-dobermann-pro-magnet-usb-vit\/"},"modified":"2025-08-26T07:59:23","modified_gmt":"2025-08-26T05:59:23","slug":"armytek-dobermann-pro-magnet-usb-vit","status":"publish","type":"product","link":"https:\/\/www.huntersfriend.eu\/sv\/produkt\/armytek-dobermann-pro-magnet-usb-vit\/","title":{"rendered":"Armytek Dobermann Pro magnet USB Vit"},"content":{"rendered":"<h3 data-start=\"114\" data-end=\"213\"><strong data-start=\"118\" data-end=\"213\">Armytek Dobermann Pro magnet USB (Vit) \u2013 den perfekta kombinationen av kraft och kompakthet<\/strong><\/h3>\n<p data-start=\"215\" data-end=\"529\"><strong data-start=\"219\" data-end=\"236\">Dobermann Pro<\/strong> \u00e4r en taktisk ficklampa f\u00f6r dubbla \u00e4ndam\u00e5l som erbjuder en <strong data-start=\"289\" data-end=\"311\">l\u00e5ng r\u00e4ckvidd<\/strong> i en <strong data-start=\"317\" data-end=\"347\">kompakt fickstorlek<\/strong>. Den <strong data-start=\"353\" data-end=\"375\">varmvita versionen<\/strong> levererar upp till <strong data-start=\"391\" data-end=\"407\">1 500 lumen<\/strong> \u2013 ett starkt men raffinerat ljus som kan lysa upp avst\u00e5nd mellan <strong data-start=\"479\" data-end=\"497\">100\u2013200 meter<\/strong> (max r\u00e4ckvidd: <strong data-start=\"518\" data-end=\"527\">368 m<\/strong>). <\/p>\n<hr data-start=\"531\" data-end=\"534\">\n<h3 data-start=\"536\" data-end=\"564\"><strong data-start=\"540\" data-end=\"564\">Prestandaegenskaper<\/strong><\/h3>\n<ul data-start=\"566\" data-end=\"1081\">\n<li data-start=\"566\" data-end=\"732\">\n<p data-start=\"568\" data-end=\"732\"><strong data-start=\"568\" data-end=\"585\">LED &amp; Optik:<\/strong> Utrustad med en <strong data-start=\"602\" data-end=\"623\">Cree XHP35-HI LED<\/strong> och en f\u00f6rb\u00e4ttrad <strong data-start=\"640\" data-end=\"657\">SMO-reflektor<\/strong>, som levererar en fokuserad hotspot och j\u00e4mnt spill med en 6\u00b0:40\u00b0 spridningsvinkel.<\/p>\n<\/li>\n<li data-start=\"733\" data-end=\"864\">\n<p data-start=\"735\" data-end=\"864\"><strong data-start=\"735\" data-end=\"763\">Konsekvent belysning:<\/strong> N\u00e4sta generations <strong data-start=\"780\" data-end=\"809\">S-Tek\u2122-sensorelektronik<\/strong> s\u00e4kerst\u00e4ller j\u00e4mn ljusstyrka tills batteriet \u00e4r n\u00e4stan urladdat.<\/p>\n<\/li>\n<li data-start=\"865\" data-end=\"1081\">\n<p data-start=\"867\" data-end=\"952\"><strong data-start=\"867\" data-end=\"887\">Sex ljusl\u00e4gen:<\/strong> Turbo, tre konstanta ljusstyrkeniv\u00e5er och tv\u00e5 stroboskopl\u00e4gen.<\/p>\n<ul data-start=\"955\" data-end=\"1081\">\n<li data-start=\"955\" data-end=\"1007\">\n<p data-start=\"957\" data-end=\"1007\">I turbol\u00e4ge: 1500 lm \u2192 710 lm efter 3 minuter.<\/p>\n<\/li>\n<li data-start=\"1010\" data-end=\"1081\">\n<p data-start=\"1012\" data-end=\"1081\">Drifttid: ca <strong data-start=\"1029\" data-end=\"1041\">1h 33min<\/strong> i Turbo, <strong data-start=\"1052\" data-end=\"1065\">upp till 32h<\/strong> i l\u00e4gsta l\u00e4get.<\/p>\n<\/li>\n<\/ul>\n<\/li>\n<\/ul>\n<hr data-start=\"1083\" data-end=\"1086\">\n<h3 data-start=\"1088\" data-end=\"1118\"><strong data-start=\"1092\" data-end=\"1118\">Robust taktisk design<\/strong><\/h3>\n<ul data-start=\"1120\" data-end=\"1478\">\n<li data-start=\"1120\" data-end=\"1207\">\n<p data-start=\"1122\" data-end=\"1207\"><strong data-start=\"1122\" data-end=\"1140\">Kroppsmaterial:<\/strong> Aluminium av flygplanskvalitet med en <strong data-start=\"1173\" data-end=\"1204\">400 HV h\u00e5rdanodiserad finish<\/strong>.<\/p>\n<\/li>\n<li data-start=\"1208\" data-end=\"1342\">\n<p data-start=\"1210\" data-end=\"1342\"><strong data-start=\"1210\" data-end=\"1238\">Vatten- och dammbest\u00e4ndighet:<\/strong> <strong data-start=\"1239\" data-end=\"1247\">IP68<\/strong> \u2013 s\u00e4nkbar upp till <strong data-start=\"1268\" data-end=\"1293\">25 meter i 5 timmar<\/strong> och <strong data-start=\"1299\" data-end=\"1313\">st\u00f6ts\u00e4ker<\/strong> fr\u00e5n fall upp till 10 v\u00e5ningar.<\/p>\n<\/li>\n<li data-start=\"1343\" data-end=\"1478\">\n<p data-start=\"1345\" data-end=\"1478\"><strong data-start=\"1345\" data-end=\"1374\">Realtidss\u00e4kerhetssystem:<\/strong> \u00d6verhettningsskydd aktiveras \u00f6ver <strong data-start=\"1411\" data-end=\"1420\">+58\u00b0C<\/strong>, och ficklampan varnar dig f\u00f6r <strong data-start=\"1455\" data-end=\"1477\">l\u00e5ga batteriniv\u00e5er<\/strong>.<\/p>\n<\/li>\n<\/ul>\n<hr data-start=\"1480\" data-end=\"1483\">\n<h3 data-start=\"1485\" data-end=\"1505\"><strong data-start=\"1489\" data-end=\"1505\">Viktiga funktioner<\/strong><\/h3>\n<ul data-start=\"1507\" data-end=\"1793\">\n<li data-start=\"1507\" data-end=\"1594\">\n<p data-start=\"1509\" data-end=\"1594\"><strong data-start=\"1509\" data-end=\"1531\">Dubbelfj\u00e4dersystem<\/strong> och f\u00f6rst\u00e4rkt kapsel absorberar rekyl f\u00f6r vapenmonterad anv\u00e4ndning.<\/p>\n<\/li>\n<li data-start=\"1595\" data-end=\"1716\">\n<p data-start=\"1597\" data-end=\"1716\"><strong data-start=\"1597\" data-end=\"1641\">Tyst, elektronisk tv\u00e5stegsstr\u00f6mbrytare<\/strong> \u2013 mer h\u00e5llbar \u00e4n mekaniska knappar och idealisk f\u00f6r smygoperationer.<\/p>\n<\/li>\n<li data-start=\"1717\" data-end=\"1793\">\n<p data-start=\"1719\" data-end=\"1793\"><strong data-start=\"1719\" data-end=\"1756\">Matt svart rostfritt st\u00e5lram<\/strong> skyddar mot st\u00f6tar och slag.<\/p>\n<\/li>\n<\/ul>\n<hr data-start=\"1795\" data-end=\"1798\">\n<h3 data-start=\"1800\" data-end=\"1844\"><strong data-start=\"1804\" data-end=\"1844\">Anv\u00e4ndarv\u00e4nliga tillbeh\u00f6r (ing\u00e5r)<\/strong><\/h3>\n<ul data-start=\"1846\" data-end=\"2090\">\n<li data-start=\"1846\" data-end=\"1897\">\n<p data-start=\"1848\" data-end=\"1897\"><strong data-start=\"1848\" data-end=\"1895\">H\u00f6gkapacitets 3500 mAh 18650 Li-Ion-batteri<\/strong><\/p>\n<\/li>\n<li data-start=\"1898\" data-end=\"1969\">\n<p data-start=\"1900\" data-end=\"1969\"><strong data-start=\"1900\" data-end=\"1929\">Magnetisk USB-laddningskabel<\/strong> \u2013 full laddning p\u00e5 ca <strong data-start=\"1955\" data-end=\"1967\">3h 40min<\/strong><\/p>\n<\/li>\n<li data-start=\"1970\" data-end=\"2090\">\n<p data-start=\"1972\" data-end=\"2090\"><strong data-start=\"1972\" data-end=\"2042\">H\u00f6lster, st\u00e5lkl\u00e4mma, fallsk\u00e4rmslina och ergonomisk silikonring<\/strong> \u2013 s\u00e4kerst\u00e4ller att ficklampan alltid \u00e4r inom r\u00e4ckh\u00e5ll<\/p>\n<\/li>\n<\/ul>\n<hr data-start=\"2092\" data-end=\"2095\">\n<h3 data-start=\"2097\" data-end=\"2118\"><strong data-start=\"2101\" data-end=\"2118\">Praktisk anv\u00e4ndning<\/strong><\/h3>\n<ul data-start=\"2120\" data-end=\"2335\">\n<li data-start=\"2120\" data-end=\"2230\">\n<p data-start=\"2122\" data-end=\"2230\"><strong data-start=\"2122\" data-end=\"2156\">Kompatibel med 1&#8243;-tillbeh\u00f6r<\/strong> \u2013 passar vapenf\u00e4sten, magnetiska fj\u00e4rrkontrollbrytare (som <strong data-start=\"2207\" data-end=\"2217\">MRS-01<\/strong>) och mer<\/p>\n<\/li>\n<li data-start=\"2231\" data-end=\"2335\">\n<p data-start=\"2233\" data-end=\"2335\">Levereras fullt utrustad, vilket g\u00f6r den idealisk f\u00f6r <strong data-start=\"2275\" data-end=\"2297\">specialoperationer<\/strong>, <strong data-start=\"2299\" data-end=\"2310\">jakt<\/strong> eller <strong data-start=\"2315\" data-end=\"2335\">vardaglig EDC-anv\u00e4ndning<\/strong><\/p>\n<\/li>\n<\/ul>\n<hr data-start=\"2337\" data-end=\"2340\">\n<h3 data-start=\"2342\" data-end=\"2379\"><strong data-start=\"2346\" data-end=\"2379\">Varf\u00f6r v\u00e4lja Dobermann Pro?<\/strong><\/h3>\n<ul data-start=\"2381\" data-end=\"2730\">\n<li data-start=\"2381\" data-end=\"2467\">\n<p data-start=\"2383\" data-end=\"2467\"><strong data-start=\"2383\" data-end=\"2409\">All kraft du beh\u00f6ver<\/strong> \u2013 1500 lumen, \u00e4ven i extrem kyla (ner till <strong data-start=\"2455\" data-end=\"2464\">\u201340\u00b0C<\/strong>)<\/p>\n<\/li>\n<li data-start=\"2468\" data-end=\"2535\">\n<p data-start=\"2470\" data-end=\"2535\"><strong data-start=\"2470\" data-end=\"2488\">Tuff som en stridsvagn<\/strong> \u2013 klarar st\u00f6tar, vatten, damm och tuff anv\u00e4ndning<\/p>\n<\/li>\n<li data-start=\"2536\" data-end=\"2645\">\n<p data-start=\"2538\" data-end=\"2645\"><strong data-start=\"2538\" data-end=\"2558\">Tyst drift<\/strong> \u2013 den <strong data-start=\"2565\" data-end=\"2597\">elektroniska tv\u00e5stegsbrytaren<\/strong> m\u00f6jligg\u00f6r smygkontroll i k\u00e4nsliga uppdrag<\/p>\n<\/li>\n<li data-start=\"2646\" data-end=\"2730\">\n<p data-start=\"2648\" data-end=\"2730\"><strong data-start=\"2648\" data-end=\"2664\">Komplett kit<\/strong> \u2013 inneh\u00e5ller alla viktiga tillbeh\u00f6r, redo att anv\u00e4ndas direkt ur l\u00e5dan<\/p>\n<\/li>\n<\/ul>\n<hr data-start=\"2732\" data-end=\"2735\">\n<p data-start=\"2737\" data-end=\"3057\"><strong data-start=\"2741\" data-end=\"2764\">Dobermann Pro White<\/strong> \u00e4r mer \u00e4n bara en ficklampa \u2013 det \u00e4r en <strong data-start=\"2805\" data-end=\"2826\">p\u00e5litlig f\u00f6ljeslagare<\/strong> f\u00f6r skogspatruller, f\u00f6rsvar, taktiska uppdrag eller kr\u00e4vande vardagsbruk. En <strong data-start=\"2904\" data-end=\"2922\">topplampa<\/strong> som kombinerar <strong data-start=\"2937\" data-end=\"2962\">teknisk prestanda<\/strong>, <strong data-start=\"2964\" data-end=\"2987\">taktisk h\u00e5llbarhet<\/strong> och <strong data-start=\"2993\" data-end=\"3017\">anv\u00e4ndarv\u00e4nlig design<\/strong> \u2013 allt backas upp av en <strong data-start=\"3036\" data-end=\"3056\">10-\u00e5rsgaranti<\/strong>. <\/p>\n","protected":false},"excerpt":{"rendered":"<p>Armytek Dobermann Pro magnet USB (Vit) \u2013 den perfekta kombinationen av kraft och kompakthet Dobermann Pro \u00e4r en taktisk ficklampa f\u00f6r dubbla \u00e4ndam\u00e5l som erbjuder en l\u00e5ng r\u00e4ckvidd i en kompakt fickstorlek. Den varmvita versionen levererar upp till 1 500 lumen \u2013 ett starkt men raffinerat ljus som kan lysa upp avst\u00e5nd mellan 100\u2013200 meter [&#8230;]\n","protected":false},"featured_media":283564,"comment_status":"open","ping_status":"closed","template":"","meta":[],"product_brand":[],"product_cat":[2525],"product_tag":[],"class_list":{"0":"post-285408","1":"product","2":"type-product","3":"status-publish","4":"has-post-thumbnail","6":"product_cat-jaktlampor","8":"first","9":"instock","10":"taxable","11":"shipping-taxable","12":"purchasable","13":"product-type-simple"},"composite_virtual":false,"composite_layout":"","composite_add_to_cart_form_location":"","composite_editable_in_cart":false,"composite_sold_individually_context":"","composite_shop_price_calc":"","composite_components":[],"composite_scenarios":[],"group_of_quantity":0,"min_quantity":0,"max_quantity":"","exclude_order_quantity_value_rules":"no","exclude_category_quantity_rules":"no","combine_variations":"no","exclude_global_add_ons":[],"addons":[],"_links":{"self":[{"href":"https:\/\/www.huntersfriend.eu\/sv\/wp-json\/wp\/v2\/product\/285408","targetHints":{"allow":["GET"]}}],"collection":[{"href":"https:\/\/www.huntersfriend.eu\/sv\/wp-json\/wp\/v2\/product"}],"about":[{"href":"https:\/\/www.huntersfriend.eu\/sv\/wp-json\/wp\/v2\/types\/product"}],"replies":[{"embeddable":true,"href":"https:\/\/www.huntersfriend.eu\/sv\/wp-json\/wp\/v2\/comments?post=285408"}],"wp:featuredmedia":[{"embeddable":true,"href":"https:\/\/www.huntersfriend.eu\/sv\/wp-json\/wp\/v2\/media\/283564"}],"wp:attachment":[{"href":"https:\/\/www.huntersfriend.eu\/sv\/wp-json\/wp\/v2\/media?parent=285408"}],"wp:term":[{"taxonomy":"product_brand","embeddable":true,"href":"https:\/\/www.huntersfriend.eu\/sv\/wp-json\/wp\/v2\/product_brand?post=285408"},{"taxonomy":"product_cat","embeddable":true,"href":"https:\/\/www.huntersfriend.eu\/sv\/wp-json\/wp\/v2\/product_cat?post=285408"},{"taxonomy":"product_tag","embeddable":true,"href":"https:\/\/www.huntersfriend.eu\/sv\/wp-json\/wp\/v2\/product_tag?post=285408"}],"curies":[{"name":"wp","href":"https:\/\/api.w.org\/{rel}","templated":true}]}}