{"id":285406,"date":"2025-07-10T00:50:34","date_gmt":"2025-07-09T22:50:34","guid":{"rendered":"https:\/\/www.huntersfriend.eu\/product\/pard-pantera-256-q-varmesikte\/"},"modified":"2025-08-26T07:59:17","modified_gmt":"2025-08-26T05:59:17","slug":"pard-pantera-256-q-varmesikte","status":"publish","type":"product","link":"https:\/\/www.huntersfriend.eu\/sv\/produkt\/pard-pantera-256-q-varmesikte\/","title":{"rendered":"Pard pantera 256 q v\u00e4rmesikte"},"content":{"rendered":"<h3 data-section-id=\"1xaakpy\" data-start=\"115\" data-end=\"191\"><strong data-start=\"119\" data-end=\"191\">PARD pantera-256 q \u2013 kompakt v\u00e4rmesikte f\u00f6r anv\u00e4ndning i extremt svagt ljus<\/strong><\/h3>\n<p data-start=\"193\" data-end=\"572\"><strong data-start=\"197\" data-end=\"219\">PARD Pantera-256 Q<\/strong> \u00e4r ett l\u00e4tt och avancerat v\u00e4rmesikte som levererar h\u00f6gkvalitativ bildbehandling, utm\u00e4rkta detekteringsm\u00f6jligheter och en komplett upps\u00e4ttning funktioner i ett mycket kompakt paket. K\u00e4rnan \u00e4r en exakt <strong data-start=\"411\" data-end=\"441\">256\u00d7192 VOx-v\u00e4rmesensor<\/strong> och PARD:s egenutvecklade <strong data-start=\"465\" data-end=\"489\">IREA-bildprocessor<\/strong>, vilket g\u00f6r att den kan uppt\u00e4cka m\u00e5l upp till <strong data-start=\"527\" data-end=\"547\">1200 meter bort<\/strong>, \u00e4ven i totalt m\u00f6rker. <\/p>\n<p data-start=\"574\" data-end=\"1046\">Trots sitt enkla och smidiga anv\u00e4ndargr\u00e4nssnitt \u00e4r den h\u00e4r enheten fullpackad med funktioner: <strong data-start=\"666\" data-end=\"679\">gyroskop<\/strong>, <strong data-start=\"681\" data-end=\"702\">hot spot-sp\u00e5rning<\/strong>, <strong data-start=\"704\" data-end=\"726\">elektronisk kompass<\/strong>, <strong data-start=\"728\" data-end=\"740\">PIP-l\u00e4ge<\/strong>, <strong data-start=\"742\" data-end=\"763\">5 riktmedel<\/strong> och flera f\u00e4rgval, vilket g\u00f6r Pantera till ett m\u00e5ngsidigt verktyg f\u00f6r <strong data-start=\"833\" data-end=\"887\">j\u00e4gare, s\u00e4kerhetspersonal eller precisionsskyttar<\/strong>. Den kan ocks\u00e5 <strong data-start=\"901\" data-end=\"936\">spela in video och ta bilder<\/strong> till sitt interna minne och st\u00f6der <strong data-start=\"973\" data-end=\"994\">WiFi-anslutning<\/strong> och <strong data-start=\"999\" data-end=\"1017\">fj\u00e4rrkontroll<\/strong> via <strong data-start=\"1026\" data-end=\"1045\">PardVision2-appen<\/strong>. <\/p>\n<hr data-start=\"1048\" data-end=\"1051\">\n<h3 data-section-id=\"pm8yra\" data-start=\"1053\" data-end=\"1073\"><strong data-start=\"1057\" data-end=\"1073\">Viktiga funktioner<\/strong><\/h3>\n<ul data-start=\"1075\" data-end=\"1754\">\n<li data-start=\"1075\" data-end=\"1188\">\n<p data-start=\"1077\" data-end=\"1188\"><strong data-start=\"1077\" data-end=\"1112\">H\u00f6gkvalitativ VOx-v\u00e4rmesensor<\/strong>: 256\u00d7192 uppl\u00f6sning, NETD \u226425 mK \u2013 detekterar noggrant termiska skillnader<\/p>\n<\/li>\n<li data-start=\"1189\" data-end=\"1251\">\n<p data-start=\"1191\" data-end=\"1251\"><strong data-start=\"1191\" data-end=\"1215\">L\u00e5ngt detekteringsavst\u00e5nd<\/strong>: Uppt\u00e4ck m\u00e5l upp till 1200 meter<\/p>\n<\/li>\n<li data-start=\"1252\" data-end=\"1315\">\n<p data-start=\"1254\" data-end=\"1315\"><strong data-start=\"1254\" data-end=\"1280\">Omfattande digital zoom<\/strong>: 2x, 4x, 6x och 8x zoomalternativ<\/p>\n<\/li>\n<li data-start=\"1316\" data-end=\"1381\">\n<p data-start=\"1318\" data-end=\"1381\"><strong data-start=\"1318\" data-end=\"1334\">OLED-sk\u00e4rm<\/strong>: Skarp och ljusstark sk\u00e4rm med 1024\u00d7768 uppl\u00f6sning<\/p>\n<\/li>\n<li data-start=\"1382\" data-end=\"1488\">\n<p data-start=\"1384\" data-end=\"1488\"><strong data-start=\"1384\" data-end=\"1411\">M\u00e5ngsidiga visningsl\u00e4gen<\/strong>: WT-HOT, BK-HOT, RD-HOT, IN-HOT och SKY \u2013 v\u00e4lj efter ditt m\u00e5l<\/p>\n<\/li>\n<li data-start=\"1489\" data-end=\"1570\">\n<p data-start=\"1491\" data-end=\"1570\"><strong data-start=\"1491\" data-end=\"1513\">Hot Track-funktion<\/strong>: H\u00e5ller m\u00e5let automatiskt centrerat p\u00e5 sk\u00e4rmen<\/p>\n<\/li>\n<li data-start=\"1571\" data-end=\"1672\">\n<p data-start=\"1573\" data-end=\"1672\"><strong data-start=\"1573\" data-end=\"1598\">Inspelning och delning<\/strong>: Inbyggt 32 GB minne, sparar .mp4-videor och .jpg-bilder, WiFi-st\u00f6d<\/p>\n<\/li>\n<li data-start=\"1673\" data-end=\"1754\">\n<p data-start=\"1675\" data-end=\"1754\"><strong data-start=\"1675\" data-end=\"1694\">Smart anv\u00e4ndning<\/strong>: Gyroskop, E-kompass, mekanisk slutare och mikrofon<\/p>\n<\/li>\n<\/ul>\n<hr data-start=\"1756\" data-end=\"1759\">\n<h3 data-section-id=\"ozcygx\" data-start=\"1761\" data-end=\"1801\"><strong data-start=\"1765\" data-end=\"1801\">Idealiska anv\u00e4ndningsomr\u00e5den f\u00f6r pantera-256 q<\/strong><\/h3>\n<p data-start=\"1803\" data-end=\"2174\">Detta v\u00e4rmesikte \u00e4r speciellt utformat f\u00f6r <strong data-start=\"1851\" data-end=\"1900\">jakt, observation av vilda djur, s\u00e4kerhetsuppgifter<\/strong> och <strong data-start=\"1906\" data-end=\"1936\">s\u00f6k- och r\u00e4ddningsuppdrag<\/strong>. Dess exakta sensor och k\u00e4nsliga bildbehandling g\u00f6r att du kan uppt\u00e4cka och sp\u00e5ra m\u00e5l \u00e4ven i <strong data-start=\"2034\" data-end=\"2081\">t\u00e4t vegetation, dimma eller totalt m\u00f6rker<\/strong>. Dess <strong data-start=\"2087\" data-end=\"2125\">kompakta storlek och l\u00e4tta konstruktion<\/strong> g\u00f6r den bekv\u00e4m att anv\u00e4nda under l\u00e4ngre perioder.  <\/p>\n<hr data-start=\"2176\" data-end=\"2179\">\n<h3 data-section-id=\"gqkziz\" data-start=\"2181\" data-end=\"2213\"><strong data-start=\"2185\" data-end=\"2213\">Tekniska specifikationer<\/strong><\/h3>\n<h4 data-start=\"2215\" data-end=\"2231\"><strong data-start=\"2220\" data-end=\"2231\">Sensor:<\/strong><\/h4>\n<ul data-start=\"2232\" data-end=\"2384\">\n<li data-start=\"2232\" data-end=\"2271\">\n<p data-start=\"2234\" data-end=\"2271\">Typ: Okyld VOx (vanadinoxid)<\/p>\n<\/li>\n<li data-start=\"2272\" data-end=\"2295\">\n<p data-start=\"2274\" data-end=\"2295\">Uppl\u00f6sning: 256\u00d7192<\/p>\n<\/li>\n<li data-start=\"2296\" data-end=\"2317\">\n<p data-start=\"2298\" data-end=\"2317\">Pixelstorlek: 12 \u00b5m<\/p>\n<\/li>\n<li data-start=\"2318\" data-end=\"2334\">\n<p data-start=\"2320\" data-end=\"2334\">NETD: \u226425 mK<\/p>\n<\/li>\n<li data-start=\"2335\" data-end=\"2356\">\n<p data-start=\"2337\" data-end=\"2356\">Bildhastighet: 50 Hz<\/p>\n<\/li>\n<li data-start=\"2357\" data-end=\"2384\">\n<p data-start=\"2359\" data-end=\"2384\">Detekteringsavst\u00e5nd: 1200 m<\/p>\n<\/li>\n<\/ul>\n<h4 data-start=\"2386\" data-end=\"2402\"><strong data-start=\"2391\" data-end=\"2402\">Optik:<\/strong><\/h4>\n<ul data-start=\"2403\" data-end=\"2634\">\n<li data-start=\"2403\" data-end=\"2418\">\n<p data-start=\"2405\" data-end=\"2418\">Objektiv: 25 mm<\/p>\n<\/li>\n<li data-start=\"2419\" data-end=\"2450\">\n<p data-start=\"2421\" data-end=\"2450\">Optisk f\u00f6rstoring: 3,6x<\/p>\n<\/li>\n<li data-start=\"2451\" data-end=\"2486\">\n<p data-start=\"2453\" data-end=\"2486\">Digital zoom: 2x \/ 4x \/ 6x \/ 8x<\/p>\n<\/li>\n<li data-start=\"2487\" data-end=\"2550\">\n<p data-start=\"2489\" data-end=\"2550\">Synf\u00e4lt @100 m: 12,3 m (horisontellt), 9,2 m (vertikalt)<\/p>\n<\/li>\n<li data-start=\"2551\" data-end=\"2578\">\n<p data-start=\"2553\" data-end=\"2578\">Fokusavst\u00e5nd: 5 m \u2013 \u221e<\/p>\n<\/li>\n<li data-start=\"2579\" data-end=\"2600\">\n<p data-start=\"2581\" data-end=\"2600\">\u00d6gonavst\u00e5nd: 50 mm<\/p>\n<\/li>\n<li data-start=\"2601\" data-end=\"2634\">\n<p data-start=\"2603\" data-end=\"2634\">Dioptrijustering: -5 ~ +5 D<\/p>\n<\/li>\n<\/ul>\n<h4 data-start=\"2636\" data-end=\"2661\"><strong data-start=\"2641\" data-end=\"2661\">Display &amp; bild:<\/strong><\/h4>\n<ul data-start=\"2662\" data-end=\"2853\">\n<li data-start=\"2662\" data-end=\"2689\">\n<p data-start=\"2664\" data-end=\"2689\">Display: OLED, 1024\u00d7768<\/p>\n<\/li>\n<li data-start=\"2690\" data-end=\"2711\">\n<p data-start=\"2692\" data-end=\"2711\">Riktmedelsstilar: 5<\/p>\n<\/li>\n<li data-start=\"2712\" data-end=\"2757\">\n<p data-start=\"2714\" data-end=\"2757\">Riktmedelsf\u00e4rger: R\u00f6d, Vit, Gul, Gr\u00f6n<\/p>\n<\/li>\n<li data-start=\"2758\" data-end=\"2795\">\n<p data-start=\"2760\" data-end=\"2795\">Scenl\u00e4gen: Stad \/ Regn \/ Skog<\/p>\n<\/li>\n<li data-start=\"2796\" data-end=\"2853\">\n<p data-start=\"2798\" data-end=\"2853\">V\u00e4rmepaletter: WT-HOT, BK-HOT, RD-HOT, IN-HOT, SKY<\/p>\n<\/li>\n<\/ul>\n<h4 data-start=\"2855\" data-end=\"2874\"><strong data-start=\"2860\" data-end=\"2874\">Inspelning:<\/strong><\/h4>\n<ul data-start=\"2875\" data-end=\"2998\">\n<li data-start=\"2875\" data-end=\"2902\">\n<p data-start=\"2877\" data-end=\"2902\">Foton: 1024\u00d7768 (.JPG)<\/p>\n<\/li>\n<li data-start=\"2903\" data-end=\"2930\">\n<p data-start=\"2905\" data-end=\"2930\">Videor: 1024\u00d7768 (.MP4)<\/p>\n<\/li>\n<li data-start=\"2931\" data-end=\"2963\">\n<p data-start=\"2933\" data-end=\"2963\">Lagring: Inbyggt 32 GB eMMC<\/p>\n<\/li>\n<li data-start=\"2964\" data-end=\"2998\">\n<p data-start=\"2966\" data-end=\"2998\">Mikrofon f\u00f6r videoinspelning<\/p>\n<\/li>\n<\/ul>\n<h4 data-start=\"3000\" data-end=\"3019\"><strong data-start=\"3005\" data-end=\"3019\">Funktioner:<\/strong><\/h4>\n<ul data-start=\"3020\" data-end=\"3191\">\n<li data-start=\"3020\" data-end=\"3048\">\n<p data-start=\"3022\" data-end=\"3048\">PIP (Bild-i-Bild)<\/p>\n<\/li>\n<li data-start=\"3049\" data-end=\"3062\">\n<p data-start=\"3051\" data-end=\"3062\">Hot track<\/p>\n<\/li>\n<li data-start=\"3063\" data-end=\"3076\">\n<p data-start=\"3065\" data-end=\"3076\">Gyroskop<\/p>\n<\/li>\n<li data-start=\"3077\" data-end=\"3107\">\n<p data-start=\"3079\" data-end=\"3107\">Rekylaktiverad inspelning<\/p>\n<\/li>\n<li data-start=\"3108\" data-end=\"3126\">\n<p data-start=\"3110\" data-end=\"3126\">Loop-inspelning<\/p>\n<\/li>\n<li data-start=\"3127\" data-end=\"3140\">\n<p data-start=\"3129\" data-end=\"3140\">E-kompass<\/p>\n<\/li>\n<li data-start=\"3141\" data-end=\"3163\">\n<p data-start=\"3143\" data-end=\"3163\">Mekanisk slutare<\/p>\n<\/li>\n<li data-start=\"3164\" data-end=\"3191\">\n<p data-start=\"3166\" data-end=\"3191\">St\u00f6d f\u00f6r uppdatering av firmware<\/p>\n<\/li>\n<\/ul>\n<h4 data-start=\"3193\" data-end=\"3215\"><strong data-start=\"3198\" data-end=\"3215\">Anslutningsm\u00f6jligheter:<\/strong><\/h4>\n<ul data-start=\"3216\" data-end=\"3306\">\n<li data-start=\"3216\" data-end=\"3230\">\n<p data-start=\"3218\" data-end=\"3230\">USB type-c<\/p>\n<\/li>\n<li data-start=\"3231\" data-end=\"3239\">\n<p data-start=\"3233\" data-end=\"3239\">WiFi<\/p>\n<\/li>\n<li data-start=\"3240\" data-end=\"3275\">\n<p data-start=\"3242\" data-end=\"3275\">Kompatibel med PardVision2-appen<\/p>\n<\/li>\n<li data-start=\"3276\" data-end=\"3306\">\n<p data-start=\"3278\" data-end=\"3306\">HDMI-utg\u00e5ng: St\u00f6ds inte<\/p>\n<\/li>\n<\/ul>\n<h4 data-start=\"3308\" data-end=\"3330\"><strong data-start=\"3313\" data-end=\"3330\">Str\u00f6mf\u00f6rs\u00f6rjning:<\/strong><\/h4>\n<ul data-start=\"3331\" data-end=\"3413\">\n<li data-start=\"3331\" data-end=\"3360\">\n<p data-start=\"3333\" data-end=\"3360\">Batteri: 1 x 18650 Li-ion<\/p>\n<\/li>\n<li data-start=\"3361\" data-end=\"3382\">\n<p data-start=\"3363\" data-end=\"3382\">Drifttid: \u22646 timmar<\/p>\n<\/li>\n<li data-start=\"3383\" data-end=\"3413\">\n<p data-start=\"3385\" data-end=\"3413\">Extern str\u00f6m: USB Type-C<\/p>\n<\/li>\n<\/ul>\n<h4 data-start=\"3415\" data-end=\"3443\"><strong data-start=\"3420\" data-end=\"3443\">Konstruktion &amp; dimensioner:<\/strong><\/h4>\n<ul data-start=\"3444\" data-end=\"3667\">\n<li data-start=\"3444\" data-end=\"3471\">\n<p data-start=\"3446\" data-end=\"3471\">Skyddsklassning: IP67<\/p>\n<\/li>\n<li data-start=\"3472\" data-end=\"3513\">\n<p data-start=\"3474\" data-end=\"3513\">Drifttemperatur: -30\u00b0C till +55\u00b0C<\/p>\n<\/li>\n<li data-start=\"3514\" data-end=\"3543\">\n<p data-start=\"3516\" data-end=\"3543\">Rekylmotst\u00e5nd: 6000 J<\/p>\n<\/li>\n<li data-start=\"3544\" data-end=\"3601\">\n<p data-start=\"3546\" data-end=\"3601\">Kropp: Aluminiumh\u00f6lje, fullt flerlagerbehandlat glasobjektiv<\/p>\n<\/li>\n<li data-start=\"3602\" data-end=\"3634\">\n<p data-start=\"3604\" data-end=\"3634\">M\u00e5tt: 295 \u00d7 82 \u00d7 70 mm<\/p>\n<\/li>\n<li data-start=\"3635\" data-end=\"3667\">\n<p data-start=\"3637\" data-end=\"3667\">Vikt: 490 g (med batteri)<\/p>\n<\/li>\n<\/ul>\n<hr data-start=\"3669\" data-end=\"3672\">\n<h3 data-section-id=\"q3uhq7\" data-start=\"3674\" data-end=\"3738\"><strong data-start=\"3678\" data-end=\"3738\">PARD pantera-256 q \u2013 din p\u00e5litliga f\u00f6ljeslagare i m\u00f6rkret<\/strong><\/h3>\n<p data-start=\"3740\" data-end=\"3858\">Kompakt, m\u00e5ngsidig och p\u00e5litlig, Pantera-256 Q \u00e4r ett v\u00e4rmesikte du kan lita p\u00e5 \u00e4ven under de m\u00f6rkaste f\u00f6rh\u00e5llanden.<\/p>\n<hr data-start=\"3860\" data-end=\"3863\">\n<h3 data-section-id=\"1m2wwh1\" data-start=\"3865\" data-end=\"3906\"><strong data-start=\"3869\" data-end=\"3906\">Anv\u00e4ndningsomr\u00e5de och optimala avst\u00e5nd<\/strong><\/h3>\n<p data-start=\"3908\" data-end=\"4115\"><strong data-start=\"3912\" data-end=\"3934\">PARD Pantera-256 Q<\/strong> \u00e4r b\u00e4st l\u00e4mpad f\u00f6r observation och jakt p\u00e5 <strong data-start=\"3954\" data-end=\"3979\">korta till medell\u00e5nga avst\u00e5nd<\/strong>. Men dess k\u00e4nslighet och bildkvalitet g\u00f6r den ocks\u00e5 anv\u00e4ndbar p\u00e5 l\u00e4ngre avst\u00e5nd beroende p\u00e5 situationen. <\/p>\n<h4 data-start=\"4117\" data-end=\"4155\"><strong data-start=\"4122\" data-end=\"4155\">M\u00e5ldetektering efter avst\u00e5nd:<\/strong><\/h4>\n<ul data-start=\"4157\" data-end=\"4691\">\n<li data-start=\"4157\" data-end=\"4325\">\n<p data-start=\"4159\" data-end=\"4325\"><strong data-start=\"4159\" data-end=\"4175\">0\u2013300 meter<\/strong> \u2013 Utm\u00e4rkt f\u00f6r detaljigenk\u00e4nning: djurform, beteende, k\u00f6n eller horn \u00e4r tydligt urskiljbara. Idealiskt avst\u00e5nd f\u00f6r smygjakt eller passjakt. <\/p>\n<\/li>\n<li data-start=\"4326\" data-end=\"4500\">\n<p data-start=\"4328\" data-end=\"4500\"><strong data-start=\"4328\" data-end=\"4346\">300\u2013700 meter<\/strong> \u2013 V\u00e4rmesignaturen f\u00f6rblir tydlig. Du kan tillf\u00f6rlitligt identifiera arter och sp\u00e5ra r\u00f6relser. Utm\u00e4rkt f\u00f6r \u00f6vervakning eller vilt\u00f6vervakning i \u00f6ppen terr\u00e4ng.  <\/p>\n<\/li>\n<li data-start=\"4501\" data-end=\"4691\">\n<p data-start=\"4503\" data-end=\"4691\"><strong data-start=\"4503\" data-end=\"4522\">700\u20131200 meter<\/strong> \u2013 M\u00e5let \u00e4r synligt termiskt, men fina detaljer kanske inte kan urskiljas. L\u00e4mplig f\u00f6r s\u00f6kning, patrullering eller s\u00e4kerhets\u00f6vervakning n\u00e4r r\u00f6relse eller v\u00e4rmep\u00e5verkan \u00e4r viktigast. <\/p>\n<\/li>\n<\/ul>\n<hr data-start=\"4693\" data-end=\"4696\">\n<h3 data-section-id=\"3l32ru\" data-start=\"4698\" data-end=\"4713\"><strong data-start=\"4702\" data-end=\"4713\">Sammanfattning<\/strong><\/h3>\n<p data-start=\"4715\" data-end=\"5096\">Pantera-256 Q presterar b\u00e4st p\u00e5 <strong data-start=\"4750\" data-end=\"4767\">50\u2013600 meter<\/strong>, d\u00e4r bildsk\u00e4rpa, detekteringsprecision och detaljtolkning \u00e4r optimala. \u00c4ven om den inte \u00e4r avsedd f\u00f6r extremt l\u00e5ngdistansskytte eller maximal f\u00f6rstoring, erbjuder den en utm\u00e4rkt balans mellan <strong data-start=\"4971\" data-end=\"4987\">kompakt storlek<\/strong>, <strong data-start=\"4989\" data-end=\"5006\">bildkvalitet<\/strong> och <strong data-start=\"5012\" data-end=\"5028\">anv\u00e4ndbart avst\u00e5nd<\/strong>, vilket g\u00f6r den s\u00e4rskilt v\u00e4l l\u00e4mpad f\u00f6r olika terr\u00e4ngapplikationer. <\/p>\n","protected":false},"excerpt":{"rendered":"<p>PARD pantera-256 q \u2013 kompakt v\u00e4rmesikte f\u00f6r anv\u00e4ndning i extremt svagt ljus PARD Pantera-256 Q \u00e4r ett l\u00e4tt och avancerat v\u00e4rmesikte som levererar h\u00f6gkvalitativ bildbehandling, utm\u00e4rkta detekteringsm\u00f6jligheter och en komplett upps\u00e4ttning funktioner i ett mycket kompakt paket. K\u00e4rnan \u00e4r en exakt 256\u00d7192 VOx-v\u00e4rmesensor och PARD:s egenutvecklade IREA-bildprocessor, vilket g\u00f6r att den kan uppt\u00e4cka m\u00e5l upp [&#8230;]\n","protected":false},"featured_media":283261,"comment_status":"open","ping_status":"closed","template":"","meta":[],"product_brand":[],"product_cat":[2526],"product_tag":[],"class_list":{"0":"post-285406","1":"product","2":"type-product","3":"status-publish","4":"has-post-thumbnail","6":"product_cat-kikarsikten-och-optik","8":"first","9":"outofstock","10":"taxable","11":"shipping-taxable","12":"purchasable","13":"product-type-simple"},"composite_virtual":false,"composite_layout":"","composite_add_to_cart_form_location":"","composite_editable_in_cart":false,"composite_sold_individually_context":"","composite_shop_price_calc":"","composite_components":[],"composite_scenarios":[],"group_of_quantity":0,"min_quantity":0,"max_quantity":"","exclude_order_quantity_value_rules":"no","exclude_category_quantity_rules":"no","combine_variations":"no","exclude_global_add_ons":[],"addons":[],"_links":{"self":[{"href":"https:\/\/www.huntersfriend.eu\/sv\/wp-json\/wp\/v2\/product\/285406","targetHints":{"allow":["GET"]}}],"collection":[{"href":"https:\/\/www.huntersfriend.eu\/sv\/wp-json\/wp\/v2\/product"}],"about":[{"href":"https:\/\/www.huntersfriend.eu\/sv\/wp-json\/wp\/v2\/types\/product"}],"replies":[{"embeddable":true,"href":"https:\/\/www.huntersfriend.eu\/sv\/wp-json\/wp\/v2\/comments?post=285406"}],"wp:featuredmedia":[{"embeddable":true,"href":"https:\/\/www.huntersfriend.eu\/sv\/wp-json\/wp\/v2\/media\/283261"}],"wp:attachment":[{"href":"https:\/\/www.huntersfriend.eu\/sv\/wp-json\/wp\/v2\/media?parent=285406"}],"wp:term":[{"taxonomy":"product_brand","embeddable":true,"href":"https:\/\/www.huntersfriend.eu\/sv\/wp-json\/wp\/v2\/product_brand?post=285406"},{"taxonomy":"product_cat","embeddable":true,"href":"https:\/\/www.huntersfriend.eu\/sv\/wp-json\/wp\/v2\/product_cat?post=285406"},{"taxonomy":"product_tag","embeddable":true,"href":"https:\/\/www.huntersfriend.eu\/sv\/wp-json\/wp\/v2\/product_tag?post=285406"}],"curies":[{"name":"wp","href":"https:\/\/api.w.org\/{rel}","templated":true}]}}