{"id":285405,"date":"2025-07-07T23:40:42","date_gmt":"2025-07-07T21:40:42","guid":{"rendered":"https:\/\/www.huntersfriend.eu\/product\/meopta-meopro-r6-3-18x56-sfp-rd-4c-2\/"},"modified":"2025-08-26T07:59:13","modified_gmt":"2025-08-26T05:59:13","slug":"meopta-meopro-r6-3-18x56-sfp-rd-4c-2","status":"publish","type":"product","link":"https:\/\/www.huntersfriend.eu\/sv\/produkt\/meopta-meopro-r6-3-18x56-sfp-rd-4c-2\/","title":{"rendered":"Meopta MeoPro R6 3-18X56 SFP RD &#8211; 4C"},"content":{"rendered":"<p data-start=\"116\" data-end=\"237\"><strong data-start=\"116\" data-end=\"147\">Meopta MeoPro R6 3-18&#215;56 RD<\/strong><br data-start=\"147\" data-end=\"150\"><strong data-start=\"150\" data-end=\"237\">precision och ljustransmission f\u00f6r kr\u00e4vande kv\u00e4lls- och l\u00e5ngdistans \u00e4lgjakt<\/strong><\/p>\n<p data-start=\"239\" data-end=\"573\"><strong data-start=\"243\" data-end=\"274\">Meopta MeoPro R6 3-18&#215;56 RD<\/strong> \u00e4r ett europeiskt toppklassigt kikarsikte, speciellt utformat f\u00f6r exakt skytte p\u00e5 l\u00e5nga avst\u00e5nd och kr\u00e4vande jakt i svagt ljus. Det kombinerar ett brett 6x zoomomf\u00e5ng, en stor 56 mm objektivlins och Meoptas f\u00f6rstklassiga optiska teknologier \u2013 vilket ger exceptionell synlighet och kontrast under alla f\u00f6rh\u00e5llanden. <\/p>\n<p data-start=\"575\" data-end=\"839\">Detta sikte \u00e4r idealiskt f\u00f6r \u00e4lg- och hjortjakt, s\u00e4rskilt vid skytte p\u00e5 l\u00e5nga avst\u00e5nd eller i skymningsf\u00f6rh\u00e5llanden. Ett h\u00f6gkvalitativt belyst riktmedel, en exakt justeringsmekanism och ett l\u00e5ngt \u00f6gonavst\u00e5nd g\u00f6r det till en p\u00e5litlig f\u00f6ljeslagare f\u00f6r kr\u00e4vande j\u00e4gare. <\/p>\n<h3 data-start=\"841\" data-end=\"870\">Tekniska specifikationer:<\/h3>\n<ul data-start=\"871\" data-end=\"1549\">\n<li data-start=\"871\" data-end=\"954\">\n<p data-start=\"873\" data-end=\"954\"><strong data-start=\"873\" data-end=\"896\">F\u00f6rstoringsomr\u00e5de<\/strong>: 3\u201318x \u2013 l\u00e4mpligt f\u00f6r b\u00e5de medel- och l\u00e5ngdistansskytte<\/p>\n<\/li>\n<li data-start=\"955\" data-end=\"1042\">\n<p data-start=\"957\" data-end=\"1042\"><strong data-start=\"957\" data-end=\"984\">Objektivlinsdiameter<\/strong>: 56 mm \u2013 utm\u00e4rkt ljusinsamlingsf\u00f6rm\u00e5ga i svagt ljus<\/p>\n<\/li>\n<li data-start=\"1043\" data-end=\"1120\">\n<p data-start=\"1045\" data-end=\"1120\"><strong data-start=\"1045\" data-end=\"1067\">Huvudtubdiameter<\/strong>: 30 mm \u2013 kompatibel med standardmonteringssystem<\/p>\n<\/li>\n<li data-start=\"1121\" data-end=\"1213\">\n<p data-start=\"1123\" data-end=\"1213\"><strong data-start=\"1123\" data-end=\"1146\">Belyst riktmedel<\/strong>: RD (Red Dot) \u2013 6-niv\u00e5s ljusstyrkejustering med snabb kontroll<\/p>\n<\/li>\n<li data-start=\"1214\" data-end=\"1263\">\n<p data-start=\"1216\" data-end=\"1263\"><strong data-start=\"1216\" data-end=\"1244\">Synf\u00e4lt (vid 100 m)<\/strong>: 12,5\u20132,1 meter<\/p>\n<\/li>\n<li data-start=\"1264\" data-end=\"1333\">\n<p data-start=\"1266\" data-end=\"1333\"><strong data-start=\"1266\" data-end=\"1280\">\u00d6gonavst\u00e5nd<\/strong>: 100 mm \u2013 s\u00e4ker anv\u00e4ndning \u00e4ven med h\u00f6gkalibriga gev\u00e4r<\/p>\n<\/li>\n<li data-start=\"1334\" data-end=\"1387\">\n<p data-start=\"1336\" data-end=\"1387\"><strong data-start=\"1336\" data-end=\"1360\">Justering per klick<\/strong>: 0,1 mrad (1 cm \/ 100 m)<\/p>\n<\/li>\n<li data-start=\"1388\" data-end=\"1500\">\n<p data-start=\"1390\" data-end=\"1500\"><strong data-start=\"1390\" data-end=\"1413\">Parallaxjustering<\/strong>: Sidofokus (30 m \u2013 o\u00e4ndlighet) \u2013 f\u00f6rb\u00e4ttrar noggrannheten, s\u00e4rskilt vid h\u00f6ga f\u00f6rstoringar<\/p>\n<\/li>\n<li data-start=\"1501\" data-end=\"1549\">\n<p data-start=\"1503\" data-end=\"1549\"><strong data-start=\"1503\" data-end=\"1523\">Riktmedels position<\/strong>: Andra fokalplanet (SFP)<\/p>\n<\/li>\n<\/ul>\n<h3 data-start=\"1551\" data-end=\"1571\">Riktmedelsalternativ:<\/h3>\n<ul data-start=\"1572\" data-end=\"1834\">\n<li data-start=\"1572\" data-end=\"1707\">\n<p data-start=\"1574\" data-end=\"1707\"><strong data-start=\"1574\" data-end=\"1580\">4C<\/strong>: Ett tydligt, traditionellt jaktriktmedel med en belyst r\u00f6d mittpunkt \u2013 utm\u00e4rkt allroundval f\u00f6r olika avst\u00e5nd.<\/p>\n<\/li>\n<li data-start=\"1708\" data-end=\"1834\">\n<p data-start=\"1710\" data-end=\"1834\"><strong data-start=\"1710\" data-end=\"1719\">BDC 3<\/strong>: Ett ballistiskt riktmedel med h\u00e5llpunktsmarkeringar f\u00f6r l\u00e5nga avst\u00e5nd \u2013 idealiskt f\u00f6r l\u00e5ngdistansjakt och precisionsskytte.<\/p>\n<\/li>\n<\/ul>\n<h3 data-start=\"1836\" data-end=\"1864\">Optik och konstruktion:<\/h3>\n<ul data-start=\"1865\" data-end=\"2245\">\n<li data-start=\"1865\" data-end=\"2005\">\n<p data-start=\"1867\" data-end=\"2005\"><strong data-start=\"1867\" data-end=\"1894\">MeoBright\u2122 5501-bel\u00e4ggning<\/strong>: Extremt h\u00f6g ljustransmission (upp till 99,8 % per linsyta), vilket s\u00e4kerst\u00e4ller en ljus bild \u00e4ven i svagt ljus<\/p>\n<\/li>\n<li data-start=\"2006\" data-end=\"2078\">\n<p data-start=\"2008\" data-end=\"2078\"><strong data-start=\"2008\" data-end=\"2035\">MeoShield\u2122 h\u00e5rd bel\u00e4ggning<\/strong>: Skyddar optiken fr\u00e5n repor och slitage<\/p>\n<\/li>\n<li data-start=\"2079\" data-end=\"2171\">\n<p data-start=\"2081\" data-end=\"2171\"><strong data-start=\"2081\" data-end=\"2121\">Helt vattent\u00e4t och kv\u00e4vgasfylld<\/strong>: Imt\u00e4t och redo f\u00f6r alla v\u00e4derf\u00f6rh\u00e5llanden<\/p>\n<\/li>\n<li data-start=\"2172\" data-end=\"2245\">\n<p data-start=\"2174\" data-end=\"2245\"><strong data-start=\"2174\" data-end=\"2198\">St\u00f6tt\u00e5ligt h\u00f6lje<\/strong>: Byggt f\u00f6r att t\u00e5la kraftig rekyl och tuff anv\u00e4ndning<\/p>\n<\/li>\n<\/ul>\n<h3 data-start=\"2247\" data-end=\"2273\">M\u00e5tt och vikt:<\/h3>\n<ul data-start=\"2274\" data-end=\"2332\">\n<li data-start=\"2274\" data-end=\"2304\">\n<p data-start=\"2276\" data-end=\"2304\"><strong data-start=\"2276\" data-end=\"2286\">L\u00e4ngd<\/strong>: ca 373 mm <\/p>\n<\/li>\n<li data-start=\"2305\" data-end=\"2332\">\n<p data-start=\"2307\" data-end=\"2332\"><strong data-start=\"2307\" data-end=\"2317\">Vikt<\/strong>: ca 690 g <\/p>\n<\/li>\n<\/ul>\n<h3 data-start=\"2334\" data-end=\"2355\">Paketet inneh\u00e5ller:<\/h3>\n<ul data-start=\"2356\" data-end=\"2488\">\n<li data-start=\"2356\" data-end=\"2402\">\n<p data-start=\"2358\" data-end=\"2402\"><strong data-start=\"2358\" data-end=\"2400\">Meopta MeoPro R6 3-18&#215;56 RD kikarsikte<\/strong><\/p>\n<\/li>\n<li data-start=\"2403\" data-end=\"2422\">\n<p data-start=\"2405\" data-end=\"2422\"><strong data-start=\"2405\" data-end=\"2420\">Linsskydd<\/strong><\/p>\n<\/li>\n<li data-start=\"2423\" data-end=\"2447\">\n<p data-start=\"2425\" data-end=\"2447\"><strong data-start=\"2425\" data-end=\"2445\">Batteri (CR2354)<\/strong><\/p>\n<\/li>\n<li data-start=\"2448\" data-end=\"2467\">\n<p data-start=\"2450\" data-end=\"2467\"><strong data-start=\"2450\" data-end=\"2465\">Anv\u00e4ndarmanual<\/strong><\/p>\n<\/li>\n<li data-start=\"2468\" data-end=\"2488\">\n<p data-start=\"2470\" data-end=\"2488\"><strong data-start=\"2470\" data-end=\"2488\">Putsduk<\/strong><\/p>\n<\/li>\n<\/ul>\n","protected":false},"excerpt":{"rendered":"<p>Meopta MeoPro R6 3-18&#215;56 RDprecision och ljustransmission f\u00f6r kr\u00e4vande kv\u00e4lls- och l\u00e5ngdistans \u00e4lgjakt Meopta MeoPro R6 3-18&#215;56 RD \u00e4r ett europeiskt toppklassigt kikarsikte, speciellt utformat f\u00f6r exakt skytte p\u00e5 l\u00e5nga avst\u00e5nd och kr\u00e4vande jakt i svagt ljus. Det kombinerar ett brett 6x zoomomf\u00e5ng, en stor 56 mm objektivlins och Meoptas f\u00f6rstklassiga optiska teknologier \u2013 vilket [&#8230;]\n","protected":false},"featured_media":282890,"comment_status":"open","ping_status":"closed","template":"","meta":[],"product_brand":[],"product_cat":[2526],"product_tag":[],"class_list":{"0":"post-285405","1":"product","2":"type-product","3":"status-publish","4":"has-post-thumbnail","6":"product_cat-kikarsikten-och-optik","8":"first","9":"instock","10":"taxable","11":"shipping-taxable","12":"purchasable","13":"product-type-simple"},"composite_virtual":false,"composite_layout":"","composite_add_to_cart_form_location":"","composite_editable_in_cart":false,"composite_sold_individually_context":"","composite_shop_price_calc":"","composite_components":[],"composite_scenarios":[],"group_of_quantity":0,"min_quantity":0,"max_quantity":"","exclude_order_quantity_value_rules":"no","exclude_category_quantity_rules":"no","combine_variations":"no","exclude_global_add_ons":[],"addons":[],"_links":{"self":[{"href":"https:\/\/www.huntersfriend.eu\/sv\/wp-json\/wp\/v2\/product\/285405","targetHints":{"allow":["GET"]}}],"collection":[{"href":"https:\/\/www.huntersfriend.eu\/sv\/wp-json\/wp\/v2\/product"}],"about":[{"href":"https:\/\/www.huntersfriend.eu\/sv\/wp-json\/wp\/v2\/types\/product"}],"replies":[{"embeddable":true,"href":"https:\/\/www.huntersfriend.eu\/sv\/wp-json\/wp\/v2\/comments?post=285405"}],"wp:featuredmedia":[{"embeddable":true,"href":"https:\/\/www.huntersfriend.eu\/sv\/wp-json\/wp\/v2\/media\/282890"}],"wp:attachment":[{"href":"https:\/\/www.huntersfriend.eu\/sv\/wp-json\/wp\/v2\/media?parent=285405"}],"wp:term":[{"taxonomy":"product_brand","embeddable":true,"href":"https:\/\/www.huntersfriend.eu\/sv\/wp-json\/wp\/v2\/product_brand?post=285405"},{"taxonomy":"product_cat","embeddable":true,"href":"https:\/\/www.huntersfriend.eu\/sv\/wp-json\/wp\/v2\/product_cat?post=285405"},{"taxonomy":"product_tag","embeddable":true,"href":"https:\/\/www.huntersfriend.eu\/sv\/wp-json\/wp\/v2\/product_tag?post=285405"}],"curies":[{"name":"wp","href":"https:\/\/api.w.org\/{rel}","templated":true}]}}