{"id":285402,"date":"2025-06-26T09:29:42","date_gmt":"2025-06-26T07:29:42","guid":{"rendered":"https:\/\/www.huntersfriend.eu\/product\/truglo-storm-g2-2\/"},"modified":"2025-08-26T07:59:05","modified_gmt":"2025-08-26T05:59:05","slug":"truglo-storm-g2-2","status":"publish","type":"product","link":"https:\/\/www.huntersfriend.eu\/sv\/produkt\/truglo-storm-g2-2\/","title":{"rendered":"Truglo Storm G2"},"content":{"rendered":"<p>Den senaste generationen av STORM\u2122 har f\u00f6rb\u00e4ttrad design p\u00e5 monteringsf\u00e4stet i flygplansaluminium, vilket ger ett brett justeringsomr\u00e5de, ett starkt grepp och ett modernt utseende \u2013 samtidigt som enkelheten och priset bibeh\u00e5lls, vilket \u00e4r attraktivt f\u00f6r m\u00e5nga nyb\u00f6rjar- och medelgoda b\u00e5gskyttar.<\/p>\n<ul>\n<li>Monteringsf\u00e4ste i aluminium med vibrationsd\u00e4mpande insats<\/li>\n<li>L\u00e4ttviktig och kompakt<\/li>\n<li>Unik PRO\u2022BRITE\u2122-n\u00e5lkonstruktion f\u00f6r \u00f6kad h\u00e5llbarhet och ljusstyrka<\/li>\n<li>F\u00f6rstorat cirkul\u00e4rt synf\u00e4lt<\/li>\n<li>TG3015B Inkluderar TRU\u2022LITE\u2122 PRO (TG57) roterande LED-siktlampa<\/li>\n<li>Justerbar f\u00f6r v\u00e4nster- och h\u00f6gerh\u00e4nta skyttar<\/li>\n<\/ul>\n","protected":false},"excerpt":{"rendered":"<p>Den senaste generationen av STORM\u2122 har f\u00f6rb\u00e4ttrad design p\u00e5 monteringsf\u00e4stet i flygplansaluminium, vilket ger ett brett justeringsomr\u00e5de, ett starkt grepp och ett modernt utseende \u2013 samtidigt som enkelheten och priset bibeh\u00e5lls, vilket \u00e4r attraktivt f\u00f6r m\u00e5nga nyb\u00f6rjar- och medelgoda b\u00e5gskyttar. Monteringsf\u00e4ste i aluminium med vibrationsd\u00e4mpande insats L\u00e4ttviktig och kompakt Unik PRO\u2022BRITE\u2122-n\u00e5lkonstruktion f\u00f6r \u00f6kad h\u00e5llbarhet och [&#8230;]\n","protected":false},"featured_media":282511,"comment_status":"open","ping_status":"closed","template":"","meta":[],"product_brand":[],"product_cat":[2690],"product_tag":[],"class_list":{"0":"post-285402","1":"product","2":"type-product","3":"status-publish","4":"has-post-thumbnail","6":"product_cat-bagjaktsikten","8":"first","9":"instock","10":"taxable","11":"shipping-taxable","12":"purchasable","13":"product-type-variable","14":"has-default-attributes"},"composite_virtual":false,"composite_layout":"","composite_add_to_cart_form_location":"","composite_editable_in_cart":false,"composite_sold_individually_context":"","composite_shop_price_calc":"","composite_components":[],"composite_scenarios":[],"group_of_quantity":0,"min_quantity":0,"max_quantity":"","exclude_order_quantity_value_rules":"no","exclude_category_quantity_rules":"no","combine_variations":"no","exclude_global_add_ons":[],"addons":[],"_links":{"self":[{"href":"https:\/\/www.huntersfriend.eu\/sv\/wp-json\/wp\/v2\/product\/285402","targetHints":{"allow":["GET"]}}],"collection":[{"href":"https:\/\/www.huntersfriend.eu\/sv\/wp-json\/wp\/v2\/product"}],"about":[{"href":"https:\/\/www.huntersfriend.eu\/sv\/wp-json\/wp\/v2\/types\/product"}],"replies":[{"embeddable":true,"href":"https:\/\/www.huntersfriend.eu\/sv\/wp-json\/wp\/v2\/comments?post=285402"}],"wp:featuredmedia":[{"embeddable":true,"href":"https:\/\/www.huntersfriend.eu\/sv\/wp-json\/wp\/v2\/media\/282511"}],"wp:attachment":[{"href":"https:\/\/www.huntersfriend.eu\/sv\/wp-json\/wp\/v2\/media?parent=285402"}],"wp:term":[{"taxonomy":"product_brand","embeddable":true,"href":"https:\/\/www.huntersfriend.eu\/sv\/wp-json\/wp\/v2\/product_brand?post=285402"},{"taxonomy":"product_cat","embeddable":true,"href":"https:\/\/www.huntersfriend.eu\/sv\/wp-json\/wp\/v2\/product_cat?post=285402"},{"taxonomy":"product_tag","embeddable":true,"href":"https:\/\/www.huntersfriend.eu\/sv\/wp-json\/wp\/v2\/product_tag?post=285402"}],"curies":[{"name":"wp","href":"https:\/\/api.w.org\/{rel}","templated":true}]}}