{"id":285396,"date":"2025-06-27T08:12:38","date_gmt":"2025-06-27T06:12:38","guid":{"rendered":"https:\/\/www.huntersfriend.eu\/product\/kottsokare-lb-rpg-insats\/"},"modified":"2026-04-28T10:50:28","modified_gmt":"2026-04-28T08:50:28","slug":"kottsokare-lb-rpg-insats","status":"publish","type":"product","link":"https:\/\/www.huntersfriend.eu\/sv\/produkt\/kottsokare-lb-rpg-insats\/","title":{"rendered":"K\u00f6tts\u00f6kare LB\/RPG-insats"},"content":{"rendered":"<p>K\u00f6tts\u00f6karens insats \u00e4r en insats gjord f\u00f6r pilar med en 6,2 mm inre axel. L\u00e4mplig till exempel f\u00f6r K\u00f6tts\u00f6karens Lung Buster- och RPG-pilar. <\/p>\n<p>V\u00e4lj insatsen med r\u00e4tt Spine-storlek f\u00f6r den axel du har eller vill ha.<\/p>\n","protected":false},"excerpt":{"rendered":"<p>K\u00f6tts\u00f6karens insats \u00e4r en insats gjord f\u00f6r pilar med en 6,2 mm inre axel. L\u00e4mplig till exempel f\u00f6r K\u00f6tts\u00f6karens Lung Buster- och RPG-pilar. V\u00e4lj insatsen med r\u00e4tt Spine-storlek f\u00f6r den axel du har eller vill ha.<\/p>\n","protected":false},"featured_media":248772,"comment_status":"open","ping_status":"closed","template":"","meta":[],"product_brand":[],"product_cat":[2880],"product_tag":[],"class_list":{"0":"post-285396","1":"product","2":"type-product","3":"status-publish","4":"has-post-thumbnail","6":"product_cat-nockar-och-insatser","8":"first","9":"outofstock","10":"taxable","11":"shipping-taxable","12":"purchasable","13":"product-type-variable"},"composite_virtual":false,"composite_layout":"","composite_add_to_cart_form_location":"","composite_editable_in_cart":false,"composite_sold_individually_context":"","composite_shop_price_calc":"","composite_components":[],"composite_scenarios":[],"group_of_quantity":0,"min_quantity":0,"max_quantity":"","exclude_order_quantity_value_rules":"no","exclude_category_quantity_rules":"no","combine_variations":"no","exclude_global_add_ons":[],"addons":[],"_links":{"self":[{"href":"https:\/\/www.huntersfriend.eu\/sv\/wp-json\/wp\/v2\/product\/285396","targetHints":{"allow":["GET"]}}],"collection":[{"href":"https:\/\/www.huntersfriend.eu\/sv\/wp-json\/wp\/v2\/product"}],"about":[{"href":"https:\/\/www.huntersfriend.eu\/sv\/wp-json\/wp\/v2\/types\/product"}],"replies":[{"embeddable":true,"href":"https:\/\/www.huntersfriend.eu\/sv\/wp-json\/wp\/v2\/comments?post=285396"}],"wp:featuredmedia":[{"embeddable":true,"href":"https:\/\/www.huntersfriend.eu\/sv\/wp-json\/wp\/v2\/media\/248772"}],"wp:attachment":[{"href":"https:\/\/www.huntersfriend.eu\/sv\/wp-json\/wp\/v2\/media?parent=285396"}],"wp:term":[{"taxonomy":"product_brand","embeddable":true,"href":"https:\/\/www.huntersfriend.eu\/sv\/wp-json\/wp\/v2\/product_brand?post=285396"},{"taxonomy":"product_cat","embeddable":true,"href":"https:\/\/www.huntersfriend.eu\/sv\/wp-json\/wp\/v2\/product_cat?post=285396"},{"taxonomy":"product_tag","embeddable":true,"href":"https:\/\/www.huntersfriend.eu\/sv\/wp-json\/wp\/v2\/product_tag?post=285396"}],"curies":[{"name":"wp","href":"https:\/\/api.w.org\/{rel}","templated":true}]}}