{"id":285394,"date":"2025-07-10T00:50:33","date_gmt":"2025-07-09T22:50:33","guid":{"rendered":"https:\/\/www.huntersfriend.eu\/product\/pard-night-stalker-4k-pro-2\/"},"modified":"2025-08-26T07:58:55","modified_gmt":"2025-08-26T05:58:55","slug":"pard-night-stalker-4k-pro-2","status":"publish","type":"product","link":"https:\/\/www.huntersfriend.eu\/sv\/produkt\/pard-night-stalker-4k-pro-2\/","title":{"rendered":"Pard night stalker 4K pro"},"content":{"rendered":"<h3 data-section-id=\"33qpfv\" data-start=\"99\" data-end=\"168\"><strong data-start=\"103\" data-end=\"168\">PARD night stalker 4K pro \u2013 o\u00f6vertr\u00e4ffad precision f\u00f6r natten<\/strong><\/h3>\n<p data-start=\"170\" data-end=\"615\">N\u00e4r inget f\u00e5r f\u00f6rbli dolt i m\u00f6rkret, tr\u00e4der <strong data-start=\"219\" data-end=\"248\">PARD Night Stalker 4K Pro<\/strong> fram. Detta <strong data-start=\"264\" data-end=\"299\">digitala m\u00f6rkerkikarsikte<\/strong> \u00e4r byggt f\u00f6r anv\u00e4ndare som kr\u00e4ver den <strong data-start=\"334\" data-end=\"388\">h\u00f6gsta bildkvaliteten, prestandan och h\u00e5llbarheten<\/strong>. Med en <strong data-start=\"397\" data-end=\"410\">4K-sensor<\/strong>, <strong data-start=\"412\" data-end=\"443\">upp till 100 mm objektivlins<\/strong> och <strong data-start=\"449\" data-end=\"474\">upp till 8x optisk zoom<\/strong>, levererar den h\u00e4r enheten <strong data-start=\"497\" data-end=\"529\">f\u00f6rv\u00e5nansv\u00e4rt detaljerade vyer<\/strong> \u2013 oavsett om du skannar ett \u00f6ppet f\u00e4lt eller sp\u00e5rar r\u00f6relser l\u00e4ngs en t\u00e4t skogskant.  <\/p>\n<p data-start=\"617\" data-end=\"755\">Perfekt f\u00f6r <strong data-start=\"629\" data-end=\"660\">j\u00e4gare, s\u00e4kerhetspersonal<\/strong> eller taktiska anv\u00e4ndare, erbjuder 4K Pro <strong data-start=\"699\" data-end=\"739\">kristallklar sikt i alla scenarier<\/strong> \u2013 inga kompromisser.<\/p>\n<blockquote data-start=\"757\" data-end=\"837\">\n<p data-start=\"759\" data-end=\"837\"><strong data-start=\"759\" data-end=\"768\">Obs:<\/strong> IR-belysning <strong data-start=\"787\" data-end=\"803\">ing\u00e5r inte<\/strong> och m\u00e5ste k\u00f6pas separat.<\/p>\n<\/blockquote>\n<hr data-start=\"839\" data-end=\"842\">\n<h3 data-section-id=\"pm8yra\" data-start=\"844\" data-end=\"864\"><strong data-start=\"848\" data-end=\"864\">Viktiga funktioner<\/strong><\/h3>\n<ul data-start=\"866\" data-end=\"1415\">\n<li data-start=\"866\" data-end=\"954\">\n<p data-start=\"868\" data-end=\"954\"><strong data-start=\"868\" data-end=\"903\">\u00c4kta 4K-sensor (3840 \u00d7 2160 px)<\/strong> \u2013 Ultraskarp bild\u00e5tergivning, \u00e4ven i fullst\u00e4ndigt m\u00f6rker<\/p>\n<\/li>\n<li data-start=\"955\" data-end=\"1039\">\n<p data-start=\"957\" data-end=\"1039\"><strong data-start=\"957\" data-end=\"981\">70 mm objektivlins<\/strong> \u2013 Justera synf\u00e4lt och f\u00f6rstoring efter dina behov<\/p>\n<\/li>\n<li data-start=\"1040\" data-end=\"1089\">\n<p data-start=\"1042\" data-end=\"1089\"><strong data-start=\"1042\" data-end=\"1087\">4\u20138x optisk zoom + upp till 4x digital zoom<\/strong><\/p>\n<\/li>\n<li data-start=\"1090\" data-end=\"1185\">\n<p data-start=\"1092\" data-end=\"1185\"><strong data-start=\"1092\" data-end=\"1136\">Flera visningsf\u00e4rger &amp; h\u00e5rkorsstilar<\/strong> \u2013 Anpassningsbar till ljusf\u00f6rh\u00e5llanden och bakgrund<\/p>\n<\/li>\n<li data-start=\"1186\" data-end=\"1261\">\n<p data-start=\"1188\" data-end=\"1261\"><strong data-start=\"1188\" data-end=\"1259\">Rekylaktiverad video, ljudinspelning, tidsst\u00e4mplar och gyroskop<\/strong><\/p>\n<\/li>\n<li data-start=\"1262\" data-end=\"1353\">\n<p data-start=\"1264\" data-end=\"1353\"><strong data-start=\"1264\" data-end=\"1315\">Fullst\u00e4ndigt IP67-skydd &amp; 6000 J rekylmotst\u00e5nd<\/strong> \u2013 Designad f\u00f6r f\u00e4ltanv\u00e4ndning i verkligheten<\/p>\n<\/li>\n<li data-start=\"1354\" data-end=\"1415\">\n<p data-start=\"1356\" data-end=\"1415\"><strong data-start=\"1356\" data-end=\"1393\">Tr\u00e5dl\u00f6s kontroll och anslutning<\/strong> \u2013 WiFi, HDMI, USB-C<\/p>\n<\/li>\n<\/ul>\n<hr data-start=\"1417\" data-end=\"1420\">\n<h3 data-section-id=\"68p1op\" data-start=\"1422\" data-end=\"1474\"><strong data-start=\"1426\" data-end=\"1474\">Total synlighet \u2013 fr\u00e5n dagsljus till m\u00f6rker<\/strong><\/h3>\n<p data-start=\"1476\" data-end=\"1777\">Night Stalker 4K Pro kombinerar en <strong data-start=\"1512\" data-end=\"1535\">2,0 \u00b5m pixelsensor<\/strong>, <strong data-start=\"1537\" data-end=\"1579\">\u00f6verl\u00e4gsen ljusk\u00e4nslighet (0,001 lux)<\/strong> och en <strong data-start=\"1587\" data-end=\"1633\">h\u00f6guppl\u00f6st IPS-sk\u00e4rm (800 \u00d7 800 px)<\/strong> f\u00f6r att ge tydliga, detaljerade bilder d\u00e4r varje skugga, r\u00f6relse och form sticker ut \u2013 \u00e4ven i r\u00f6relse, tack vare en <strong data-start=\"1747\" data-end=\"1776\">j\u00e4mn uppdateringsfrekvens p\u00e5 30 Hz<\/strong>.<\/p>\n<p data-start=\"1779\" data-end=\"2089\">V\u00e4lj mellan <strong data-start=\"1791\" data-end=\"1817\">tre objektivlinser<\/strong> (50 mm, 70 mm, 100 mm) baserat p\u00e5 dina operativa behov \u2013 bredare synf\u00e4lt eller st\u00f6rre f\u00f6rstoring. P\u00e5 100 meter varierar den horisontella visningen fr\u00e5n <strong data-start=\"1965\" data-end=\"1985\">8 meter (50 mm)<\/strong> till <strong data-start=\"1989\" data-end=\"2010\">4 meter (100 mm)<\/strong>, vilket g\u00f6r att du kan finjustera din observation f\u00f6r olika terr\u00e4nger och situationer. <\/p>\n<hr data-start=\"2091\" data-end=\"2094\">\n<h3 data-section-id=\"19u84xy\" data-start=\"2096\" data-end=\"2142\"><strong data-start=\"2100\" data-end=\"2142\">Adaptiv, intelligent och enkel att anv\u00e4nda<\/strong><\/h3>\n<p data-start=\"2144\" data-end=\"2413\">Siktet har <strong data-start=\"2163\" data-end=\"2185\">sex h\u00e5rkorsstilar<\/strong> och <strong data-start=\"2190\" data-end=\"2213\">fyra h\u00e5rkorsf\u00e4rger<\/strong> (r\u00f6d, vit, gul, gr\u00f6n) f\u00f6r optimal kontrast. Du kan ocks\u00e5 v\u00e4xla mellan visningsl\u00e4gen (f\u00e4rg \/ svartvitt \/ gr\u00f6n \/ gul \/ r\u00f6d), vilket g\u00f6r det enkelt att matcha bildstilen till milj\u00f6n. <\/p>\n<p data-start=\"2415\" data-end=\"2628\">Smarta funktioner som <strong data-start=\"2436\" data-end=\"2464\">Bild-i-Bild (PIP)<\/strong>-l\u00e4ge, <strong data-start=\"2471\" data-end=\"2487\">tidsst\u00e4mpling<\/strong>, <strong data-start=\"2489\" data-end=\"2517\">ljud- och loopinspelning<\/strong> och <strong data-start=\"2523\" data-end=\"2557\">rekylutl\u00f6st videoinspelning<\/strong> g\u00f6r 4K Pro mycket intuitiv och idealisk f\u00f6r tillf\u00f6rlitlig dokumentation.<\/p>\n<hr data-start=\"2630\" data-end=\"2633\">\n<h3 data-section-id=\"1j5pm3l\" data-start=\"2635\" data-end=\"2668\"><strong data-start=\"2639\" data-end=\"2668\">Byggd tuff f\u00f6r f\u00e4ltet<\/strong><\/h3>\n<p data-start=\"2670\" data-end=\"2949\">Night Stalker 4K Pro \u00e4r tillverkad av <strong data-start=\"2683\" data-end=\"2710\">anodiserad aluminiumlegering<\/strong> och erbjuder h\u00e5llbarhet och motst\u00e5ndskraft mot v\u00e4der och vind. <strong data-start=\"2787\" data-end=\"2809\">IP67-certifiering<\/strong> inneb\u00e4r fullst\u00e4ndigt skydd mot damm och tillf\u00e4llig neds\u00e4nkning i vatten. Ett <strong data-start=\"2878\" data-end=\"2906\">6000 J rekylmotst\u00e5nd<\/strong> g\u00f6r den l\u00e4mplig f\u00f6r gev\u00e4r med kraftig rekyl. <\/p>\n<p data-start=\"2951\" data-end=\"3100\">Enheten drivs av ett <strong data-start=\"2978\" data-end=\"3002\">enkelt 18650-batteri<\/strong>, vilket ger <strong data-start=\"3014\" data-end=\"3031\">upp till 6 timmar<\/strong> drifttid, med ut\u00f6kad anv\u00e4ndning m\u00f6jlig via <strong data-start=\"3075\" data-end=\"3099\">USB-C extern str\u00f6m<\/strong>.<\/p>\n<hr data-start=\"3102\" data-end=\"3105\">\n<h3 data-section-id=\"lybibo\" data-start=\"3107\" data-end=\"3156\"><strong data-start=\"3111\" data-end=\"3156\">Varf\u00f6r v\u00e4lja PARD night stalker 4K pro?<\/strong><\/h3>\n<p data-start=\"3158\" data-end=\"3454\"><strong data-start=\"3162\" data-end=\"3186\">Night Stalker 4K Pro<\/strong> \u00e4r konstruerad f\u00f6r <strong data-start=\"3205\" data-end=\"3248\">professionella och kr\u00e4vande milj\u00f6er<\/strong> \u2013 men passar ocks\u00e5 den <strong data-start=\"3268\" data-end=\"3286\">seri\u00f6sa j\u00e4garen<\/strong> som inte l\u00e4mnar n\u00e5got \u00e5t slumpen. Den \u00e4r <strong data-start=\"3322\" data-end=\"3348\">l\u00e4tt men robust<\/strong>, <strong data-start=\"3350\" data-end=\"3377\">precis men enkel att anv\u00e4nda<\/strong>, och framf\u00f6r allt erbjuder den <strong data-start=\"3404\" data-end=\"3453\">den synlighet som m\u00f6rkret f\u00f6rs\u00f6ker d\u00f6lja<\/strong>. <\/p>\n<hr data-start=\"3456\" data-end=\"3459\">\n<h3 data-section-id=\"gqkziz\" data-start=\"3461\" data-end=\"3493\"><strong data-start=\"3465\" data-end=\"3493\">Tekniska specifikationer<\/strong><\/h3>\n<p data-start=\"3495\" data-end=\"3507\"><strong data-start=\"3495\" data-end=\"3505\">Sensor<\/strong><\/p>\n<ul data-start=\"3508\" data-end=\"3610\">\n<li data-start=\"3508\" data-end=\"3538\">\n<p data-start=\"3510\" data-end=\"3538\">Uppl\u00f6sning: 3840 \u00d7 2160 px<\/p>\n<\/li>\n<li data-start=\"3539\" data-end=\"3561\">\n<p data-start=\"3541\" data-end=\"3561\">Pixelstorlek: 2,0 \u00b5m<\/p>\n<\/li>\n<li data-start=\"3562\" data-end=\"3588\">\n<p data-start=\"3564\" data-end=\"3588\">K\u00e4nslighet: 0,001 lux<\/p>\n<\/li>\n<li data-start=\"3589\" data-end=\"3610\">\n<p data-start=\"3591\" data-end=\"3610\">Bildhastighet: 30 hz<\/p>\n<\/li>\n<\/ul>\n<p data-start=\"3612\" data-end=\"3624\"><strong data-start=\"3612\" data-end=\"3622\">Optik<\/strong><\/p>\n<ul data-start=\"3625\" data-end=\"3891\">\n<li data-start=\"3625\" data-end=\"3658\">\n<p data-start=\"3627\" data-end=\"3658\">Alternativ f\u00f6r objektivlins: 70 mm<\/p>\n<\/li>\n<li data-start=\"3659\" data-end=\"3690\">\n<p data-start=\"3661\" data-end=\"3690\">Optisk f\u00f6rstoring: 5,6\u00d7<\/p>\n<\/li>\n<li data-start=\"3691\" data-end=\"3711\">\n<p data-start=\"3693\" data-end=\"3711\">Digital zoom: 3\u00d7<\/p>\n<\/li>\n<li data-start=\"3712\" data-end=\"3772\">\n<p data-start=\"3714\" data-end=\"3772\">FOV @ 100 m (horisontell x vertikal): 5,7 x 5,7 m (70 mm)<\/p>\n<\/li>\n<li data-start=\"3773\" data-end=\"3805\">\n<p data-start=\"3775\" data-end=\"3805\">Vinkel FOV (diagonal): 4,6\u00b0<\/p>\n<\/li>\n<li data-start=\"3806\" data-end=\"3834\">\n<p data-start=\"3808\" data-end=\"3834\">Fokusavst\u00e5nd: 10 m \u2013 \u221e<\/p>\n<\/li>\n<li data-start=\"3835\" data-end=\"3857\">\n<p data-start=\"3837\" data-end=\"3857\">\u00d6gonavst\u00e5nd: 100 mm<\/p>\n<\/li>\n<li data-start=\"3858\" data-end=\"3891\">\n<p data-start=\"3860\" data-end=\"3891\">Dioptrijustering: -5 ~ +3 d<\/p>\n<\/li>\n<\/ul>\n<p data-start=\"3893\" data-end=\"3906\"><strong data-start=\"3893\" data-end=\"3904\">Sk\u00e4rm<\/strong><\/p>\n<ul data-start=\"3907\" data-end=\"4081\">\n<li data-start=\"3907\" data-end=\"3920\">\n<p data-start=\"3909\" data-end=\"3920\">Typ: IPS<\/p>\n<\/li>\n<li data-start=\"3921\" data-end=\"3949\">\n<p data-start=\"3923\" data-end=\"3949\">Uppl\u00f6sning: 800 \u00d7 800 px<\/p>\n<\/li>\n<li data-start=\"3950\" data-end=\"3971\">\n<p data-start=\"3952\" data-end=\"3971\">H\u00e5rkorsstilar: 6<\/p>\n<\/li>\n<li data-start=\"3972\" data-end=\"4017\">\n<p data-start=\"3974\" data-end=\"4017\">H\u00e5rkorsf\u00e4rger: R\u00f6d, Vit, gul, Gr\u00f6n<\/p>\n<\/li>\n<li data-start=\"4018\" data-end=\"4081\">\n<p data-start=\"4020\" data-end=\"4081\">Visningsl\u00e4gen: f\u00e4rg \/ svartvitt \/ Gr\u00f6n \/ gul \/ R\u00f6d<\/p>\n<\/li>\n<\/ul>\n<p data-start=\"4083\" data-end=\"4098\"><strong data-start=\"4083\" data-end=\"4096\">Funktioner<\/strong><\/p>\n<ul data-start=\"4099\" data-end=\"4326\">\n<li data-start=\"4099\" data-end=\"4132\">\n<p data-start=\"4101\" data-end=\"4132\">PIP (Bild-i-Bild): Ja<\/p>\n<\/li>\n<li data-start=\"4133\" data-end=\"4151\">\n<p data-start=\"4135\" data-end=\"4151\">Gyroskop: Ja<\/p>\n<\/li>\n<li data-start=\"4152\" data-end=\"4187\">\n<p data-start=\"4154\" data-end=\"4187\">Rekylaktiverad inspelning: Ja<\/p>\n<\/li>\n<li data-start=\"4188\" data-end=\"4211\">\n<p data-start=\"4190\" data-end=\"4211\">Automatisk inspelning: Ja<\/p>\n<\/li>\n<li data-start=\"4212\" data-end=\"4235\">\n<p data-start=\"4214\" data-end=\"4235\">Loopinspelning: Ja<\/p>\n<\/li>\n<li data-start=\"4236\" data-end=\"4254\">\n<p data-start=\"4238\" data-end=\"4254\">Tidsst\u00e4mpel: Ja<\/p>\n<\/li>\n<li data-start=\"4255\" data-end=\"4279\">\n<p data-start=\"4257\" data-end=\"4279\">Ljudinspelning: Ja<\/p>\n<\/li>\n<li data-start=\"4280\" data-end=\"4326\">\n<p data-start=\"4282\" data-end=\"4326\">Exponeringskompensation &amp; varningstoner: Ja<\/p>\n<\/li>\n<\/ul>\n<p data-start=\"4328\" data-end=\"4346\"><strong data-start=\"4328\" data-end=\"4344\">Anslutningsm\u00f6jligheter<\/strong><\/p>\n<ul data-start=\"4347\" data-end=\"4422\">\n<li data-start=\"4347\" data-end=\"4366\">\n<p data-start=\"4349\" data-end=\"4366\">USB type-c: Ja<\/p>\n<\/li>\n<li data-start=\"4367\" data-end=\"4387\">\n<p data-start=\"4369\" data-end=\"4387\">HDMI-utg\u00e5ng: Ja<\/p>\n<\/li>\n<li data-start=\"4388\" data-end=\"4401\">\n<p data-start=\"4390\" data-end=\"4401\">WiFi: Ja<\/p>\n<\/li>\n<li data-start=\"4402\" data-end=\"4422\">\n<p data-start=\"4404\" data-end=\"4422\">App: PardVision2<\/p>\n<\/li>\n<\/ul>\n<p data-start=\"4424\" data-end=\"4435\"><strong data-start=\"4424\" data-end=\"4433\">Str\u00f6m<\/strong><\/p>\n<ul data-start=\"4436\" data-end=\"4531\">\n<li data-start=\"4436\" data-end=\"4473\">\n<p data-start=\"4438\" data-end=\"4473\">Batteri: 1 \u00d7 18650 Li-ion (3,7 V)<\/p>\n<\/li>\n<li data-start=\"4474\" data-end=\"4500\">\n<p data-start=\"4476\" data-end=\"4500\">Drifttid: Upp till 6 timmar<\/p>\n<\/li>\n<li data-start=\"4501\" data-end=\"4531\">\n<p data-start=\"4503\" data-end=\"4531\">Extern str\u00f6m: USB type-c<\/p>\n<\/li>\n<\/ul>\n<p data-start=\"4533\" data-end=\"4560\"><strong data-start=\"4533\" data-end=\"4558\">Bygg &amp; milj\u00f6<\/strong><\/p>\n<ul data-start=\"4561\" data-end=\"4712\">\n<li data-start=\"4561\" data-end=\"4597\">\n<p data-start=\"4563\" data-end=\"4597\">Material i h\u00f6lje: aluminiumlegering<\/p>\n<\/li>\n<li data-start=\"4598\" data-end=\"4613\">\n<p data-start=\"4600\" data-end=\"4613\">Lins: glas<\/p>\n<\/li>\n<li data-start=\"4614\" data-end=\"4640\">\n<p data-start=\"4616\" data-end=\"4640\">Skyddsklass: IP67<\/p>\n<\/li>\n<li data-start=\"4641\" data-end=\"4682\">\n<p data-start=\"4643\" data-end=\"4682\">Drifttemperatur: -30\u00b0C till +55\u00b0C<\/p>\n<\/li>\n<li data-start=\"4683\" data-end=\"4712\">\n<p data-start=\"4685\" data-end=\"4712\">Rekylmotst\u00e5nd: 6000 j<\/p>\n<\/li>\n<\/ul>\n<hr data-start=\"4714\" data-end=\"4717\">\n<h3 data-section-id=\"1ky9pex\" data-start=\"4719\" data-end=\"4792\"><strong data-start=\"4723\" data-end=\"4752\">PARD night stalker 4K pro<\/strong> \u2013 n\u00e4r synlighet g\u00f6r skillnaden.<\/h3>\n<hr data-start=\"4794\" data-end=\"4797\">\n<h3 data-section-id=\"1g9s2us\" data-start=\"4799\" data-end=\"4849\"><strong data-start=\"4803\" data-end=\"4849\">Vilket m\u00f6rkerkikarsikte passar dig?<\/strong><\/h3>\n<div class=\"_tableContainer_80l1q_1\">\n<div class=\"_tableWrapper_80l1q_14 group flex w-fit flex-col-reverse\" tabindex=\"-1\">\n<table class=\"w-fit min-w-(--thread-content-width)\" data-start=\"4851\" data-end=\"6149\">\n<thead data-start=\"4851\" data-end=\"4944\">\n<tr data-start=\"4851\" data-end=\"4944\">\n<th data-start=\"4851\" data-end=\"4865\" data-col-size=\"sm\"><strong data-start=\"4853\" data-end=\"4864\">Funktion<\/strong><\/th>\n<th data-start=\"4865\" data-end=\"4890\" data-col-size=\"sm\"><strong data-start=\"4867\" data-end=\"4889\">Night Stalker Mini<\/strong><\/th>\n<th data-start=\"4890\" data-end=\"4917\" data-col-size=\"sm\"><strong data-start=\"4892\" data-end=\"4916\">Night Stalker 4K Pro<\/strong><\/th>\n<th data-start=\"4917\" data-end=\"4944\" data-col-size=\"sm\"><strong data-start=\"4919\" data-end=\"4942\">Night Stalker 4K eX<\/strong><\/th>\n<\/tr>\n<\/thead>\n<tbody data-start=\"5042\" data-end=\"6149\">\n<tr data-start=\"5042\" data-end=\"5131\">\n<td data-start=\"5042\" data-end=\"5055\" data-col-size=\"sm\"><strong data-start=\"5044\" data-end=\"5054\">Sensor<\/strong><\/td>\n<td data-col-size=\"sm\" data-start=\"5055\" data-end=\"5080\">2560 \u00d7 1440 px, 2.9 \u00b5m<\/td>\n<td data-col-size=\"sm\" data-start=\"5080\" data-end=\"5105\">3840 \u00d7 2160 px, 2.0 \u00b5m<\/td>\n<td data-col-size=\"sm\" data-start=\"5105\" data-end=\"5131\">3840 \u00d7 2160 px, 2.9 \u00b5m<\/td>\n<\/tr>\n<tr data-start=\"5132\" data-end=\"5204\">\n<td data-start=\"5132\" data-end=\"5149\" data-col-size=\"sm\"><strong data-start=\"5134\" data-end=\"5148\">Bildhastighet<\/strong><\/td>\n<td data-col-size=\"sm\" data-start=\"5149\" data-end=\"5172\">60\/30 Hz (f\u00e4rg\/S&amp;V)<\/td>\n<td data-col-size=\"sm\" data-start=\"5172\" data-end=\"5180\">30 Hz<\/td>\n<td data-col-size=\"sm\" data-start=\"5180\" data-end=\"5204\">60\/30 Hz (f\u00e4rg\/S&amp;V)<\/td>\n<\/tr>\n<tr data-start=\"5205\" data-end=\"5283\">\n<td data-start=\"5205\" data-end=\"5219\" data-col-size=\"sm\"><strong data-start=\"5207\" data-end=\"5218\">Sk\u00e4rm<\/strong><\/td>\n<td data-col-size=\"sm\" data-start=\"5219\" data-end=\"5239\">IPS, 800 \u00d7 800 px<\/td>\n<td data-col-size=\"sm\" data-start=\"5239\" data-end=\"5259\">IPS, 800 \u00d7 800 px<\/td>\n<td data-col-size=\"sm\" data-start=\"5259\" data-end=\"5283\">OLED, 2560 \u00d7 2560 px<\/td>\n<\/tr>\n<tr data-start=\"5284\" data-end=\"5328\">\n<td data-start=\"5284\" data-end=\"5303\" data-col-size=\"sm\"><strong data-start=\"5286\" data-end=\"5302\">Linsalternativ<\/strong><\/td>\n<td data-col-size=\"sm\" data-start=\"5303\" data-end=\"5311\">35 mm<\/td>\n<td data-col-size=\"sm\" data-start=\"5311\" data-end=\"5319\">70 mm<\/td>\n<td data-col-size=\"sm\" data-start=\"5319\" data-end=\"5328\">70 mm<\/td>\n<\/tr>\n<tr data-start=\"5329\" data-end=\"5368\">\n<td data-start=\"5329\" data-end=\"5348\" data-col-size=\"sm\"><strong data-start=\"5331\" data-end=\"5347\">Optisk zoom<\/strong><\/td>\n<td data-col-size=\"sm\" data-start=\"5348\" data-end=\"5353\">3\u00d7<\/td>\n<td data-col-size=\"sm\" data-start=\"5353\" data-end=\"5360\">5.6\u00d7<\/td>\n<td data-col-size=\"sm\" data-start=\"5360\" data-end=\"5368\">5.5\u00d7<\/td>\n<\/tr>\n<tr data-start=\"5369\" data-end=\"5404\">\n<td data-start=\"5369\" data-end=\"5388\" data-col-size=\"sm\"><strong data-start=\"5371\" data-end=\"5387\">Digital zoom<\/strong><\/td>\n<td data-col-size=\"sm\" data-start=\"5388\" data-end=\"5393\">2\u00d7<\/td>\n<td data-col-size=\"sm\" data-start=\"5393\" data-end=\"5398\">3\u00d7<\/td>\n<td data-col-size=\"sm\" data-start=\"5398\" data-end=\"5404\">2\u00d7<\/td>\n<\/tr>\n<tr data-start=\"5405\" data-end=\"5453\">\n<td data-start=\"5405\" data-end=\"5427\" data-col-size=\"sm\"><strong data-start=\"5407\" data-end=\"5426\">FOV @ 100 m (H)<\/strong><\/td>\n<td data-col-size=\"sm\" data-start=\"5427\" data-end=\"5435\">9.9 m<\/td>\n<td data-col-size=\"sm\" data-start=\"5435\" data-end=\"5443\">5.7 m<\/td>\n<td data-col-size=\"sm\" data-start=\"5443\" data-end=\"5453\">10.7 m<\/td>\n<\/tr>\n<tr data-start=\"5454\" data-end=\"5516\">\n<td data-start=\"5454\" data-end=\"5477\" data-col-size=\"sm\"><strong data-start=\"5456\" data-end=\"5476\">Videouppl\u00f6sning<\/strong><\/td>\n<td data-col-size=\"sm\" data-start=\"5477\" data-end=\"5494\">1440 \u00d7 1080 px<\/td>\n<td data-col-size=\"sm\" data-start=\"5494\" data-end=\"5498\">\u2013<\/td>\n<td data-col-size=\"sm\" data-start=\"5498\" data-end=\"5516\">1280 \u00d7 1280 px<\/td>\n<\/tr>\n<tr data-start=\"5517\" data-end=\"5551\">\n<td data-start=\"5517\" data-end=\"5532\" data-col-size=\"sm\"><strong data-start=\"5519\" data-end=\"5531\">PIP-l\u00e4ge<\/strong><\/td>\n<td data-col-size=\"sm\" data-start=\"5532\" data-end=\"5538\">Ja<\/td>\n<td data-col-size=\"sm\" data-start=\"5538\" data-end=\"5544\">Ja<\/td>\n<td data-col-size=\"sm\" data-start=\"5544\" data-end=\"5551\">Ja<\/td>\n<\/tr>\n<tr data-start=\"5552\" data-end=\"5587\">\n<td data-start=\"5552\" data-end=\"5568\" data-col-size=\"sm\"><strong data-start=\"5554\" data-end=\"5567\">Gyroskop<\/strong><\/td>\n<td data-col-size=\"sm\" data-start=\"5568\" data-end=\"5574\">Ja<\/td>\n<td data-col-size=\"sm\" data-start=\"5574\" data-end=\"5580\">Ja<\/td>\n<td data-col-size=\"sm\" data-start=\"5580\" data-end=\"5587\">Ja<\/td>\n<\/tr>\n<tr data-start=\"5588\" data-end=\"5636\">\n<td data-start=\"5588\" data-end=\"5617\" data-col-size=\"sm\"><strong data-start=\"5590\" data-end=\"5616\">Rekylaktiverad video<\/strong><\/td>\n<td data-col-size=\"sm\" data-start=\"5617\" data-end=\"5623\">Ja<\/td>\n<td data-col-size=\"sm\" data-start=\"5623\" data-end=\"5629\">Ja<\/td>\n<td data-col-size=\"sm\" data-start=\"5629\" data-end=\"5636\">Ja<\/td>\n<\/tr>\n<tr data-start=\"5637\" data-end=\"5681\">\n<td data-start=\"5637\" data-end=\"5664\" data-col-size=\"sm\"><strong data-start=\"5639\" data-end=\"5663\">Ballistisk kalkylator<\/strong><\/td>\n<td data-col-size=\"sm\" data-start=\"5664\" data-end=\"5669\">Nej<\/td>\n<td data-col-size=\"sm\" data-start=\"5669\" data-end=\"5674\">Nej<\/td>\n<td data-col-size=\"sm\" data-start=\"5674\" data-end=\"5681\">Ja<\/td>\n<\/tr>\n<tr data-start=\"5682\" data-end=\"5738\">\n<td data-start=\"5682\" data-end=\"5701\" data-col-size=\"sm\"><strong data-start=\"5684\" data-end=\"5700\">Batteritid<\/strong><\/td>\n<td data-col-size=\"sm\" data-start=\"5701\" data-end=\"5713\">Upp till 6 h<\/td>\n<td data-col-size=\"sm\" data-start=\"5713\" data-end=\"5725\">Upp till 6 h<\/td>\n<td data-col-size=\"sm\" data-start=\"5725\" data-end=\"5738\">Upp till 8 h<\/td>\n<\/tr>\n<tr data-start=\"5739\" data-end=\"5778\">\n<td data-start=\"5739\" data-end=\"5756\" data-col-size=\"sm\"><strong data-start=\"5741\" data-end=\"5755\">Skydd<\/strong><\/td>\n<td data-col-size=\"sm\" data-start=\"5756\" data-end=\"5763\">IP67<\/td>\n<td data-col-size=\"sm\" data-start=\"5763\" data-end=\"5770\">IP67<\/td>\n<td data-col-size=\"sm\" data-start=\"5770\" data-end=\"5778\">IP67<\/td>\n<\/tr>\n<tr data-start=\"5779\" data-end=\"5831\">\n<td data-start=\"5779\" data-end=\"5803\" data-col-size=\"sm\"><strong data-start=\"5781\" data-end=\"5802\">Rekylmotst\u00e5nd<\/strong><\/td>\n<td data-col-size=\"sm\" data-start=\"5803\" data-end=\"5812\">6000 j<\/td>\n<td data-col-size=\"sm\" data-start=\"5812\" data-end=\"5821\">6000 j<\/td>\n<td data-col-size=\"sm\" data-start=\"5821\" data-end=\"5831\">6000 j<\/td>\n<\/tr>\n<tr data-start=\"5832\" data-end=\"5893\">\n<td data-start=\"5832\" data-end=\"5860\" data-col-size=\"sm\"><strong data-start=\"5834\" data-end=\"5859\">Vikt (med batteri)<\/strong><\/td>\n<td data-col-size=\"sm\" data-start=\"5860\" data-end=\"5868\">455 g<\/td>\n<td data-col-size=\"sm\" data-start=\"5868\" data-end=\"5884\">Ej specificerad<\/td>\n<td data-col-size=\"sm\" data-start=\"5884\" data-end=\"5893\">896 g<\/td>\n<\/tr>\n<tr data-start=\"5894\" data-end=\"5974\">\n<td data-start=\"5894\" data-end=\"5913\" data-col-size=\"sm\"><strong data-start=\"5896\" data-end=\"5912\">Str\u00f6mk\u00e4lla<\/strong><\/td>\n<td data-col-size=\"sm\" data-start=\"5913\" data-end=\"5925\">1 \u00d7 18650<\/td>\n<td data-col-size=\"sm\" data-start=\"5925\" data-end=\"5937\">1 \u00d7 18650<\/td>\n<td data-col-size=\"sm\" data-start=\"5937\" data-end=\"5974\">Intern 21700 + L\u00f6stagbar 18650<\/td>\n<\/tr>\n<tr data-start=\"5975\" data-end=\"6095\">\n<td data-start=\"5975\" data-end=\"5995\" data-col-size=\"sm\"><strong data-start=\"5977\" data-end=\"5994\">Visningsl\u00e4gen<\/strong><\/td>\n<td data-col-size=\"sm\" data-start=\"5995\" data-end=\"6026\">F\u00e4rg \/ S&amp;V \/ Gr\u00f6n \/ Gul<\/td>\n<td data-col-size=\"sm\" data-start=\"6026\" data-end=\"6063\">F\u00e4rg \/ S&amp;V \/ Gul \/ Gr\u00f6n \/ R\u00f6d<\/td>\n<td data-col-size=\"sm\" data-start=\"6063\" data-end=\"6095\">F\u00e4rg \/ S&amp;V \/ Gr\u00f6n \/ Gul<\/td>\n<\/tr>\n<tr data-start=\"6096\" data-end=\"6149\">\n<td data-start=\"6096\" data-end=\"6106\" data-col-size=\"sm\"><strong data-start=\"6098\" data-end=\"6105\">App<\/strong><\/td>\n<td data-col-size=\"sm\" data-start=\"6106\" data-end=\"6120\">PardVision2<\/td>\n<td data-col-size=\"sm\" data-start=\"6120\" data-end=\"6134\">PardVision2<\/td>\n<td data-col-size=\"sm\" data-start=\"6134\" data-end=\"6149\">PardVision2<\/td>\n<\/tr>\n<\/tbody>\n<\/table>\n<\/div>\n<\/div>\n","protected":false},"excerpt":{"rendered":"<p>PARD night stalker 4K pro \u2013 o\u00f6vertr\u00e4ffad precision f\u00f6r natten N\u00e4r inget f\u00e5r f\u00f6rbli dolt i m\u00f6rkret, tr\u00e4der PARD Night Stalker 4K Pro fram. Detta digitala m\u00f6rkerkikarsikte \u00e4r byggt f\u00f6r anv\u00e4ndare som kr\u00e4ver den h\u00f6gsta bildkvaliteten, prestandan och h\u00e5llbarheten. Med en 4K-sensor, upp till 100 mm objektivlins och upp till 8x optisk zoom, levererar den [&#8230;]\n","protected":false},"featured_media":283352,"comment_status":"open","ping_status":"closed","template":"","meta":[],"product_brand":[],"product_cat":[2756],"product_tag":[],"class_list":{"0":"post-285394","1":"product","2":"type-product","3":"status-publish","4":"has-post-thumbnail","6":"product_cat-morkerseende","8":"first","9":"instock","10":"taxable","11":"shipping-taxable","12":"purchasable","13":"product-type-simple"},"composite_virtual":false,"composite_layout":"","composite_add_to_cart_form_location":"","composite_editable_in_cart":false,"composite_sold_individually_context":"","composite_shop_price_calc":"","composite_components":[],"composite_scenarios":[],"group_of_quantity":0,"min_quantity":0,"max_quantity":"","exclude_order_quantity_value_rules":"no","exclude_category_quantity_rules":"no","combine_variations":"no","exclude_global_add_ons":[],"addons":[],"_links":{"self":[{"href":"https:\/\/www.huntersfriend.eu\/sv\/wp-json\/wp\/v2\/product\/285394","targetHints":{"allow":["GET"]}}],"collection":[{"href":"https:\/\/www.huntersfriend.eu\/sv\/wp-json\/wp\/v2\/product"}],"about":[{"href":"https:\/\/www.huntersfriend.eu\/sv\/wp-json\/wp\/v2\/types\/product"}],"replies":[{"embeddable":true,"href":"https:\/\/www.huntersfriend.eu\/sv\/wp-json\/wp\/v2\/comments?post=285394"}],"wp:featuredmedia":[{"embeddable":true,"href":"https:\/\/www.huntersfriend.eu\/sv\/wp-json\/wp\/v2\/media\/283352"}],"wp:attachment":[{"href":"https:\/\/www.huntersfriend.eu\/sv\/wp-json\/wp\/v2\/media?parent=285394"}],"wp:term":[{"taxonomy":"product_brand","embeddable":true,"href":"https:\/\/www.huntersfriend.eu\/sv\/wp-json\/wp\/v2\/product_brand?post=285394"},{"taxonomy":"product_cat","embeddable":true,"href":"https:\/\/www.huntersfriend.eu\/sv\/wp-json\/wp\/v2\/product_cat?post=285394"},{"taxonomy":"product_tag","embeddable":true,"href":"https:\/\/www.huntersfriend.eu\/sv\/wp-json\/wp\/v2\/product_tag?post=285394"}],"curies":[{"name":"wp","href":"https:\/\/api.w.org\/{rel}","templated":true}]}}