{"id":285393,"date":"2025-07-07T23:40:42","date_gmt":"2025-07-07T21:40:42","guid":{"rendered":"https:\/\/www.huntersfriend.eu\/product\/meopta-meopro-r6-3-18x50-sfp-rd-4c-2\/"},"modified":"2025-08-26T07:58:51","modified_gmt":"2025-08-26T05:58:51","slug":"meopta-meopro-r6-3-18x50-sfp-rd-4c-2","status":"publish","type":"product","link":"https:\/\/www.huntersfriend.eu\/sv\/produkt\/meopta-meopro-r6-3-18x50-sfp-rd-4c-2\/","title":{"rendered":"Meopta MeoPro R6 3-18X50 SFP RD &#8211; 4C"},"content":{"rendered":"<p data-start=\"117\" data-end=\"223\"><strong data-start=\"117\" data-end=\"148\">Meopta MeoPro R6 3-18&#215;50 RD<\/strong><br data-start=\"148\" data-end=\"151\"><strong data-start=\"151\" data-end=\"223\">precision och ljus \u2013 ett m\u00e5ngsidigt kikarsikte f\u00f6r l\u00e5ngdistansskytte<\/strong><\/p>\n<p data-start=\"225\" data-end=\"524\"><strong data-start=\"229\" data-end=\"260\">Meopta MeoPro R6 3-18&#215;50 RD<\/strong> \u00e4r ett m\u00e5ngsidigt kikarsikte av h\u00f6g kvalitet som kombinerar ett brett f\u00f6rstoringsomr\u00e5de och ljusstark optik i ett kompakt och v\u00e4lbalanserat format. Den h\u00e4r modellen \u00e4r idealisk f\u00f6r jakt p\u00e5 l\u00e5nga avst\u00e5nd och precisionsskytte, men fungerar \u00e4ven bra i kr\u00e4vande f\u00f6rh\u00e5llanden med svagt ljus. <\/p>\n<p data-start=\"526\" data-end=\"750\">Det 50 mm objektivet erbjuder utm\u00e4rkt ljusinsamlingsf\u00f6rm\u00e5ga utan att addera on\u00f6dig vikt eller en h\u00f6g profil, vilket g\u00f6r siktet till ett idealiskt val f\u00f6r dem som s\u00f6ker en balans mellan precision, ljusstyrka och hanterbarhet.<\/p>\n<h3 data-start=\"752\" data-end=\"781\">Tekniska specifikationer:<\/h3>\n<ul data-start=\"782\" data-end=\"1544\">\n<li data-start=\"782\" data-end=\"861\">\n<p data-start=\"784\" data-end=\"861\"><strong data-start=\"784\" data-end=\"807\">F\u00f6rstoringsomr\u00e5de<\/strong>: 3\u201318x \u2013 l\u00e4mpligt f\u00f6r skytte p\u00e5 medell\u00e5nga till l\u00e5nga avst\u00e5nd<\/p>\n<\/li>\n<li data-start=\"862\" data-end=\"956\">\n<p data-start=\"864\" data-end=\"956\"><strong data-start=\"864\" data-end=\"891\">Objektivdiameter<\/strong>: 50 mm \u2013 en bra kompromiss mellan ljustransmission och storlek<\/p>\n<\/li>\n<li data-start=\"957\" data-end=\"1042\">\n<p data-start=\"959\" data-end=\"1042\"><strong data-start=\"959\" data-end=\"981\">Huvudtubdiameter<\/strong>: 30 mm \u2013 brett kompatibel med olika monteringsl\u00f6sningar<\/p>\n<\/li>\n<li data-start=\"1043\" data-end=\"1147\">\n<p data-start=\"1045\" data-end=\"1147\"><strong data-start=\"1045\" data-end=\"1068\">Belyst riktmedel<\/strong>: RD (Red Dot) \u2013 6-stegs justering av ljusstyrkan f\u00f6r den belysta mittpunkten<\/p>\n<\/li>\n<li data-start=\"1148\" data-end=\"1197\">\n<p data-start=\"1150\" data-end=\"1197\"><strong data-start=\"1150\" data-end=\"1178\">Synf\u00e4lt (vid 100 m)<\/strong>: 11,3\u20132,1 meter<\/p>\n<\/li>\n<li data-start=\"1198\" data-end=\"1269\">\n<p data-start=\"1200\" data-end=\"1269\"><strong data-start=\"1200\" data-end=\"1214\">\u00d6gonavst\u00e5nd<\/strong>: 100 mm \u2013 s\u00e4ker och bekv\u00e4m anv\u00e4ndning med alla kalibrar<\/p>\n<\/li>\n<li data-start=\"1270\" data-end=\"1323\">\n<p data-start=\"1272\" data-end=\"1323\"><strong data-start=\"1272\" data-end=\"1296\">Justering per klick<\/strong>: 0,1 mrad (1 cm \/ 100 m)<\/p>\n<\/li>\n<li data-start=\"1324\" data-end=\"1437\">\n<p data-start=\"1326\" data-end=\"1437\"><strong data-start=\"1326\" data-end=\"1349\">Parallaxjustering<\/strong>: Sidofokus (30 m \u2013 o\u00e4ndlighet) \u2013 sk\u00e4rper bilden och riktmedlet p\u00e5 olika avst\u00e5nd<\/p>\n<\/li>\n<li data-start=\"1438\" data-end=\"1544\">\n<p data-start=\"1440\" data-end=\"1544\"><strong data-start=\"1440\" data-end=\"1460\">Riktmedlets position<\/strong>: Andra fokalplanet (SFP) \u2013 riktmedlets storlek f\u00f6rblir konstant \u00f6ver alla f\u00f6rstoringar<\/p>\n<\/li>\n<\/ul>\n<h3 data-start=\"1546\" data-end=\"1558\">Riktmedel:<\/h3>\n<ul data-start=\"1559\" data-end=\"1761\">\n<li data-start=\"1559\" data-end=\"1761\">\n<p data-start=\"1561\" data-end=\"1761\"><strong data-start=\"1561\" data-end=\"1567\">4C<\/strong>: Ett klassiskt jaktriktmedel med en tydlig r\u00f6d belyst punkt i mitten. V\u00e4l l\u00e4mpad f\u00f6r jakt i skymning och v\u00e4xlande f\u00f6rh\u00e5llanden. Snabb att f\u00e5nga och exakt \u00e4ven vid h\u00f6g f\u00f6rstoring.  <\/p>\n<\/li>\n<\/ul>\n<h3 data-start=\"1763\" data-end=\"1791\">Optik och konstruktion:<\/h3>\n<ul data-start=\"1792\" data-end=\"2135\">\n<li data-start=\"1792\" data-end=\"1885\">\n<p data-start=\"1794\" data-end=\"1885\"><strong data-start=\"1794\" data-end=\"1821\">MeoBright\u2122 5501-bel\u00e4ggning<\/strong>: H\u00f6g ljustransmission och en ljus bild i alla f\u00f6rh\u00e5llanden<\/p>\n<\/li>\n<li data-start=\"1886\" data-end=\"1958\">\n<p data-start=\"1888\" data-end=\"1958\"><strong data-start=\"1888\" data-end=\"1915\">MeoShield\u2122 h\u00e5rd bel\u00e4ggning<\/strong>: Skyddar linserna fr\u00e5n repor och slitage<\/p>\n<\/li>\n<li data-start=\"1959\" data-end=\"2061\">\n<p data-start=\"1961\" data-end=\"2061\"><strong data-start=\"1961\" data-end=\"2001\">Helt vattent\u00e4t och kv\u00e4vgasrenad<\/strong>: F\u00f6rhindrar intern imma och t\u00e5l v\u00e4derf\u00f6r\u00e4ndringar<\/p>\n<\/li>\n<li data-start=\"2062\" data-end=\"2135\">\n<p data-start=\"2064\" data-end=\"2135\"><strong data-start=\"2064\" data-end=\"2096\">St\u00f6tt\u00e5lig konstruktion<\/strong>: Byggd f\u00f6r tung anv\u00e4ndning och stark rekyl<\/p>\n<\/li>\n<\/ul>\n<h3 data-start=\"2137\" data-end=\"2163\">M\u00e5tt och vikt:<\/h3>\n<ul data-start=\"2164\" data-end=\"2222\">\n<li data-start=\"2164\" data-end=\"2194\">\n<p data-start=\"2166\" data-end=\"2194\"><strong data-start=\"2166\" data-end=\"2176\">L\u00e4ngd<\/strong>: ca 373 mm <\/p>\n<\/li>\n<li data-start=\"2195\" data-end=\"2222\">\n<p data-start=\"2197\" data-end=\"2222\"><strong data-start=\"2197\" data-end=\"2207\">Vikt<\/strong>: ca 678 g <\/p>\n<\/li>\n<\/ul>\n<h3 data-start=\"2224\" data-end=\"2245\">Paketet inneh\u00e5ller:<\/h3>\n<ul data-start=\"2246\" data-end=\"2396\">\n<li data-start=\"2246\" data-end=\"2310\">\n<p data-start=\"2248\" data-end=\"2310\"><strong data-start=\"2248\" data-end=\"2290\">Meopta MeoPro R6 3-18&#215;50 RD kikarsikte<\/strong> (med 4C-riktmedel)<\/p>\n<\/li>\n<li data-start=\"2311\" data-end=\"2330\">\n<p data-start=\"2313\" data-end=\"2330\"><strong data-start=\"2313\" data-end=\"2328\">Linsskydd<\/strong><\/p>\n<\/li>\n<li data-start=\"2331\" data-end=\"2355\">\n<p data-start=\"2333\" data-end=\"2355\"><strong data-start=\"2333\" data-end=\"2353\">Batteri (CR2354)<\/strong><\/p>\n<\/li>\n<li data-start=\"2356\" data-end=\"2375\">\n<p data-start=\"2358\" data-end=\"2375\"><strong data-start=\"2358\" data-end=\"2373\">Anv\u00e4ndarmanual<\/strong><\/p>\n<\/li>\n<li data-start=\"2376\" data-end=\"2396\">\n<p data-start=\"2378\" data-end=\"2396\"><strong data-start=\"2378\" data-end=\"2396\">Putsduk<\/strong><\/p>\n<\/li>\n<\/ul>\n","protected":false},"excerpt":{"rendered":"<p>Meopta MeoPro R6 3-18&#215;50 RDprecision och ljus \u2013 ett m\u00e5ngsidigt kikarsikte f\u00f6r l\u00e5ngdistansskytte Meopta MeoPro R6 3-18&#215;50 RD \u00e4r ett m\u00e5ngsidigt kikarsikte av h\u00f6g kvalitet som kombinerar ett brett f\u00f6rstoringsomr\u00e5de och ljusstark optik i ett kompakt och v\u00e4lbalanserat format. Den h\u00e4r modellen \u00e4r idealisk f\u00f6r jakt p\u00e5 l\u00e5nga avst\u00e5nd och precisionsskytte, men fungerar \u00e4ven bra [&#8230;]\n","protected":false},"featured_media":282884,"comment_status":"open","ping_status":"closed","template":"","meta":[],"product_brand":[],"product_cat":[2526],"product_tag":[],"class_list":{"0":"post-285393","1":"product","2":"type-product","3":"status-publish","4":"has-post-thumbnail","6":"product_cat-kikarsikten-och-optik","8":"first","9":"instock","10":"taxable","11":"shipping-taxable","12":"purchasable","13":"product-type-simple"},"composite_virtual":false,"composite_layout":"","composite_add_to_cart_form_location":"","composite_editable_in_cart":false,"composite_sold_individually_context":"","composite_shop_price_calc":"","composite_components":[],"composite_scenarios":[],"group_of_quantity":0,"min_quantity":0,"max_quantity":"","exclude_order_quantity_value_rules":"no","exclude_category_quantity_rules":"no","combine_variations":"no","exclude_global_add_ons":[],"addons":[],"_links":{"self":[{"href":"https:\/\/www.huntersfriend.eu\/sv\/wp-json\/wp\/v2\/product\/285393","targetHints":{"allow":["GET"]}}],"collection":[{"href":"https:\/\/www.huntersfriend.eu\/sv\/wp-json\/wp\/v2\/product"}],"about":[{"href":"https:\/\/www.huntersfriend.eu\/sv\/wp-json\/wp\/v2\/types\/product"}],"replies":[{"embeddable":true,"href":"https:\/\/www.huntersfriend.eu\/sv\/wp-json\/wp\/v2\/comments?post=285393"}],"wp:featuredmedia":[{"embeddable":true,"href":"https:\/\/www.huntersfriend.eu\/sv\/wp-json\/wp\/v2\/media\/282884"}],"wp:attachment":[{"href":"https:\/\/www.huntersfriend.eu\/sv\/wp-json\/wp\/v2\/media?parent=285393"}],"wp:term":[{"taxonomy":"product_brand","embeddable":true,"href":"https:\/\/www.huntersfriend.eu\/sv\/wp-json\/wp\/v2\/product_brand?post=285393"},{"taxonomy":"product_cat","embeddable":true,"href":"https:\/\/www.huntersfriend.eu\/sv\/wp-json\/wp\/v2\/product_cat?post=285393"},{"taxonomy":"product_tag","embeddable":true,"href":"https:\/\/www.huntersfriend.eu\/sv\/wp-json\/wp\/v2\/product_tag?post=285393"}],"curies":[{"name":"wp","href":"https:\/\/api.w.org\/{rel}","templated":true}]}}