{"id":285392,"date":"2025-07-10T00:50:34","date_gmt":"2025-07-09T22:50:34","guid":{"rendered":"https:\/\/www.huntersfriend.eu\/product\/pard-action-vapenkamera\/"},"modified":"2025-11-27T11:14:53","modified_gmt":"2025-11-27T09:14:53","slug":"pard-action-vapenkamera","status":"publish","type":"product","link":"https:\/\/www.huntersfriend.eu\/sv\/produkt\/pard-action-vapenkamera\/","title":{"rendered":"Pard action-vapenkamera"},"content":{"rendered":"<h3 data-section-id=\"1qhmqmk\" data-start=\"107\" data-end=\"201\"><strong data-start=\"111\" data-end=\"201\">PARD action-vapenkamera \u2013 4K digital vapenkamera f\u00f6r proffs och entusiaster<\/strong><\/h3>\n<p data-start=\"203\" data-end=\"387\"><strong data-start=\"207\" data-end=\"222\">PARD Action<\/strong> \u00e4r en l\u00e4tt, kompakt och tr\u00e5dl\u00f6s vapenkamera som spelar in i <strong data-start=\"293\" data-end=\"310\">4K-uppl\u00f6sning<\/strong>, vilket ger en ny dimension till jakt, sportskytte och taktisk tr\u00e4ning.<\/p>\n<hr data-start=\"389\" data-end=\"392\">\n<h3 data-section-id=\"1tq3c0m\" data-start=\"394\" data-end=\"422\"><strong data-start=\"398\" data-end=\"422\">Tekniska h\u00f6jdpunkter<\/strong><\/h3>\n<ul data-start=\"424\" data-end=\"1498\">\n<li data-start=\"424\" data-end=\"628\">\n<p data-start=\"426\" data-end=\"628\"><strong data-start=\"426\" data-end=\"466\">4K CMOS-sensor &amp; 20 MP bildkvalitet<\/strong><br data-start=\"466\" data-end=\"469\">F\u00e5ngar skarpa, detaljerade videor med <strong data-start=\"506\" data-end=\"516\">30 fps<\/strong>, perfekt f\u00f6r uppspelning och analys i slow motion. <strong data-start=\"567\" data-end=\"587\">0,001-lux-sensorn<\/strong> s\u00e4kerst\u00e4ller utm\u00e4rkt prestanda i svagt ljus. <\/p>\n<\/li>\n<li data-start=\"630\" data-end=\"842\">\n<p data-start=\"632\" data-end=\"842\"><strong data-start=\"632\" data-end=\"668\">Inbyggt Wi-Fi &amp; PardVision2-app<\/strong><br data-start=\"668\" data-end=\"671\">Har <strong data-start=\"682\" data-end=\"695\">livevisning<\/strong>, <strong data-start=\"697\" data-end=\"717\">inst\u00e4llningskontroll<\/strong>, <strong data-start=\"719\" data-end=\"727\">zoom<\/strong> och <strong data-start=\"733\" data-end=\"756\">riktmedelskalibrering<\/strong> direkt fr\u00e5n din smartphone eller surfplatta \u2013 vilket ger tr\u00e5dl\u00f6s flexibilitet i f\u00e4lt.<\/p>\n<\/li>\n<li data-start=\"844\" data-end=\"968\">\n<p data-start=\"846\" data-end=\"968\"><strong data-start=\"846\" data-end=\"865\">Riktmedelsdisplay<\/strong><br data-start=\"865\" data-end=\"868\">V\u00e4lj mellan sex punktstilar eller anv\u00e4nd den utan \u2013 praktiskt f\u00f6r b\u00e5de jakt och t\u00e4vlingsbruk.<\/p>\n<\/li>\n<li data-start=\"970\" data-end=\"1089\">\n<p data-start=\"972\" data-end=\"1089\"><strong data-start=\"972\" data-end=\"999\">T\u00e5ligt IP67-klassat h\u00f6lje<\/strong><br data-start=\"999\" data-end=\"1002\">V\u00e4derbest\u00e4ndig, vattent\u00e4t och slagt\u00e5lig \u2013 byggd f\u00f6r att t\u00e5la tuffa f\u00f6rh\u00e5llanden.<\/p>\n<\/li>\n<li data-start=\"1091\" data-end=\"1221\">\n<p data-start=\"1093\" data-end=\"1221\"><strong data-start=\"1093\" data-end=\"1120\">Kompakt och l\u00e4tt<\/strong><br data-start=\"1120\" data-end=\"1123\">V\u00e4ger endast <strong data-start=\"1137\" data-end=\"1150\">120 gram<\/strong>, l\u00e4tt att montera p\u00e5 ett stativ, pipa eller kikarsikte (passar 18\u201323 mm diameter).<\/p>\n<\/li>\n<li data-start=\"1223\" data-end=\"1407\">\n<p data-start=\"1225\" data-end=\"1407\"><strong data-start=\"1225\" data-end=\"1262\">Enkel videoinspelning och kontroller<\/strong><br data-start=\"1262\" data-end=\"1265\">Redo att anv\u00e4ndas direkt ur l\u00e5dan \u2013 inspelningen startar enkelt med den <strong data-start=\"1330\" data-end=\"1353\">sidomonterade knappen<\/strong> eller automatiskt med <strong data-start=\"1376\" data-end=\"1406\">rekylaktiverad inspelning<\/strong>.<\/p>\n<\/li>\n<li data-start=\"1409\" data-end=\"1498\">\n<p data-start=\"1411\" data-end=\"1498\"><strong data-start=\"1411\" data-end=\"1434\">Utbytbart batteri<\/strong><br data-start=\"1434\" data-end=\"1437\">Anv\u00e4nder <strong data-start=\"1444\" data-end=\"1497\">PARDs egenutvecklade 18650 Flat Top litiumbatteri<\/strong>.<\/p>\n<\/li>\n<\/ul>\n<hr data-start=\"1500\" data-end=\"1503\">\n<h3 data-section-id=\"1abnulf\" data-start=\"1505\" data-end=\"1529\"><strong data-start=\"1509\" data-end=\"1529\">Rekommenderade anv\u00e4ndningsomr\u00e5den<\/strong><\/h3>\n<ul data-start=\"1531\" data-end=\"1937\">\n<li data-start=\"1531\" data-end=\"1622\">\n<p data-start=\"1533\" data-end=\"1622\"><strong data-start=\"1533\" data-end=\"1561\">Jakt &amp; Sportskytte<\/strong><br data-start=\"1561\" data-end=\"1564\">Spela in varje skott och granska din prestation efter\u00e5t.<\/p>\n<\/li>\n<li data-start=\"1624\" data-end=\"1689\">\n<p data-start=\"1626\" data-end=\"1689\"><strong data-start=\"1626\" data-end=\"1647\">Taktisk tr\u00e4ning<\/strong><br data-start=\"1647\" data-end=\"1650\">Utv\u00e4rdera r\u00f6relse, reaktion och sikte.<\/p>\n<\/li>\n<li data-start=\"1691\" data-end=\"1795\">\n<p data-start=\"1693\" data-end=\"1795\"><strong data-start=\"1693\" data-end=\"1722\">Instruktion &amp; Simuleringar<\/strong><br data-start=\"1722\" data-end=\"1725\">Skapa tr\u00e4ningsinneh\u00e5ll och f\u00f6rb\u00e4ttra f\u00e4rdigheter med repeterbar feedback.<\/p>\n<\/li>\n<li data-start=\"1797\" data-end=\"1937\">\n<p data-start=\"1799\" data-end=\"1937\"><strong data-start=\"1799\" data-end=\"1816\">Videodelning<\/strong><br data-start=\"1816\" data-end=\"1819\">Anslut s\u00f6ml\u00f6st via <strong data-start=\"1852\" data-end=\"1864\">PARD-appen<\/strong> och ladda upp dina klipp direkt till <strong data-start=\"1899\" data-end=\"1910\">YouTube<\/strong>, <strong data-start=\"1912\" data-end=\"1925\">Instagram<\/strong> eller forum.<\/p>\n<\/li>\n<\/ul>\n<hr data-start=\"1939\" data-end=\"1942\">\n<h3 data-section-id=\"9i1wpn\" data-start=\"1944\" data-end=\"1975\"><strong data-start=\"1948\" data-end=\"1975\">Varf\u00f6r v\u00e4lja PARD action?<\/strong><\/h3>\n<p data-start=\"1977\" data-end=\"2211\">F\u00f6r att du vill visa upp din prestation <strong data-start=\"2023\" data-end=\"2060\">tydligt, exakt och tillf\u00f6rlitligt<\/strong>. Med <strong data-start=\"2067\" data-end=\"2079\">4K-video<\/strong>, <strong data-start=\"2081\" data-end=\"2101\">tr\u00e5dl\u00f6s kontroll<\/strong> och <strong data-start=\"2107\" data-end=\"2128\">enkel installation<\/strong> f\u00e5r du ett f\u00f6rspr\u00e5ng i tr\u00e4ning och jakt samtidigt som du dokumenterar dina skott som ett proffs. <\/p>\n<hr data-start=\"2213\" data-end=\"2216\">\n<h3 data-section-id=\"1spwv26\" data-start=\"2218\" data-end=\"2241\"><strong data-start=\"2222\" data-end=\"2241\">Vad ing\u00e5r<\/strong><\/h3>\n<ul data-start=\"2243\" data-end=\"2428\">\n<li data-start=\"2243\" data-end=\"2265\">\n<p data-start=\"2245\" data-end=\"2265\">PARD action-kamera<\/p>\n<\/li>\n<li data-start=\"2266\" data-end=\"2318\">\n<p data-start=\"2268\" data-end=\"2318\">Monteringskl\u00e4mma (f\u00f6r Picatinny-skena, pipa, etc.)<\/p>\n<\/li>\n<li data-start=\"2319\" data-end=\"2343\">\n<p data-start=\"2321\" data-end=\"2343\">USB-c-laddningskabel<\/p>\n<\/li>\n<li data-start=\"2344\" data-end=\"2371\">\n<p data-start=\"2346\" data-end=\"2371\">Robust skyddsf\u00e4ste<\/p>\n<\/li>\n<li data-start=\"2372\" data-end=\"2393\">\n<p data-start=\"2374\" data-end=\"2393\">Snabbstartsguide<\/p>\n<\/li>\n<li data-start=\"2394\" data-end=\"2428\">\n<p data-start=\"2396\" data-end=\"2428\">PARD App Support (iOS &amp; Android)<\/p>\n<\/li>\n<\/ul>\n<hr data-start=\"2430\" data-end=\"2433\">\n<h3 data-section-id=\"gqkziz\" data-start=\"2435\" data-end=\"2467\"><strong data-start=\"2439\" data-end=\"2467\">Tekniska specifikationer<\/strong><\/h3>\n<div class=\"_tableContainer_80l1q_1\">\n<div class=\"_tableWrapper_80l1q_14 group flex w-fit flex-col-reverse\" tabindex=\"-1\">\n<table class=\"w-fit min-w-(--thread-content-width)\" data-start=\"2469\" data-end=\"4133\">\n<thead data-start=\"2469\" data-end=\"2533\">\n<tr data-start=\"2469\" data-end=\"2533\">\n<th data-start=\"2469\" data-end=\"2492\" data-col-size=\"sm\">Funktion<\/th>\n<th data-start=\"2492\" data-end=\"2533\" data-col-size=\"md\">v\u00e4rde<\/th>\n<\/tr>\n<\/thead>\n<tbody data-start=\"2600\" data-end=\"4133\">\n<tr data-start=\"2600\" data-end=\"2665\">\n<td data-start=\"2600\" data-end=\"2623\" data-col-size=\"sm\"><strong data-start=\"2602\" data-end=\"2612\">Sensor<\/strong><\/td>\n<td data-start=\"2623\" data-end=\"2665\" data-col-size=\"md\">CMOS<\/td>\n<\/tr>\n<tr data-start=\"2666\" data-end=\"2731\">\n<td data-start=\"2666\" data-end=\"2689\" data-col-size=\"sm\"><strong data-start=\"2668\" data-end=\"2689\">Sensoruppl\u00f6sning<\/strong><\/td>\n<td data-start=\"2689\" data-end=\"2731\" data-col-size=\"md\">3840 \u00d7 2160 pixlar<\/td>\n<\/tr>\n<tr data-start=\"2732\" data-end=\"2797\">\n<td data-start=\"2732\" data-end=\"2755\" data-col-size=\"sm\"><strong data-start=\"2734\" data-end=\"2748\">Pixelstorlek<\/strong><\/td>\n<td data-start=\"2755\" data-end=\"2797\" data-col-size=\"md\">2,9 \u03bcm<\/td>\n<\/tr>\n<tr data-start=\"2798\" data-end=\"2878\">\n<td data-start=\"2798\" data-end=\"2821\" data-col-size=\"sm\"><strong data-start=\"2800\" data-end=\"2817\">Synf\u00e4lt<\/strong><\/td>\n<td data-start=\"2821\" data-end=\"2878\" data-col-size=\"md\">horisontellt: 28,2\u00b0 \/ vertikalt: 16,1\u00b0 \/ diagonalt: 32,1\u00b0<\/td>\n<\/tr>\n<tr data-start=\"2879\" data-end=\"2944\">\n<td data-start=\"2879\" data-end=\"2902\" data-col-size=\"sm\"><strong data-start=\"2881\" data-end=\"2898\">F\u00f6rstoring<\/strong><\/td>\n<td data-start=\"2902\" data-end=\"2944\" data-col-size=\"md\">n\/a<\/td>\n<\/tr>\n<tr data-start=\"2945\" data-end=\"3011\">\n<td data-start=\"2945\" data-end=\"2968\" data-col-size=\"sm\"><strong data-start=\"2947\" data-end=\"2963\">Digital zoom<\/strong><\/td>\n<td data-start=\"2968\" data-end=\"3011\" data-col-size=\"md\">2\u00d7 \/ 3\u00d7 \/ 4\u00d7 \/ 5\u00d7<\/td>\n<\/tr>\n<tr data-start=\"3012\" data-end=\"3077\">\n<td data-start=\"3012\" data-end=\"3035\" data-col-size=\"sm\"><strong data-start=\"3014\" data-end=\"3034\">Fotouppl\u00f6sning<\/strong><\/td>\n<td data-start=\"3035\" data-end=\"3077\" data-col-size=\"md\">3840\u00d72160 \/ 1920\u00d71080 pixlar<\/td>\n<\/tr>\n<tr data-start=\"3078\" data-end=\"3143\">\n<td data-start=\"3078\" data-end=\"3101\" data-col-size=\"sm\"><strong data-start=\"3080\" data-end=\"3096\">Fotoformat<\/strong><\/td>\n<td data-start=\"3101\" data-end=\"3143\" data-col-size=\"md\">.JPG<\/td>\n<\/tr>\n<tr data-start=\"3144\" data-end=\"3209\">\n<td data-start=\"3144\" data-end=\"3167\" data-col-size=\"sm\"><strong data-start=\"3146\" data-end=\"3166\">Videouppl\u00f6sning<\/strong><\/td>\n<td data-start=\"3167\" data-end=\"3209\" data-col-size=\"md\">3840\u00d72160 @ 30 fps<\/td>\n<\/tr>\n<tr data-start=\"3210\" data-end=\"3275\">\n<td data-start=\"3210\" data-end=\"3233\" data-col-size=\"sm\"><strong data-start=\"3212\" data-end=\"3228\">Videoformat<\/strong><\/td>\n<td data-start=\"3233\" data-end=\"3275\" data-col-size=\"md\">.MP4<\/td>\n<\/tr>\n<tr data-start=\"3276\" data-end=\"3341\">\n<td data-start=\"3276\" data-end=\"3299\" data-col-size=\"sm\"><strong data-start=\"3278\" data-end=\"3297\">Lagringsst\u00f6d<\/strong><\/td>\n<td data-start=\"3299\" data-end=\"3341\" data-col-size=\"md\">Micro SD-kort (upp till 128 GB)<\/td>\n<\/tr>\n<tr data-start=\"3342\" data-end=\"3407\">\n<td data-start=\"3342\" data-end=\"3365\" data-col-size=\"sm\"><strong data-start=\"3344\" data-end=\"3362\">USB-anslutning<\/strong><\/td>\n<td data-start=\"3365\" data-end=\"3407\" data-col-size=\"md\">USB type-c<\/td>\n<\/tr>\n<tr data-start=\"3408\" data-end=\"3473\">\n<td data-start=\"3408\" data-end=\"3431\" data-col-size=\"sm\"><strong data-start=\"3410\" data-end=\"3419\">Wi-Fi<\/strong><\/td>\n<td data-start=\"3431\" data-end=\"3473\" data-col-size=\"md\">Ja (2,4\/5 GHz)<\/td>\n<\/tr>\n<tr data-start=\"3474\" data-end=\"3539\">\n<td data-start=\"3474\" data-end=\"3497\" data-col-size=\"sm\"><strong data-start=\"3476\" data-end=\"3494\">Appar som st\u00f6ds<\/strong><\/td>\n<td data-start=\"3497\" data-end=\"3539\" data-col-size=\"md\">PardVision2<\/td>\n<\/tr>\n<tr data-start=\"3540\" data-end=\"3605\">\n<td data-start=\"3540\" data-end=\"3563\" data-col-size=\"sm\"><strong data-start=\"3542\" data-end=\"3558\">Batterityp<\/strong><\/td>\n<td data-start=\"3563\" data-end=\"3605\" data-col-size=\"md\">18650 litiumjon<\/td>\n<\/tr>\n<tr data-start=\"3606\" data-end=\"3670\">\n<td data-start=\"3606\" data-end=\"3630\" data-col-size=\"sm\"><strong data-start=\"3608\" data-end=\"3630\">Maximal drifttid<\/strong><\/td>\n<td data-start=\"3630\" data-end=\"3670\" data-col-size=\"md\">6 timmar<\/td>\n<\/tr>\n<tr data-start=\"3671\" data-end=\"3736\">\n<td data-start=\"3671\" data-end=\"3694\" data-col-size=\"sm\"><strong data-start=\"3673\" data-end=\"3694\">Skyddsklassning<\/strong><\/td>\n<td data-start=\"3694\" data-end=\"3736\" data-col-size=\"md\">IP67 (damm- och vattent\u00e4t)<\/td>\n<\/tr>\n<tr data-start=\"3737\" data-end=\"3804\">\n<td data-start=\"3737\" data-end=\"3764\" data-col-size=\"sm\"><strong data-start=\"3739\" data-end=\"3764\">Drifttemperatur<\/strong><\/td>\n<td data-start=\"3764\" data-end=\"3804\" data-col-size=\"md\">-30 \u00b0C till +55 \u00b0C \/ -22 \u00b0F till +131 \u00b0F<\/td>\n<\/tr>\n<tr data-start=\"3805\" data-end=\"3870\">\n<td data-start=\"3805\" data-end=\"3828\" data-col-size=\"sm\"><strong data-start=\"3807\" data-end=\"3828\">Rekylmotst\u00e5nd<\/strong><\/td>\n<td data-col-size=\"md\" data-start=\"3828\" data-end=\"3870\">6000 j<\/td>\n<\/tr>\n<tr data-start=\"3871\" data-end=\"3936\">\n<td data-start=\"3871\" data-end=\"3894\" data-col-size=\"sm\"><strong data-start=\"3873\" data-end=\"3890\">H\u00f6ljets material<\/strong><\/td>\n<td data-col-size=\"md\" data-start=\"3894\" data-end=\"3936\">AL6061 aluminiumlegering &amp; komposit<\/td>\n<\/tr>\n<tr data-start=\"3937\" data-end=\"4002\">\n<td data-start=\"3937\" data-end=\"3960\" data-col-size=\"sm\"><strong data-start=\"3939\" data-end=\"3956\">Linsmaterial<\/strong><\/td>\n<td data-col-size=\"md\" data-start=\"3960\" data-end=\"4002\">glas<\/td>\n<\/tr>\n<tr data-start=\"4003\" data-end=\"4068\">\n<td data-start=\"4003\" data-end=\"4027\" data-col-size=\"sm\"><strong data-start=\"4005\" data-end=\"4027\">M\u00e5tt (L\u00d7B\u00d7H)<\/strong><\/td>\n<td data-col-size=\"md\" data-start=\"4027\" data-end=\"4068\">139 \u00d7 27 \u00d7 27 mm<\/td>\n<\/tr>\n<tr data-start=\"4069\" data-end=\"4133\">\n<td data-start=\"4069\" data-end=\"4096\" data-col-size=\"sm\"><strong data-start=\"4071\" data-end=\"4096\">Vikt (med batteri)<\/strong><\/td>\n<td data-col-size=\"md\" data-start=\"4096\" data-end=\"4133\">120 g<\/td>\n<\/tr>\n<\/tbody>\n<\/table>\n<\/div>\n<\/div>\n","protected":false},"excerpt":{"rendered":"<p>PARD action-vapenkamera \u2013 4K digital vapenkamera f\u00f6r proffs och entusiaster PARD Action \u00e4r en l\u00e4tt, kompakt och tr\u00e5dl\u00f6s vapenkamera som spelar in i 4K-uppl\u00f6sning, vilket ger en ny dimension till jakt, sportskytte och taktisk tr\u00e4ning. Tekniska h\u00f6jdpunkter 4K CMOS-sensor &amp; 20 MP bildkvalitetF\u00e5ngar skarpa, detaljerade videor med 30 fps, perfekt f\u00f6r uppspelning och analys i [&#8230;]\n","protected":false},"featured_media":283298,"comment_status":"open","ping_status":"closed","template":"","meta":[],"product_brand":[],"product_cat":[2526,2524],"product_tag":[],"class_list":{"0":"post-285392","1":"product","2":"type-product","3":"status-publish","4":"has-post-thumbnail","6":"product_cat-kikarsikten-och-optik","7":"product_cat-optiktillbehor","9":"first","10":"instock","11":"taxable","12":"shipping-taxable","13":"purchasable","14":"product-type-simple"},"composite_virtual":false,"composite_layout":"","composite_add_to_cart_form_location":"","composite_editable_in_cart":false,"composite_sold_individually_context":"","composite_shop_price_calc":"","composite_components":[],"composite_scenarios":[],"group_of_quantity":0,"min_quantity":0,"max_quantity":"","exclude_order_quantity_value_rules":"no","exclude_category_quantity_rules":"no","combine_variations":"no","exclude_global_add_ons":[],"addons":[],"_links":{"self":[{"href":"https:\/\/www.huntersfriend.eu\/sv\/wp-json\/wp\/v2\/product\/285392","targetHints":{"allow":["GET"]}}],"collection":[{"href":"https:\/\/www.huntersfriend.eu\/sv\/wp-json\/wp\/v2\/product"}],"about":[{"href":"https:\/\/www.huntersfriend.eu\/sv\/wp-json\/wp\/v2\/types\/product"}],"replies":[{"embeddable":true,"href":"https:\/\/www.huntersfriend.eu\/sv\/wp-json\/wp\/v2\/comments?post=285392"}],"wp:featuredmedia":[{"embeddable":true,"href":"https:\/\/www.huntersfriend.eu\/sv\/wp-json\/wp\/v2\/media\/283298"}],"wp:attachment":[{"href":"https:\/\/www.huntersfriend.eu\/sv\/wp-json\/wp\/v2\/media?parent=285392"}],"wp:term":[{"taxonomy":"product_brand","embeddable":true,"href":"https:\/\/www.huntersfriend.eu\/sv\/wp-json\/wp\/v2\/product_brand?post=285392"},{"taxonomy":"product_cat","embeddable":true,"href":"https:\/\/www.huntersfriend.eu\/sv\/wp-json\/wp\/v2\/product_cat?post=285392"},{"taxonomy":"product_tag","embeddable":true,"href":"https:\/\/www.huntersfriend.eu\/sv\/wp-json\/wp\/v2\/product_tag?post=285392"}],"curies":[{"name":"wp","href":"https:\/\/api.w.org\/{rel}","templated":true}]}}