{"id":285391,"date":"2025-07-10T00:50:34","date_gmt":"2025-07-09T22:50:34","guid":{"rendered":"https:\/\/www.huntersfriend.eu\/product\/pard-nv007sp-snabbfaste-adapter-57-mm\/"},"modified":"2025-08-26T07:58:27","modified_gmt":"2025-08-26T05:58:27","slug":"pard-nv007sp-snabbfaste-adapter-57-mm","status":"publish","type":"product","link":"https:\/\/www.huntersfriend.eu\/sv\/produkt\/pard-nv007sp-snabbfaste-adapter-57-mm\/","title":{"rendered":"Pard NV007SP snabbf\u00e4ste adapter 57 mm"},"content":{"rendered":"<h3 data-section-id=\"1ovph6r\" data-start=\"117\" data-end=\"187\"><strong data-start=\"121\" data-end=\"185\">PARD NV007SP \u2013 snabbf\u00e4ste adapter (45 mm \/ 51 mm \/ 57 mm)<\/strong><\/h3>\n<p data-start=\"188\" data-end=\"217\"><strong data-start=\"188\" data-end=\"217\">Snabb montering, s\u00e4ker passform<\/strong><\/p>\n<p data-start=\"219\" data-end=\"689\"><strong data-start=\"223\" data-end=\"261\">PARD NV007SP snabbf\u00e4ste adapter<\/strong> g\u00f6r installationen av m\u00f6rkerseende och m\u00f6rkeroptik snabbare och enklare \u00e4n n\u00e5gonsin. Detta snabbf\u00e4ste m\u00f6jligg\u00f6r <strong data-start=\"379\" data-end=\"415\">s\u00e4ker och repeterbar fasts\u00e4ttning<\/strong> av NV007SP-till\u00e4ggsenheten p\u00e5 ditt kikarsiktes okular <strong data-start=\"475\" data-end=\"505\">utan behov av verktyg<\/strong>. L\u00e5smekanismen \u00e4r b\u00e5de <strong data-start=\"537\" data-end=\"558\">p\u00e5litlig och snabb<\/strong>, idealisk f\u00f6r situationer d\u00e4r enheten ofta beh\u00f6ver f\u00e4stas och tas bort \u2013 oavsett om du jagar, observerar eller testar.  <\/p>\n<p data-start=\"691\" data-end=\"891\">Adaptern finns i <strong data-start=\"704\" data-end=\"729\">tre olika storlekar<\/strong> och \u00e4r kompatibel med ett brett utbud av kikarsiktesokular. Medf\u00f6ljande <strong data-start=\"804\" data-end=\"824\">justeringsringar<\/strong> s\u00e4kerst\u00e4ller en <strong data-start=\"834\" data-end=\"858\">t\u00e4t, glappfri passform<\/strong> utan ytterligare modifiering. <\/p>\n<hr data-start=\"893\" data-end=\"896\">\n<h3 data-section-id=\"1bnlmgw\" data-start=\"898\" data-end=\"943\"><strong data-start=\"902\" data-end=\"943\">Varf\u00f6r v\u00e4lja snabbf\u00e4ste adaptern?<\/strong><\/h3>\n<ul data-start=\"945\" data-end=\"1333\">\n<li data-start=\"945\" data-end=\"1021\">\n<p data-start=\"947\" data-end=\"1021\"><strong data-start=\"947\" data-end=\"977\">Verktygsfri snabbf\u00e4ste<\/strong> \u2013 Inget behov av att skruva eller lossa med verktyg<\/p>\n<\/li>\n<li data-start=\"1022\" data-end=\"1097\">\n<p data-start=\"1024\" data-end=\"1097\"><strong data-start=\"1024\" data-end=\"1048\">Repeterbar justering<\/strong> \u2013 Optiken f\u00f6rblir justerad och nollst\u00e4llningen bibeh\u00e5lls<\/p>\n<\/li>\n<li data-start=\"1098\" data-end=\"1180\">\n<p data-start=\"1100\" data-end=\"1180\"><strong data-start=\"1100\" data-end=\"1124\">H\u00e5llbar konstruktion<\/strong> \u2013 Tillverkad av h\u00f6gkvalitativ metall byggd f\u00f6r att t\u00e5la anv\u00e4ndning<\/p>\n<\/li>\n<li data-start=\"1181\" data-end=\"1261\">\n<p data-start=\"1183\" data-end=\"1261\"><strong data-start=\"1183\" data-end=\"1202\">Enkel justering<\/strong> \u2013 Inkluderar flera justeringsringar f\u00f6r perfekt passform<\/p>\n<\/li>\n<li data-start=\"1262\" data-end=\"1333\">\n<p data-start=\"1264\" data-end=\"1333\"><strong data-start=\"1264\" data-end=\"1289\">Tre storlekar tillg\u00e4ngliga<\/strong> \u2013 Kompatibel med de vanligaste kikarsiktena<\/p>\n<\/li>\n<\/ul>\n<hr data-start=\"1335\" data-end=\"1338\">\n<h3 data-section-id=\"4spxjw\" data-start=\"1340\" data-end=\"1397\"><strong data-start=\"1344\" data-end=\"1397\">V\u00e4lj r\u00e4tt storlek baserat p\u00e5 okulardiameter:<\/strong><\/h3>\n<p data-start=\"1399\" data-end=\"1418\"><strong data-start=\"1399\" data-end=\"1416\">45 mm adapter<\/strong><\/p>\n<ul data-start=\"1419\" data-end=\"1513\">\n<li data-start=\"1419\" data-end=\"1466\">\n<p data-start=\"1421\" data-end=\"1466\">Justeringsomr\u00e5de: ca 42,5 mm \u2013 45,5 mm <\/p>\n<\/li>\n<li data-start=\"1467\" data-end=\"1513\">\n<p data-start=\"1469\" data-end=\"1513\">L\u00e4mplig f\u00f6r tunna till medeltjocka okularr\u00f6r<\/p>\n<\/li>\n<\/ul>\n<p data-start=\"1515\" data-end=\"1534\"><strong data-start=\"1515\" data-end=\"1532\">51 mm adapter<\/strong><\/p>\n<ul data-start=\"1535\" data-end=\"1655\">\n<li data-start=\"1535\" data-end=\"1582\">\n<p data-start=\"1537\" data-end=\"1582\">Justeringsomr\u00e5de: ca 48,5 mm \u2013 51,5 mm <\/p>\n<\/li>\n<li data-start=\"1583\" data-end=\"1655\">\n<p data-start=\"1585\" data-end=\"1655\">Passar de vanligaste jaktkikarsiktena med n\u00e5got tjockare okularr\u00f6r<\/p>\n<\/li>\n<\/ul>\n<p data-start=\"1657\" data-end=\"1676\"><strong data-start=\"1657\" data-end=\"1674\">57 mm adapter<\/strong><\/p>\n<ul data-start=\"1677\" data-end=\"1786\">\n<li data-start=\"1677\" data-end=\"1724\">\n<p data-start=\"1679\" data-end=\"1724\">Justeringsomr\u00e5de: ca 54,5 mm \u2013 57,5 mm <\/p>\n<\/li>\n<li data-start=\"1725\" data-end=\"1786\">\n<p data-start=\"1727\" data-end=\"1786\">Idealisk f\u00f6r st\u00f6rre okular eller de med skyddsringar<\/p>\n<\/li>\n<\/ul>\n<hr data-start=\"1788\" data-end=\"1791\">\n<h3 data-section-id=\"n07754\" data-start=\"1793\" data-end=\"1814\"><strong data-start=\"1797\" data-end=\"1814\">Kompatibilitet<\/strong><\/h3>\n<ul data-start=\"1816\" data-end=\"1938\">\n<li data-start=\"1816\" data-end=\"1886\">\n<p data-start=\"1818\" data-end=\"1886\">Speciellt utformad f\u00f6r <strong data-start=\"1848\" data-end=\"1864\">PARD NV007SP<\/strong> m\u00f6rkerseende till\u00e4gg<\/p>\n<\/li>\n<li data-start=\"1887\" data-end=\"1938\">\n<p data-start=\"1889\" data-end=\"1938\"><strong data-start=\"1889\" data-end=\"1907\">Inte kompatibel<\/strong> med NV007A- eller NV007V-modeller<\/p>\n<\/li>\n<\/ul>\n<hr data-start=\"1940\" data-end=\"1943\">\n<h3 data-section-id=\"gqkziz\" data-start=\"1945\" data-end=\"1977\"><strong data-start=\"1949\" data-end=\"1977\">Tekniska specifikationer<\/strong><\/h3>\n<ul data-start=\"1979\" data-end=\"2162\">\n<li data-start=\"1979\" data-end=\"2041\">\n<p data-start=\"1981\" data-end=\"2041\"><strong data-start=\"1981\" data-end=\"1994\">Material:<\/strong> Aluminiumlegering med l\u00e5skomponenter i st\u00e5l<\/p>\n<\/li>\n<li data-start=\"2042\" data-end=\"2062\">\n<p data-start=\"2044\" data-end=\"2062\"><strong data-start=\"2044\" data-end=\"2054\">F\u00e4rg:<\/strong> svart<\/p>\n<\/li>\n<li data-start=\"2063\" data-end=\"2108\">\n<p data-start=\"2065\" data-end=\"2108\"><strong data-start=\"2065\" data-end=\"2076\">Vikt:<\/strong> Ca 70 g (varierar beroende p\u00e5 storlek) <\/p>\n<\/li>\n<li data-start=\"2109\" data-end=\"2162\">\n<p data-start=\"2111\" data-end=\"2162\"><strong data-start=\"2111\" data-end=\"2139\">Snabbf\u00e4ste mekanism:<\/strong> L\u00e5ssystem med spak<\/p>\n<\/li>\n<\/ul>\n<hr data-start=\"2164\" data-end=\"2167\">\n<h3 data-section-id=\"3l32ru\" data-start=\"2169\" data-end=\"2184\"><strong data-start=\"2173\" data-end=\"2184\">Sammanfattning<\/strong><\/h3>\n<p data-start=\"2186\" data-end=\"2349\" data-is-last-node=\"\" data-is-only-node=\"\"><strong data-start=\"2190\" data-end=\"2220\">PARD snabbf\u00e4ste adapter<\/strong> erbjuder en balans mellan anv\u00e4ndarv\u00e4nlighet och s\u00e4ker montering \u2013 <strong data-start=\"2273\" data-end=\"2310\">ett perfekt val f\u00f6r aktiva anv\u00e4ndare<\/strong> som vill ha <strong data-start=\"2320\" data-end=\"2348\">snabbhet utan kompromisser<\/strong>.<\/p>\n","protected":false},"excerpt":{"rendered":"<p>PARD NV007SP \u2013 snabbf\u00e4ste adapter (45 mm \/ 51 mm \/ 57 mm) Snabb montering, s\u00e4ker passform PARD NV007SP snabbf\u00e4ste adapter g\u00f6r installationen av m\u00f6rkerseende och m\u00f6rkeroptik snabbare och enklare \u00e4n n\u00e5gonsin. Detta snabbf\u00e4ste m\u00f6jligg\u00f6r s\u00e4ker och repeterbar fasts\u00e4ttning av NV007SP-till\u00e4ggsenheten p\u00e5 ditt kikarsiktes okular utan behov av verktyg. L\u00e5smekanismen \u00e4r b\u00e5de p\u00e5litlig och snabb, [&#8230;]\n","protected":false},"featured_media":283308,"comment_status":"open","ping_status":"closed","template":"","meta":[],"product_brand":[],"product_cat":[2524],"product_tag":[],"class_list":{"0":"post-285391","1":"product","2":"type-product","3":"status-publish","4":"has-post-thumbnail","6":"product_cat-optiktillbehor","8":"first","9":"instock","10":"sale","11":"taxable","12":"shipping-taxable","13":"purchasable","14":"product-type-simple"},"composite_virtual":false,"composite_layout":"","composite_add_to_cart_form_location":"","composite_editable_in_cart":false,"composite_sold_individually_context":"","composite_shop_price_calc":"","composite_components":[],"composite_scenarios":[],"group_of_quantity":0,"min_quantity":0,"max_quantity":"","exclude_order_quantity_value_rules":"no","exclude_category_quantity_rules":"no","combine_variations":"no","exclude_global_add_ons":[],"addons":[],"_links":{"self":[{"href":"https:\/\/www.huntersfriend.eu\/sv\/wp-json\/wp\/v2\/product\/285391","targetHints":{"allow":["GET"]}}],"collection":[{"href":"https:\/\/www.huntersfriend.eu\/sv\/wp-json\/wp\/v2\/product"}],"about":[{"href":"https:\/\/www.huntersfriend.eu\/sv\/wp-json\/wp\/v2\/types\/product"}],"replies":[{"embeddable":true,"href":"https:\/\/www.huntersfriend.eu\/sv\/wp-json\/wp\/v2\/comments?post=285391"}],"wp:featuredmedia":[{"embeddable":true,"href":"https:\/\/www.huntersfriend.eu\/sv\/wp-json\/wp\/v2\/media\/283308"}],"wp:attachment":[{"href":"https:\/\/www.huntersfriend.eu\/sv\/wp-json\/wp\/v2\/media?parent=285391"}],"wp:term":[{"taxonomy":"product_brand","embeddable":true,"href":"https:\/\/www.huntersfriend.eu\/sv\/wp-json\/wp\/v2\/product_brand?post=285391"},{"taxonomy":"product_cat","embeddable":true,"href":"https:\/\/www.huntersfriend.eu\/sv\/wp-json\/wp\/v2\/product_cat?post=285391"},{"taxonomy":"product_tag","embeddable":true,"href":"https:\/\/www.huntersfriend.eu\/sv\/wp-json\/wp\/v2\/product_tag?post=285391"}],"curies":[{"name":"wp","href":"https:\/\/api.w.org\/{rel}","templated":true}]}}