{"id":285387,"date":"2025-07-14T11:34:25","date_gmt":"2025-07-14T09:34:25","guid":{"rendered":"https:\/\/www.huntersfriend.eu\/product\/annihilator-katana-2\/"},"modified":"2026-01-06T10:12:20","modified_gmt":"2026-01-06T08:12:20","slug":"annihilator-katana-2","status":"publish","type":"product","link":"https:\/\/www.huntersfriend.eu\/sv\/produkt\/annihilator-katana-2\/","title":{"rendered":"Annihilator Katana"},"content":{"rendered":"<p><strong>Precisionsflygning. F\u00f6r\u00f6dande penetration. Industritestad som en av de b\u00e4sta jaktspetsarna i v\u00e4rlden.  <\/strong><\/p>\n<p><strong>Katana 100 Grain 2-Blade Broadhead<\/strong> \u00e4r en d\u00f6dlig utveckling inom jaktspetsprestanda \u2013 som kombinerar Annihilators patenterade <strong>cavitation scoop technology<\/strong> med en optimerad <strong>single-bevel, crosscut blade design<\/strong>. Katana \u00e4r oberoende rankad som en av de <strong>b\u00e4st presterande jaktspetsarna p\u00e5 marknaden<\/strong> och levererar djupare penetration, effektivare s\u00e5rkanaler och tyst flygning som ingen annan. <\/p>\n<p>Inspirerad av de d\u00f6dligaste sv\u00e4rd som n\u00e5gonsin tillverkats, \u00e4r Katana-bladens <strong>vassa endast p\u00e5 ena sidan<\/strong> f\u00f6r f\u00f6rb\u00e4ttrad s\u00f6ndrande effekt, i kombination med en brant vinkel f\u00f6r benkrossande effekt. Den unika skopformen minskar friktionen, inducerar interna tryckf\u00f6r\u00e4ndringar och avl\u00e4gsnar massa f\u00f6r <strong>bredare, icke-st\u00e4ngande s\u00e5rkanaler<\/strong> \u2013 vilket inneb\u00e4r snabbare avlivning av djur och b\u00e4ttre blodsp\u00e5r. <\/p>\n<p>Oavsett om du skjuter med compoundb\u00e5ge, armborst, l\u00e5ngb\u00e5ge eller traditionell utrustning, \u00e4r Katana konstruerad f\u00f6r att <strong>flyga som en f\u00e4ltspets<\/strong>, sj\u00e4lvjustera sig till ditt insert och stansa h\u00e5l genom vilt av alla storlekar.<\/p>\n<h3>Viktiga funktioner:<\/h3>\n<ul>\n<li><strong>Topprankad jaktspets<\/strong> (oberoende test fr\u00e5n tredje part \u2013 video kommer snart)<\/li>\n<li><strong>12 Single Bevel Edges<\/strong> (6 fram\u00e5tv\u00e4nda, 6 bak\u00e5tv\u00e4nda) f\u00f6r maximal sk\u00e4ryta<\/li>\n<li><strong>NY Crosscut Technology<\/strong> f\u00f6r f\u00f6rb\u00e4ttrade s\u00e5rkanaler<\/li>\n<li><strong>Raised Scoop Cavitation Design<\/strong> f\u00f6r f\u00f6r\u00f6dande inre trauma<\/li>\n<li>En av de <strong>tystaste jaktspetsarna<\/strong> som finns<\/li>\n<li><strong>F\u00e4ltspetsprecision<\/strong> fr\u00e5n b\u00e5de h\u00f6ghastighets- och l\u00e5ghastighetsb\u00e5gar<\/li>\n<li><strong>Praktiskt taget of\u00f6rst\u00f6rbar<\/strong> och fullt \u00e5terslipningsbar<\/li>\n<li><strong>Sj\u00e4lvjusterande skaftpassning<\/strong> med mindre \u00e4n 1 fullt varv p\u00e5 standardg\u00e4ngor<\/li>\n<\/ul>\n<h3>Specifikationer:<\/h3>\n<ul>\n<li><strong>Vikt:<\/strong> 100 grains<\/li>\n<li><strong>Sk\u00e4rdiameter:<\/strong> 1 tum (ger \u00f6ver ett 2&#8243; h\u00e5l p\u00e5 grund av massf\u00f6rskjutning)<\/li>\n<li><strong>Konstruktion:<\/strong> Enkelt stycke propriet\u00e4rt st\u00e5l, h\u00e4rdat till Rockwell RC: 52<\/li>\n<li><strong>Eggtjocklek:<\/strong> .060 \u201cfr\u00e5n spetsen, avsmalnande till .038\u201d<\/li>\n<li><strong>Skaftl\u00e4ngd:<\/strong> 0.590&#8243;<\/li>\n<li><strong>G\u00e4ngm\u00f6nster:<\/strong> Standard 8\/32 \u2013 passar de flesta inserts, halfserts och outserts<\/li>\n<li><strong>Match Grade:<\/strong> Alla 3 spetsar v\u00e4ger inom 0,2 grains fr\u00e5n varandra<\/li>\n<li><strong>Tillverkad i USA<\/strong> | <strong>Livstidsgaranti<\/strong> mot tillverkningsfel<\/li>\n<\/ul>\n<h3>Designad f\u00f6r att etiskt f\u00e4lla vilt av valfri storlek:<\/h3>\n<ul>\n<li>Stansar rena, genomg\u00e5ende h\u00e5l med icke-st\u00e4ngande s\u00e5rkanaler<\/li>\n<li>Minskar pilfriktionen f\u00f6r djupare penetration<\/li>\n<li>Inducerar interna tryckf\u00f6r\u00e4ndringar f\u00f6r snabbare avlivning<\/li>\n<li>Tillr\u00e4ckligt h\u00e5llbar f\u00f6r att <strong>\u00e5terslipa och \u00e5teranv\u00e4nda hela s\u00e4songen<\/strong><\/li>\n<\/ul>\n","protected":false},"excerpt":{"rendered":"<p>Precisionsflygning. F\u00f6r\u00f6dande penetration. Industritestad som en av de b\u00e4sta jaktspetsarna i v\u00e4rlden. Katana 100 Grain 2-Blade Broadhead \u00e4r en d\u00f6dlig utveckling inom jaktspetsprestanda \u2013 som kombinerar Annihilators patenterade cavitation scoop technology med en optimerad single-bevel, crosscut blade design. Katana \u00e4r oberoende rankad som en av de b\u00e4st presterande jaktspetsarna p\u00e5 marknaden och levererar djupare penetration, [&#8230;]\n","protected":false},"featured_media":282815,"comment_status":"open","ping_status":"closed","template":"","meta":[],"product_brand":[],"product_cat":[2647,2765],"product_tag":[],"class_list":{"0":"post-285387","1":"product","2":"type-product","3":"status-publish","4":"has-post-thumbnail","6":"product_cat-broadheads-jakt","7":"product_cat-fyndlada-slutrea","9":"first","10":"instock","11":"sale","12":"taxable","13":"shipping-taxable","14":"purchasable","15":"product-type-variable"},"composite_virtual":false,"composite_layout":"","composite_add_to_cart_form_location":"","composite_editable_in_cart":false,"composite_sold_individually_context":"","composite_shop_price_calc":"","composite_components":[],"composite_scenarios":[],"group_of_quantity":0,"min_quantity":0,"max_quantity":"","exclude_order_quantity_value_rules":"no","exclude_category_quantity_rules":"no","combine_variations":"no","exclude_global_add_ons":[],"addons":[],"_links":{"self":[{"href":"https:\/\/www.huntersfriend.eu\/sv\/wp-json\/wp\/v2\/product\/285387","targetHints":{"allow":["GET"]}}],"collection":[{"href":"https:\/\/www.huntersfriend.eu\/sv\/wp-json\/wp\/v2\/product"}],"about":[{"href":"https:\/\/www.huntersfriend.eu\/sv\/wp-json\/wp\/v2\/types\/product"}],"replies":[{"embeddable":true,"href":"https:\/\/www.huntersfriend.eu\/sv\/wp-json\/wp\/v2\/comments?post=285387"}],"wp:featuredmedia":[{"embeddable":true,"href":"https:\/\/www.huntersfriend.eu\/sv\/wp-json\/wp\/v2\/media\/282815"}],"wp:attachment":[{"href":"https:\/\/www.huntersfriend.eu\/sv\/wp-json\/wp\/v2\/media?parent=285387"}],"wp:term":[{"taxonomy":"product_brand","embeddable":true,"href":"https:\/\/www.huntersfriend.eu\/sv\/wp-json\/wp\/v2\/product_brand?post=285387"},{"taxonomy":"product_cat","embeddable":true,"href":"https:\/\/www.huntersfriend.eu\/sv\/wp-json\/wp\/v2\/product_cat?post=285387"},{"taxonomy":"product_tag","embeddable":true,"href":"https:\/\/www.huntersfriend.eu\/sv\/wp-json\/wp\/v2\/product_tag?post=285387"}],"curies":[{"name":"wp","href":"https:\/\/api.w.org\/{rel}","templated":true}]}}