{"id":285379,"date":"2025-07-14T11:21:19","date_gmt":"2025-07-14T09:21:19","guid":{"rendered":"https:\/\/www.huntersfriend.eu\/product\/alps-outdoorz-tri-leg-pall\/"},"modified":"2026-03-26T13:45:26","modified_gmt":"2026-03-26T11:45:26","slug":"alps-outdoorz-tri-leg-pall","status":"publish","type":"product","link":"https:\/\/www.huntersfriend.eu\/sv\/produkt\/alps-outdoorz-tri-leg-pall\/","title":{"rendered":"Alps outdoorz Tri-leg pall"},"content":{"rendered":"<p>Tri-Leg \u00e4r perfekt att ta med n\u00e4r utrymmet \u00e4r begr\u00e4nsat och vikten \u00e4r en faktor. Tri-Leg f\u00e4lls ihop och f\u00e5r plats i en b\u00e4rv\u00e4ska. Den 2-kilos pallen \u00e4r gjord av en pulverlackerad st\u00e5lram och har ett f\u00f6rst\u00e4rkande extra mittst\u00f6dssystem f\u00f6r att h\u00e5lla upp till 250 pounds. Tyget \u00e4r tillverkat av slitstark 600D polyester. Det finns ocks\u00e5 en b\u00e4rrem f\u00e4st p\u00e5 Tri-Leg om du inte vill ta med dig b\u00e4rv\u00e4skan.    <\/p>\n<p>\u2022 Extra mittst\u00f6d<\/p>\n<p>\u2022 B\u00e4rrem i v\u00e4v ing\u00e5r<\/p>\n<p>\u2022 Nedre v\u00e4v f\u00f6r \u00f6kad styrka<\/p>\n<p>\u2022 Pulverlackerad st\u00e5lram<\/p>\n<p>\u2022 B\u00e4rv\u00e4ska med dragsko<\/p>\n<table border=\"3\">\n<tbody>\n<tr align=\"CENTER\">\n<td><b>Sittbredd<\/b><\/td>\n<td>14&#8243;<\/td>\n<\/tr>\n<tr align=\"CENTER\">\n<td><b>Sittdjup<\/b><\/td>\n<td>13&#8243;<\/td>\n<\/tr>\n<tr align=\"CENTER\">\n<td><b>Sitth\u00f6jd<\/b><\/td>\n<td>17&#8243;<\/td>\n<\/tr>\n<tr align=\"CENTER\">\n<td><b>Packad storlek<\/b><\/td>\n<td>23&#8243; L x 3.5&#8243; W x 3.5&#8243; H<\/td>\n<\/tr>\n<tr align=\"CENTER\">\n<td><b>Vikt<\/b><\/td>\n<td>2 lbs.<\/td>\n<\/tr>\n<tr align=\"CENTER\">\n<td><b>Viktkapacitet<\/b><\/td>\n<td>250 lbs.<\/td>\n<\/tr>\n<\/tbody>\n<\/table>\n","protected":false},"excerpt":{"rendered":"<p>Tri-Leg \u00e4r perfekt att ta med n\u00e4r utrymmet \u00e4r begr\u00e4nsat och vikten \u00e4r en faktor. Tri-Leg f\u00e4lls ihop och f\u00e5r plats i en b\u00e4rv\u00e4ska. Den 2-kilos pallen \u00e4r gjord av en pulverlackerad st\u00e5lram och har ett f\u00f6rst\u00e4rkande extra mittst\u00f6dssystem f\u00f6r att h\u00e5lla upp till 250 pounds. Tyget \u00e4r tillverkat av slitstark 600D polyester. Det finns [&#8230;]\n","protected":false},"featured_media":282793,"comment_status":"open","ping_status":"closed","template":"","meta":[],"product_brand":[],"product_cat":[2567,2765,2574,2563],"product_tag":[],"class_list":{"0":"post-285379","1":"product","2":"type-product","3":"status-publish","4":"has-post-thumbnail","6":"product_cat-campingtillbehor","7":"product_cat-fyndlada-slutrea","8":"product_cat-stolar-och-pallar-for-gomslen","9":"product_cat-tillbehor-for-jakt-torn-och-gomslen","11":"first","12":"instock","13":"sale","14":"taxable","15":"shipping-taxable","16":"purchasable","17":"product-type-variable"},"composite_virtual":false,"composite_layout":"","composite_add_to_cart_form_location":"","composite_editable_in_cart":false,"composite_sold_individually_context":"","composite_shop_price_calc":"","composite_components":[],"composite_scenarios":[],"group_of_quantity":0,"min_quantity":0,"max_quantity":"","exclude_order_quantity_value_rules":"no","exclude_category_quantity_rules":"no","combine_variations":"no","exclude_global_add_ons":[],"addons":[],"_links":{"self":[{"href":"https:\/\/www.huntersfriend.eu\/sv\/wp-json\/wp\/v2\/product\/285379","targetHints":{"allow":["GET"]}}],"collection":[{"href":"https:\/\/www.huntersfriend.eu\/sv\/wp-json\/wp\/v2\/product"}],"about":[{"href":"https:\/\/www.huntersfriend.eu\/sv\/wp-json\/wp\/v2\/types\/product"}],"replies":[{"embeddable":true,"href":"https:\/\/www.huntersfriend.eu\/sv\/wp-json\/wp\/v2\/comments?post=285379"}],"wp:featuredmedia":[{"embeddable":true,"href":"https:\/\/www.huntersfriend.eu\/sv\/wp-json\/wp\/v2\/media\/282793"}],"wp:attachment":[{"href":"https:\/\/www.huntersfriend.eu\/sv\/wp-json\/wp\/v2\/media?parent=285379"}],"wp:term":[{"taxonomy":"product_brand","embeddable":true,"href":"https:\/\/www.huntersfriend.eu\/sv\/wp-json\/wp\/v2\/product_brand?post=285379"},{"taxonomy":"product_cat","embeddable":true,"href":"https:\/\/www.huntersfriend.eu\/sv\/wp-json\/wp\/v2\/product_cat?post=285379"},{"taxonomy":"product_tag","embeddable":true,"href":"https:\/\/www.huntersfriend.eu\/sv\/wp-json\/wp\/v2\/product_tag?post=285379"}],"curies":[{"name":"wp","href":"https:\/\/api.w.org\/{rel}","templated":true}]}}