{"id":285370,"date":"2025-07-14T12:26:14","date_gmt":"2025-07-14T10:26:14","guid":{"rendered":"https:\/\/www.huntersfriend.eu\/product\/alps-bergsklattringslagerkudde\/"},"modified":"2025-08-26T07:57:53","modified_gmt":"2025-08-26T05:57:53","slug":"alps-bergsklattringslagerkudde","status":"publish","type":"product","link":"https:\/\/www.huntersfriend.eu\/sv\/produkt\/alps-bergsklattringslagerkudde\/","title":{"rendered":"Alps bergskl\u00e4ttringsl\u00e4gerkudde"},"content":{"rendered":"<p>L\u00e4gerkudden \u00e4r en n\u00f6dv\u00e4ndighet f\u00f6r dina campingresor n\u00e4r du vill sova gott&#8230; och den packas i en drags\u00e4ck s\u00e5 att den inte tar upp mycket plats. Med olika storlekar tillg\u00e4ngliga kan du v\u00e4lja den som b\u00e4st passar dina behov. Kuddarna levereras med ett borstat yttertyg i polyester, s\u00e5 det k\u00e4nns mjukt mot ansiktet. Isoleringen g\u00f6r kudden s\u00e5 bekv\u00e4m att n\u00e4r du campar kommer du inte ens att inse att du \u00e4r borta fr\u00e5n din s\u00e4ng. F\u00f6r det lilla pris du m\u00e5ste betala kommer din sovupplevelse hemifr\u00e5n att bli mycket roligare.    <\/p>\n<ul>\n<li>7995918 Skiva\/kol<\/li>\n<li>7995199 Vanlig rektangel\/kol<\/li>\n<li>7995899 Stor rektangel\/kol<\/li>\n<\/ul>\n<ul>\n<li>Mjukt borstat polyestertyg<\/li>\n<li>Bekv\u00e4m fyllning s\u00e4kerst\u00e4ller en god natts s\u00f6mn<\/li>\n<li>Rektangel- och skivformade alternativ tillg\u00e4ngliga<\/li>\n<li>Skivformen passar i sovs\u00e4ckar med huva, migrerar inte<\/li>\n<li>P\u00e5s\u00e4ck ing\u00e5r<\/li>\n<\/ul>\n<table>\n<tbody>\n<tr>\n<th colspan=\"2\" scope=\"col\">Skiva<\/th>\n<\/tr>\n<tr>\n<th scope=\"row\">M\u00e5tt<\/th>\n<td>17 \u201cL x 12\u201d B<\/td>\n<\/tr>\n<tr>\n<th scope=\"row\">Packad storlek<\/th>\n<td>8&#8243; L x 6.5&#8243; B x 5&#8243; H<\/td>\n<\/tr>\n<tr>\n<th scope=\"row\">Vikt<\/th>\n<td>8 oz.<\/td>\n<\/tr>\n<tr>\n<th colspan=\"2\" scope=\"col\">Vanlig rektangel<\/th>\n<\/tr>\n<tr>\n<th scope=\"row\">M\u00e5tt<\/th>\n<td>20 \u201cL x 10\u201d B<\/td>\n<\/tr>\n<tr>\n<th scope=\"row\">Packad storlek<\/th>\n<td>8&#8243; L x 6.5&#8243; B x 5.5&#8243; H<\/td>\n<\/tr>\n<tr>\n<th scope=\"row\">Vikt<\/th>\n<td>8 oz.<\/td>\n<\/tr>\n<tr>\n<th colspan=\"2\" scope=\"col\">Stor rektangel<\/th>\n<\/tr>\n<tr>\n<th scope=\"row\">M\u00e5tt<\/th>\n<td>24 \u201cL x 16\u201d B<\/td>\n<\/tr>\n<tr>\n<th scope=\"row\">Packad storlek<\/th>\n<td>14&#8243; L x 7&#8243; B x 6&#8243; H<\/td>\n<\/tr>\n<tr>\n<th scope=\"row\">Vikt<\/th>\n<td>16 oz.<\/td>\n<\/tr>\n<\/tbody>\n<\/table>\n","protected":false},"excerpt":{"rendered":"<p>L\u00e4gerkudden \u00e4r en n\u00f6dv\u00e4ndighet f\u00f6r dina campingresor n\u00e4r du vill sova gott&#8230; och den packas i en drags\u00e4ck s\u00e5 att den inte tar upp mycket plats. Med olika storlekar tillg\u00e4ngliga kan du v\u00e4lja den som b\u00e4st passar dina behov. Kuddarna levereras med ett borstat yttertyg i polyester, s\u00e5 det k\u00e4nns mjukt mot ansiktet. Isoleringen g\u00f6r [&#8230;]\n","protected":false},"featured_media":282871,"comment_status":"open","ping_status":"closed","template":"","meta":[],"product_brand":[],"product_cat":[2567],"product_tag":[],"class_list":{"0":"post-285370","1":"product","2":"type-product","3":"status-publish","4":"has-post-thumbnail","6":"product_cat-campingtillbehor","8":"first","9":"instock","10":"sale","11":"taxable","12":"shipping-taxable","13":"purchasable","14":"product-type-variable"},"composite_virtual":false,"composite_layout":"","composite_add_to_cart_form_location":"","composite_editable_in_cart":false,"composite_sold_individually_context":"","composite_shop_price_calc":"","composite_components":[],"composite_scenarios":[],"group_of_quantity":0,"min_quantity":0,"max_quantity":"","exclude_order_quantity_value_rules":"no","exclude_category_quantity_rules":"no","combine_variations":"no","exclude_global_add_ons":[],"addons":[],"_links":{"self":[{"href":"https:\/\/www.huntersfriend.eu\/sv\/wp-json\/wp\/v2\/product\/285370","targetHints":{"allow":["GET"]}}],"collection":[{"href":"https:\/\/www.huntersfriend.eu\/sv\/wp-json\/wp\/v2\/product"}],"about":[{"href":"https:\/\/www.huntersfriend.eu\/sv\/wp-json\/wp\/v2\/types\/product"}],"replies":[{"embeddable":true,"href":"https:\/\/www.huntersfriend.eu\/sv\/wp-json\/wp\/v2\/comments?post=285370"}],"wp:featuredmedia":[{"embeddable":true,"href":"https:\/\/www.huntersfriend.eu\/sv\/wp-json\/wp\/v2\/media\/282871"}],"wp:attachment":[{"href":"https:\/\/www.huntersfriend.eu\/sv\/wp-json\/wp\/v2\/media?parent=285370"}],"wp:term":[{"taxonomy":"product_brand","embeddable":true,"href":"https:\/\/www.huntersfriend.eu\/sv\/wp-json\/wp\/v2\/product_brand?post=285370"},{"taxonomy":"product_cat","embeddable":true,"href":"https:\/\/www.huntersfriend.eu\/sv\/wp-json\/wp\/v2\/product_cat?post=285370"},{"taxonomy":"product_tag","embeddable":true,"href":"https:\/\/www.huntersfriend.eu\/sv\/wp-json\/wp\/v2\/product_tag?post=285370"}],"curies":[{"name":"wp","href":"https:\/\/api.w.org\/{rel}","templated":true}]}}