{"id":285369,"date":"2025-07-14T11:39:45","date_gmt":"2025-07-14T09:39:45","guid":{"rendered":"https:\/\/www.huntersfriend.eu\/product\/annihilator-3-blade-enkel-fasning\/"},"modified":"2026-01-06T10:12:20","modified_gmt":"2026-01-06T08:12:20","slug":"annihilator-3-blade-enkel-fasning","status":"publish","type":"product","link":"https:\/\/www.huntersfriend.eu\/sv\/produkt\/annihilator-3-blade-enkel-fasning\/","title":{"rendered":"Annihilator 3 Blade enkel fasning"},"content":{"rendered":"<p>Paket med (3) SINGLE BEVEL 100 grain standard eller XL Annihilator jaktspetsar<\/p>\n<div>\n<p>Byggd fr\u00e5n samma plattform som Original Series. Vi har modifierat slipningen f\u00f6r att g\u00f6ra de SKARPASTE ANNIHILATORERNA hittills. F\u00f6rv\u00e4nta dig \u00f6kad penetration och mer blod p\u00e5 marken snabbare j\u00e4mf\u00f6rt med OG-dubbel-fasningarna.  <\/p>\n<p><em><strong>OM ANNIHILATORS:<\/strong><\/em><\/p>\n<p>Annihilator Broadheads \u00e4r konstruerade f\u00f6r att flyga som f\u00e4ltspetsar, vara n\u00e4stan of\u00f6rst\u00f6rbara, passera genom djur och \u00f6ka d\u00f6dligheten j\u00e4mf\u00f6rt med andra konstruktioner. Annihilator \u00e4r en ny form som definierar en utveckling inom broadhead-effektivitet f\u00f6r att etiskt ta vilt med pilb\u00e5ge eller armborst. L\u00e4s v\u00e5r <a title=\"Varf\u00f6r \u00e4r Annihilator Broadheads de b\u00e4sta broadheads?\" href=\"https:\/\/cdn.shopify.com\/s\/files\/1\/0590\/3283\/0135\/files\/Why_Annihilator.pdf?v=1652116220\" target=\"_blank\" rel=\"noopener\">Why Annihilator PDF<\/a> f\u00f6r mer information.  <\/p>\n<\/div>\n<p class=\"p1\"><strong>Djur d\u00f6r snabbare med Annihilator<\/strong><\/p>\n<ul>\n<li>Stansar h\u00e5l genom alla storlekar av vilt<\/li>\n<li>Icke-st\u00e4ngande s\u00e5rkanaler<\/li>\n<li>Minskar friktionen p\u00e5 pilens skaft eller bult<\/li>\n<li>Inducerar tryckf\u00f6r\u00e4ndringar inuti ett djurs h\u00e5lighet<\/li>\n<\/ul>\n<p><strong>Annihilators tr\u00e4ffar m\u00e5let och varar livet ut<\/strong><\/p>\n<ul>\n<li>L\u00e4tt att slipa om och \u00e5teranv\u00e4nda<\/li>\n<li>Praktiskt taget of\u00f6rst\u00f6rbar<\/li>\n<li>L\u00e5ngdistans precision som en f\u00e4ltspets<\/li>\n<li>Anv\u00e4nd med compoundb\u00e5gar, armborst, traditionella b\u00e5gar, l\u00e5ngb\u00e5gar<\/li>\n<li>Fungerar lika bra vid b\u00e5de h\u00f6ga och l\u00e5ga pilhastigheter<\/li>\n<\/ul>\n<p><strong>Specifikationer:<\/strong><\/p>\n<ul>\n<li>Annihilators \u00e4r stolt designade och tillverkade till 100 % i USA och levereras med en livstidsgaranti mot tillverkningsfel.<\/li>\n<li>Annihilators i standardstorlek har stolt en sk\u00e4rdiameter p\u00e5 0,910 tum och passerar inte genom en 7\/8 tums ring (0,875).<\/li>\n<li>Annihilators har 0,180 kvadrattum sk\u00e4ryta; den st\u00f6rsta sk\u00e4rytan av alla andra broadheads. Se diagram under produktbilder f\u00f6r mer information. <\/li>\n<li>Tillverkad av en enda bit 4140 legerat st\u00e5l h\u00e4rdat till Rockwell RC: 52 med 30 graders fasade kanter f\u00f6r \u00f6verl\u00e4gsen kanth\u00e5llning och vansinnig h\u00e5llbarhet.<\/li>\n<li>Standard skaftl\u00e4ngd \u00e4r 0,590&#8243; och passar de flesta insatser, halfsert- eller outsert-system som anv\u00e4nder ett standard 8\/32 g\u00e4ngm\u00f6nster. Annihilators kommer att bita med mindre \u00e4n 1 full varv och sj\u00e4lvjusteras koncentriskt till pilinsatsen. 100 grain Annihilators kanske dock inte f\u00e5r de rekommenderade 2 fulla varven med vissa Ethics-insatser och HIT-insatser (beroende p\u00e5 djupet HIT:arna \u00e4r limmade).  <\/li>\n<li>Huvuden \u00e4r match grade per f\u00f6rpackning vilket garanterar att alla 3 broadheads v\u00e4ger inom 0,2 grain fr\u00e5n varandra.<\/li>\n<\/ul>\n","protected":false},"excerpt":{"rendered":"<p>Paket med (3) SINGLE BEVEL 100 grain standard eller XL Annihilator jaktspetsar Byggd fr\u00e5n samma plattform som Original Series. Vi har modifierat slipningen f\u00f6r att g\u00f6ra de SKARPASTE ANNIHILATORERNA hittills. F\u00f6rv\u00e4nta dig \u00f6kad penetration och mer blod p\u00e5 marken snabbare j\u00e4mf\u00f6rt med OG-dubbel-fasningarna. OM ANNIHILATORS: Annihilator Broadheads \u00e4r konstruerade f\u00f6r att flyga som f\u00e4ltspetsar, vara [&#8230;]\n","protected":false},"featured_media":282822,"comment_status":"open","ping_status":"closed","template":"","meta":[],"product_brand":[],"product_cat":[2647],"product_tag":[],"class_list":{"0":"post-285369","1":"product","2":"type-product","3":"status-publish","4":"has-post-thumbnail","6":"product_cat-broadheads-jakt","8":"first","9":"instock","10":"taxable","11":"shipping-taxable","12":"purchasable","13":"product-type-variable"},"composite_virtual":false,"composite_layout":"","composite_add_to_cart_form_location":"","composite_editable_in_cart":false,"composite_sold_individually_context":"","composite_shop_price_calc":"","composite_components":[],"composite_scenarios":[],"group_of_quantity":0,"min_quantity":0,"max_quantity":"","exclude_order_quantity_value_rules":"no","exclude_category_quantity_rules":"no","combine_variations":"no","exclude_global_add_ons":[],"addons":[],"_links":{"self":[{"href":"https:\/\/www.huntersfriend.eu\/sv\/wp-json\/wp\/v2\/product\/285369","targetHints":{"allow":["GET"]}}],"collection":[{"href":"https:\/\/www.huntersfriend.eu\/sv\/wp-json\/wp\/v2\/product"}],"about":[{"href":"https:\/\/www.huntersfriend.eu\/sv\/wp-json\/wp\/v2\/types\/product"}],"replies":[{"embeddable":true,"href":"https:\/\/www.huntersfriend.eu\/sv\/wp-json\/wp\/v2\/comments?post=285369"}],"wp:featuredmedia":[{"embeddable":true,"href":"https:\/\/www.huntersfriend.eu\/sv\/wp-json\/wp\/v2\/media\/282822"}],"wp:attachment":[{"href":"https:\/\/www.huntersfriend.eu\/sv\/wp-json\/wp\/v2\/media?parent=285369"}],"wp:term":[{"taxonomy":"product_brand","embeddable":true,"href":"https:\/\/www.huntersfriend.eu\/sv\/wp-json\/wp\/v2\/product_brand?post=285369"},{"taxonomy":"product_cat","embeddable":true,"href":"https:\/\/www.huntersfriend.eu\/sv\/wp-json\/wp\/v2\/product_cat?post=285369"},{"taxonomy":"product_tag","embeddable":true,"href":"https:\/\/www.huntersfriend.eu\/sv\/wp-json\/wp\/v2\/product_tag?post=285369"}],"curies":[{"name":"wp","href":"https:\/\/api.w.org\/{rel}","templated":true}]}}