{"id":285361,"date":"2025-07-17T00:50:28","date_gmt":"2025-07-16T22:50:28","guid":{"rendered":"https:\/\/www.huntersfriend.eu\/product\/alps-outdoorz-topflight-hundvast-max7-camo\/"},"modified":"2025-08-26T07:57:44","modified_gmt":"2025-08-26T05:57:44","slug":"alps-outdoorz-topflight-hundvast-max7-camo","status":"publish","type":"product","link":"https:\/\/www.huntersfriend.eu\/sv\/produkt\/alps-outdoorz-topflight-hundvast-max7-camo\/","title":{"rendered":"Alps outdoorz topflight hundv\u00e4st Max7 camo"},"content":{"rendered":"<p>ALPS OutdoorZ Topflight hundv\u00e4st \u00e4r en 5 mm tjock neopren som h\u00e5ller din b\u00e4sta v\u00e4n varmare och s\u00e4krare under jakten. V\u00e4sten har en hundkoppelf\u00e4ste f\u00f6r n\u00e4r din jaktpartner beh\u00f6ver vara kopplad och flytkuddar f\u00f6r att ge extra flytkraft vid simning. De inbyggda handtagen g\u00f6r att du enkelt kan hj\u00e4lpa hunden ur vattnet om det beh\u00f6vs. Finns i flera storlekar, alla med en konturerad halsdesign f\u00f6r b\u00e4ttre passform och l\u00e4tt att trimma f\u00f6r att f\u00e5 en exakt passform f\u00f6r din hund.   <\/p>\n<p>\u2022Varm, skyddande 5 mm neopren som anv\u00e4nds i hela v\u00e4sten<\/p>\n<p>\u2022Konturerad halsdesign f\u00f6r b\u00e4ttre passform<\/p>\n<p>\u2022Tv\u00e5 flytkuddar ger extra flytkraft<\/p>\n<p>\u2022L\u00e4tthissade handtag<\/p>\n<p>\u2022Hundkoppelf\u00e4ste<\/p>\n<p>\u2022Flera f\u00e4sta omr\u00e5den g\u00f6r det enkelt att trimma f\u00f6r en perfekt passform runt hals och ben<\/p>\n<p>\u2022Fyra storlekar f\u00f6r att s\u00e4kerst\u00e4lla b\u00e4sta passform f\u00f6r din jaktpartner<\/p>\n<p><strong>Hur du m\u00e4ter din hund f\u00f6r en Topflight hundv\u00e4st<\/strong><\/p>\n<p>F\u00f6r att best\u00e4mma exakta m\u00e5tt f\u00f6r din hunds hals och br\u00f6st kan du antingen anv\u00e4nda ett m\u00e5ttband eller en bit sn\u00f6re. Om du anv\u00e4nder sn\u00f6re beh\u00f6ver du ocks\u00e5 ett m\u00e5ttband f\u00f6r att f\u00e5 den exakta l\u00e4ngden p\u00e5 sn\u00f6ret. <strong>Halsm\u00e5tt \u2013<\/strong> Halsm\u00e5ttet tas p\u00e5 den nedre delen av din hunds hals (snarare \u00e4n h\u00f6gre upp, som du skulle m\u00e4ta f\u00f6r ett halsband). M\u00e5ttet ska vara n\u00e5got ovanf\u00f6r axeln. <strong>Br\u00f6stm\u00e5tt \u2013<\/strong> Ta m\u00e5ttet medan din hund st\u00e5r. Br\u00f6stm\u00e5ttet tas fr\u00e5n den djupaste delen av br\u00f6stet.   <\/p>\n<p><img decoding=\"async\" src=\"https:\/\/alpsoutdoorz.com\/media\/wysiwyg\/Chest-Measurement.jpg\" alt=\"Br\u00f6stm\u00e5tt\" width=\"100\" height=\"100\"><\/p>\n<p><strong>Best\u00e4mning av r\u00e4tt storlek \u2013<\/strong> Det \u00e4r osannolikt att din hunds hals- och br\u00f6stm\u00e5tt st\u00e4mmer exakt \u00f6verens med storlekstabellen, s\u00e5 du b\u00f6r alltid v\u00e4lja det st\u00f6rre av de tv\u00e5 m\u00e5tten n\u00e4r du v\u00e4ljer vilken hundv\u00e4st du beh\u00f6ver. Om till exempel din hunds hals \u00e4r 19 tum och br\u00f6stet \u00e4r 26 tum, b\u00f6r du v\u00e4lja Large f\u00f6r att s\u00e4kerst\u00e4lla att v\u00e4sten inte sitter f\u00f6r h\u00e5rt runt halsen. <\/p>\n<h4>Storlekstabell<\/h4>\n<table>\n<tbody>\n<tr>\n<td><\/td>\n<td><strong>Medium<\/strong><\/td>\n<td><strong>large<\/strong><\/td>\n<td><strong>x-large<\/strong><\/td>\n<td><strong>XX-large<\/strong><\/td>\n<\/tr>\n<tr>\n<td>Neck<\/td>\n<td>18 \u201c<\/td>\n<td>19\u201d<\/td>\n<td>20 \u201c<\/td>\n<td>21\u201d<\/td>\n<\/tr>\n<tr>\n<td>Chest<\/td>\n<td>26 \u201c<\/td>\n<td>28\u201d<\/td>\n<td>32 \u201c<\/td>\n<td>35\u201d<\/td>\n<\/tr>\n<\/tbody>\n<\/table>\n","protected":false},"excerpt":{"rendered":"<p>ALPS OutdoorZ Topflight hundv\u00e4st \u00e4r en 5 mm tjock neopren som h\u00e5ller din b\u00e4sta v\u00e4n varmare och s\u00e4krare under jakten. V\u00e4sten har en hundkoppelf\u00e4ste f\u00f6r n\u00e4r din jaktpartner beh\u00f6ver vara kopplad och flytkuddar f\u00f6r att ge extra flytkraft vid simning. De inbyggda handtagen g\u00f6r att du enkelt kan hj\u00e4lpa hunden ur vattnet om det beh\u00f6vs. [&#8230;]\n","protected":false},"featured_media":283274,"comment_status":"open","ping_status":"closed","template":"","meta":[],"product_brand":[],"product_cat":[878],"product_tag":[],"class_list":{"0":"post-285361","1":"product","2":"type-product","3":"status-publish","4":"has-post-thumbnail","6":"product_cat-uncategorized-sv","8":"first","9":"outofstock","10":"taxable","11":"shipping-taxable","12":"purchasable","13":"product-type-variable"},"composite_virtual":false,"composite_layout":"","composite_add_to_cart_form_location":"","composite_editable_in_cart":false,"composite_sold_individually_context":"","composite_shop_price_calc":"","composite_components":[],"composite_scenarios":[],"group_of_quantity":0,"min_quantity":0,"max_quantity":"","exclude_order_quantity_value_rules":"no","exclude_category_quantity_rules":"no","combine_variations":"no","exclude_global_add_ons":[],"addons":[],"_links":{"self":[{"href":"https:\/\/www.huntersfriend.eu\/sv\/wp-json\/wp\/v2\/product\/285361","targetHints":{"allow":["GET"]}}],"collection":[{"href":"https:\/\/www.huntersfriend.eu\/sv\/wp-json\/wp\/v2\/product"}],"about":[{"href":"https:\/\/www.huntersfriend.eu\/sv\/wp-json\/wp\/v2\/types\/product"}],"replies":[{"embeddable":true,"href":"https:\/\/www.huntersfriend.eu\/sv\/wp-json\/wp\/v2\/comments?post=285361"}],"wp:featuredmedia":[{"embeddable":true,"href":"https:\/\/www.huntersfriend.eu\/sv\/wp-json\/wp\/v2\/media\/283274"}],"wp:attachment":[{"href":"https:\/\/www.huntersfriend.eu\/sv\/wp-json\/wp\/v2\/media?parent=285361"}],"wp:term":[{"taxonomy":"product_brand","embeddable":true,"href":"https:\/\/www.huntersfriend.eu\/sv\/wp-json\/wp\/v2\/product_brand?post=285361"},{"taxonomy":"product_cat","embeddable":true,"href":"https:\/\/www.huntersfriend.eu\/sv\/wp-json\/wp\/v2\/product_cat?post=285361"},{"taxonomy":"product_tag","embeddable":true,"href":"https:\/\/www.huntersfriend.eu\/sv\/wp-json\/wp\/v2\/product_tag?post=285361"}],"curies":[{"name":"wp","href":"https:\/\/api.w.org\/{rel}","templated":true}]}}