{"id":285360,"date":"2025-07-29T09:21:52","date_gmt":"2025-07-29T07:21:52","guid":{"rendered":"https:\/\/www.huntersfriend.eu\/product\/huntworth-colborne-pop-top-vinterhandskar\/"},"modified":"2025-10-30T11:53:27","modified_gmt":"2025-10-30T09:53:27","slug":"huntworth-colborne-pop-top-vinterhandskar","status":"publish","type":"product","link":"https:\/\/www.huntersfriend.eu\/sv\/produkt\/huntworth-colborne-pop-top-vinterhandskar\/","title":{"rendered":"Huntworth Colborne Pop-top Vinterhandskar"},"content":{"rendered":"<div id=\"43f10770_1637244648\" class=\"powr-popup powrLoaded\"><strong>Colborne-handskarna i tungviktigt softshell-material med pop-top i Tarnen-kamouflage \u00e4r tillverkade med Heat Boost\u2122 <a class=\"heat-boost-info-link\" href=\"https:\/\/huntworthgear.com\/graphene-technology-heat-boost\">grafenteknik<\/a>,<\/strong> n\u00e4sta generations f\u00f6rb\u00e4ttrade tyger som ger l\u00e4ttviktig, \u00f6verl\u00e4gsen v\u00e4rme. Dessa jakt handskar kan k\u00e4nnas som mellanvikt, men de \u00e4r byggda f\u00f6r att ge v\u00e4rme hela dagen under jakter i kallt v\u00e4der. <\/div>\n<div class=\"two-column-text\">\n<p>Att sticka in grafengarn i v\u00e5rt sherpafoder ger ett traditionellt material termisk ledningsf\u00f6rm\u00e5ga, fukttransportering och luktkontroll som \u00e4r inneboende i grafen. I grund och botten tog vi ett varmt material och gjorde det \u00e4nnu varmare \u2013 30 % varmare. Det \u00e4r v\u00e4rme du verkligen kan k\u00e4nna.  <\/p>\n<p>Dessa handskar \u00e4r tillverkade med en softshell-konstruktion. Yttermaterialet \u00e4r en 4-v\u00e4gs stretchad, ruggad polyester med en DWR-finish som st\u00f6ter bort l\u00e4tt fukt. Den \u00e4r bunden till en film som blockerar kyliga vindar fr\u00e5n att tr\u00e4nga igenom och Heat Boost\u2122 grafensherpa f\u00f6r isolerande v\u00e4rme. Den robusta handflatan i syntetiskt l\u00e4der ger dig ett \u00f6verl\u00e4gset grepp. Pop-toppen f\u00e4lls tyst tillbaka f\u00f6r att exponera dina fingrar och h\u00e5lls p\u00e5 plats av en magnet. Tummen har ocks\u00e5 en flip-back-topp f\u00f6r snabb \u00e5tkomst. Fingerdragen g\u00f6r det enkelt att ta av handskarna.      <\/p>\n<p>Grafen f\u00f6r\u00e4ndrar hur vi tillverkar extremt varma, slimmade handskar f\u00f6r kallt v\u00e4der. Med dessa Heat Boost\u2122 jakt-pop-top-handskar kan du stanna ute l\u00e4ngre och forts\u00e4tta jaga senare in p\u00e5 s\u00e4songen, oavsett temperatur. <\/p>\n<h3><b>Funktioner:<\/b><\/h3>\n<ul>\n<li><strong>Yttermaterial: <\/strong>Trelagersmaterial best\u00e5ende av 4-v\u00e4gs stretchad, ruggad stickad polyester bunden till en vindt\u00e4t, ventilerande film och Heat Boost\u2122 grafensherpa<\/li>\n<li><strong>Heat Boost\u2122 grafenteknik: <\/strong>En serie f\u00f6rb\u00e4ttrade tyger superladdade med grafens termiska ledningsf\u00f6rm\u00e5ga, fukttransportering och luktkontroll<\/li>\n<li><strong>Vindt\u00e4t: <\/strong>Bunden filmmembran blockerar vinden fr\u00e5n att tr\u00e4nga igenom<\/li>\n<li><strong>DWR:<\/strong> Slitstark vattenavvisande (DWR) finish p\u00e5 tygets yta st\u00f6ter bort fukt och l\u00e4tt sn\u00f6<\/li>\n<li><strong>Handflategrepp: <\/strong>Slitstark handflata i syntetiskt l\u00e4der ger maximalt grepp<\/li>\n<li><strong>Tumme: <\/strong>F\u00f6rst\u00e4rkt tumme, lapp i syntetiskt l\u00e4der<\/li>\n<li><strong>Specialfunktioner: <\/strong>Magnet f\u00f6r att h\u00e5lla poptoppen n\u00e4r den \u00e4r uppf\u00e4lld. Uppf\u00e4llbar spets p\u00e5 tummen. V\u00e4vda dragflikar mellan fingrarna.  <\/li>\n<li><strong>Passform: <\/strong>Formpassande<\/li>\n<\/ul>\n<\/div>\n","protected":false},"excerpt":{"rendered":"<p>Colborne-handskarna i tungviktigt softshell-material med pop-top i Tarnen-kamouflage \u00e4r tillverkade med Heat Boost\u2122 grafenteknik, n\u00e4sta generations f\u00f6rb\u00e4ttrade tyger som ger l\u00e4ttviktig, \u00f6verl\u00e4gsen v\u00e4rme. Dessa jakt handskar kan k\u00e4nnas som mellanvikt, men de \u00e4r byggda f\u00f6r att ge v\u00e4rme hela dagen under jakter i kallt v\u00e4der. Att sticka in grafengarn i v\u00e5rt sherpafoder ger ett traditionellt [&#8230;]\n","protected":false},"featured_media":283215,"comment_status":"open","ping_status":"closed","template":"","meta":[],"product_brand":[],"product_cat":[2809,2710,16],"product_tag":[],"class_list":{"0":"post-285360","1":"product","2":"type-product","3":"status-publish","4":"has-post-thumbnail","6":"product_cat-handskar","7":"product_cat-jaktklader-for-dam","8":"product_cat-uncategorized","10":"first","11":"instock","12":"taxable","13":"shipping-taxable","14":"purchasable","15":"product-type-variable"},"composite_virtual":false,"composite_layout":"","composite_add_to_cart_form_location":"","composite_editable_in_cart":false,"composite_sold_individually_context":"","composite_shop_price_calc":"","composite_components":[],"composite_scenarios":[],"group_of_quantity":0,"min_quantity":0,"max_quantity":"","exclude_order_quantity_value_rules":"no","exclude_category_quantity_rules":"no","combine_variations":"no","exclude_global_add_ons":[],"addons":[],"_links":{"self":[{"href":"https:\/\/www.huntersfriend.eu\/sv\/wp-json\/wp\/v2\/product\/285360","targetHints":{"allow":["GET"]}}],"collection":[{"href":"https:\/\/www.huntersfriend.eu\/sv\/wp-json\/wp\/v2\/product"}],"about":[{"href":"https:\/\/www.huntersfriend.eu\/sv\/wp-json\/wp\/v2\/types\/product"}],"replies":[{"embeddable":true,"href":"https:\/\/www.huntersfriend.eu\/sv\/wp-json\/wp\/v2\/comments?post=285360"}],"wp:featuredmedia":[{"embeddable":true,"href":"https:\/\/www.huntersfriend.eu\/sv\/wp-json\/wp\/v2\/media\/283215"}],"wp:attachment":[{"href":"https:\/\/www.huntersfriend.eu\/sv\/wp-json\/wp\/v2\/media?parent=285360"}],"wp:term":[{"taxonomy":"product_brand","embeddable":true,"href":"https:\/\/www.huntersfriend.eu\/sv\/wp-json\/wp\/v2\/product_brand?post=285360"},{"taxonomy":"product_cat","embeddable":true,"href":"https:\/\/www.huntersfriend.eu\/sv\/wp-json\/wp\/v2\/product_cat?post=285360"},{"taxonomy":"product_tag","embeddable":true,"href":"https:\/\/www.huntersfriend.eu\/sv\/wp-json\/wp\/v2\/product_tag?post=285360"}],"curies":[{"name":"wp","href":"https:\/\/api.w.org\/{rel}","templated":true}]}}