{"id":285355,"date":"2025-07-14T11:52:32","date_gmt":"2025-07-14T09:52:32","guid":{"rendered":"https:\/\/www.huntersfriend.eu\/product\/alps-outdoorz-hogkalibrig-duffel\/"},"modified":"2025-10-30T11:53:25","modified_gmt":"2025-10-30T09:53:25","slug":"alps-outdoorz-hogkalibrig-duffel","status":"publish","type":"product","link":"https:\/\/www.huntersfriend.eu\/sv\/produkt\/alps-outdoorz-hogkalibrig-duffel\/","title":{"rendered":"Alps outdoorz h\u00f6gkalibrig duffel"},"content":{"rendered":"<p>High Caliber-dufflarna finns i 3 olika storlekar: standard (24&#8243; l\u00e5ng), stor (30&#8243; l\u00e5ng) och extra stor (36&#8243; l\u00e5ng). De har en vadderad axelrem s\u00e5 om du har lastat den med en hel del vikt kan du sl\u00e4nga den \u00f6ver axeln. Axelremmen \u00e4r avtagbar om du vill ta bort den. Det finns ocks\u00e5 ett vadderat handtag s\u00e5 att du enkelt kan plocka upp duffeln och b\u00e4ra den ocks\u00e5. Det U-formade huvudfacket ger en stor \u00f6ppning s\u00e5 att du enkelt kan packa din utrustning och f\u00e5 utrustning i och ur duffeln enkelt. Det finns en framficka f\u00f6r att h\u00e5lla mindre f\u00f6rem\u00e5l \u00e5tskilda och l\u00e4ttillg\u00e4ngliga. Det finns ocks\u00e5 \u00e4ndfickor p\u00e5 varje sida f\u00f6r att f\u00f6rvara \u00e4nnu mer utrustning. High Caliber-dufflarna \u00e4r perfekta f\u00f6r att transportera all din utrustning oavsett om du campar, jagar eller reser!       <\/p>\n<p>Huvudfunktioner:<\/p>\n<ul>\n<li> Fickor: huvudfack, tv\u00e5 sidofickor och framficka<\/li>\n<li>U-format huvudfack har kraftig #10 dragkedja<\/li>\n<li>Justerbar, avtagbar vadderad axelrem<\/li>\n<li>Vadderat handtag<\/li>\n<li>Extra handtag p\u00e5 varje \u00e4nde<\/li>\n<li>600D Realtree\u00ae Edge\u2122-tyg<\/li>\n<li>Volym 55L<\/li>\n<li>Storlek: 61 cm x 30,5 cm x 30,5 cm<\/li>\n<\/ul>\n","protected":false},"excerpt":{"rendered":"<p>High Caliber-dufflarna finns i 3 olika storlekar: standard (24&#8243; l\u00e5ng), stor (30&#8243; l\u00e5ng) och extra stor (36&#8243; l\u00e5ng). De har en vadderad axelrem s\u00e5 om du har lastat den med en hel del vikt kan du sl\u00e4nga den \u00f6ver axeln. Axelremmen \u00e4r avtagbar om du vill ta bort den. Det finns ocks\u00e5 ett vadderat handtag [&#8230;]\n","protected":false},"featured_media":282836,"comment_status":"open","ping_status":"closed","template":"","meta":[],"product_brand":[],"product_cat":[2566],"product_tag":[],"class_list":{"0":"post-285355","1":"product","2":"type-product","3":"status-publish","4":"has-post-thumbnail","6":"product_cat-jaktvaskor","8":"first","9":"instock","10":"taxable","11":"shipping-taxable","12":"purchasable","13":"product-type-variable"},"composite_virtual":false,"composite_layout":"","composite_add_to_cart_form_location":"","composite_editable_in_cart":false,"composite_sold_individually_context":"","composite_shop_price_calc":"","composite_components":[],"composite_scenarios":[],"group_of_quantity":0,"min_quantity":0,"max_quantity":"","exclude_order_quantity_value_rules":"no","exclude_category_quantity_rules":"no","combine_variations":"no","exclude_global_add_ons":[],"addons":[],"_links":{"self":[{"href":"https:\/\/www.huntersfriend.eu\/sv\/wp-json\/wp\/v2\/product\/285355","targetHints":{"allow":["GET"]}}],"collection":[{"href":"https:\/\/www.huntersfriend.eu\/sv\/wp-json\/wp\/v2\/product"}],"about":[{"href":"https:\/\/www.huntersfriend.eu\/sv\/wp-json\/wp\/v2\/types\/product"}],"replies":[{"embeddable":true,"href":"https:\/\/www.huntersfriend.eu\/sv\/wp-json\/wp\/v2\/comments?post=285355"}],"wp:featuredmedia":[{"embeddable":true,"href":"https:\/\/www.huntersfriend.eu\/sv\/wp-json\/wp\/v2\/media\/282836"}],"wp:attachment":[{"href":"https:\/\/www.huntersfriend.eu\/sv\/wp-json\/wp\/v2\/media?parent=285355"}],"wp:term":[{"taxonomy":"product_brand","embeddable":true,"href":"https:\/\/www.huntersfriend.eu\/sv\/wp-json\/wp\/v2\/product_brand?post=285355"},{"taxonomy":"product_cat","embeddable":true,"href":"https:\/\/www.huntersfriend.eu\/sv\/wp-json\/wp\/v2\/product_cat?post=285355"},{"taxonomy":"product_tag","embeddable":true,"href":"https:\/\/www.huntersfriend.eu\/sv\/wp-json\/wp\/v2\/product_tag?post=285355"}],"curies":[{"name":"wp","href":"https:\/\/api.w.org\/{rel}","templated":true}]}}