{"id":285352,"date":"2025-07-29T09:56:57","date_gmt":"2025-07-29T07:56:57","guid":{"rendered":"https:\/\/www.huntersfriend.eu\/product\/huntworth-durham-byxor\/"},"modified":"2025-08-26T07:57:39","modified_gmt":"2025-08-26T05:57:39","slug":"huntworth-durham-byxor","status":"publish","type":"product","link":"https:\/\/www.huntersfriend.eu\/sv\/produkt\/huntworth-durham-byxor\/","title":{"rendered":"Huntworth Durham-byxor"},"content":{"rendered":"<p><strong>De l\u00e4tta Durham-jaktbyxorna i Tarnen<\/strong> \u00e4r tillverkade av ett slitstarkt, v\u00e4vt stretchmaterial som ger dig exceptionell r\u00f6relsefrihet och skydd mot v\u00e4der och vind. Tarnen-camo-byxorna \u00e4r tillverkade med ett hybridm\u00f6nster f\u00f6r att d\u00f6lja dig och ger den tysta flexibilitet du beh\u00f6ver oavsett om du spanar och smyger, sitter i ett g\u00f6msle eller uppe i ett tr\u00e4d. <\/p>\n<p>De robusta f\u00f6rst\u00e4rkningarna p\u00e5 kn\u00e4n och s\u00e4te ger extra skydd n\u00e4r du \u00e4r p\u00e5 marken, medan den formsydda kn\u00e4konstruktionen s\u00e4kerst\u00e4ller att byxorna inte stramar n\u00e4r du sitter eller kl\u00e4ttrar. Dessutom avvisar DWR-behandlingen p\u00e5 v\u00e5ra ofodrade jaktbyxor l\u00e4tt fukt, vilket hindrar dig fr\u00e5n att bli fuktig under tidiga morgonjakter eller sena s\u00e4songjakter. Om byxorna blir bl\u00f6ta torkar de extremt snabbt.  <\/p>\n<p>Beh\u00f6ver du ha din utrustning n\u00e4ra till hands? Fickutrymme \u00e4r inget problem med tv\u00e5 framfickor, tv\u00e5 bakfickor och tv\u00e5 benfickor med dragkedja f\u00f6r att b\u00e4ra dina tillbeh\u00f6r. Midjebandet har 5 b\u00e4ltesh\u00e4llor f\u00f6r perfekt passform.  <\/p>\n<p>Dessa l\u00e4tta jaktbyxor kan b\u00e4ras som de \u00e4r eller \u00f6ver ett baslager under de tidiga kalla morgnarna eller senare under s\u00e4songen n\u00e4r lite mer v\u00e4rme beh\u00f6vs. V\u00e5ra Tarnen\u00ae-m\u00f6nstrade jaktbyxor m\u00e5 vara l\u00e4tta, men de \u00e4r extremt m\u00e5ngsidiga och kommer snabbt att bli dina favoritbyxor. <\/p>\n<h3><b>Funktioner:<\/b><\/h3>\n<ul>\n<li><strong>Yttermaterial:<\/strong> V\u00e4vd polyesterstretch. 94 % polyester\/6 % spandex <\/li>\n<li><strong>DWR:<\/strong> Slitstark vattenavvisande (DWR) finish p\u00e5 v\u00e4vd stretch (inte p\u00e5 n\u00f6tningsbest\u00e4ndigt material) avvisar fukt och l\u00e4tt sn\u00f6<\/li>\n<li><strong>Foder: <\/strong>ofodrad<\/li>\n<li><strong>Fickor:<\/strong> 6-ficksbyxor \u2013 tv\u00e5 bakfickor, tv\u00e5 snedfickor fram och tv\u00e5 cargofickor med dragkedja<\/li>\n<li><strong>F\u00f6rst\u00e4rkningar:<\/strong> F\u00f6rst\u00e4rkta kn\u00e4n och s\u00e4te med n\u00f6tningsbest\u00e4ndigt material<\/li>\n<li><strong>Funktioner:<\/strong> Formsydda kn\u00e4n<\/li>\n<li><strong>Midja:<\/strong> 5 b\u00e4ltesh\u00e4llor<\/li>\n<li><strong>Rekommenderat temperaturomr\u00e5de: 5\u201325 \u00b0C<\/strong> grader med lager p\u00e5 lager efter behov<\/li>\n<li><strong>Genomsnittlig vikt:<\/strong> 1,2 lbs f\u00f6r storlek XL.<\/li>\n<\/ul>\n","protected":false},"excerpt":{"rendered":"<p>De l\u00e4tta Durham-jaktbyxorna i Tarnen \u00e4r tillverkade av ett slitstarkt, v\u00e4vt stretchmaterial som ger dig exceptionell r\u00f6relsefrihet och skydd mot v\u00e4der och vind. Tarnen-camo-byxorna \u00e4r tillverkade med ett hybridm\u00f6nster f\u00f6r att d\u00f6lja dig och ger den tysta flexibilitet du beh\u00f6ver oavsett om du spanar och smyger, sitter i ett g\u00f6msle eller uppe i ett tr\u00e4d. [&#8230;]\n","protected":false},"featured_media":253362,"comment_status":"open","ping_status":"closed","template":"","meta":[],"product_brand":[],"product_cat":[2779],"product_tag":[],"class_list":{"0":"post-285352","1":"product","2":"type-product","3":"status-publish","4":"has-post-thumbnail","6":"product_cat-byxor","8":"first","9":"instock","10":"taxable","11":"shipping-taxable","12":"purchasable","13":"product-type-variable"},"composite_virtual":false,"composite_layout":"","composite_add_to_cart_form_location":"","composite_editable_in_cart":false,"composite_sold_individually_context":"","composite_shop_price_calc":"","composite_components":[],"composite_scenarios":[],"group_of_quantity":0,"min_quantity":0,"max_quantity":"","exclude_order_quantity_value_rules":"no","exclude_category_quantity_rules":"no","combine_variations":"no","exclude_global_add_ons":[],"addons":[],"_links":{"self":[{"href":"https:\/\/www.huntersfriend.eu\/sv\/wp-json\/wp\/v2\/product\/285352","targetHints":{"allow":["GET"]}}],"collection":[{"href":"https:\/\/www.huntersfriend.eu\/sv\/wp-json\/wp\/v2\/product"}],"about":[{"href":"https:\/\/www.huntersfriend.eu\/sv\/wp-json\/wp\/v2\/types\/product"}],"replies":[{"embeddable":true,"href":"https:\/\/www.huntersfriend.eu\/sv\/wp-json\/wp\/v2\/comments?post=285352"}],"wp:featuredmedia":[{"embeddable":true,"href":"https:\/\/www.huntersfriend.eu\/sv\/wp-json\/wp\/v2\/media\/253362"}],"wp:attachment":[{"href":"https:\/\/www.huntersfriend.eu\/sv\/wp-json\/wp\/v2\/media?parent=285352"}],"wp:term":[{"taxonomy":"product_brand","embeddable":true,"href":"https:\/\/www.huntersfriend.eu\/sv\/wp-json\/wp\/v2\/product_brand?post=285352"},{"taxonomy":"product_cat","embeddable":true,"href":"https:\/\/www.huntersfriend.eu\/sv\/wp-json\/wp\/v2\/product_cat?post=285352"},{"taxonomy":"product_tag","embeddable":true,"href":"https:\/\/www.huntersfriend.eu\/sv\/wp-json\/wp\/v2\/product_tag?post=285352"}],"curies":[{"name":"wp","href":"https:\/\/api.w.org\/{rel}","templated":true}]}}