{"id":285349,"date":"2025-07-21T23:34:39","date_gmt":"2025-07-21T21:34:39","guid":{"rendered":"https:\/\/www.huntersfriend.eu\/product\/huntworth-onding-muff-2\/"},"modified":"2025-08-26T07:57:33","modified_gmt":"2025-08-26T05:57:33","slug":"huntworth-onding-muff-2","status":"publish","type":"product","link":"https:\/\/www.huntersfriend.eu\/sv\/produkt\/huntworth-onding-muff-2\/","title":{"rendered":"Huntworth onding muff"},"content":{"rendered":"<p><strong>Onding Heat Boost-muffen g\u00f6r frostskador till ett minne blott.<\/strong> Den \u00e4r byggd p\u00e5 Heat Boost grafen-teknik och har all v\u00e4rme du beh\u00f6ver utan den bulk som traditionella jaktmuffar har.<\/p>\n<p>Onding-muffen har en tyst och slitstark utsida. Den \u00e4r tillverkad av en mjuk trik\u00e5 som \u00e4r bunden till en vindt\u00e4t film f\u00f6r att h\u00e5lla h\u00e4nderna torra och skyddade fr\u00e5n kalla vindar och nederb\u00f6rd. Den \u00e4r helt fodrad med tjock Heat Boost-fleece som k\u00e4nns mjuk och varm mot huden. Grafengarnet som \u00e4r inv\u00e4vt i sherpan har den termiska kapacitet, fukttransporterande och doftkontrollerande f\u00f6rm\u00e5ga som \u00e4r inneboende i grafen. Den har fleece-muddar f\u00f6r att l\u00e5sa in v\u00e4rmen och h\u00e5lla den kalla luften ute. Ett justerbart b\u00e4lte h\u00e5ller muffen s\u00e4kert runt midjan.     <\/p>\n<p>St\u00e5 p\u00e5 pass hela dagen l\u00e5ng med Onding Heat Boost jaktmuff i Disruption. H\u00e5ll dig varm under de kallaste dagarna och fyll varje tagg. <\/p>\n<h3><b>Funktioner:<\/b><\/h3>\n<ul>\n<li><strong>Yttermaterial:<\/strong> Kraftig borstad trik\u00e5 med en vindt\u00e4t\/ventilerande filmmembran<\/li>\n<li><strong>Heat Boost\u2122 grafen-teknik:<\/strong> En serie f\u00f6rb\u00e4ttrade tyger som \u00e4r superladdade med grafens v\u00e4rmeledningsf\u00f6rm\u00e5ga, fukttransport och doftkontroll<\/li>\n<li><strong>Vindt\u00e4t:<\/strong> Bunden filmmembran hindrar vinden fr\u00e5n att tr\u00e4nga igenom<\/li>\n<li><strong>Foder:<\/strong> Heat Boost\u2122 grafen sherpa<\/li>\n<li><strong>Isolering:<\/strong> 1200g polyesterfiberfyllningsisolering<\/li>\n<li><strong>Muddar:<\/strong> Inre fleece-muddar<\/li>\n<li><strong>Rem:<\/strong> Justerbar midjerem<\/li>\n<\/ul>\n","protected":false},"excerpt":{"rendered":"<p>Onding Heat Boost-muffen g\u00f6r frostskador till ett minne blott. Den \u00e4r byggd p\u00e5 Heat Boost grafen-teknik och har all v\u00e4rme du beh\u00f6ver utan den bulk som traditionella jaktmuffar har. Onding-muffen har en tyst och slitstark utsida. Den \u00e4r tillverkad av en mjuk trik\u00e5 som \u00e4r bunden till en vindt\u00e4t film f\u00f6r att h\u00e5lla h\u00e4nderna torra [&#8230;]\n","protected":false},"featured_media":283223,"comment_status":"open","ping_status":"closed","template":"","meta":[],"product_brand":[],"product_cat":[2809],"product_tag":[],"class_list":{"0":"post-285349","1":"product","2":"type-product","3":"status-publish","4":"has-post-thumbnail","6":"product_cat-handskar","8":"first","9":"instock","10":"taxable","11":"shipping-taxable","12":"purchasable","13":"product-type-simple"},"composite_virtual":false,"composite_layout":"","composite_add_to_cart_form_location":"","composite_editable_in_cart":false,"composite_sold_individually_context":"","composite_shop_price_calc":"","composite_components":[],"composite_scenarios":[],"group_of_quantity":0,"min_quantity":0,"max_quantity":"","exclude_order_quantity_value_rules":"no","exclude_category_quantity_rules":"no","combine_variations":"no","exclude_global_add_ons":[],"addons":[],"_links":{"self":[{"href":"https:\/\/www.huntersfriend.eu\/sv\/wp-json\/wp\/v2\/product\/285349","targetHints":{"allow":["GET"]}}],"collection":[{"href":"https:\/\/www.huntersfriend.eu\/sv\/wp-json\/wp\/v2\/product"}],"about":[{"href":"https:\/\/www.huntersfriend.eu\/sv\/wp-json\/wp\/v2\/types\/product"}],"replies":[{"embeddable":true,"href":"https:\/\/www.huntersfriend.eu\/sv\/wp-json\/wp\/v2\/comments?post=285349"}],"wp:featuredmedia":[{"embeddable":true,"href":"https:\/\/www.huntersfriend.eu\/sv\/wp-json\/wp\/v2\/media\/283223"}],"wp:attachment":[{"href":"https:\/\/www.huntersfriend.eu\/sv\/wp-json\/wp\/v2\/media?parent=285349"}],"wp:term":[{"taxonomy":"product_brand","embeddable":true,"href":"https:\/\/www.huntersfriend.eu\/sv\/wp-json\/wp\/v2\/product_brand?post=285349"},{"taxonomy":"product_cat","embeddable":true,"href":"https:\/\/www.huntersfriend.eu\/sv\/wp-json\/wp\/v2\/product_cat?post=285349"},{"taxonomy":"product_tag","embeddable":true,"href":"https:\/\/www.huntersfriend.eu\/sv\/wp-json\/wp\/v2\/product_tag?post=285349"}],"curies":[{"name":"wp","href":"https:\/\/api.w.org\/{rel}","templated":true}]}}