{"id":285348,"date":"2025-07-29T10:30:16","date_gmt":"2025-07-29T08:30:16","guid":{"rendered":"https:\/\/www.huntersfriend.eu\/product\/huntworth-baseballkeps-vertek\/"},"modified":"2025-08-26T07:57:32","modified_gmt":"2025-08-26T05:57:32","slug":"huntworth-baseballkeps-vertek","status":"publish","type":"product","link":"https:\/\/www.huntersfriend.eu\/sv\/produkt\/huntworth-baseballkeps-vertek\/","title":{"rendered":"Huntworth baseballkeps vertek"},"content":{"rendered":"<h2 class=\"product-name\">Keps med snapback<\/h2>\n<p><strong>Vi garanterar kamouflage i f\u00e4lt.<\/strong> Men bara f\u00f6r att den h\u00e4r Vertek-kepsen i bomullstwill ser bra ut betyder det inte att du sm\u00e4lter in p\u00e5 kontoret.<\/p>\n<p>Den h\u00e4r broderade truckerkepsen med snapback ser lika bra ut p\u00e5 stan som i f\u00e4lt. Kombinera den med dina favoritkl\u00e4der fr\u00e5n Huntworth eller dina jaktkl\u00e4der i Vertek-camouflagem\u00f6nster n\u00e4r du jagar alla arter p\u00e5 planeten jorden. <\/p>\n<div class=\"header\">Funktioner:<\/p>\n<\/div>\n<div class=\"even\"><strong>Skal: <\/strong>100 % bomullstwill<\/div>\n<div class=\"odd\"><strong>Sk\u00e4rm: <\/strong>F\u00f6rb\u00f6jd sk\u00e4rm<\/div>\n<div class=\"even\"><strong>St\u00e4ngning: <\/strong>Justerbar plastkn\u00e4ppning<\/div>\n<div class=\"odd\"><strong>Passform: <\/strong>Traditionell 6-panels kepsmodell med medelh\u00f6g profil<\/div>\n","protected":false},"excerpt":{"rendered":"<p>Keps med snapback Vi garanterar kamouflage i f\u00e4lt. Men bara f\u00f6r att den h\u00e4r Vertek-kepsen i bomullstwill ser bra ut betyder det inte att du sm\u00e4lter in p\u00e5 kontoret. Den h\u00e4r broderade truckerkepsen med snapback ser lika bra ut p\u00e5 stan som i f\u00e4lt. Kombinera den med dina favoritkl\u00e4der fr\u00e5n Huntworth eller dina jaktkl\u00e4der i [&#8230;]\n","protected":false},"featured_media":284327,"comment_status":"open","ping_status":"closed","template":"","meta":[],"product_brand":[],"product_cat":[2716],"product_tag":[],"class_list":{"0":"post-285348","1":"product","2":"type-product","3":"status-publish","4":"has-post-thumbnail","6":"product_cat-hattar-och-huvudbonader","8":"first","9":"instock","10":"taxable","11":"shipping-taxable","12":"purchasable","13":"product-type-simple"},"composite_virtual":false,"composite_layout":"","composite_add_to_cart_form_location":"","composite_editable_in_cart":false,"composite_sold_individually_context":"","composite_shop_price_calc":"","composite_components":[],"composite_scenarios":[],"group_of_quantity":0,"min_quantity":0,"max_quantity":"","exclude_order_quantity_value_rules":"no","exclude_category_quantity_rules":"no","combine_variations":"no","exclude_global_add_ons":[],"addons":[],"_links":{"self":[{"href":"https:\/\/www.huntersfriend.eu\/sv\/wp-json\/wp\/v2\/product\/285348","targetHints":{"allow":["GET"]}}],"collection":[{"href":"https:\/\/www.huntersfriend.eu\/sv\/wp-json\/wp\/v2\/product"}],"about":[{"href":"https:\/\/www.huntersfriend.eu\/sv\/wp-json\/wp\/v2\/types\/product"}],"replies":[{"embeddable":true,"href":"https:\/\/www.huntersfriend.eu\/sv\/wp-json\/wp\/v2\/comments?post=285348"}],"wp:featuredmedia":[{"embeddable":true,"href":"https:\/\/www.huntersfriend.eu\/sv\/wp-json\/wp\/v2\/media\/284327"}],"wp:attachment":[{"href":"https:\/\/www.huntersfriend.eu\/sv\/wp-json\/wp\/v2\/media?parent=285348"}],"wp:term":[{"taxonomy":"product_brand","embeddable":true,"href":"https:\/\/www.huntersfriend.eu\/sv\/wp-json\/wp\/v2\/product_brand?post=285348"},{"taxonomy":"product_cat","embeddable":true,"href":"https:\/\/www.huntersfriend.eu\/sv\/wp-json\/wp\/v2\/product_cat?post=285348"},{"taxonomy":"product_tag","embeddable":true,"href":"https:\/\/www.huntersfriend.eu\/sv\/wp-json\/wp\/v2\/product_tag?post=285348"}],"curies":[{"name":"wp","href":"https:\/\/api.w.org\/{rel}","templated":true}]}}