{"id":285347,"date":"2025-07-24T00:32:35","date_gmt":"2025-07-23T22:32:35","guid":{"rendered":"https:\/\/www.huntersfriend.eu\/product\/buttolo-blatter-radjurslockmedel\/"},"modified":"2025-08-26T07:57:30","modified_gmt":"2025-08-26T05:57:30","slug":"buttolo-blatter-radjurslockmedel","status":"publish","type":"product","link":"https:\/\/www.huntersfriend.eu\/sv\/produkt\/buttolo-blatter-radjurslockmedel\/","title":{"rendered":"Buttolo blatter R\u00e5djurslockmedel"},"content":{"rendered":"<p>L\u00e4ttanv\u00e4nt lockmedel f\u00f6r r\u00e5djur. Imitera alla de viktigaste l\u00e4tena fr\u00e5n r\u00e5djuret. Perfekt f\u00f6r nyb\u00f6rjare. L\u00e4tt att anv\u00e4nda med en hand.  <\/p>\n","protected":false},"excerpt":{"rendered":"<p>L\u00e4ttanv\u00e4nt lockmedel f\u00f6r r\u00e5djur. Imitera alla de viktigaste l\u00e4tena fr\u00e5n r\u00e5djuret. Perfekt f\u00f6r nyb\u00f6rjare. L\u00e4tt att anv\u00e4nda med en hand.<\/p>\n","protected":false},"featured_media":283211,"comment_status":"open","ping_status":"closed","template":"","meta":[],"product_brand":[],"product_cat":[2878],"product_tag":[],"class_list":{"0":"post-285347","1":"product","2":"type-product","3":"status-publish","4":"has-post-thumbnail","6":"product_cat-lockpipor-for-storvilt","8":"first","9":"instock","10":"taxable","11":"shipping-taxable","12":"purchasable","13":"product-type-simple"},"composite_virtual":false,"composite_layout":"","composite_add_to_cart_form_location":"","composite_editable_in_cart":false,"composite_sold_individually_context":"","composite_shop_price_calc":"","composite_components":[],"composite_scenarios":[],"group_of_quantity":0,"min_quantity":0,"max_quantity":"","exclude_order_quantity_value_rules":"no","exclude_category_quantity_rules":"no","combine_variations":"no","exclude_global_add_ons":[],"addons":[],"_links":{"self":[{"href":"https:\/\/www.huntersfriend.eu\/sv\/wp-json\/wp\/v2\/product\/285347","targetHints":{"allow":["GET"]}}],"collection":[{"href":"https:\/\/www.huntersfriend.eu\/sv\/wp-json\/wp\/v2\/product"}],"about":[{"href":"https:\/\/www.huntersfriend.eu\/sv\/wp-json\/wp\/v2\/types\/product"}],"replies":[{"embeddable":true,"href":"https:\/\/www.huntersfriend.eu\/sv\/wp-json\/wp\/v2\/comments?post=285347"}],"wp:featuredmedia":[{"embeddable":true,"href":"https:\/\/www.huntersfriend.eu\/sv\/wp-json\/wp\/v2\/media\/283211"}],"wp:attachment":[{"href":"https:\/\/www.huntersfriend.eu\/sv\/wp-json\/wp\/v2\/media?parent=285347"}],"wp:term":[{"taxonomy":"product_brand","embeddable":true,"href":"https:\/\/www.huntersfriend.eu\/sv\/wp-json\/wp\/v2\/product_brand?post=285347"},{"taxonomy":"product_cat","embeddable":true,"href":"https:\/\/www.huntersfriend.eu\/sv\/wp-json\/wp\/v2\/product_cat?post=285347"},{"taxonomy":"product_tag","embeddable":true,"href":"https:\/\/www.huntersfriend.eu\/sv\/wp-json\/wp\/v2\/product_tag?post=285347"}],"curies":[{"name":"wp","href":"https:\/\/api.w.org\/{rel}","templated":true}]}}