{"id":285344,"date":"2025-07-29T12:38:30","date_gmt":"2025-07-29T10:38:30","guid":{"rendered":"https:\/\/www.huntersfriend.eu\/product\/pard-nv007sp2-bakre-tillsats\/"},"modified":"2026-03-18T22:00:51","modified_gmt":"2026-03-18T20:00:51","slug":"pard-nv007sp2-bakre-tillsats","status":"publish","type":"product","link":"https:\/\/www.huntersfriend.eu\/sv\/produkt\/pard-nv007sp2-bakre-tillsats\/","title":{"rendered":"Pard NV007SP2 bakre tillsats"},"content":{"rendered":"<h2 data-section-id=\"14zcta8\" data-start=\"111\" data-end=\"197\"><strong data-start=\"114\" data-end=\"197\">Se skarpare i m\u00f6rkret \u00e4n n\u00e5gonsin tidigare \u2013 PARD NV007SP2 4K m\u00f6rkerkikare<\/strong><\/h2>\n<p data-start=\"199\" data-end=\"722\"><strong data-start=\"203\" data-end=\"223\">PARD NV007SP2 4K<\/strong> \u00f6ppnar en ny dimension inom observation och jakt i m\u00f6rker. Denna kraftfulla, bakmonterade m\u00f6rkerkikare f\u00e4sts direkt p\u00e5 okularet p\u00e5 ett standardkikarsikte <strong data-start=\"392\" data-end=\"409\">utan verktyg<\/strong>, och f\u00f6rvandlar det omedelbart till ett <strong data-start=\"444\" data-end=\"490\">h\u00f6guppl\u00f6st digitalt m\u00f6rkerkikarsikte<\/strong>. Med en ny 4K-sensor, PARDs egenutvecklade <strong data-start=\"538\" data-end=\"562\">VLEA-bildprocessor<\/strong> och avancerade anslutnings- och inspelningsfunktioner \u00e4r det ett oslagbart val f\u00f6r aktiva anv\u00e4ndare \u2013 oavsett om det g\u00e4ller nattjakt, \u00f6vervakning eller observation av vilda djur.  <\/p>\n<hr data-start=\"724\" data-end=\"727\">\n<h3 data-section-id=\"1s1yvt8\" data-start=\"729\" data-end=\"750\"><strong data-start=\"733\" data-end=\"750\">Huvudfunktioner:<\/strong><\/h3>\n<ul data-start=\"752\" data-end=\"1350\">\n<li data-start=\"752\" data-end=\"847\">\n<p data-start=\"754\" data-end=\"847\"><strong data-start=\"754\" data-end=\"781\">Ultraprecis 4K-sensor<\/strong> \u2013 3840 x 2160 uppl\u00f6sning med enast\u00e5ende 0,001 lux k\u00e4nslighet<\/p>\n<\/li>\n<li data-start=\"848\" data-end=\"928\">\n<p data-start=\"850\" data-end=\"928\"><strong data-start=\"850\" data-end=\"874\">Verktygsfri fasts\u00e4ttning<\/strong> \u2013 monteras enkelt p\u00e5 din optik, ingen nollst\u00e4llning kr\u00e4vs<\/p>\n<\/li>\n<li data-start=\"929\" data-end=\"1013\">\n<p data-start=\"931\" data-end=\"1013\"><strong data-start=\"931\" data-end=\"959\">Utbytbar IR-belysning<\/strong> \u2013 v\u00e4lj din f\u00f6redragna IR-v\u00e5gl\u00e4ngd (850nm\/940nm)<\/p>\n<\/li>\n<li data-start=\"1014\" data-end=\"1089\">\n<p data-start=\"1016\" data-end=\"1089\"><strong data-start=\"1016\" data-end=\"1087\">Automatisk inspelning, tidsst\u00e4mpling och avst\u00e5ndsm\u00e4tare (endast LRF-modell)<\/strong><\/p>\n<\/li>\n<li data-start=\"1090\" data-end=\"1175\">\n<p data-start=\"1092\" data-end=\"1175\"><strong data-start=\"1092\" data-end=\"1116\">H\u00e5llbar konstruktion<\/strong> \u2013 tillverkad av aluminium (AL6061) och kompositmaterial<\/p>\n<\/li>\n<li data-start=\"1176\" data-end=\"1258\">\n<p data-start=\"1178\" data-end=\"1258\"><strong data-start=\"1178\" data-end=\"1219\">Tr\u00e5dl\u00f6s anslutning och HDMI-utg\u00e5ng<\/strong> \u2013 enkel mediadelning och live-utg\u00e5ng<\/p>\n<\/li>\n<li data-start=\"1259\" data-end=\"1350\">\n<p data-start=\"1261\" data-end=\"1350\"><strong data-start=\"1261\" data-end=\"1304\">OLED-sk\u00e4rm och flexibla visningsl\u00e4gen<\/strong> \u2013 v\u00e4xla mellan f\u00e4rg- och monokroma vyer<\/p>\n<\/li>\n<\/ul>\n<hr data-start=\"1352\" data-end=\"1355\">\n<h3 data-section-id=\"g74fao\" data-start=\"1357\" data-end=\"1412\"><strong data-start=\"1361\" data-end=\"1410\">Synlighet som inte f\u00f6rsvinner i m\u00f6rkret<\/strong><\/h3>\n<p data-start=\"1413\" data-end=\"1846\"><strong data-start=\"1417\" data-end=\"1429\">NV007SP2<\/strong> blandar s\u00f6ml\u00f6st optiska och digitala tekniker. En <strong data-start=\"1484\" data-end=\"1514\">2,2x optisk f\u00f6rstoring<\/strong>, <strong data-start=\"1516\" data-end=\"1535\">4x digital zoom<\/strong> och <strong data-start=\"1541\" data-end=\"1579\">bred 26,2 m synf\u00e4lt p\u00e5 100 m<\/strong> s\u00e4kerst\u00e4ller en tydlig, bred bild \u2013 \u00e4ven under utmanande f\u00f6rh\u00e5llanden. Fokusomr\u00e5det str\u00e4cker sig fr\u00e5n bara <strong data-start=\"1674\" data-end=\"1694\">3 cm till o\u00e4ndlighet<\/strong>, och justerbar dioptrijustering g\u00f6r det bekv\u00e4mt f\u00f6r glas\u00f6gonanv\u00e4ndare. <strong data-start=\"1775\" data-end=\"1806\">1600 x 1200 px OLED-sk\u00e4rmen<\/strong> levererar varje detalj med livlig klarhet.   <\/p>\n<hr data-start=\"1848\" data-end=\"1851\">\n<h3 data-section-id=\"gw9q3s\" data-start=\"1853\" data-end=\"1908\"><strong data-start=\"1857\" data-end=\"1906\">Bildkvalitet och inspelning \u2013 i din kontroll<\/strong><\/h3>\n<p data-start=\"1909\" data-end=\"2331\">F\u00e5nga bilder och videor direkt till ett <strong data-start=\"1949\" data-end=\"1965\">microSD-kort<\/strong> (upp till 128 GB). Stillbilder spelas in med <strong data-start=\"2011\" data-end=\"2026\">2560 x 1920<\/strong> uppl\u00f6sning och videor i <strong data-start=\"2053\" data-end=\"2068\">1600 x 1200<\/strong> .mp4-format. Du kan v\u00e4lja mellan <strong data-start=\"2105\" data-end=\"2139\">f\u00e4rg- eller svartvita l\u00e4gen<\/strong> beroende p\u00e5 dina behov. Automatisk inspelning och tidsst\u00e4mpling f\u00f6renklar dokumentationen, och med <strong data-start=\"2239\" data-end=\"2258\">PARDVision2-appen<\/strong> kan du enkelt styra och dela bilder fr\u00e5n din mobila enhet.   <\/p>\n<hr data-start=\"2333\" data-end=\"2336\">\n<h3 data-section-id=\"1w2nrm9\" data-start=\"2338\" data-end=\"2374\"><strong data-start=\"2342\" data-end=\"2372\">H\u00e5llbar och kompakt design<\/strong><\/h3>\n<p data-start=\"2375\" data-end=\"2743\">NV007SP2 \u00e4r byggd med en robust <strong data-start=\"2395\" data-end=\"2422\">aluminium-kompositkropp<\/strong> och v\u00e4ger bara <strong data-start=\"2449\" data-end=\"2458\">397 g<\/strong> inklusive batteri. Dess <strong data-start=\"2482\" data-end=\"2524\">kompakta dimensioner (149 x 68 x 105 mm)<\/strong> g\u00f6r den diskret och l\u00e4tt att hantera \u2013 utan att offra prestanda. Den drivs av ett enda <strong data-start=\"2614\" data-end=\"2638\">18650 Li-ion-batteri<\/strong>, vilket ger upp till <strong data-start=\"2656\" data-end=\"2667\">6 timmars<\/strong> drift, och st\u00f6der \u00e4ven extern USB Type-C-str\u00f6m f\u00f6r l\u00e4ngre anv\u00e4ndning.  <\/p>\n<hr data-start=\"2745\" data-end=\"2748\">\n<h3 data-section-id=\"c7gigq\" data-start=\"2750\" data-end=\"2787\"><strong data-start=\"2754\" data-end=\"2785\">Varf\u00f6r v\u00e4lja NV007SP2 4K?<\/strong><\/h3>\n<p data-start=\"2788\" data-end=\"3127\">Om du letar efter en <strong data-start=\"2812\" data-end=\"2836\">m\u00f6rkerseendeadapter<\/strong> som kombinerar <strong data-start=\"2851\" data-end=\"2877\">bildkvalitet i toppklass<\/strong>, <strong data-start=\"2879\" data-end=\"2911\">praktiska inspelningsfunktioner<\/strong> och <strong data-start=\"2917\" data-end=\"2943\">utm\u00e4rkt anslutningsf\u00f6rm\u00e5ga<\/strong> \u00e4r <strong data-start=\"2949\" data-end=\"2969\">PARD NV007SP2 4K<\/strong> det idealiska valet. Perfekt f\u00f6r j\u00e4gare, \u00f6vervakningspersonal eller natur\u00e4lskare som kr\u00e4ver kompromissl\u00f6s prestanda \u2013 \u00e4ven i de m\u00f6rkaste milj\u00f6erna. <\/p>\n<hr data-start=\"3129\" data-end=\"3132\">\n<h3 data-section-id=\"1j5ft35\" data-start=\"3134\" data-end=\"3167\"><strong data-start=\"3138\" data-end=\"3167\">Tekniska specifikationer:<\/strong><\/h3>\n<p data-start=\"3169\" data-end=\"3182\"><strong data-start=\"3169\" data-end=\"3180\">Sensor:<\/strong><\/p>\n<ul data-start=\"3183\" data-end=\"3297\">\n<li data-start=\"3183\" data-end=\"3217\">\n<p data-start=\"3185\" data-end=\"3217\">Uppl\u00f6sning: 3840 x 2160 pixlar<\/p>\n<\/li>\n<li data-start=\"3218\" data-end=\"3244\">\n<p data-start=\"3220\" data-end=\"3244\">K\u00e4nslighet: 0,001 lux<\/p>\n<\/li>\n<li data-start=\"3245\" data-end=\"3272\">\n<p data-start=\"3247\" data-end=\"3272\">Bildhastighet: 60 \/ 30 fps<\/p>\n<\/li>\n<li data-start=\"3273\" data-end=\"3297\">\n<p data-start=\"3275\" data-end=\"3297\">Processor: PARD VLEA<\/p>\n<\/li>\n<\/ul>\n<p data-start=\"3299\" data-end=\"3312\"><strong data-start=\"3299\" data-end=\"3310\">Optik:<\/strong><\/p>\n<ul data-start=\"3313\" data-end=\"3560\">\n<li data-start=\"3313\" data-end=\"3328\">\n<p data-start=\"3315\" data-end=\"3328\">Objektiv: 20 mm<\/p>\n<\/li>\n<li data-start=\"3329\" data-end=\"3351\">\n<p data-start=\"3331\" data-end=\"3351\">Optisk zoom: 2,2x<\/p>\n<\/li>\n<li data-start=\"3352\" data-end=\"3394\">\n<p data-start=\"3354\" data-end=\"3394\">Digital zoom: 1x \/ 2x \/ 2,5x \/ 3x \/ 4x<\/p>\n<\/li>\n<li data-start=\"3395\" data-end=\"3456\">\n<p data-start=\"3397\" data-end=\"3456\">Synf\u00e4lt @100 m: 26,2 m horisontellt \/ 19,6 m vertikalt<\/p>\n<\/li>\n<li data-start=\"3457\" data-end=\"3480\">\n<p data-start=\"3459\" data-end=\"3480\">Diagonal FOV: 18,6\u00b0<\/p>\n<\/li>\n<li data-start=\"3481\" data-end=\"3509\">\n<p data-start=\"3483\" data-end=\"3509\">Fokusavst\u00e5nd: 3 cm \u2013 \u221e<\/p>\n<\/li>\n<li data-start=\"3510\" data-end=\"3531\">\n<p data-start=\"3512\" data-end=\"3531\">\u00d6gonavst\u00e5nd: 35 mm<\/p>\n<\/li>\n<li data-start=\"3532\" data-end=\"3560\">\n<p data-start=\"3534\" data-end=\"3560\">Dioptrijustering: \u00b15 D<\/p>\n<\/li>\n<\/ul>\n<p data-start=\"3562\" data-end=\"3576\"><strong data-start=\"3562\" data-end=\"3574\">Sk\u00e4rm:<\/strong><\/p>\n<ul data-start=\"3577\" data-end=\"3660\">\n<li data-start=\"3577\" data-end=\"3591\">\n<p data-start=\"3579\" data-end=\"3591\">Typ: OLED<\/p>\n<\/li>\n<li data-start=\"3592\" data-end=\"3622\">\n<p data-start=\"3594\" data-end=\"3622\">Uppl\u00f6sning: 1600 x 1200 px<\/p>\n<\/li>\n<li data-start=\"3623\" data-end=\"3660\">\n<p data-start=\"3625\" data-end=\"3660\">Visningsl\u00e4gen: F\u00e4rg \/ Monokrom<\/p>\n<\/li>\n<\/ul>\n<p data-start=\"3662\" data-end=\"3682\"><strong data-start=\"3662\" data-end=\"3680\">Foto &amp; video:<\/strong><\/p>\n<ul data-start=\"3683\" data-end=\"3799\">\n<li data-start=\"3683\" data-end=\"3723\">\n<p data-start=\"3685\" data-end=\"3723\">Fotouppl\u00f6sning: 2560 x 1920 (.JPG)<\/p>\n<\/li>\n<li data-start=\"3724\" data-end=\"3764\">\n<p data-start=\"3726\" data-end=\"3764\">Videouppl\u00f6sning: 1600 x 1200 (.mp4)<\/p>\n<\/li>\n<li data-start=\"3765\" data-end=\"3799\">\n<p data-start=\"3767\" data-end=\"3799\">Lagring: microSD (max. 128 GB)<\/p>\n<\/li>\n<\/ul>\n<p data-start=\"3801\" data-end=\"3817\"><strong data-start=\"3801\" data-end=\"3815\">Funktioner:<\/strong><\/p>\n<ul data-start=\"3818\" data-end=\"3933\">\n<li data-start=\"3818\" data-end=\"3861\">\n<p data-start=\"3820\" data-end=\"3861\">Laseravst\u00e5ndsm\u00e4tare (endast LRF-modell): Ja<\/p>\n<\/li>\n<li data-start=\"3862\" data-end=\"3885\">\n<p data-start=\"3864\" data-end=\"3885\">Automatisk inspelning: Ja<\/p>\n<\/li>\n<li data-start=\"3886\" data-end=\"3904\">\n<p data-start=\"3888\" data-end=\"3904\">Tidsst\u00e4mpel: Ja<\/p>\n<\/li>\n<li data-start=\"3905\" data-end=\"3933\">\n<p data-start=\"3907\" data-end=\"3933\">Exponeringsjustering: Ja<\/p>\n<\/li>\n<\/ul>\n<p data-start=\"3935\" data-end=\"3953\"><strong data-start=\"3935\" data-end=\"3951\">Anslutningar:<\/strong><\/p>\n<ul data-start=\"3954\" data-end=\"4036\">\n<li data-start=\"3954\" data-end=\"3973\">\n<p data-start=\"3956\" data-end=\"3973\">USB type-c: Ja<\/p>\n<\/li>\n<li data-start=\"3974\" data-end=\"3987\">\n<p data-start=\"3976\" data-end=\"3987\">WiFi: Ja<\/p>\n<\/li>\n<li data-start=\"3988\" data-end=\"4008\">\n<p data-start=\"3990\" data-end=\"4008\">HDMI-utg\u00e5ng: Ja<\/p>\n<\/li>\n<li data-start=\"4009\" data-end=\"4036\">\n<p data-start=\"4011\" data-end=\"4036\">Mobilapp: PARDVision2<\/p>\n<\/li>\n<\/ul>\n<p data-start=\"4038\" data-end=\"4057\"><strong data-start=\"4038\" data-end=\"4055\">Str\u00f6mf\u00f6rs\u00f6rjning:<\/strong><\/p>\n<ul data-start=\"4058\" data-end=\"4178\">\n<li data-start=\"4058\" data-end=\"4096\">\n<p data-start=\"4060\" data-end=\"4096\">Batteri: 1 x 18650 Flat Top Li-ion<\/p>\n<\/li>\n<li data-start=\"4097\" data-end=\"4125\">\n<p data-start=\"4099\" data-end=\"4125\">Driftsp\u00e4nning: 3,7 V<\/p>\n<\/li>\n<li data-start=\"4126\" data-end=\"4152\">\n<p data-start=\"4128\" data-end=\"4152\">Drifttid: upp till 6 timmar<\/p>\n<\/li>\n<li data-start=\"4153\" data-end=\"4178\">\n<p data-start=\"4155\" data-end=\"4178\">Extern str\u00f6m: USB-C<\/p>\n<\/li>\n<\/ul>\n<p data-start=\"4180\" data-end=\"4212\"><strong data-start=\"4180\" data-end=\"4210\">Konstruktion &amp; dimensioner:<\/strong><\/p>\n<ul data-start=\"4213\" data-end=\"4333\">\n<li data-start=\"4213\" data-end=\"4250\">\n<p data-start=\"4215\" data-end=\"4250\">Kropp: AL6061 aluminium &amp; komposit<\/p>\n<\/li>\n<li data-start=\"4251\" data-end=\"4266\">\n<p data-start=\"4253\" data-end=\"4266\">Lins: glas<\/p>\n<\/li>\n<li data-start=\"4267\" data-end=\"4300\">\n<p data-start=\"4269\" data-end=\"4300\">M\u00e5tt: 149 x 68 x 105 mm<\/p>\n<\/li>\n<li data-start=\"4301\" data-end=\"4333\">\n<p data-start=\"4303\" data-end=\"4333\">Vikt (med batteri): 397 g<\/p>\n<\/li>\n<\/ul>\n<hr data-start=\"4335\" data-end=\"4338\">\n<h3 data-section-id=\"6dvt0y\" data-start=\"4340\" data-end=\"4402\"><strong data-start=\"4344\" data-end=\"4400\">\u00c4g m\u00f6rkret \u2013 effektivt, exakt och med stil<\/strong><\/h3>\n<p data-start=\"4403\" data-end=\"4484\"><strong data-start=\"4407\" data-end=\"4427\">PARD NV007SP2 4K<\/strong> \u00e4r ditt steg in i <strong data-start=\"4446\" data-end=\"4471\">m\u00f6rkeroptik i toppklass<\/strong>.<\/p>\n<hr data-start=\"4486\" data-end=\"4489\">\n<p data-start=\"4491\" data-end=\"4633\" data-is-last-node=\"\" data-is-only-node=\"\">L\u00e5t mig veta om du vill ha en j\u00e4mf\u00f6relsetabell med andra NV-modeller, eller om du vill att detta ska formateras f\u00f6r webben, broschyren eller ett produktblad f\u00f6r \u00e5terf\u00f6rs\u00e4ljare.<\/p>\n","protected":false},"excerpt":{"rendered":"<p>Se skarpare i m\u00f6rkret \u00e4n n\u00e5gonsin tidigare \u2013 PARD NV007SP2 4K m\u00f6rkerkikare PARD NV007SP2 4K \u00f6ppnar en ny dimension inom observation och jakt i m\u00f6rker. Denna kraftfulla, bakmonterade m\u00f6rkerkikare f\u00e4sts direkt p\u00e5 okularet p\u00e5 ett standardkikarsikte utan verktyg, och f\u00f6rvandlar det omedelbart till ett h\u00f6guppl\u00f6st digitalt m\u00f6rkerkikarsikte. Med en ny 4K-sensor, PARDs egenutvecklade VLEA-bildprocessor och [&#8230;]\n","protected":false},"featured_media":283404,"comment_status":"open","ping_status":"closed","template":"","meta":[],"product_brand":[],"product_cat":[2756],"product_tag":[],"class_list":{"0":"post-285344","1":"product","2":"type-product","3":"status-publish","4":"has-post-thumbnail","6":"product_cat-morkerseende","8":"first","9":"instock","10":"taxable","11":"shipping-taxable","12":"purchasable","13":"product-type-variable"},"composite_virtual":false,"composite_layout":"","composite_add_to_cart_form_location":"","composite_editable_in_cart":false,"composite_sold_individually_context":"","composite_shop_price_calc":"","composite_components":[],"composite_scenarios":[],"group_of_quantity":0,"min_quantity":0,"max_quantity":"","exclude_order_quantity_value_rules":"no","exclude_category_quantity_rules":"no","combine_variations":"no","exclude_global_add_ons":[],"addons":[],"_links":{"self":[{"href":"https:\/\/www.huntersfriend.eu\/sv\/wp-json\/wp\/v2\/product\/285344","targetHints":{"allow":["GET"]}}],"collection":[{"href":"https:\/\/www.huntersfriend.eu\/sv\/wp-json\/wp\/v2\/product"}],"about":[{"href":"https:\/\/www.huntersfriend.eu\/sv\/wp-json\/wp\/v2\/types\/product"}],"replies":[{"embeddable":true,"href":"https:\/\/www.huntersfriend.eu\/sv\/wp-json\/wp\/v2\/comments?post=285344"}],"wp:featuredmedia":[{"embeddable":true,"href":"https:\/\/www.huntersfriend.eu\/sv\/wp-json\/wp\/v2\/media\/283404"}],"wp:attachment":[{"href":"https:\/\/www.huntersfriend.eu\/sv\/wp-json\/wp\/v2\/media?parent=285344"}],"wp:term":[{"taxonomy":"product_brand","embeddable":true,"href":"https:\/\/www.huntersfriend.eu\/sv\/wp-json\/wp\/v2\/product_brand?post=285344"},{"taxonomy":"product_cat","embeddable":true,"href":"https:\/\/www.huntersfriend.eu\/sv\/wp-json\/wp\/v2\/product_cat?post=285344"},{"taxonomy":"product_tag","embeddable":true,"href":"https:\/\/www.huntersfriend.eu\/sv\/wp-json\/wp\/v2\/product_tag?post=285344"}],"curies":[{"name":"wp","href":"https:\/\/api.w.org\/{rel}","templated":true}]}}