{"id":285341,"date":"2025-07-29T12:43:10","date_gmt":"2025-07-29T10:43:10","guid":{"rendered":"https:\/\/www.huntersfriend.eu\/product\/pard-nv007sp2-ir-belysning\/"},"modified":"2026-03-18T22:00:52","modified_gmt":"2026-03-18T20:00:52","slug":"pard-nv007sp2-ir-belysning","status":"publish","type":"product","link":"https:\/\/www.huntersfriend.eu\/sv\/produkt\/pard-nv007sp2-ir-belysning\/","title":{"rendered":"Pard NV007SP2 IR-belysning"},"content":{"rendered":"<h2 data-section-id=\"12hr8ha\" data-start=\"116\" data-end=\"169\"><strong data-start=\"119\" data-end=\"169\">PARD IR-belysning \u2013 kompatibel med NV007SP2<\/strong><\/h2>\n<p data-start=\"171\" data-end=\"687\">M\u00f6rkerseende \u00e4r bara s\u00e5 effektivt som dess belysning \u2013 och <strong data-start=\"235\" data-end=\"275\">PARD IR1 940 nm infrar\u00f6d belysning<\/strong> lyfter din NV007SP2:s prestanda till n\u00e4sta niv\u00e5. Detta exakt konstruerade IR-ljus f\u00f6rb\u00e4ttrar din synlighet \u00e4ven i totalt m\u00f6rker, utan att avge ett synligt sken som kan avsl\u00f6ja din position. Diskret, kraftfull och anv\u00e4ndarv\u00e4nlig, denna belysning \u00e4r speciellt utformad f\u00f6r <strong data-start=\"564\" data-end=\"611\">s\u00f6ml\u00f6s integrering med PARD NV007SP2<\/strong> m\u00f6rkerseendeadapter, men \u00e4r ocks\u00e5 kompatibel med andra IR-kapabla enheter.  <\/p>\n<hr data-start=\"689\" data-end=\"692\">\n<h3 data-section-id=\"1s1yvt8\" data-start=\"694\" data-end=\"715\"><strong data-start=\"698\" data-end=\"715\">Huvudfunktioner:<\/strong><\/h3>\n<ul data-start=\"717\" data-end=\"1124\">\n<li data-start=\"717\" data-end=\"836\">\n<p data-start=\"719\" data-end=\"836\">V\u00e4lj mellan <strong data-start=\"734\" data-end=\"769\">850 nm (ljusare, mer synlig)<\/strong> eller <strong data-start=\"773\" data-end=\"820\">940 nm (mer smygande, f\u00f6r k\u00e4nsligt djurliv)<\/strong> IR-v\u00e5gl\u00e4ngd<\/p>\n<\/li>\n<li data-start=\"837\" data-end=\"922\">\n<p data-start=\"839\" data-end=\"922\"><strong data-start=\"839\" data-end=\"879\">Justerbart fokus och ljusstyrka<\/strong> \u2013 idealisk belysning f\u00f6r olika avst\u00e5nd<\/p>\n<\/li>\n<li data-start=\"923\" data-end=\"1007\">\n<p data-start=\"925\" data-end=\"1007\"><strong data-start=\"925\" data-end=\"965\">Full kompatibilitet med NV007SP2<\/strong> \u2013 snabb och enkel verktygsfri installation<\/p>\n<\/li>\n<li data-start=\"1008\" data-end=\"1049\">\n<p data-start=\"1010\" data-end=\"1049\"><strong data-start=\"1010\" data-end=\"1047\">Precisionsjustering och m\u00e5lriktning<\/strong><\/p>\n<\/li>\n<li data-start=\"1050\" data-end=\"1124\">\n<p data-start=\"1052\" data-end=\"1124\"><strong data-start=\"1052\" data-end=\"1079\">L\u00e4tt och kompakt<\/strong> \u2013 l\u00e4gger inte till on\u00f6dig bulk till din installation<\/p>\n<\/li>\n<\/ul>\n<hr data-start=\"1126\" data-end=\"1129\">\n<h3 data-section-id=\"6p8l3h\" data-start=\"1131\" data-end=\"1168\"><strong data-start=\"1135\" data-end=\"1166\">Smygande kraft f\u00f6r m\u00f6rkret<\/strong><\/h3>\n<p data-start=\"1169\" data-end=\"1280\"><strong data-start=\"1173\" data-end=\"1196\">PARD IR-belysning<\/strong> finns i antingen <strong data-start=\"1220\" data-end=\"1252\">850 nm eller 940 nm v\u00e5gl\u00e4ngder<\/strong>, beroende p\u00e5 dina behov.<\/p>\n<ul data-start=\"1281\" data-end=\"1520\">\n<li data-start=\"1281\" data-end=\"1406\">\n<p data-start=\"1283\" data-end=\"1406\"><strong data-start=\"1283\" data-end=\"1293\">850 nm<\/strong>: Ljusare och l\u00e4ngre r\u00e4ckvidd, idealisk f\u00f6r milj\u00f6er med naturlig ljusabsorption eller observation p\u00e5 l\u00e5nga avst\u00e5nd.<\/p>\n<\/li>\n<li data-start=\"1407\" data-end=\"1520\">\n<p data-start=\"1409\" data-end=\"1520\"><strong data-start=\"1409\" data-end=\"1419\">940 nm<\/strong>: Mindre synlig f\u00f6r det m\u00e4nskliga \u00f6gat och djur \u2013 perfekt f\u00f6r jakt p\u00e5 skygga arter som vildsvin.<\/p>\n<\/li>\n<\/ul>\n<p data-start=\"1522\" data-end=\"1636\">B\u00e5da v\u00e5gl\u00e4ngderna \u00e4r l\u00e4mpliga f\u00f6r standard skjut- och observationsavst\u00e5nd och erbjuder utm\u00e4rkt scenbelysning.<\/p>\n<hr data-start=\"1638\" data-end=\"1641\">\n<h3 data-section-id=\"lpfa17\" data-start=\"1643\" data-end=\"1703\"><strong data-start=\"1647\" data-end=\"1701\">Kontrollera ljuset \u2013 justerbar str\u00e5le och ljusstyrka<\/strong><\/h3>\n<p data-start=\"1704\" data-end=\"2052\">IR-ljusets str\u00e5le \u00e4r <strong data-start=\"1732\" data-end=\"1746\">justerbar<\/strong>, vilket g\u00f6r att du kan v\u00e4xla mellan en <strong data-start=\"1781\" data-end=\"1800\">bred str\u00e5lkastare<\/strong> eller en <strong data-start=\"1806\" data-end=\"1832\">smal l\u00e5ngdistansstr\u00e5le<\/strong>, beroende p\u00e5 situationen.<br data-start=\"1861\" data-end=\"1864\">Tre niv\u00e5er av ljusstyrkekontroll l\u00e5ter dig <strong data-start=\"1904\" data-end=\"1925\">optimera kontrasten<\/strong> utan att \u00f6verexponera bilden, och <strong data-start=\"1962\" data-end=\"1986\">finjusterad justering<\/strong> s\u00e4kerst\u00e4ller att IR-str\u00e5len exakt matchar din optiks synf\u00e4lt.<\/p>\n<hr data-start=\"2054\" data-end=\"2057\">\n<h3 data-section-id=\"1sh1a56\" data-start=\"2059\" data-end=\"2103\"><strong data-start=\"2063\" data-end=\"2101\">T\u00e5lig design &amp; L\u00e5ng batteritid<\/strong><\/h3>\n<p data-start=\"2104\" data-end=\"2447\">Tillverkad av l\u00e4tt men \u00e4nd\u00e5 t\u00e5lig <strong data-start=\"2138\" data-end=\"2150\">aluminium<\/strong>, IR-modulen v\u00e4ger bara cirka <strong data-start=\"2184\" data-end=\"2196\">10 gram<\/strong> och monteras direkt p\u00e5 <strong data-start=\"2224\" data-end=\"2236\">NV007SP2<\/strong>-enheten utan verktyg.<br data-start=\"2258\" data-end=\"2261\">Drivs av <strong data-start=\"2276\" data-end=\"2314\">samma 18650 Flat Top Li-ion-batteri<\/strong> som anv\u00e4nds i huvudenheten, IR-belysningen erbjuder en <strong data-start=\"2368\" data-end=\"2392\">drifttid p\u00e5 3\u20136 timmar<\/strong>, beroende p\u00e5 ljusstyrka och omgivningsf\u00f6rh\u00e5llanden.<\/p>\n<hr data-start=\"2449\" data-end=\"2452\">\n<h3 data-section-id=\"1j5ft35\" data-start=\"2454\" data-end=\"2487\"><strong data-start=\"2458\" data-end=\"2487\">Tekniska specifikationer:<\/strong><\/h3>\n<ul data-start=\"2489\" data-end=\"2919\">\n<li data-start=\"2489\" data-end=\"2536\">\n<p data-start=\"2491\" data-end=\"2536\"><strong data-start=\"2491\" data-end=\"2506\">V\u00e5gl\u00e4ngd:<\/strong> Valbar 850 nm eller 940 nm<\/p>\n<\/li>\n<li data-start=\"2537\" data-end=\"2593\">\n<p data-start=\"2539\" data-end=\"2593\"><strong data-start=\"2539\" data-end=\"2557\">Kompatibilitet:<\/strong> PARD NV007SP2 m\u00f6rkerseendeenhet<\/p>\n<\/li>\n<li data-start=\"2594\" data-end=\"2628\">\n<p data-start=\"2596\" data-end=\"2628\"><strong data-start=\"2596\" data-end=\"2622\">Justering av str\u00e5lfokus:<\/strong> Ja<\/p>\n<\/li>\n<li data-start=\"2629\" data-end=\"2668\">\n<p data-start=\"2631\" data-end=\"2668\"><strong data-start=\"2631\" data-end=\"2657\">Ljusstyrkejustering:<\/strong> 3 niv\u00e5er<\/p>\n<\/li>\n<li data-start=\"2669\" data-end=\"2750\">\n<p data-start=\"2671\" data-end=\"2750\"><strong data-start=\"2671\" data-end=\"2688\">Str\u00f6mk\u00e4lla:<\/strong> 1 x 18650 Flat Top Li-ion-batteri (3,7 V), fr\u00e5n v\u00e4rdenheten<\/p>\n<\/li>\n<li data-start=\"2751\" data-end=\"2812\">\n<p data-start=\"2753\" data-end=\"2812\"><strong data-start=\"2753\" data-end=\"2770\">Batteritid:<\/strong> Upp till 3\u20136 timmar beroende p\u00e5 ljusstyrka<\/p>\n<\/li>\n<li data-start=\"2813\" data-end=\"2851\">\n<p data-start=\"2815\" data-end=\"2851\"><strong data-start=\"2815\" data-end=\"2832\">Konstruktion:<\/strong> Aluminiumh\u00f6lje<\/p>\n<\/li>\n<li data-start=\"2852\" data-end=\"2919\">\n<p data-start=\"2854\" data-end=\"2919\"><strong data-start=\"2854\" data-end=\"2867\">Montering:<\/strong> Direkt anslutning till NV007SP2 \u2013 inga verktyg kr\u00e4vs<\/p>\n<\/li>\n<\/ul>\n<hr data-start=\"2921\" data-end=\"2924\">\n<p data-start=\"2926\" data-end=\"3059\"><strong data-start=\"2926\" data-end=\"3059\">F\u00f6rb\u00e4ttra din NV007SP2:s synlighet, kontroll och smygf\u00f6rm\u00e5ga med PARD IR1-belysningen \u2013 precisionsbelysning n\u00e4r det \u00e4r som viktigast.<\/strong><\/p>\n","protected":false},"excerpt":{"rendered":"<p>PARD IR-belysning \u2013 kompatibel med NV007SP2 M\u00f6rkerseende \u00e4r bara s\u00e5 effektivt som dess belysning \u2013 och PARD IR1 940 nm infrar\u00f6d belysning lyfter din NV007SP2:s prestanda till n\u00e4sta niv\u00e5. Detta exakt konstruerade IR-ljus f\u00f6rb\u00e4ttrar din synlighet \u00e4ven i totalt m\u00f6rker, utan att avge ett synligt sken som kan avsl\u00f6ja din position. Diskret, kraftfull och anv\u00e4ndarv\u00e4nlig, [&#8230;]\n","protected":false},"featured_media":283423,"comment_status":"open","ping_status":"closed","template":"","meta":[],"product_brand":[],"product_cat":[2756,2524],"product_tag":[],"class_list":{"0":"post-285341","1":"product","2":"type-product","3":"status-publish","4":"has-post-thumbnail","6":"product_cat-morkerseende","7":"product_cat-optiktillbehor","9":"first","10":"instock","11":"taxable","12":"shipping-taxable","13":"purchasable","14":"product-type-variable"},"composite_virtual":false,"composite_layout":"","composite_add_to_cart_form_location":"","composite_editable_in_cart":false,"composite_sold_individually_context":"","composite_shop_price_calc":"","composite_components":[],"composite_scenarios":[],"group_of_quantity":0,"min_quantity":0,"max_quantity":"","exclude_order_quantity_value_rules":"no","exclude_category_quantity_rules":"no","combine_variations":"no","exclude_global_add_ons":[],"addons":[],"_links":{"self":[{"href":"https:\/\/www.huntersfriend.eu\/sv\/wp-json\/wp\/v2\/product\/285341","targetHints":{"allow":["GET"]}}],"collection":[{"href":"https:\/\/www.huntersfriend.eu\/sv\/wp-json\/wp\/v2\/product"}],"about":[{"href":"https:\/\/www.huntersfriend.eu\/sv\/wp-json\/wp\/v2\/types\/product"}],"replies":[{"embeddable":true,"href":"https:\/\/www.huntersfriend.eu\/sv\/wp-json\/wp\/v2\/comments?post=285341"}],"wp:featuredmedia":[{"embeddable":true,"href":"https:\/\/www.huntersfriend.eu\/sv\/wp-json\/wp\/v2\/media\/283423"}],"wp:attachment":[{"href":"https:\/\/www.huntersfriend.eu\/sv\/wp-json\/wp\/v2\/media?parent=285341"}],"wp:term":[{"taxonomy":"product_brand","embeddable":true,"href":"https:\/\/www.huntersfriend.eu\/sv\/wp-json\/wp\/v2\/product_brand?post=285341"},{"taxonomy":"product_cat","embeddable":true,"href":"https:\/\/www.huntersfriend.eu\/sv\/wp-json\/wp\/v2\/product_cat?post=285341"},{"taxonomy":"product_tag","embeddable":true,"href":"https:\/\/www.huntersfriend.eu\/sv\/wp-json\/wp\/v2\/product_tag?post=285341"}],"curies":[{"name":"wp","href":"https:\/\/api.w.org\/{rel}","templated":true}]}}