{"id":285335,"date":"2025-07-30T11:10:31","date_gmt":"2025-07-30T09:10:31","guid":{"rendered":"https:\/\/www.huntersfriend.eu\/product\/armytek-elf-c2-usb-c-2\/"},"modified":"2026-02-25T10:38:06","modified_gmt":"2026-02-25T08:38:06","slug":"armytek-elf-c2-usb-c-2","status":"publish","type":"product","link":"https:\/\/www.huntersfriend.eu\/sv\/produkt\/armytek-elf-c2-usb-c-2\/","title":{"rendered":"Armytek elf C2 USB-c"},"content":{"rendered":"<h3 data-start=\"92\" data-end=\"153\"><strong data-start=\"96\" data-end=\"153\">Armytek elf C2 (USB-c) \u2013 kraftfull multifunktionslampa<\/strong><\/h3>\n<p data-start=\"155\" data-end=\"404\">Liten men m\u00e4ktig \u2013 <strong data-start=\"178\" data-end=\"194\">Elf C2 USB-C<\/strong> \u00e4r en 4-i-1-ficklampa som kombinerar en <strong data-start=\"234\" data-end=\"255\">kraftfull pannlampa<\/strong>, <strong data-start=\"257\" data-end=\"277\">EDC-ficklampa<\/strong>, <strong data-start=\"279\" data-end=\"293\">cykellampa<\/strong> och <strong data-start=\"299\" data-end=\"313\">bordslampa<\/strong>. Den \u00e4r byggd f\u00f6r aktiv anv\u00e4ndning \u2013 oavsett om det \u00e4r p\u00e5 utomhus\u00e4ventyr, p\u00e5 arbetsplatser eller f\u00f6r hemmabruk. <\/p>\n<hr data-start=\"406\" data-end=\"409\">\n<h3 data-start=\"411\" data-end=\"460\"><strong data-start=\"415\" data-end=\"460\">Varf\u00f6r \u00e4r elf C2 (vit) ett smart val?<\/strong><\/h3>\n<ul data-start=\"462\" data-end=\"1126\">\n<li data-start=\"462\" data-end=\"600\">\n<p data-start=\"464\" data-end=\"600\"><strong data-start=\"464\" data-end=\"486\">Upp till 1 100 lumen<\/strong> ljusstyrka med en r\u00e4ckvidd p\u00e5 upp till 105 meter \u2013 starkt och brett ljus f\u00f6r utomhusaktiviteter och arbetsuppgifter.<\/p>\n<\/li>\n<li data-start=\"601\" data-end=\"719\">\n<p data-start=\"603\" data-end=\"719\"><strong data-start=\"603\" data-end=\"639\">Stabil, rostfri USB-C-laddning<\/strong> m\u00f6jligg\u00f6r direkt anv\u00e4ndning som lampa fr\u00e5n en str\u00f6mk\u00e4lla \u2013 \u00e4ven <strong data-start=\"695\" data-end=\"716\">utan batteri<\/strong>.<\/p>\n<\/li>\n<li data-start=\"720\" data-end=\"808\">\n<p data-start=\"722\" data-end=\"808\"><strong data-start=\"722\" data-end=\"741\">Inbyggd magnet<\/strong>, st\u00e5lkl\u00e4mma och huvudband ger m\u00e5ngsidig och bekv\u00e4m anv\u00e4ndning.<\/p>\n<\/li>\n<li data-start=\"809\" data-end=\"939\">\n<p data-start=\"811\" data-end=\"939\"><strong data-start=\"811\" data-end=\"864\">Smart v\u00e4rmereglering och h\u00e5llbar konstruktion<\/strong> \u2013 en aluminiumkropp som t\u00e5l st\u00f6tar, vatten och damm (IP68-klassad).<\/p>\n<\/li>\n<li data-start=\"940\" data-end=\"1045\">\n<p data-start=\"942\" data-end=\"1045\"><strong data-start=\"942\" data-end=\"987\">200 dagars drifttid vid minimal ljusstyrka<\/strong> \u2013 p\u00e5litlig \u00e4ven som n\u00f6dlampa eller energisparlampa.<\/p>\n<\/li>\n<li data-start=\"1046\" data-end=\"1126\">\n<p data-start=\"1048\" data-end=\"1126\"><strong data-start=\"1048\" data-end=\"1082\">L\u00e5ng garanti \u2013 upp till 10 \u00e5r<\/strong>, ett bevis p\u00e5 dess kvalitet och h\u00e5llbarhet.<\/p>\n<\/li>\n<\/ul>\n<hr data-start=\"1128\" data-end=\"1131\">\n<h3 data-start=\"1133\" data-end=\"1186\"><strong data-start=\"1137\" data-end=\"1186\">Armytek elf C2 warm \u2013 mjukt, varmvitt ljus<\/strong><\/h3>\n<p data-start=\"1188\" data-end=\"1397\"><strong data-start=\"1192\" data-end=\"1207\">Elf C2 Warm<\/strong> har samma kraftfulla och m\u00e5ngsidiga design som Elf C2 White, men med en <strong data-start=\"1288\" data-end=\"1307\">varm ljusnyans<\/strong> \u2013 perfekt f\u00f6r dig som vill ha ett mjukare och behagligare ljus f\u00f6r inom- och utomhusbruk.<\/p>\n<h4 data-start=\"1399\" data-end=\"1435\"><strong data-start=\"1404\" data-end=\"1435\">Varf\u00f6r v\u00e4lja elf C2 warm?<\/strong><\/h4>\n<ul data-start=\"1437\" data-end=\"1716\">\n<li data-start=\"1437\" data-end=\"1545\">\n<p data-start=\"1439\" data-end=\"1545\">Varm ljusnyans (~3000 K) \u00e4r <strong data-start=\"1468\" data-end=\"1490\">skonsammare f\u00f6r \u00f6gonen<\/strong>, perfekt f\u00f6r hemmet, camping eller milj\u00f6er med svagt ljus.<\/p>\n<\/li>\n<li data-start=\"1546\" data-end=\"1605\">\n<p data-start=\"1548\" data-end=\"1605\">Ger fortfarande starka <strong data-start=\"1572\" data-end=\"1588\">1 023 lumen<\/strong> i en varm nyans.<\/p>\n<\/li>\n<li data-start=\"1606\" data-end=\"1716\">\n<p data-start=\"1608\" data-end=\"1716\">\u00d6vriga funktioner \u00e4r identiska: USB-C-laddning, lampl\u00e4ge, magnetisk bas, IP68-konstruktion och l\u00e5ng drifttid.<\/p>\n<\/li>\n<\/ul>\n<hr data-start=\"1718\" data-end=\"1721\">\n<h3 data-start=\"1723\" data-end=\"1763\"><strong data-start=\"1727\" data-end=\"1763\">Tekniska specifikationer (vit)<\/strong><\/h3>\n<div class=\"_tableContainer_16hzy_1\">\n<div class=\"_tableWrapper_16hzy_14 group flex w-fit flex-col-reverse\" tabindex=\"-1\">\n<table class=\"w-fit min-w-(--thread-content-width)\" data-start=\"1765\" data-end=\"2319\">\n<thead data-start=\"1765\" data-end=\"1796\">\n<tr data-start=\"1765\" data-end=\"1796\">\n<th data-start=\"1765\" data-end=\"1785\" data-col-size=\"sm\">Funktion<\/th>\n<th data-start=\"1785\" data-end=\"1796\" data-col-size=\"md\">Detaljer<\/th>\n<\/tr>\n<\/thead>\n<tbody data-start=\"1828\" data-end=\"2319\">\n<tr data-start=\"1828\" data-end=\"1890\">\n<td data-start=\"1828\" data-end=\"1848\" data-col-size=\"sm\"><strong data-start=\"1830\" data-end=\"1844\">Ljusstyrka<\/strong><\/td>\n<td data-col-size=\"md\" data-start=\"1848\" data-end=\"1890\">1 100 lm (max), 200 dagar (i minl\u00e4ge)<\/td>\n<\/tr>\n<tr data-start=\"1891\" data-end=\"1920\">\n<td data-start=\"1891\" data-end=\"1911\" data-col-size=\"sm\"><strong data-start=\"1893\" data-end=\"1910\">R\u00e4ckvidd<\/strong><\/td>\n<td data-col-size=\"md\" data-start=\"1911\" data-end=\"1920\">105 m<\/td>\n<\/tr>\n<tr data-start=\"1921\" data-end=\"1975\">\n<td data-start=\"1921\" data-end=\"1941\" data-col-size=\"sm\"><strong data-start=\"1923\" data-end=\"1934\">Batteri<\/strong><\/td>\n<td data-col-size=\"md\" data-start=\"1941\" data-end=\"1975\">1 \u00d7 18650-batteri (ing\u00e5r ej)<\/td>\n<\/tr>\n<tr data-start=\"1976\" data-end=\"2041\">\n<td data-start=\"1976\" data-end=\"1996\" data-col-size=\"sm\"><strong data-start=\"1978\" data-end=\"1990\">Laddning<\/strong><\/td>\n<td data-col-size=\"md\" data-start=\"1996\" data-end=\"2041\">USB-C, kan anv\u00e4ndas som lampa utan batteri<\/td>\n<\/tr>\n<tr data-start=\"2042\" data-end=\"2112\">\n<td data-start=\"2042\" data-end=\"2062\" data-col-size=\"sm\"><strong data-start=\"2044\" data-end=\"2053\">L\u00e4gen<\/strong><\/td>\n<td data-col-size=\"md\" data-start=\"2062\" data-end=\"2112\">6 ljusstyrkeniv\u00e5er, smart temperaturkontroll<\/td>\n<\/tr>\n<tr data-start=\"2113\" data-end=\"2184\">\n<td data-start=\"2113\" data-end=\"2133\" data-col-size=\"sm\"><strong data-start=\"2115\" data-end=\"2131\">Konstruktion<\/strong><\/td>\n<td data-col-size=\"md\" data-start=\"2133\" data-end=\"2184\">Flygplansaluminium, IP68 (10 m neds\u00e4nkning\/fall)<\/td>\n<\/tr>\n<tr data-start=\"2185\" data-end=\"2243\">\n<td data-start=\"2185\" data-end=\"2205\" data-col-size=\"sm\"><strong data-start=\"2187\" data-end=\"2204\">Storlek &amp; vikt<\/strong><\/td>\n<td data-col-size=\"md\" data-start=\"2205\" data-end=\"2243\">111\u2013122 mm, 65 g (utan batteri)<\/td>\n<\/tr>\n<tr data-start=\"2244\" data-end=\"2280\">\n<td data-start=\"2244\" data-end=\"2264\" data-col-size=\"sm\"><strong data-start=\"2246\" data-end=\"2264\">Drifttemperatur<\/strong><\/td>\n<td data-col-size=\"md\" data-start=\"2264\" data-end=\"2280\">\u201325 \u2026 +40 \u00b0C<\/td>\n<\/tr>\n<tr data-start=\"2281\" data-end=\"2319\">\n<td data-start=\"2281\" data-end=\"2301\" data-col-size=\"sm\"><strong data-start=\"2283\" data-end=\"2295\">Garanti<\/strong><\/td>\n<td data-col-size=\"md\" data-start=\"2301\" data-end=\"2319\">Upp till 10 \u00e5r<\/td>\n<\/tr>\n<\/tbody>\n<\/table>\n<div class=\"sticky end-(--thread-content-margin) h-0 self-end select-none\">\n<div class=\"absolute end-0 flex items-end\"><\/div>\n<\/div>\n<\/div>\n<\/div>\n<hr data-start=\"2321\" data-end=\"2324\">\n<h3 data-start=\"2326\" data-end=\"2365\"><strong data-start=\"2330\" data-end=\"2365\">Tekniska specifikationer (varm)<\/strong><\/h3>\n<div class=\"_tableContainer_16hzy_1\">\n<div class=\"_tableWrapper_16hzy_14 group flex w-fit flex-col-reverse\" tabindex=\"-1\">\n<table class=\"w-fit min-w-(--thread-content-width)\" data-start=\"2367\" data-end=\"2800\">\n<thead data-start=\"2367\" data-end=\"2398\">\n<tr data-start=\"2367\" data-end=\"2398\">\n<th data-start=\"2367\" data-end=\"2387\" data-col-size=\"sm\">Funktion<\/th>\n<th data-start=\"2387\" data-end=\"2398\" data-col-size=\"sm\">Detaljer<\/th>\n<\/tr>\n<\/thead>\n<tbody data-start=\"2430\" data-end=\"2800\">\n<tr data-start=\"2430\" data-end=\"2473\">\n<td data-start=\"2430\" data-end=\"2450\" data-col-size=\"sm\"><strong data-start=\"2432\" data-end=\"2446\">Ljusstyrka<\/strong><\/td>\n<td data-col-size=\"sm\" data-start=\"2450\" data-end=\"2473\">1 023 lm, varm ton<\/td>\n<\/tr>\n<tr data-start=\"2474\" data-end=\"2503\">\n<td data-start=\"2474\" data-end=\"2494\" data-col-size=\"sm\"><strong data-start=\"2476\" data-end=\"2493\">R\u00e4ckvidd<\/strong><\/td>\n<td data-col-size=\"sm\" data-start=\"2494\" data-end=\"2503\">104 m<\/td>\n<\/tr>\n<tr data-start=\"2504\" data-end=\"2567\">\n<td data-start=\"2504\" data-end=\"2524\" data-col-size=\"sm\"><strong data-start=\"2506\" data-end=\"2518\">Laddning<\/strong><\/td>\n<td data-col-size=\"sm\" data-start=\"2524\" data-end=\"2567\">USB-C, lampl\u00e4ge kan anv\u00e4ndas utan batteri<\/td>\n<\/tr>\n<tr data-start=\"2568\" data-end=\"2619\">\n<td data-start=\"2568\" data-end=\"2588\" data-col-size=\"sm\"><strong data-start=\"2570\" data-end=\"2579\">L\u00e4gen<\/strong><\/td>\n<td data-col-size=\"sm\" data-start=\"2588\" data-end=\"2619\">Samma som USB-C White-versionen<\/td>\n<\/tr>\n<tr data-start=\"2620\" data-end=\"2668\">\n<td data-start=\"2620\" data-end=\"2640\" data-col-size=\"sm\"><strong data-start=\"2622\" data-end=\"2638\">Konstruktion<\/strong><\/td>\n<td data-col-size=\"sm\" data-start=\"2640\" data-end=\"2668\">Flygplansaluminium, IP68<\/td>\n<\/tr>\n<tr data-start=\"2669\" data-end=\"2724\">\n<td data-start=\"2669\" data-end=\"2689\" data-col-size=\"sm\"><strong data-start=\"2671\" data-end=\"2688\">Storlek &amp; vikt<\/strong><\/td>\n<td data-col-size=\"sm\" data-start=\"2689\" data-end=\"2724\">~111 mm, 65 g (utan batteri)<\/td>\n<\/tr>\n<tr data-start=\"2725\" data-end=\"2761\">\n<td data-start=\"2725\" data-end=\"2745\" data-col-size=\"sm\"><strong data-start=\"2727\" data-end=\"2745\">Drifttemperatur<\/strong><\/td>\n<td data-col-size=\"sm\" data-start=\"2745\" data-end=\"2761\">\u201325 \u2026 +40 \u00b0C<\/td>\n<\/tr>\n<tr data-start=\"2762\" data-end=\"2800\">\n<td data-start=\"2762\" data-end=\"2782\" data-col-size=\"sm\"><strong data-start=\"2764\" data-end=\"2776\">Garanti<\/strong><\/td>\n<td data-col-size=\"sm\" data-start=\"2782\" data-end=\"2800\">Upp till 10 \u00e5r<\/td>\n<\/tr>\n<\/tbody>\n<\/table>\n<div class=\"sticky end-(--thread-content-margin) h-0 self-end select-none\">\n<div class=\"absolute end-0 flex items-end\"><\/div>\n<\/div>\n<\/div>\n<\/div>\n<hr data-start=\"2802\" data-end=\"2805\">\n<h3 data-start=\"2807\" data-end=\"2824\"><strong data-start=\"2811\" data-end=\"2824\">Anv\u00e4ndningsomr\u00e5den<\/strong><\/h3>\n<ul data-start=\"2826\" data-end=\"3044\">\n<li data-start=\"2826\" data-end=\"2913\">\n<p data-start=\"2828\" data-end=\"2913\"><strong data-start=\"2828\" data-end=\"2883\">Pannlampa, cykellampa, EDC-ficklampa och lampl\u00e4ge<\/strong> \u2013 allt i en kompakt enhet<\/p>\n<\/li>\n<li data-start=\"2914\" data-end=\"2978\">\n<p data-start=\"2916\" data-end=\"2978\"><strong data-start=\"2916\" data-end=\"2934\">USB-C-laddning<\/strong> g\u00f6r att du kan ladda fr\u00e5n vilken modern laddare som helst<\/p>\n<\/li>\n<li data-start=\"2979\" data-end=\"3044\">\n<p data-start=\"2981\" data-end=\"3044\"><strong data-start=\"2981\" data-end=\"3007\">Magnetisk bas och kl\u00e4mma<\/strong> g\u00f6r den perfekt f\u00f6r handsfree-anv\u00e4ndning<\/p>\n<\/li>\n<\/ul>\n<hr data-start=\"3046\" data-end=\"3049\">\n<p data-start=\"3051\" data-end=\"3237\">V\u00e4lj <strong data-start=\"3058\" data-end=\"3074\">Elf C2 USB-C<\/strong> f\u00f6r ljusstyrka och m\u00e5ngsidighet, eller <strong data-start=\"3110\" data-end=\"3125\">Elf C2 Warm<\/strong> f\u00f6r ett mjukare, varmare ljus \u2013 b\u00e5da erbjuder <strong data-start=\"3167\" data-end=\"3215\">kvalitet, h\u00e5llbarhet och multifunktionalitet<\/strong> i ett kompakt format.<\/p>\n<hr data-start=\"3239\" data-end=\"3242\">\n<h3 data-start=\"3244\" data-end=\"3292\"><strong data-start=\"3248\" data-end=\"3292\">Armytek elf C2 USB-c \u2013 vad finns i f\u00f6rpackningen<\/strong><\/h3>\n<ul data-start=\"3294\" data-end=\"3665\">\n<li data-start=\"3294\" data-end=\"3386\">\n<p data-start=\"3296\" data-end=\"3386\">Armytek Elf C2-ficklampa (USB-C), aluminiumkropp med magnet, st\u00e5lkl\u00e4mma och huvudband<\/p>\n<\/li>\n<li data-start=\"3387\" data-end=\"3410\">\n<p data-start=\"3389\" data-end=\"3410\"><strong data-start=\"3389\" data-end=\"3408\">Huvudbandsf\u00e4ste<\/strong><\/p>\n<\/li>\n<li data-start=\"3411\" data-end=\"3451\">\n<p data-start=\"3413\" data-end=\"3451\"><strong data-start=\"3413\" data-end=\"3449\">Ficka\/b\u00e4lteskl\u00e4mma i rostfritt st\u00e5l<\/strong><\/p>\n<\/li>\n<li data-start=\"3452\" data-end=\"3504\">\n<p data-start=\"3454\" data-end=\"3504\"><strong data-start=\"3454\" data-end=\"3474\">Neodymiummagnet<\/strong>, avtagbar fr\u00e5n bakstycket<\/p>\n<\/li>\n<li data-start=\"3505\" data-end=\"3533\">\n<p data-start=\"3507\" data-end=\"3533\"><strong data-start=\"3507\" data-end=\"3531\">USB-C-laddningskabel<\/strong><\/p>\n<\/li>\n<li data-start=\"3534\" data-end=\"3596\">\n<p data-start=\"3536\" data-end=\"3596\"><strong data-start=\"3536\" data-end=\"3564\">18650-batteri (3200 mAh)<\/strong> \u2013 ing\u00e5r i b\u00e5da versionerna<\/p>\n<\/li>\n<li data-start=\"3597\" data-end=\"3620\">\n<p data-start=\"3599\" data-end=\"3620\"><strong data-start=\"3599\" data-end=\"3618\">2 extra O-ringar<\/strong><\/p>\n<\/li>\n<li data-start=\"3621\" data-end=\"3647\">\n<p data-start=\"3623\" data-end=\"3647\"><strong data-start=\"3623\" data-end=\"3645\">Handleds-\/nackrem<\/strong><\/p>\n<\/li>\n<li data-start=\"3648\" data-end=\"3665\">\n<p data-start=\"3650\" data-end=\"3665\"><strong data-start=\"3650\" data-end=\"3665\">Anv\u00e4ndarmanual<\/strong><\/p>\n<\/li>\n<\/ul>\n","protected":false},"excerpt":{"rendered":"<p>Armytek elf C2 (USB-c) \u2013 kraftfull multifunktionslampa Liten men m\u00e4ktig \u2013 Elf C2 USB-C \u00e4r en 4-i-1-ficklampa som kombinerar en kraftfull pannlampa, EDC-ficklampa, cykellampa och bordslampa. Den \u00e4r byggd f\u00f6r aktiv anv\u00e4ndning \u2013 oavsett om det \u00e4r p\u00e5 utomhus\u00e4ventyr, p\u00e5 arbetsplatser eller f\u00f6r hemmabruk. Varf\u00f6r \u00e4r elf C2 (vit) ett smart val? Upp till 1 [&#8230;]\n","protected":false},"featured_media":283537,"comment_status":"open","ping_status":"closed","template":"","meta":[],"product_brand":[],"product_cat":[2525],"product_tag":[],"class_list":{"0":"post-285335","1":"product","2":"type-product","3":"status-publish","4":"has-post-thumbnail","6":"product_cat-jaktlampor","8":"first","9":"instock","10":"taxable","11":"shipping-taxable","12":"purchasable","13":"product-type-variable"},"composite_virtual":false,"composite_layout":"","composite_add_to_cart_form_location":"","composite_editable_in_cart":false,"composite_sold_individually_context":"","composite_shop_price_calc":"","composite_components":[],"composite_scenarios":[],"group_of_quantity":0,"min_quantity":0,"max_quantity":"","exclude_order_quantity_value_rules":"no","exclude_category_quantity_rules":"no","combine_variations":"no","exclude_global_add_ons":[],"addons":[],"_links":{"self":[{"href":"https:\/\/www.huntersfriend.eu\/sv\/wp-json\/wp\/v2\/product\/285335","targetHints":{"allow":["GET"]}}],"collection":[{"href":"https:\/\/www.huntersfriend.eu\/sv\/wp-json\/wp\/v2\/product"}],"about":[{"href":"https:\/\/www.huntersfriend.eu\/sv\/wp-json\/wp\/v2\/types\/product"}],"replies":[{"embeddable":true,"href":"https:\/\/www.huntersfriend.eu\/sv\/wp-json\/wp\/v2\/comments?post=285335"}],"wp:featuredmedia":[{"embeddable":true,"href":"https:\/\/www.huntersfriend.eu\/sv\/wp-json\/wp\/v2\/media\/283537"}],"wp:attachment":[{"href":"https:\/\/www.huntersfriend.eu\/sv\/wp-json\/wp\/v2\/media?parent=285335"}],"wp:term":[{"taxonomy":"product_brand","embeddable":true,"href":"https:\/\/www.huntersfriend.eu\/sv\/wp-json\/wp\/v2\/product_brand?post=285335"},{"taxonomy":"product_cat","embeddable":true,"href":"https:\/\/www.huntersfriend.eu\/sv\/wp-json\/wp\/v2\/product_cat?post=285335"},{"taxonomy":"product_tag","embeddable":true,"href":"https:\/\/www.huntersfriend.eu\/sv\/wp-json\/wp\/v2\/product_tag?post=285335"}],"curies":[{"name":"wp","href":"https:\/\/api.w.org\/{rel}","templated":true}]}}