{"id":285329,"date":"2025-07-29T12:25:46","date_gmt":"2025-07-29T10:25:46","guid":{"rendered":"https:\/\/www.huntersfriend.eu\/product\/pard-night-stalker-ir-modul\/"},"modified":"2026-04-07T13:41:20","modified_gmt":"2026-04-07T11:41:20","slug":"pard-night-stalker-ir-modul","status":"publish","type":"product","link":"https:\/\/www.huntersfriend.eu\/sv\/produkt\/pard-night-stalker-ir-modul\/","title":{"rendered":"Pard night stalker IR-modul"},"content":{"rendered":"<h2 data-section-id=\"oxdmny\" data-start=\"103\" data-end=\"162\"><strong data-start=\"106\" data-end=\"160\">Kraft genom m\u00f6rkret \u2013 precision i varje skott<\/strong><\/h2>\n<p data-start=\"163\" data-end=\"442\"><strong data-start=\"167\" data-end=\"199\">PARD Night Stalker IR-modulen<\/strong> \u00e4r en h\u00f6gpresterande kombination av en <strong data-start=\"240\" data-end=\"264\">infrar\u00f6d illuminator<\/strong> och en <strong data-start=\"271\" data-end=\"300\">precis laseravst\u00e5ndsm\u00e4tare<\/strong>, speciellt utformad f\u00f6r s\u00f6ml\u00f6s integration med <strong data-start=\"358\" data-end=\"387\">PARD Night Stalker 4K Pro<\/strong> och <strong data-start=\"392\" data-end=\"420\">PARD Night Stalker 4K eX<\/strong> m\u00f6rkerseende enheter.<\/p>\n<p data-start=\"444\" data-end=\"597\">Detta intelligenta tillbeh\u00f6r lyfter enhetens prestanda till en ny niv\u00e5 \u2013 oavsett om du jagar, utf\u00f6r \u00f6vervakning eller \u00e4r p\u00e5 skjutbanan.<\/p>\n<p data-start=\"599\" data-end=\"1065\"><strong data-start=\"603\" data-end=\"630\">Night Stalker IR-modulen<\/strong> har ett kraftfullt infrar\u00f6tt ljus i antingen <strong data-start=\"676\" data-end=\"686\">850 nm<\/strong> (h\u00f6g prestanda) eller <strong data-start=\"709\" data-end=\"719\">940 nm<\/strong> (osynligt f\u00f6r djur och m\u00e4nniskor) v\u00e5gl\u00e4ngd, tillsammans med en <strong data-start=\"779\" data-end=\"800\">laseravst\u00e5ndsm\u00e4tare<\/strong> med upp till <strong data-start=\"812\" data-end=\"827\">1200 meter<\/strong> m\u00e4tavst\u00e5nd. Resultatet \u00e4r f\u00f6rb\u00e4ttrad bildkvalitet, st\u00f6rre precisionsnoggrannhet och tillf\u00f6rlitlig avst\u00e5ndsm\u00e4tning under alla ljusf\u00f6rh\u00e5llanden. Modulen monteras direkt p\u00e5 ditt sikte \u2013 <strong data-start=\"1020\" data-end=\"1064\">inga extra kablar eller konfigurationer beh\u00f6vs<\/strong>.  <\/p>\n<hr data-start=\"1067\" data-end=\"1070\">\n<h3 data-section-id=\"pm8yra\" data-start=\"1072\" data-end=\"1092\"><strong data-start=\"1076\" data-end=\"1092\">Viktiga funktioner<\/strong><\/h3>\n<ul data-start=\"1094\" data-end=\"1603\">\n<li data-start=\"1094\" data-end=\"1176\">\n<p data-start=\"1096\" data-end=\"1176\"><strong data-start=\"1096\" data-end=\"1116\">2-i-1-l\u00f6sning:<\/strong> Kombinerar IR-illuminator och laseravst\u00e5ndsm\u00e4tare i en enhet<\/p>\n<\/li>\n<li data-start=\"1177\" data-end=\"1260\">\n<p data-start=\"1179\" data-end=\"1260\"><strong data-start=\"1179\" data-end=\"1194\">Kompatibel:<\/strong> Speciellt utformad f\u00f6r Night Stalker 4K Pro- och 4K eX-modeller<\/p>\n<\/li>\n<li data-start=\"1261\" data-end=\"1332\">\n<p data-start=\"1263\" data-end=\"1332\"><strong data-start=\"1263\" data-end=\"1278\">L\u00e5ng r\u00e4ckvidd:<\/strong> Noggrann avst\u00e5ndsm\u00e4tning upp till <strong data-start=\"1315\" data-end=\"1330\">1200 meter<\/strong><\/p>\n<\/li>\n<li data-start=\"1333\" data-end=\"1416\">\n<p data-start=\"1335\" data-end=\"1416\"><strong data-start=\"1335\" data-end=\"1353\">IR-v\u00e5gl\u00e4ngd:<\/strong> Valbar <strong data-start=\"1365\" data-end=\"1375\">850 nm<\/strong> (stark str\u00e5le) eller <strong data-start=\"1393\" data-end=\"1403\">940 nm<\/strong> (diskret)<\/p>\n<\/li>\n<li data-start=\"1417\" data-end=\"1505\">\n<p data-start=\"1419\" data-end=\"1505\"><strong data-start=\"1419\" data-end=\"1449\">Snabb och enkel installation:<\/strong> Montering direkt p\u00e5 siktet \u2013 <strong data-start=\"1481\" data-end=\"1503\">inga kablar kr\u00e4vs<\/strong><\/p>\n<\/li>\n<li data-start=\"1506\" data-end=\"1603\">\n<p data-start=\"1508\" data-end=\"1603\"><strong data-start=\"1508\" data-end=\"1526\">Anv\u00e4ndarv\u00e4nlig:<\/strong> Styrs direkt via kikarsiktets meny eller via den anslutna appen<\/p>\n<\/li>\n<\/ul>\n<hr data-start=\"1605\" data-end=\"1608\">\n<h3 data-section-id=\"1uy3wzy\" data-start=\"1610\" data-end=\"1636\"><strong data-start=\"1614\" data-end=\"1634\">Vem \u00e4r detta f\u00f6r?<\/strong><\/h3>\n<p data-start=\"1637\" data-end=\"1938\"><strong data-start=\"1641\" data-end=\"1673\">PARD Night Stalker IR-modulen<\/strong> \u00e4r det perfekta till\u00e4gget f\u00f6r <strong data-start=\"1700\" data-end=\"1711\">j\u00e4gare<\/strong>, <strong data-start=\"1713\" data-end=\"1734\">taktiska skyttar<\/strong> och <strong data-start=\"1740\" data-end=\"1766\">s\u00e4kerhetspersonal<\/strong> som vill f\u00f6rb\u00e4ttra sikten i totalt m\u00f6rker och s\u00e4kerst\u00e4lla noggrann avst\u00e5ndsbed\u00f6mning. Det f\u00f6rvandlar ditt Night Stalker-sikte till ett \u00e4nnu kraftfullare och intelligent system. <\/p>\n<hr data-start=\"1940\" data-end=\"1943\">\n<h3 data-section-id=\"gqkziz\" data-start=\"1945\" data-end=\"1977\"><strong data-start=\"1949\" data-end=\"1977\">Tekniska specifikationer<\/strong><\/h3>\n<ul data-start=\"1979\" data-end=\"2311\">\n<li data-start=\"1979\" data-end=\"2037\">\n<p data-start=\"1981\" data-end=\"2037\"><strong data-start=\"1981\" data-end=\"1990\">Typ:<\/strong> Infrar\u00f6d LED-illuminator + laseravst\u00e5ndsm\u00e4tare<\/p>\n<\/li>\n<li data-start=\"2038\" data-end=\"2078\">\n<p data-start=\"2040\" data-end=\"2078\"><strong data-start=\"2040\" data-end=\"2059\">IR-v\u00e5gl\u00e4ngder:<\/strong> 850 nm eller 940 nm<\/p>\n<\/li>\n<li data-start=\"2079\" data-end=\"2121\">\n<p data-start=\"2081\" data-end=\"2121\"><strong data-start=\"2081\" data-end=\"2106\">Avst\u00e5ndsm\u00e4tarens avst\u00e5nd:<\/strong> Upp till 1200 m<\/p>\n<\/li>\n<li data-start=\"2122\" data-end=\"2180\">\n<p data-start=\"2124\" data-end=\"2180\"><strong data-start=\"2124\" data-end=\"2142\">Kompatibilitet:<\/strong> PARD Night Stalker 4K Pro och 4K eX<\/p>\n<\/li>\n<li data-start=\"2181\" data-end=\"2263\">\n<p data-start=\"2183\" data-end=\"2263\"><strong data-start=\"2183\" data-end=\"2200\">Str\u00f6mf\u00f6rs\u00f6rjning:<\/strong> Drivs direkt av kikarsiktet \u2013 <strong data-start=\"2238\" data-end=\"2261\">inget separat batteri<\/strong><\/p>\n<\/li>\n<li data-start=\"2264\" data-end=\"2311\">\n<p data-start=\"2266\" data-end=\"2311\"><strong data-start=\"2266\" data-end=\"2283\">Installation:<\/strong> Verktygsfri modulmontering<\/p>\n<\/li>\n<\/ul>\n<hr data-start=\"2313\" data-end=\"2316\">\n<h3 data-section-id=\"12cbl1o\" data-start=\"2318\" data-end=\"2380\"><strong data-start=\"2322\" data-end=\"2378\">G\u00f6r ditt sikte smartare, ljusare och mer exakt<\/strong><\/h3>\n<p data-start=\"2381\" data-end=\"2484\"><strong data-start=\"2385\" data-end=\"2417\">PARD Night Stalker IR-modulen<\/strong> \u00e4r tillbeh\u00f6ret som g\u00f6r skillnad \u2013 <strong data-start=\"2459\" data-end=\"2483\">n\u00e4r det g\u00e4ller som mest<\/strong>.<\/p>\n","protected":false},"excerpt":{"rendered":"<p>Kraft genom m\u00f6rkret \u2013 precision i varje skott PARD Night Stalker IR-modulen \u00e4r en h\u00f6gpresterande kombination av en infrar\u00f6d illuminator och en precis laseravst\u00e5ndsm\u00e4tare, speciellt utformad f\u00f6r s\u00f6ml\u00f6s integration med PARD Night Stalker 4K Pro och PARD Night Stalker 4K eX m\u00f6rkerseende enheter. Detta intelligenta tillbeh\u00f6r lyfter enhetens prestanda till en ny niv\u00e5 \u2013 oavsett [&#8230;]\n","protected":false},"featured_media":283385,"comment_status":"open","ping_status":"closed","template":"","meta":[],"product_brand":[],"product_cat":[2756,2524],"product_tag":[],"class_list":{"0":"post-285329","1":"product","2":"type-product","3":"status-publish","4":"has-post-thumbnail","6":"product_cat-morkerseende","7":"product_cat-optiktillbehor","9":"first","10":"instock","11":"taxable","12":"shipping-taxable","13":"purchasable","14":"product-type-variable"},"composite_virtual":false,"composite_layout":"","composite_add_to_cart_form_location":"","composite_editable_in_cart":false,"composite_sold_individually_context":"","composite_shop_price_calc":"","composite_components":[],"composite_scenarios":[],"group_of_quantity":0,"min_quantity":0,"max_quantity":"","exclude_order_quantity_value_rules":"no","exclude_category_quantity_rules":"no","combine_variations":"no","exclude_global_add_ons":[],"addons":[],"_links":{"self":[{"href":"https:\/\/www.huntersfriend.eu\/sv\/wp-json\/wp\/v2\/product\/285329","targetHints":{"allow":["GET"]}}],"collection":[{"href":"https:\/\/www.huntersfriend.eu\/sv\/wp-json\/wp\/v2\/product"}],"about":[{"href":"https:\/\/www.huntersfriend.eu\/sv\/wp-json\/wp\/v2\/types\/product"}],"replies":[{"embeddable":true,"href":"https:\/\/www.huntersfriend.eu\/sv\/wp-json\/wp\/v2\/comments?post=285329"}],"wp:featuredmedia":[{"embeddable":true,"href":"https:\/\/www.huntersfriend.eu\/sv\/wp-json\/wp\/v2\/media\/283385"}],"wp:attachment":[{"href":"https:\/\/www.huntersfriend.eu\/sv\/wp-json\/wp\/v2\/media?parent=285329"}],"wp:term":[{"taxonomy":"product_brand","embeddable":true,"href":"https:\/\/www.huntersfriend.eu\/sv\/wp-json\/wp\/v2\/product_brand?post=285329"},{"taxonomy":"product_cat","embeddable":true,"href":"https:\/\/www.huntersfriend.eu\/sv\/wp-json\/wp\/v2\/product_cat?post=285329"},{"taxonomy":"product_tag","embeddable":true,"href":"https:\/\/www.huntersfriend.eu\/sv\/wp-json\/wp\/v2\/product_tag?post=285329"}],"curies":[{"name":"wp","href":"https:\/\/api.w.org\/{rel}","templated":true}]}}