{"id":285328,"date":"2025-07-29T12:45:33","date_gmt":"2025-07-29T10:45:33","guid":{"rendered":"https:\/\/www.huntersfriend.eu\/product\/huntworth-bruggen-tungviktsmossa\/"},"modified":"2025-08-26T07:57:17","modified_gmt":"2025-08-26T05:57:17","slug":"huntworth-bruggen-tungviktsmossa","status":"publish","type":"product","link":"https:\/\/www.huntersfriend.eu\/sv\/produkt\/huntworth-bruggen-tungviktsmossa\/","title":{"rendered":"Huntworth Bruggen tungviktsm\u00f6ssa"},"content":{"rendered":"<p><strong>Bruggen tungviktsm\u00f6ssa f\u00f6r m\u00e4n i Vertek-camo \u00e4r byggd f\u00f6r en sak: \u00f6verl\u00e4gsen v\u00e4rme.<\/strong><\/p>\n<p>Bruggen har en softshell-konstruktion och anv\u00e4nder Heat Boost sherpa-fleece p\u00e5 insidan som \u00e4r infunderad med grafen \u2013 det tunnaste och mest ledande materialet som n\u00e5gonsin anv\u00e4nts f\u00f6r att h\u00e5lla dig varm. Grafen tar din kroppsv\u00e4rme och omger dig med otrolig v\u00e4rme utan att l\u00e4gga till n\u00e5gon bulk. <\/p>\n<p>Med flatlocks\u00f6mmar f\u00f6r en formpassad k\u00e4nsla och en DWR-ytterbehandling f\u00f6r att st\u00f6ta bort sn\u00f6 och l\u00e4tt fukt, kan detta vara den varmaste \u2013 och mest bekv\u00e4ma \u2013 m\u00f6ssan du n\u00e5gonsin har \u00e4gt.<\/p>\n<div class=\"header\">Funktioner:<\/div>\n<div><\/div>\n<div class=\"even\"><strong>Yttermaterial:<\/strong> Dubbelt lager tyg best\u00e5ende av 4-v\u00e4gs stretch persika stickad polyester bunden till Heat Boost\u2122 grafen sherpa<\/div>\n<div class=\"odd\"><strong>Heat Boost\u2122 grafenteknik:<\/strong> En serie f\u00f6rb\u00e4ttrade tyger som \u00e4r superladdade med grafens v\u00e4rmeledningsf\u00f6rm\u00e5ga, fukttransporterande och doftkontrollerande egenskaper<\/div>\n<div class=\"even\"><strong>DWR: <\/strong>Durable Water Repellant (DWR) finish p\u00e5 tygets yta avvisar fukt och l\u00e4tt sn\u00f6<\/div>\n","protected":false},"excerpt":{"rendered":"<p>Bruggen tungviktsm\u00f6ssa f\u00f6r m\u00e4n i Vertek-camo \u00e4r byggd f\u00f6r en sak: \u00f6verl\u00e4gsen v\u00e4rme. Bruggen har en softshell-konstruktion och anv\u00e4nder Heat Boost sherpa-fleece p\u00e5 insidan som \u00e4r infunderad med grafen \u2013 det tunnaste och mest ledande materialet som n\u00e5gonsin anv\u00e4nts f\u00f6r att h\u00e5lla dig varm. Grafen tar din kroppsv\u00e4rme och omger dig med otrolig v\u00e4rme utan [&#8230;]\n","protected":false},"featured_media":284304,"comment_status":"open","ping_status":"closed","template":"","meta":[],"product_brand":[],"product_cat":[2716],"product_tag":[],"class_list":{"0":"post-285328","1":"product","2":"type-product","3":"status-publish","4":"has-post-thumbnail","6":"product_cat-hattar-och-huvudbonader","8":"first","9":"instock","10":"taxable","11":"shipping-taxable","12":"purchasable","13":"product-type-variable"},"composite_virtual":false,"composite_layout":"","composite_add_to_cart_form_location":"","composite_editable_in_cart":false,"composite_sold_individually_context":"","composite_shop_price_calc":"","composite_components":[],"composite_scenarios":[],"group_of_quantity":0,"min_quantity":0,"max_quantity":"","exclude_order_quantity_value_rules":"no","exclude_category_quantity_rules":"no","combine_variations":"no","exclude_global_add_ons":[],"addons":[],"_links":{"self":[{"href":"https:\/\/www.huntersfriend.eu\/sv\/wp-json\/wp\/v2\/product\/285328","targetHints":{"allow":["GET"]}}],"collection":[{"href":"https:\/\/www.huntersfriend.eu\/sv\/wp-json\/wp\/v2\/product"}],"about":[{"href":"https:\/\/www.huntersfriend.eu\/sv\/wp-json\/wp\/v2\/types\/product"}],"replies":[{"embeddable":true,"href":"https:\/\/www.huntersfriend.eu\/sv\/wp-json\/wp\/v2\/comments?post=285328"}],"wp:featuredmedia":[{"embeddable":true,"href":"https:\/\/www.huntersfriend.eu\/sv\/wp-json\/wp\/v2\/media\/284304"}],"wp:attachment":[{"href":"https:\/\/www.huntersfriend.eu\/sv\/wp-json\/wp\/v2\/media?parent=285328"}],"wp:term":[{"taxonomy":"product_brand","embeddable":true,"href":"https:\/\/www.huntersfriend.eu\/sv\/wp-json\/wp\/v2\/product_brand?post=285328"},{"taxonomy":"product_cat","embeddable":true,"href":"https:\/\/www.huntersfriend.eu\/sv\/wp-json\/wp\/v2\/product_cat?post=285328"},{"taxonomy":"product_tag","embeddable":true,"href":"https:\/\/www.huntersfriend.eu\/sv\/wp-json\/wp\/v2\/product_tag?post=285328"}],"curies":[{"name":"wp","href":"https:\/\/api.w.org\/{rel}","templated":true}]}}