{"id":285325,"date":"2025-07-31T11:29:41","date_gmt":"2025-07-31T09:29:41","guid":{"rendered":"https:\/\/www.huntersfriend.eu\/product\/alperna-bergsklattring-fritidsstol\/"},"modified":"2025-08-26T07:56:51","modified_gmt":"2025-08-26T05:56:51","slug":"alperna-bergsklattring-fritidsstol","status":"publish","type":"product","link":"https:\/\/www.huntersfriend.eu\/sv\/produkt\/alperna-bergsklattring-fritidsstol\/","title":{"rendered":"Alperna bergskl\u00e4ttring fritidsstol"},"content":{"rendered":"<p>Fritidsstolen \u00e4r den perfekta kompakta hopf\u00e4llbara stolen som \u00e4r utformad f\u00f6r att komplettera dina stunder av avkoppling och utomhus\u00e4ventyr! Tillverkad med en robust pulverlackerad st\u00e5lram som klarar upp till 136 kg, \u00e4r den h\u00e4r stolen din perfekta f\u00f6ljeslagare. Designen inkluderar en mittdel i mesh som h\u00e5ller dig sval under varma och fuktiga dagar. Som ett resultat kan du h\u00e5lla dig bekv\u00e4m i alla v\u00e4der med denna utomhusstol i mesh. Den medf\u00f6ljande b\u00e4rv\u00e4skan g\u00f6r den h\u00e4r stolen kompakt och enkel att ta med dig till alla dina evenemang.    <\/p>\n<ul>\n<li>Kompakt hopf\u00e4llbar design<\/li>\n<li>600D polyester med f\u00f6rst\u00e4rkt TechMesh-mitt<\/li>\n<li>Pro-Tec pulverlackerad st\u00e5lram<\/li>\n<li>Extra stor dryckesh\u00e5llare<\/li>\n<li>Inkluderar en b\u00e4rv\u00e4ska med axelrem<\/li>\n<\/ul>\n<table>\n<tbody>\n<tr>\n<th scope=\"row\">Sittbredd<\/th>\n<td>21,5&#8243;<\/td>\n<\/tr>\n<tr>\n<th scope=\"row\">Sittdjup<\/th>\n<td>17&#8243;<\/td>\n<\/tr>\n<tr>\n<th scope=\"row\">Sitth\u00f6jd fram<\/th>\n<td>18&#8243;<\/td>\n<\/tr>\n<tr>\n<th scope=\"row\">Sitth\u00f6jd bak<\/th>\n<td>16&#8243;<\/td>\n<\/tr>\n<tr>\n<th scope=\"row\">Ryggst\u00f6dsh\u00f6jd<\/th>\n<td>24,5&#8243;<\/td>\n<\/tr>\n<tr>\n<th scope=\"row\">Packad storlek<\/th>\n<td>37&#8243; L x 9.5&#8243; W x 7&#8243; H<\/td>\n<\/tr>\n<tr>\n<th scope=\"row\">Vikt<\/th>\n<td>5,15 kg <\/td>\n<\/tr>\n<tr>\n<th scope=\"row\">Viktkapacitet<\/th>\n<td>300 lbs.<\/td>\n<\/tr>\n<\/tbody>\n<\/table>\n","protected":false},"excerpt":{"rendered":"<p>Fritidsstolen \u00e4r den perfekta kompakta hopf\u00e4llbara stolen som \u00e4r utformad f\u00f6r att komplettera dina stunder av avkoppling och utomhus\u00e4ventyr! Tillverkad med en robust pulverlackerad st\u00e5lram som klarar upp till 136 kg, \u00e4r den h\u00e4r stolen din perfekta f\u00f6ljeslagare. Designen inkluderar en mittdel i mesh som h\u00e5ller dig sval under varma och fuktiga dagar. Som ett [&#8230;]\n","protected":false},"featured_media":283826,"comment_status":"open","ping_status":"closed","template":"","meta":[],"product_brand":[],"product_cat":[2615],"product_tag":[],"class_list":{"0":"post-285325","1":"product","2":"type-product","3":"status-publish","4":"has-post-thumbnail","6":"product_cat-talt","8":"first","9":"instock","10":"sale","11":"taxable","12":"shipping-taxable","13":"purchasable","14":"product-type-variable"},"composite_virtual":false,"composite_layout":"","composite_add_to_cart_form_location":"","composite_editable_in_cart":false,"composite_sold_individually_context":"","composite_shop_price_calc":"","composite_components":[],"composite_scenarios":[],"group_of_quantity":0,"min_quantity":0,"max_quantity":"","exclude_order_quantity_value_rules":"no","exclude_category_quantity_rules":"no","combine_variations":"no","exclude_global_add_ons":[],"addons":[],"_links":{"self":[{"href":"https:\/\/www.huntersfriend.eu\/sv\/wp-json\/wp\/v2\/product\/285325","targetHints":{"allow":["GET"]}}],"collection":[{"href":"https:\/\/www.huntersfriend.eu\/sv\/wp-json\/wp\/v2\/product"}],"about":[{"href":"https:\/\/www.huntersfriend.eu\/sv\/wp-json\/wp\/v2\/types\/product"}],"replies":[{"embeddable":true,"href":"https:\/\/www.huntersfriend.eu\/sv\/wp-json\/wp\/v2\/comments?post=285325"}],"wp:featuredmedia":[{"embeddable":true,"href":"https:\/\/www.huntersfriend.eu\/sv\/wp-json\/wp\/v2\/media\/283826"}],"wp:attachment":[{"href":"https:\/\/www.huntersfriend.eu\/sv\/wp-json\/wp\/v2\/media?parent=285325"}],"wp:term":[{"taxonomy":"product_brand","embeddable":true,"href":"https:\/\/www.huntersfriend.eu\/sv\/wp-json\/wp\/v2\/product_brand?post=285325"},{"taxonomy":"product_cat","embeddable":true,"href":"https:\/\/www.huntersfriend.eu\/sv\/wp-json\/wp\/v2\/product_cat?post=285325"},{"taxonomy":"product_tag","embeddable":true,"href":"https:\/\/www.huntersfriend.eu\/sv\/wp-json\/wp\/v2\/product_tag?post=285325"}],"curies":[{"name":"wp","href":"https:\/\/api.w.org\/{rel}","templated":true}]}}