{"id":285315,"date":"2025-07-30T11:23:55","date_gmt":"2025-07-30T09:23:55","guid":{"rendered":"https:\/\/www.huntersfriend.eu\/product\/rogers-toughman-2n1-vadare-mo-habitat\/"},"modified":"2026-04-10T12:59:16","modified_gmt":"2026-04-10T10:59:16","slug":"rogers-toughman-2n1-vadare-mo-habitat","status":"publish","type":"product","link":"https:\/\/www.huntersfriend.eu\/sv\/produkt\/rogers-toughman-2n1-vadare-mo-habitat\/","title":{"rendered":"Rogers Toughman 2N1-vadare MO habitat"},"content":{"rendered":"<h1>Toughman 2-i-1 isolerade, ventilerande vadare \u2013 Mossy Oak Habitat Camo<\/h1>\n<p>Detta \u00e4r v\u00e5r b\u00e4st s\u00e4ljande vadare eftersom den erbjuder mest valuta f\u00f6r pengarna! 2-i-1-systemet g\u00f6r att du kan jaga bekv\u00e4mt hela s\u00e4songen. Ta bort isoleringsfodret f\u00f6r dina tidiga s\u00e4songsjakter och s\u00e4tt tillbaka det n\u00e4r f\u00f6rh\u00e5llandena blir kallare. Det ventilerande materialet erbjuder full r\u00f6relsefrihet och komfort. Det n\u00f6tningsbest\u00e4ndiga nylonet p\u00e5 smalben, kn\u00e4n och s\u00e4te skyddar dina vadare fr\u00e5n o\u00f6nskat slitage i f\u00e4lt. Kalla f\u00f6tter kommer att vara ett minne blott med de uppgraderade 1600 grams Thinsulate-fodrade st\u00f6vlarna. Vi \u00e4r \u00f6vertygade om att dessa kommer att bli dina n\u00e4sta favoritvadare! R\u00e5kar du ta ett f\u00f6r djupt steg och doppa dina vadare? Dra helt enkelt ut isoleringen och sl\u00e4ng den i torktumlaren p\u00e5 l\u00e4gsta v\u00e4rme.        <\/p>\n<h2>Funktioner<\/h2>\n<ul>\n<li>Justerbara axelremmar<\/li>\n<li>L\u00e5gprofils snabbsp\u00e4nnen med nyckelh\u00e5lsf\u00e4ste<\/li>\n<li>120 grams urtagbart foder<\/li>\n<li>1600 grams st\u00f6vel<\/li>\n<li>Inv\u00e4ndig vattent\u00e5lig mobilficka<\/li>\n<li>Utv\u00e4ndig fleecefodrad handv\u00e4rmare<\/li>\n<li>Utv\u00e4ndig f\u00f6rvaringsficka med dragkedja<\/li>\n<li>10 patronh\u00e5llare<\/li>\n<li>Kraftig, n\u00f6tningsbest\u00e4ndig nylon p\u00e5 smalben, kn\u00e4n och s\u00e4te<\/li>\n<li>Sidoremmar<\/li>\n<li>Dragsko upptill<\/li>\n<li>D-ringar<\/li>\n<\/ul>\n","protected":false},"excerpt":{"rendered":"<p>Toughman 2-i-1 isolerade, ventilerande vadare \u2013 Mossy Oak Habitat Camo Detta \u00e4r v\u00e5r b\u00e4st s\u00e4ljande vadare eftersom den erbjuder mest valuta f\u00f6r pengarna! 2-i-1-systemet g\u00f6r att du kan jaga bekv\u00e4mt hela s\u00e4songen. Ta bort isoleringsfodret f\u00f6r dina tidiga s\u00e4songsjakter och s\u00e4tt tillbaka det n\u00e4r f\u00f6rh\u00e5llandena blir kallare. Det ventilerande materialet erbjuder full r\u00f6relsefrihet och komfort. [&#8230;]\n","protected":false},"featured_media":284628,"comment_status":"open","ping_status":"closed","template":"","meta":[],"product_brand":[],"product_cat":[3117],"product_tag":[],"class_list":{"0":"post-285315","1":"product","2":"type-product","3":"status-publish","4":"has-post-thumbnail","6":"product_cat-vadare","7":"product_shipping_class-medium-sv","9":"first","10":"instock","11":"sale","12":"featured","13":"taxable","14":"shipping-taxable","15":"purchasable","16":"product-type-variable"},"composite_virtual":false,"composite_layout":"","composite_add_to_cart_form_location":"","composite_editable_in_cart":false,"composite_sold_individually_context":"","composite_shop_price_calc":"","composite_components":[],"composite_scenarios":[],"group_of_quantity":0,"min_quantity":0,"max_quantity":"","exclude_order_quantity_value_rules":"no","exclude_category_quantity_rules":"no","combine_variations":"no","exclude_global_add_ons":[],"addons":[],"_links":{"self":[{"href":"https:\/\/www.huntersfriend.eu\/sv\/wp-json\/wp\/v2\/product\/285315","targetHints":{"allow":["GET"]}}],"collection":[{"href":"https:\/\/www.huntersfriend.eu\/sv\/wp-json\/wp\/v2\/product"}],"about":[{"href":"https:\/\/www.huntersfriend.eu\/sv\/wp-json\/wp\/v2\/types\/product"}],"replies":[{"embeddable":true,"href":"https:\/\/www.huntersfriend.eu\/sv\/wp-json\/wp\/v2\/comments?post=285315"}],"wp:featuredmedia":[{"embeddable":true,"href":"https:\/\/www.huntersfriend.eu\/sv\/wp-json\/wp\/v2\/media\/284628"}],"wp:attachment":[{"href":"https:\/\/www.huntersfriend.eu\/sv\/wp-json\/wp\/v2\/media?parent=285315"}],"wp:term":[{"taxonomy":"product_brand","embeddable":true,"href":"https:\/\/www.huntersfriend.eu\/sv\/wp-json\/wp\/v2\/product_brand?post=285315"},{"taxonomy":"product_cat","embeddable":true,"href":"https:\/\/www.huntersfriend.eu\/sv\/wp-json\/wp\/v2\/product_cat?post=285315"},{"taxonomy":"product_tag","embeddable":true,"href":"https:\/\/www.huntersfriend.eu\/sv\/wp-json\/wp\/v2\/product_tag?post=285315"}],"curies":[{"name":"wp","href":"https:\/\/api.w.org\/{rel}","templated":true}]}}