{"id":285314,"date":"2025-07-29T12:45:34","date_gmt":"2025-07-29T10:45:34","guid":{"rendered":"https:\/\/www.huntersfriend.eu\/product\/huntworth-ames-lattviktshandskar\/"},"modified":"2025-08-26T07:56:57","modified_gmt":"2025-08-26T05:56:57","slug":"huntworth-ames-lattviktshandskar","status":"publish","type":"product","link":"https:\/\/www.huntersfriend.eu\/sv\/produkt\/huntworth-ames-lattviktshandskar\/","title":{"rendered":"Huntworth Ames l\u00e4ttviktshandskar"},"content":{"rendered":"<p><strong>Ames jaktshandskar i Vertek\u00ae camo \u00e4r gjorda av Actistretch, en 4-v\u00e4gs stretchstickad jersey som \u00e4r bunden till en l\u00e4tt fleece f\u00f6r en passform n\u00e4rmast huden.<\/strong> Halvfingerkonstruktionen p\u00e5 pek- och tumfingrarna s\u00e4kerst\u00e4ller utm\u00e4rkt k\u00e4nslighet och fingerf\u00e4rdighet.<\/p>\n<p>Behandlad f\u00f6r doftkontroll, hj\u00e4lper det inre bundna fleecefodret dig att h\u00e5lla dig ouppt\u00e4ckt i f\u00e4lt. En DWR-finish p\u00e5 det yttre materialet g\u00f6r att tyget kan avvisa l\u00e4tt fukt. Ett klibbigt silikontryck i handflatan g\u00f6r att du aldrig tappar greppet. Det \u00e4r l\u00e4tt att f\u00e5 plats med en trigger release \u00f6ver manschetten.   <\/p>\n<p>Den h\u00e4r handsken har allt &#8211; skydd, v\u00e4rme och fingertillg\u00e4nglighet f\u00f6r den viktiga \u201ck\u00e4nslan\u201d. Anv\u00e4nd n\u00e4r temperaturen sjunker under 10 grader och anv\u00e4nd tillsammans med en muff under den senare kalla s\u00e4songen. <\/p>\n<div class=\"header\">Funktioner:<\/p>\n<\/div>\n<div class=\"even\"><strong>Yttermaterial: <\/strong>Actistretch bunden till en mjuk fleece.<\/div>\n<div class=\"odd\"><strong>DWR: <\/strong>Durable Water Repellant (DWR) finish p\u00e5 tygets yta avvisar fukt och l\u00e4tt sn\u00f6<\/div>\n<div class=\"even\"><strong>Doftkontroll: <\/strong>En inv\u00e4ndig behandling p\u00e5 det bundna fleecefodret f\u00f6r doftreducering<\/div>\n<div class=\"odd\"><strong>Foder: <\/strong>ofodrad<\/div>\n<div class=\"even\"><strong>Fingrar: <\/strong>Exponerad tumme och pekfinger f\u00f6r fullst\u00e4ndig k\u00e4nslighet<\/div>\n<div class=\"odd\"><strong>Handflategrepp: <\/strong>Silikontryck i handflatan f\u00f6r f\u00f6rb\u00e4ttrat grepp<\/div>\n<div class=\"even\"><strong>Passform: <\/strong>Andra hudens passform<\/div>\n","protected":false},"excerpt":{"rendered":"<p>Ames jaktshandskar i Vertek\u00ae camo \u00e4r gjorda av Actistretch, en 4-v\u00e4gs stretchstickad jersey som \u00e4r bunden till en l\u00e4tt fleece f\u00f6r en passform n\u00e4rmast huden. Halvfingerkonstruktionen p\u00e5 pek- och tumfingrarna s\u00e4kerst\u00e4ller utm\u00e4rkt k\u00e4nslighet och fingerf\u00e4rdighet. Behandlad f\u00f6r doftkontroll, hj\u00e4lper det inre bundna fleecefodret dig att h\u00e5lla dig ouppt\u00e4ckt i f\u00e4lt. En DWR-finish p\u00e5 det yttre [&#8230;]\n","protected":false},"featured_media":284294,"comment_status":"open","ping_status":"closed","template":"","meta":[],"product_brand":[],"product_cat":[2809],"product_tag":[],"class_list":{"0":"post-285314","1":"product","2":"type-product","3":"status-publish","4":"has-post-thumbnail","6":"product_cat-handskar","8":"first","9":"instock","10":"taxable","11":"shipping-taxable","12":"purchasable","13":"product-type-variable"},"composite_virtual":false,"composite_layout":"","composite_add_to_cart_form_location":"","composite_editable_in_cart":false,"composite_sold_individually_context":"","composite_shop_price_calc":"","composite_components":[],"composite_scenarios":[],"group_of_quantity":0,"min_quantity":0,"max_quantity":"","exclude_order_quantity_value_rules":"no","exclude_category_quantity_rules":"no","combine_variations":"no","exclude_global_add_ons":[],"addons":[],"_links":{"self":[{"href":"https:\/\/www.huntersfriend.eu\/sv\/wp-json\/wp\/v2\/product\/285314","targetHints":{"allow":["GET"]}}],"collection":[{"href":"https:\/\/www.huntersfriend.eu\/sv\/wp-json\/wp\/v2\/product"}],"about":[{"href":"https:\/\/www.huntersfriend.eu\/sv\/wp-json\/wp\/v2\/types\/product"}],"replies":[{"embeddable":true,"href":"https:\/\/www.huntersfriend.eu\/sv\/wp-json\/wp\/v2\/comments?post=285314"}],"wp:featuredmedia":[{"embeddable":true,"href":"https:\/\/www.huntersfriend.eu\/sv\/wp-json\/wp\/v2\/media\/284294"}],"wp:attachment":[{"href":"https:\/\/www.huntersfriend.eu\/sv\/wp-json\/wp\/v2\/media?parent=285314"}],"wp:term":[{"taxonomy":"product_brand","embeddable":true,"href":"https:\/\/www.huntersfriend.eu\/sv\/wp-json\/wp\/v2\/product_brand?post=285314"},{"taxonomy":"product_cat","embeddable":true,"href":"https:\/\/www.huntersfriend.eu\/sv\/wp-json\/wp\/v2\/product_cat?post=285314"},{"taxonomy":"product_tag","embeddable":true,"href":"https:\/\/www.huntersfriend.eu\/sv\/wp-json\/wp\/v2\/product_tag?post=285314"}],"curies":[{"name":"wp","href":"https:\/\/api.w.org\/{rel}","templated":true}]}}