{"id":285313,"date":"2025-07-29T12:45:34","date_gmt":"2025-07-29T10:45:34","guid":{"rendered":"https:\/\/www.huntersfriend.eu\/product\/huntworth-bard-mellanvikt-mossa\/"},"modified":"2025-08-26T07:56:57","modified_gmt":"2025-08-26T05:56:57","slug":"huntworth-bard-mellanvikt-mossa","status":"publish","type":"product","link":"https:\/\/www.huntersfriend.eu\/sv\/produkt\/huntworth-bard-mellanvikt-mossa\/","title":{"rendered":"Huntworth Bard mellanvikt m\u00f6ssa"},"content":{"rendered":"<p><strong>Bard-mellanviktsm\u00f6ssan i Vertek\u00ae med rutn\u00e4tsfleecefoder \u00e4r designad f\u00f6r svalare jakter under mellans\u00e4songen.<\/strong> Vertek\u00ae camo-jaktm\u00f6ssan \u00e4r tillverkad med ett hybrid kamouflagem\u00f6nster och \u00e4r konstruerad med en tyst stretch-prestandafleece i kronan och en vindt\u00e4t stretchpolyester i \u00f6ronbandet. En DWR-finish g\u00f6r att tyget st\u00f6ter bort l\u00e4tt fukt. Det inre bundna rutn\u00e4tsfleecefodret \u00e4r behandlat f\u00f6r doftkontroll och hj\u00e4lper till att h\u00e5lla dig ouppt\u00e4ckt i f\u00e4lt.  <\/p>\n<p>Ett mjukt rutn\u00e4tsfleecefoder t\u00e4cker ditt huvud och dina \u00f6ron och ger v\u00e4rme med minimal bulk. Det vindt\u00e4ta bandet skyddar sidorna och baksidan av huvudet fr\u00e5n kyliga vindar. Vi har panelerat in prestandafleece p\u00e5 framsidan av v\u00e4rmen f\u00f6r att s\u00e4kerst\u00e4lla en str\u00f6mlinjeformad, bekv\u00e4m passform.  <\/p>\n<p>H\u00e5ll kylan ute \u2013 Vertek\u00ae-m\u00f6nsterm\u00f6ssan ger den v\u00e4rme och komfort som beh\u00f6vs f\u00f6r att hantera under svalare jakter.<\/p>\n<div class=\"header\">Funktioner:<\/p>\n<\/div>\n<div class=\"even\"><strong>Yttermaterial: <\/strong>Kronan \u00e4r gjord av sl\u00e4t 4-v\u00e4gs stretchfleece. \u00d6ronbandet \u00e4r texturerad stretchpolyester bunden till vindt\u00e4t film <\/div>\n<div class=\"odd\"><strong>DWR: <\/strong>Slitstark vattenavvisande (DWR) finish st\u00f6ter bort fukt och l\u00e4tt sn\u00f6<\/div>\n<div class=\"even\"><strong>Foder: <\/strong>Helfodrad med mjuk rutn\u00e4tsfleece<\/div>\n<div class=\"odd\"><strong>Doftkontroll: <\/strong>En inv\u00e4ndig behandling p\u00e5 rutn\u00e4tsfleecefodret f\u00f6r doftreducering<\/div>\n","protected":false},"excerpt":{"rendered":"<p>Bard-mellanviktsm\u00f6ssan i Vertek\u00ae med rutn\u00e4tsfleecefoder \u00e4r designad f\u00f6r svalare jakter under mellans\u00e4songen. Vertek\u00ae camo-jaktm\u00f6ssan \u00e4r tillverkad med ett hybrid kamouflagem\u00f6nster och \u00e4r konstruerad med en tyst stretch-prestandafleece i kronan och en vindt\u00e4t stretchpolyester i \u00f6ronbandet. En DWR-finish g\u00f6r att tyget st\u00f6ter bort l\u00e4tt fukt. Det inre bundna rutn\u00e4tsfleecefodret \u00e4r behandlat f\u00f6r doftkontroll och hj\u00e4lper till [&#8230;]\n","protected":false},"featured_media":284281,"comment_status":"open","ping_status":"closed","template":"","meta":[],"product_brand":[],"product_cat":[2716],"product_tag":[],"class_list":{"0":"post-285313","1":"product","2":"type-product","3":"status-publish","4":"has-post-thumbnail","6":"product_cat-hattar-och-huvudbonader","8":"first","9":"instock","10":"taxable","11":"shipping-taxable","12":"purchasable","13":"product-type-variable"},"composite_virtual":false,"composite_layout":"","composite_add_to_cart_form_location":"","composite_editable_in_cart":false,"composite_sold_individually_context":"","composite_shop_price_calc":"","composite_components":[],"composite_scenarios":[],"group_of_quantity":0,"min_quantity":0,"max_quantity":"","exclude_order_quantity_value_rules":"no","exclude_category_quantity_rules":"no","combine_variations":"no","exclude_global_add_ons":[],"addons":[],"_links":{"self":[{"href":"https:\/\/www.huntersfriend.eu\/sv\/wp-json\/wp\/v2\/product\/285313","targetHints":{"allow":["GET"]}}],"collection":[{"href":"https:\/\/www.huntersfriend.eu\/sv\/wp-json\/wp\/v2\/product"}],"about":[{"href":"https:\/\/www.huntersfriend.eu\/sv\/wp-json\/wp\/v2\/types\/product"}],"replies":[{"embeddable":true,"href":"https:\/\/www.huntersfriend.eu\/sv\/wp-json\/wp\/v2\/comments?post=285313"}],"wp:featuredmedia":[{"embeddable":true,"href":"https:\/\/www.huntersfriend.eu\/sv\/wp-json\/wp\/v2\/media\/284281"}],"wp:attachment":[{"href":"https:\/\/www.huntersfriend.eu\/sv\/wp-json\/wp\/v2\/media?parent=285313"}],"wp:term":[{"taxonomy":"product_brand","embeddable":true,"href":"https:\/\/www.huntersfriend.eu\/sv\/wp-json\/wp\/v2\/product_brand?post=285313"},{"taxonomy":"product_cat","embeddable":true,"href":"https:\/\/www.huntersfriend.eu\/sv\/wp-json\/wp\/v2\/product_cat?post=285313"},{"taxonomy":"product_tag","embeddable":true,"href":"https:\/\/www.huntersfriend.eu\/sv\/wp-json\/wp\/v2\/product_tag?post=285313"}],"curies":[{"name":"wp","href":"https:\/\/api.w.org\/{rel}","templated":true}]}}