{"id":285307,"date":"2025-07-31T11:22:17","date_gmt":"2025-07-31T09:22:17","guid":{"rendered":"https:\/\/www.huntersfriend.eu\/product\/alperna-bergsklattring-helix-talt\/"},"modified":"2025-08-26T07:56:18","modified_gmt":"2025-08-26T05:56:18","slug":"alperna-bergsklattring-helix-talt","status":"publish","type":"product","link":"https:\/\/www.huntersfriend.eu\/sv\/produkt\/alperna-bergsklattring-helix-talt\/","title":{"rendered":"Alperna bergskl\u00e4ttring helix t\u00e4lt"},"content":{"rendered":"<p>Helix-t\u00e4ltet \u00e4r perfekt f\u00f6r alla n\u00e4tter p\u00e5 vandringsleden. Den ultral\u00e4tta 20D ripstop nylonv\u00e4ven i yttert\u00e4ltet och golvet balanserar h\u00e5llbarhet och vikt samtidigt som den bibeh\u00e5ller \u00f6verl\u00e4gsen vattent\u00e4thet f\u00f6r att s\u00e4kerst\u00e4lla att du h\u00e5ller dig torr \u00e4ven i de v\u00e5taste f\u00f6rh\u00e5llanden. Den unika designen med tre st\u00e4nger ger extra takh\u00f6jd s\u00e5 att du kan sitta upp utan att k\u00e4nna dig tr\u00e5ngbodd. Yttert\u00e4ltet f\u00e4sts p\u00e5 t\u00e4ltet med robusta och l\u00e4tta aluminiumdetaljer som ger en stark anslutning f\u00f6r att s\u00e4kerst\u00e4lla att yttert\u00e4ltet f\u00f6rblir sp\u00e4nt oavsett vad. Med utm\u00e4rkt ventilation, ultral\u00e4tta material och robusta aluminiumst\u00e4nger \u00e4r Helix redo f\u00f6r alla \u00e4ventyr.    <\/p>\n<div class=\"list-heading\">T\u00e4ltfunktioner<\/div>\n<ul>\n<li>Frist\u00e5ende ram med 3 st\u00e4nger och 7000-serie aluminiumst\u00e4nger<\/li>\n<li>Enkel montering med l\u00e4tta aluminiumdetaljer och st\u00e5ngkl\u00e4mmor som snabbt sn\u00e4pps fast \u00f6ver t\u00e4ltst\u00e4ngerna<\/li>\n<li>20D 380T nylon ripstop yttert\u00e4lt med 2000 mm silikon\/pu-bel\u00e4ggning motst\u00e5r UV-skador och h\u00e5ller sig sp\u00e4nt<\/li>\n<li>20D 380T nylon ripstop golv med 3000 mm silikon\/pu-bel\u00e4ggning<\/li>\n<li>Fabriksf\u00f6rseglade s\u00f6mmar i yttert\u00e4lt och golv ger b\u00e4sta v\u00e4derskydd<\/li>\n<li>Full t\u00e4ckning av duken ger maximalt skydd<\/li>\n<li>Extra f\u00e4stpunkter p\u00e5 yttert\u00e4ltet f\u00f6r att stabilisera t\u00e4ltet i d\u00e5ligt v\u00e4der<\/li>\n<li>F\u00f6rt\u00e4lt f\u00f6r f\u00f6rvaring av utrustning och extra v\u00e4derskydd<\/li>\n<li>V\u00e4dert\u00e5ligt yttert\u00e4lt f\u00e4st i h\u00f6rnen f\u00f6r maximal justerbarhet och skydd<\/li>\n<li>Fullst\u00e4ndiga n\u00e4tv\u00e4ggar ger \u00f6kad ventilation<\/li>\n<li>F\u00f6rvaringsfickor i n\u00e4t, 7075 aluminiumpinnar och t\u00e4ltlinor ing\u00e5r<\/li>\n<\/ul>\n<table>\n<tbody>\n<tr>\n<th colspan=\"2\" scope=\"col\">Helix 1 t\u00e4lt<\/th>\n<\/tr>\n<tr>\n<th scope=\"row\">Basstorlek<\/th>\n<td>7&#8242; L x 2&#8217;11&#8221; W<\/td>\n<\/tr>\n<tr>\n<th scope=\"row\">Mittenh\u00f6jd<\/th>\n<td>3&#8217;1&#8243;<\/td>\n<\/tr>\n<tr>\n<th scope=\"row\">F\u00f6rt\u00e4ltsdjup<\/th>\n<td>1&#8217;11&#8221;<\/td>\n<\/tr>\n<tr>\n<th scope=\"row\">T\u00e4ltomr\u00e5de<\/th>\n<td>20 ft\u00b2<\/td>\n<\/tr>\n<tr>\n<th scope=\"row\">F\u00f6rt\u00e4ltsomr\u00e5de<\/th>\n<td>8 ft\u00b2<\/td>\n<\/tr>\n<tr>\n<th scope=\"row\">Minsta vikt<\/th>\n<td>2 lbs. 14 oz. <\/td>\n<\/tr>\n<tr>\n<th scope=\"row\">Total vikt<\/th>\n<td>3 lbs. 3 oz. <\/td>\n<\/tr>\n<tr>\n<th scope=\"row\">Packad storlek<\/th>\n<td>1&#8217;5 \u201cL x 5\u201d D<\/td>\n<\/tr>\n<tr>\n<th scope=\"row\">St\u00e5ngdiameter<\/th>\n<td>8.5mm AL<\/td>\n<\/tr>\n<\/tbody>\n<\/table>\n<p>&nbsp;<\/p>\n<table>\n<tbody>\n<tr>\n<th colspan=\"2\" scope=\"col\">Helix 2 t\u00e4lt<\/th>\n<\/tr>\n<tr>\n<th scope=\"row\">Basstorlek<\/th>\n<td>7&#8242; L x 4&#8217;6&#8243; W<\/td>\n<\/tr>\n<tr>\n<th scope=\"row\">Mittenh\u00f6jd<\/th>\n<td>3&#8217;5&#8243;<\/td>\n<\/tr>\n<tr>\n<th scope=\"row\">F\u00f6rt\u00e4ltsdjup<\/th>\n<td>2&#8217;3&#8243;<\/td>\n<\/tr>\n<tr>\n<th scope=\"row\">T\u00e4ltomr\u00e5de<\/th>\n<td>31.5 ft\u00b2<\/td>\n<\/tr>\n<tr>\n<th scope=\"row\">F\u00f6rt\u00e4ltsomr\u00e5de<\/th>\n<td>16 ft\u00b2<\/td>\n<\/tr>\n<tr>\n<th scope=\"row\">Minsta vikt<\/th>\n<td>3 lbs. 12 oz. <\/td>\n<\/tr>\n<tr>\n<th scope=\"row\">Total vikt<\/th>\n<td>4 lbs. 2 oz. <\/td>\n<\/tr>\n<tr>\n<th scope=\"row\">Packad storlek<\/th>\n<td>1&#8217;6 \u201cL x 6\u201d D<\/td>\n<\/tr>\n<tr>\n<th scope=\"row\">St\u00e5ngdiameter<\/th>\n<td>8.5mm AL<\/td>\n<\/tr>\n<\/tbody>\n<\/table>\n","protected":false},"excerpt":{"rendered":"<p>Helix-t\u00e4ltet \u00e4r perfekt f\u00f6r alla n\u00e4tter p\u00e5 vandringsleden. Den ultral\u00e4tta 20D ripstop nylonv\u00e4ven i yttert\u00e4ltet och golvet balanserar h\u00e5llbarhet och vikt samtidigt som den bibeh\u00e5ller \u00f6verl\u00e4gsen vattent\u00e4thet f\u00f6r att s\u00e4kerst\u00e4lla att du h\u00e5ller dig torr \u00e4ven i de v\u00e5taste f\u00f6rh\u00e5llanden. Den unika designen med tre st\u00e4nger ger extra takh\u00f6jd s\u00e5 att du kan sitta upp [&#8230;]\n","protected":false},"featured_media":283792,"comment_status":"open","ping_status":"closed","template":"","meta":[],"product_brand":[],"product_cat":[2615],"product_tag":[],"class_list":{"0":"post-285307","1":"product","2":"type-product","3":"status-publish","4":"has-post-thumbnail","6":"product_cat-talt","8":"first","9":"instock","10":"taxable","11":"shipping-taxable","12":"purchasable","13":"product-type-variable"},"composite_virtual":false,"composite_layout":"","composite_add_to_cart_form_location":"","composite_editable_in_cart":false,"composite_sold_individually_context":"","composite_shop_price_calc":"","composite_components":[],"composite_scenarios":[],"group_of_quantity":0,"min_quantity":0,"max_quantity":"","exclude_order_quantity_value_rules":"no","exclude_category_quantity_rules":"no","combine_variations":"no","exclude_global_add_ons":[],"addons":[],"_links":{"self":[{"href":"https:\/\/www.huntersfriend.eu\/sv\/wp-json\/wp\/v2\/product\/285307","targetHints":{"allow":["GET"]}}],"collection":[{"href":"https:\/\/www.huntersfriend.eu\/sv\/wp-json\/wp\/v2\/product"}],"about":[{"href":"https:\/\/www.huntersfriend.eu\/sv\/wp-json\/wp\/v2\/types\/product"}],"replies":[{"embeddable":true,"href":"https:\/\/www.huntersfriend.eu\/sv\/wp-json\/wp\/v2\/comments?post=285307"}],"wp:featuredmedia":[{"embeddable":true,"href":"https:\/\/www.huntersfriend.eu\/sv\/wp-json\/wp\/v2\/media\/283792"}],"wp:attachment":[{"href":"https:\/\/www.huntersfriend.eu\/sv\/wp-json\/wp\/v2\/media?parent=285307"}],"wp:term":[{"taxonomy":"product_brand","embeddable":true,"href":"https:\/\/www.huntersfriend.eu\/sv\/wp-json\/wp\/v2\/product_brand?post=285307"},{"taxonomy":"product_cat","embeddable":true,"href":"https:\/\/www.huntersfriend.eu\/sv\/wp-json\/wp\/v2\/product_cat?post=285307"},{"taxonomy":"product_tag","embeddable":true,"href":"https:\/\/www.huntersfriend.eu\/sv\/wp-json\/wp\/v2\/product_tag?post=285307"}],"curies":[{"name":"wp","href":"https:\/\/api.w.org\/{rel}","templated":true}]}}