{"id":285304,"date":"2025-07-30T12:31:41","date_gmt":"2025-07-30T10:31:41","guid":{"rendered":"https:\/\/www.huntersfriend.eu\/product\/alperna-bergsklattring-kaos-talt\/"},"modified":"2025-08-26T07:55:57","modified_gmt":"2025-08-26T05:55:57","slug":"alperna-bergsklattring-kaos-talt","status":"publish","type":"product","link":"https:\/\/www.huntersfriend.eu\/sv\/produkt\/alperna-bergsklattring-kaos-talt\/","title":{"rendered":"Alperna bergskl\u00e4ttring kaos t\u00e4lt"},"content":{"rendered":"<p>Om du vill h\u00e5lla dig torr p\u00e5 din n\u00e4sta resa och undvika kr\u00e5ngel med d\u00e5liga dragkedjor har vi t\u00e4lten f\u00f6r dig! Chaos har en kontinuerlig st\u00e5ngdesign, ett frist\u00e5ende t\u00e4lt som \u00e4r f\u00f6rst\u00e4rkt med 2 d\u00f6rrar f\u00f6r enkel ing\u00e5ng och 2 vestibuler f\u00f6r f\u00f6rvaring av utrustning och extra v\u00e4derskydd. #8 dragkedjor g\u00f6r det enkelt att \u00f6ppna och st\u00e4nga d\u00f6rrarna och vestibulerna. Chaos har 7000-seriens aluminiumst\u00e4nger som \u00e4r starka och l\u00e4tta. Monteringen \u00e4r riktigt enkel med t\u00e4ltkl\u00e4mmorna som bara sn\u00e4pps fast \u00f6ver st\u00e4ngerna. St\u00e4ngerna \u00e4r alla sammankopplade med en st\u00f6td\u00e4mpande lina som ett kontinuerligt system. Med en fabrikst\u00e4tad duk och golvs\u00f6mmar kan du vara s\u00e4ker p\u00e5 att h\u00e5lla dig torr i regnigt v\u00e4der. Polyesterduken och golvet \u00e4r uretanbelagda, fabrikst\u00e4tade s\u00f6mmar f\u00f6r maximalt v\u00e4derskydd. Duken sp\u00e4nns fast i t\u00e4ltet, vilket ger en mycket s\u00e4krare fasts\u00e4ttning j\u00e4mf\u00f6rt med en elastisk lina. N\u00e4tventilerna i taket \u00f6kar ventilationen och f\u00f6rb\u00e4ttrar stj\u00e4rnsk\u00e5dningen. Alla dessa kombinerade funktioner g\u00f6r Chaos till ett utm\u00e4rkt val f\u00f6r alla vandringsturer.          <\/p>\n<div class=\"list-heading\">T\u00e4ltfunktioner<\/div>\n<ul>\n<li>Frist\u00e5ende st\u00e5ngsystem med 7000-seriens aluminiumst\u00e4nger<\/li>\n<li>Bra ventilation med mestadels n\u00e4tv\u00e4ggar<\/li>\n<li>Enkel montering med st\u00e5ngkl\u00e4mmor som snabbt sn\u00e4pps \u00f6ver t\u00e4ltst\u00e4ngerna<\/li>\n<li>75D 185T polyesterduk med 1500 mm bel\u00e4ggning motst\u00e5r UV-skador och h\u00e5ller sig sp\u00e4nd<\/li>\n<li>75D 185T poly taffeta golv med 3000 mm bel\u00e4ggning<\/li>\n<li>Fabrikst\u00e4tade duk- och golvs\u00f6mmar ger b\u00e4sta v\u00e4derskydd<\/li>\n<li>#8 dragkedjor p\u00e5 d\u00f6rrar och vestibuler<\/li>\n<li>Full t\u00e4ckning av duken ger maximalt skydd<\/li>\n<li>Extra staglinor p\u00e5 duken f\u00f6r att stabilisera t\u00e4ltet i d\u00e5ligt v\u00e4der<\/li>\n<li>Tv\u00e5 vestibuler f\u00f6r f\u00f6rvaring av utrustning och extra v\u00e4derskydd<\/li>\n<li>V\u00e4dert\u00e5liga duksp\u00e4nnen f\u00f6r maximal justerbarhet och skydd<\/li>\n<li>N\u00e4ttak \u00f6kar ventilationen och f\u00f6rb\u00e4ttrar stj\u00e4rnsk\u00e5dningen<\/li>\n<li>Enkel ing\u00e5ng med tv\u00e5 d\u00f6rrar<\/li>\n<li>F\u00f6rvaringsficka i n\u00e4t, redskapsloft, 7075 aluminiumpinnar och staglinor ing\u00e5r<\/li>\n<\/ul>\n<table>\n<tbody>\n<tr>\n<th colspan=\"2\" scope=\"col\">Chaos 2 t\u00e4lt<\/th>\n<\/tr>\n<tr>\n<th scope=\"row\">Basstorlek<\/th>\n<td>7&#8217;2 \u201cL x 4&#8217;8\u201d B<\/td>\n<\/tr>\n<tr>\n<th scope=\"row\">Mittenh\u00f6jd<\/th>\n<td>3&#8217;4&#8243;<\/td>\n<\/tr>\n<tr>\n<th scope=\"row\">Vestibul djup<\/th>\n<td>2&#8217;5&#8243;<\/td>\n<\/tr>\n<tr>\n<th scope=\"row\">T\u00e4ltomr\u00e5de<\/th>\n<td>33 ft\u00b2<\/td>\n<\/tr>\n<tr>\n<th scope=\"row\">Vestibulomr\u00e5de<\/th>\n<td>17 ft\u00b2<\/td>\n<\/tr>\n<tr>\n<th scope=\"row\">Minsta vikt<\/th>\n<td>5 lbs. 12 oz. <\/td>\n<\/tr>\n<tr>\n<th scope=\"row\">Total vikt<\/th>\n<td>6 lbs. 8 oz. <\/td>\n<\/tr>\n<tr>\n<th scope=\"row\">Packad storlek<\/th>\n<td>1&#8217;8 \u201cL x 6.5\u201d D<\/td>\n<\/tr>\n<tr>\n<th scope=\"row\">St\u00e5ngdiameter<\/th>\n<td>8.5mm AL<\/td>\n<\/tr>\n<\/tbody>\n<\/table>\n<p>&nbsp;<\/p>\n<table>\n<tbody>\n<tr>\n<th colspan=\"2\" scope=\"col\">Chaos 3 t\u00e4lt<\/th>\n<\/tr>\n<tr>\n<th scope=\"row\">Basstorlek<\/th>\n<td>7&#8217;6 \u201cL x 5&#8217;6\u201d B<\/td>\n<\/tr>\n<tr>\n<th scope=\"row\">Mittenh\u00f6jd<\/th>\n<td>3&#8217;5&#8243;<\/td>\n<\/tr>\n<tr>\n<th scope=\"row\">Vestibul djup<\/th>\n<td>2&#8217;11&#8221;<\/td>\n<\/tr>\n<tr>\n<th scope=\"row\">T\u00e4ltomr\u00e5de<\/th>\n<td>41 ft\u00b2<\/td>\n<\/tr>\n<tr>\n<th scope=\"row\">Vestibulomr\u00e5de<\/th>\n<td>22 ft\u00b2<\/td>\n<\/tr>\n<tr>\n<th scope=\"row\">Minsta vikt<\/th>\n<td>6 lbs. 8 oz. <\/td>\n<\/tr>\n<tr>\n<th scope=\"row\">Total vikt<\/th>\n<td>7 lbs. 5 oz. <\/td>\n<\/tr>\n<tr>\n<th scope=\"row\">Packad storlek<\/th>\n<td>1&#8217;10 \u201cL x 6.5\u201d D<\/td>\n<\/tr>\n<tr>\n<th scope=\"row\">St\u00e5ngdiameter<\/th>\n<td>9.5mm AL<\/td>\n<\/tr>\n<\/tbody>\n<\/table>\n","protected":false},"excerpt":{"rendered":"<p>Om du vill h\u00e5lla dig torr p\u00e5 din n\u00e4sta resa och undvika kr\u00e5ngel med d\u00e5liga dragkedjor har vi t\u00e4lten f\u00f6r dig! Chaos har en kontinuerlig st\u00e5ngdesign, ett frist\u00e5ende t\u00e4lt som \u00e4r f\u00f6rst\u00e4rkt med 2 d\u00f6rrar f\u00f6r enkel ing\u00e5ng och 2 vestibuler f\u00f6r f\u00f6rvaring av utrustning och extra v\u00e4derskydd. #8 dragkedjor g\u00f6r det enkelt att \u00f6ppna [&#8230;]\n","protected":false},"featured_media":283656,"comment_status":"open","ping_status":"closed","template":"","meta":[],"product_brand":[],"product_cat":[2615],"product_tag":[],"class_list":{"0":"post-285304","1":"product","2":"type-product","3":"status-publish","4":"has-post-thumbnail","6":"product_cat-talt","8":"first","9":"instock","10":"taxable","11":"shipping-taxable","12":"purchasable","13":"product-type-variable"},"composite_virtual":false,"composite_layout":"","composite_add_to_cart_form_location":"","composite_editable_in_cart":false,"composite_sold_individually_context":"","composite_shop_price_calc":"","composite_components":[],"composite_scenarios":[],"group_of_quantity":0,"min_quantity":0,"max_quantity":"","exclude_order_quantity_value_rules":"no","exclude_category_quantity_rules":"no","combine_variations":"no","exclude_global_add_ons":[],"addons":[],"_links":{"self":[{"href":"https:\/\/www.huntersfriend.eu\/sv\/wp-json\/wp\/v2\/product\/285304","targetHints":{"allow":["GET"]}}],"collection":[{"href":"https:\/\/www.huntersfriend.eu\/sv\/wp-json\/wp\/v2\/product"}],"about":[{"href":"https:\/\/www.huntersfriend.eu\/sv\/wp-json\/wp\/v2\/types\/product"}],"replies":[{"embeddable":true,"href":"https:\/\/www.huntersfriend.eu\/sv\/wp-json\/wp\/v2\/comments?post=285304"}],"wp:featuredmedia":[{"embeddable":true,"href":"https:\/\/www.huntersfriend.eu\/sv\/wp-json\/wp\/v2\/media\/283656"}],"wp:attachment":[{"href":"https:\/\/www.huntersfriend.eu\/sv\/wp-json\/wp\/v2\/media?parent=285304"}],"wp:term":[{"taxonomy":"product_brand","embeddable":true,"href":"https:\/\/www.huntersfriend.eu\/sv\/wp-json\/wp\/v2\/product_brand?post=285304"},{"taxonomy":"product_cat","embeddable":true,"href":"https:\/\/www.huntersfriend.eu\/sv\/wp-json\/wp\/v2\/product_cat?post=285304"},{"taxonomy":"product_tag","embeddable":true,"href":"https:\/\/www.huntersfriend.eu\/sv\/wp-json\/wp\/v2\/product_tag?post=285304"}],"curies":[{"name":"wp","href":"https:\/\/api.w.org\/{rel}","templated":true}]}}