{"id":285300,"date":"2025-07-31T11:00:59","date_gmt":"2025-07-31T09:00:59","guid":{"rendered":"https:\/\/www.huntersfriend.eu\/product\/alperna-bergsklattring-lagret-creek-talt\/"},"modified":"2025-08-26T07:55:52","modified_gmt":"2025-08-26T05:55:52","slug":"alperna-bergsklattring-lagret-creek-talt","status":"publish","type":"product","link":"https:\/\/www.huntersfriend.eu\/sv\/produkt\/alperna-bergsklattring-lagret-creek-talt\/","title":{"rendered":"Alperna bergskl\u00e4ttring l\u00e4gret creek t\u00e4lt"},"content":{"rendered":"<p>Camp Creek erbjuder ett lyxigt hem-borta-fr\u00e5n-hemmet n\u00e4sta g\u00e5ng du vill komma bort. Eftersom det anv\u00e4nder glasfiberst\u00e4nger som ansluts till st\u00e5lstolpar ger det gott om utrymme inv\u00e4ndigt, med n\u00e4stan raka v\u00e4ggar, f\u00f6r att ge dig mer anv\u00e4ndbart utrymme n\u00e4r du \u00e4r inne. Detta \u00e4r perfekt oavsett om du s\u00e4tter upp s\u00e4ngar eller bara vill ha mer utrymme inne f\u00f6r att umg\u00e5s och spela en runda kort innan l\u00e4ggdags. Regnskyddet ger stora markiser \u00f6ver ytterd\u00f6rren och bakre f\u00f6nstret, vilket \u00e4r en fantastisk funktion n\u00e4r det regnar. Finns i en 4- eller 6-personers storlek, detta \u00e4r ett utm\u00e4rkt alternativ f\u00f6r alla dina camping\u00e4ventyr.    <\/p>\n<div class=\"list-heading\">T\u00e4ltfunktioner<\/div>\n<ul>\n<li>Frist\u00e5ende design med glasfiberst\u00e4nger och st\u00e5lstolpar f\u00f6r extra styrka<\/li>\n<li>Enkel installation med unik navdesign och st\u00e5ngkl\u00e4mmor som snabbt sn\u00e4pps fast \u00f6ver t\u00e4ltst\u00e4ngerna<\/li>\n<li>Extra h\u00f6g centerh\u00f6jd ger utrymme att st\u00e5 upp<\/li>\n<li>Raka sidov\u00e4ggar ger mer utrymme f\u00f6r s\u00e4ngar<\/li>\n<li>Stora markiser \u00f6ver ytterd\u00f6rren och bakre f\u00f6nstret<\/li>\n<li>Stor d\u00f6rr ger enkel \u00e5tkomst<\/li>\n<li>75D 185T polyesterduk med 1500 mm bel\u00e4ggning motst\u00e5r UV-skador och h\u00e5ller sig sp\u00e4nd<\/li>\n<li>150D polyester oxfordgolv med 1500 mm bel\u00e4ggning<\/li>\n<li>Fabrikst\u00e4tade duk- och golvs\u00f6mmar ger b\u00e4sta v\u00e4derskydd<\/li>\n<li>V\u00e4dert\u00e5liga sp\u00e4nnen f\u00f6r maximal justerbarhet och skydd<\/li>\n<li>Bra ventilation med en d\u00f6rr och fyra stora f\u00f6nster<\/li>\n<li>F\u00f6rvaringshylla i mesh, st\u00e5lpinnar och staglinor ing\u00e5r<\/li>\n<\/ul>\n<p data-start=\"0\" data-end=\"42\"><strong data-start=\"0\" data-end=\"42\">Tekniska specifikationer:<\/strong><\/p>\n<ul data-start=\"44\" data-end=\"269\">\n<li data-start=\"44\" data-end=\"72\">\n<p data-start=\"46\" data-end=\"72\"><strong data-start=\"46\" data-end=\"59\">Kapacitet:<\/strong> 6\u20138 personer<\/p>\n<\/li>\n<li data-start=\"73\" data-end=\"115\">\n<p data-start=\"75\" data-end=\"115\"><strong data-start=\"75\" data-end=\"86\">Vikt:<\/strong> ca 13,2 kg <\/p>\n<\/li>\n<li data-start=\"116\" data-end=\"167\">\n<p data-start=\"118\" data-end=\"167\"><strong data-start=\"118\" data-end=\"139\">Golvm\u00e5tt:<\/strong> 427 x 305 cm<\/p>\n<\/li>\n<li data-start=\"168\" data-end=\"216\">\n<p data-start=\"170\" data-end=\"216\"><strong data-start=\"170\" data-end=\"190\">Inv\u00e4ndig h\u00f6jd:<\/strong> ca 198 cm <\/p>\n<\/li>\n<li data-start=\"217\" data-end=\"269\">\n<p data-start=\"219\" data-end=\"269\"><strong data-start=\"219\" data-end=\"235\">Packad storlek:<\/strong> 79 x 30 x 30 cm<\/p>\n<\/li>\n<\/ul>\n<p data-start=\"271\" data-end=\"537\" data-is-last-node=\"\" data-is-only-node=\"\"><strong data-start=\"275\" data-end=\"323\">ALPS Mountaineering Camp Creek Two-Room Tent<\/strong> erbjuder exceptionellt utrymme och funktionalitet f\u00f6r st\u00f6rre grupper. Om du letar efter ett campingt\u00e4lt som kombinerar hemtrevlig komfort, snabb installation och en h\u00e5llbar struktur \u00e4r detta tv\u00e5rumst\u00e4lt den perfekta l\u00f6sningen. <\/p>\n<table>\n<tbody>\n<tr>\n<th colspan=\"2\" scope=\"col\">Camp creek 4 t\u00e4lt<\/th>\n<\/tr>\n<tr>\n<th scope=\"row\">Basstorlek<\/th>\n<td>8&#8217;6 \u201cL x 7&#8217;6\u201d W<\/td>\n<\/tr>\n<tr>\n<th scope=\"row\">Centerh\u00f6jd<\/th>\n<td>7&#8242;<\/td>\n<\/tr>\n<tr>\n<th scope=\"row\">T\u00e4ltomr\u00e5de<\/th>\n<td>64 ft\u00b2<\/td>\n<\/tr>\n<tr>\n<th scope=\"row\">Total vikt<\/th>\n<td>19 lbs. 3 oz. <\/td>\n<\/tr>\n<tr>\n<th scope=\"row\">Packad storlek<\/th>\n<td>2&#8217;4&#8243; L x 8&#8243; W x 8&#8243; H<\/td>\n<\/tr>\n<tr>\n<th scope=\"row\">St\u00e5ngdiameter<\/th>\n<td>11mm FG | 19mm st\u00e5l<\/td>\n<\/tr>\n<\/tbody>\n<\/table>\n<table>\n<tbody>\n<tr>\n<th colspan=\"2\" scope=\"col\">Camp creek 6 t\u00e4lt<\/th>\n<\/tr>\n<tr>\n<th scope=\"row\">Basstorlek<\/th>\n<td>10 \u201cL x 10\u201d W<\/td>\n<\/tr>\n<tr>\n<th scope=\"row\">Centerh\u00f6jd<\/th>\n<td>7&#8242;<\/td>\n<\/tr>\n<tr>\n<th scope=\"row\">T\u00e4ltomr\u00e5de<\/th>\n<td>100 ft\u00b2<\/td>\n<\/tr>\n<tr>\n<th scope=\"row\">Total vikt<\/th>\n<td>22 lbs. 11 oz. <\/td>\n<\/tr>\n<tr>\n<th scope=\"row\">Packad storlek<\/th>\n<td>2&#8217;4&#8243; L x 8.5&#8243; W x 8.5&#8243; H<\/td>\n<\/tr>\n<tr>\n<th scope=\"row\">St\u00e5ngdiameter<\/th>\n<td>11mm FG | 19 mm st\u00e5l<\/td>\n<\/tr>\n<\/tbody>\n<\/table>\n","protected":false},"excerpt":{"rendered":"<p>Camp Creek erbjuder ett lyxigt hem-borta-fr\u00e5n-hemmet n\u00e4sta g\u00e5ng du vill komma bort. Eftersom det anv\u00e4nder glasfiberst\u00e4nger som ansluts till st\u00e5lstolpar ger det gott om utrymme inv\u00e4ndigt, med n\u00e4stan raka v\u00e4ggar, f\u00f6r att ge dig mer anv\u00e4ndbart utrymme n\u00e4r du \u00e4r inne. Detta \u00e4r perfekt oavsett om du s\u00e4tter upp s\u00e4ngar eller bara vill ha mer [&#8230;]\n","protected":false},"featured_media":283751,"comment_status":"open","ping_status":"closed","template":"","meta":[],"product_brand":[],"product_cat":[2615],"product_tag":[],"class_list":{"0":"post-285300","1":"product","2":"type-product","3":"status-publish","4":"has-post-thumbnail","6":"product_cat-talt","8":"first","9":"instock","10":"taxable","11":"shipping-taxable","12":"purchasable","13":"product-type-variable"},"composite_virtual":false,"composite_layout":"","composite_add_to_cart_form_location":"","composite_editable_in_cart":false,"composite_sold_individually_context":"","composite_shop_price_calc":"","composite_components":[],"composite_scenarios":[],"group_of_quantity":0,"min_quantity":0,"max_quantity":"","exclude_order_quantity_value_rules":"no","exclude_category_quantity_rules":"no","combine_variations":"no","exclude_global_add_ons":[],"addons":[],"_links":{"self":[{"href":"https:\/\/www.huntersfriend.eu\/sv\/wp-json\/wp\/v2\/product\/285300","targetHints":{"allow":["GET"]}}],"collection":[{"href":"https:\/\/www.huntersfriend.eu\/sv\/wp-json\/wp\/v2\/product"}],"about":[{"href":"https:\/\/www.huntersfriend.eu\/sv\/wp-json\/wp\/v2\/types\/product"}],"replies":[{"embeddable":true,"href":"https:\/\/www.huntersfriend.eu\/sv\/wp-json\/wp\/v2\/comments?post=285300"}],"wp:featuredmedia":[{"embeddable":true,"href":"https:\/\/www.huntersfriend.eu\/sv\/wp-json\/wp\/v2\/media\/283751"}],"wp:attachment":[{"href":"https:\/\/www.huntersfriend.eu\/sv\/wp-json\/wp\/v2\/media?parent=285300"}],"wp:term":[{"taxonomy":"product_brand","embeddable":true,"href":"https:\/\/www.huntersfriend.eu\/sv\/wp-json\/wp\/v2\/product_brand?post=285300"},{"taxonomy":"product_cat","embeddable":true,"href":"https:\/\/www.huntersfriend.eu\/sv\/wp-json\/wp\/v2\/product_cat?post=285300"},{"taxonomy":"product_tag","embeddable":true,"href":"https:\/\/www.huntersfriend.eu\/sv\/wp-json\/wp\/v2\/product_tag?post=285300"}],"curies":[{"name":"wp","href":"https:\/\/api.w.org\/{rel}","templated":true}]}}