{"id":285296,"date":"2025-07-31T13:38:29","date_gmt":"2025-07-31T11:38:29","guid":{"rendered":"https:\/\/www.huntersfriend.eu\/product\/alps-mountaineering-apex-liggunderlag\/"},"modified":"2026-03-18T22:00:58","modified_gmt":"2026-03-18T20:00:58","slug":"alps-mountaineering-apex-liggunderlag","status":"publish","type":"product","link":"https:\/\/www.huntersfriend.eu\/sv\/produkt\/alps-mountaineering-apex-liggunderlag\/","title":{"rendered":"Alps Mountaineering Apex liggunderlag"},"content":{"rendered":"<p>ALPS Mountaineering Apex-serien av sj\u00e4lvuppbl\u00e5sande luftmadrasser \u00e4r den perfekta l\u00f6sningen f\u00f6r extra komfort p\u00e5 en s\u00e4ng eller med din sovs\u00e4ck. Det borstade mockaliknande topptyget ger en mjuk och slitstark liggyta. Apex har Jet Stream-v\u00e5gskum och en icke-korrosiv m\u00e4ssingsventil(er) f\u00f6r snabb och enkel uppbl\u00e5sning\/t\u00f6mning. En praktisk packp\u00e5se med kompressionsremmar ing\u00e5r f\u00f6r enkel transport och f\u00f6rvaring, och i h\u00e4ndelse av en of\u00f6rutsedd n\u00f6dreparation ing\u00e5r ett reparationskit med varje Apex. Erbjuds i flera storlekar: Regular, Long och XL.    <\/p>\n<ul>\n<li>7150005 R\u00f6d regular<\/li>\n<li>7250905 R\u00f6d l\u00e5ng<\/li>\n<li>7350005 R\u00f6d XL<\/li>\n<\/ul>\n<ul>\n<li>Borstat mockaliknande topptyg<\/li>\n<li>Polyestertyg p\u00e5 undersidan<\/li>\n<li>Jet Stream-v\u00e5gskum<\/li>\n<li>R-v\u00e4rde p\u00e5 9,8<\/li>\n<li>Dubbla m\u00e4ssingsventiler p\u00e5 Long och XL<\/li>\n<li>Kompressionsremmar ing\u00e5r<\/li>\n<li>Packp\u00e5se och reparationskit ing\u00e5r<\/li>\n<\/ul>\n<table>\n<tbody>\n<tr>\n<th colspan=\"2\" scope=\"col\">Regular<\/th>\n<\/tr>\n<tr>\n<th scope=\"row\">M\u00e5tt<\/th>\n<td>183 cm L x 51 cm B x 8 cm H<\/td>\n<\/tr>\n<tr>\n<th scope=\"row\">Packad storlek<\/th>\n<td>53 cm L x 18 cm D<\/td>\n<\/tr>\n<tr>\n<th scope=\"row\">Vikt<\/th>\n<td>2,2 kg <\/td>\n<\/tr>\n<tr>\n<th colspan=\"2\" scope=\"col\">L\u00e5ng<\/th>\n<\/tr>\n<tr>\n<th scope=\"row\">M\u00e5tt<\/th>\n<td>196 cm L x 64 cm B x 8 cm H<\/td>\n<\/tr>\n<tr>\n<th scope=\"row\">Packad storlek<\/th>\n<td>66 cm L x 18 cm D<\/td>\n<\/tr>\n<tr>\n<th scope=\"row\">Vikt<\/th>\n<td>3 kg <\/td>\n<\/tr>\n<tr>\n<th colspan=\"2\" scope=\"col\">X-large<\/th>\n<\/tr>\n<tr>\n<th scope=\"row\">M\u00e5tt<\/th>\n<td>196 cm L x 76 cm B x 8 cm H<\/td>\n<\/tr>\n<tr>\n<th scope=\"row\">Packad storlek<\/th>\n<td>79 cm L x 18 cm D<\/td>\n<\/tr>\n<tr>\n<th scope=\"row\">Vikt<\/th>\n<td>3,5 kg <\/td>\n<\/tr>\n<\/tbody>\n<\/table>\n","protected":false},"excerpt":{"rendered":"<p>ALPS Mountaineering Apex-serien av sj\u00e4lvuppbl\u00e5sande luftmadrasser \u00e4r den perfekta l\u00f6sningen f\u00f6r extra komfort p\u00e5 en s\u00e4ng eller med din sovs\u00e4ck. Det borstade mockaliknande topptyget ger en mjuk och slitstark liggyta. Apex har Jet Stream-v\u00e5gskum och en icke-korrosiv m\u00e4ssingsventil(er) f\u00f6r snabb och enkel uppbl\u00e5sning\/t\u00f6mning. En praktisk packp\u00e5se med kompressionsremmar ing\u00e5r f\u00f6r enkel transport och f\u00f6rvaring, och [&#8230;]\n","protected":false},"featured_media":284077,"comment_status":"open","ping_status":"closed","template":"","meta":[],"product_brand":[],"product_cat":[2572],"product_tag":[],"class_list":{"0":"post-285296","1":"product","2":"type-product","3":"status-publish","4":"has-post-thumbnail","6":"product_cat-faltsangar-och-liggunderlag","8":"first","9":"instock","10":"sale","11":"taxable","12":"shipping-taxable","13":"purchasable","14":"product-type-variable"},"composite_virtual":false,"composite_layout":"","composite_add_to_cart_form_location":"","composite_editable_in_cart":false,"composite_sold_individually_context":"","composite_shop_price_calc":"","composite_components":[],"composite_scenarios":[],"group_of_quantity":0,"min_quantity":0,"max_quantity":"","exclude_order_quantity_value_rules":"no","exclude_category_quantity_rules":"no","combine_variations":"no","exclude_global_add_ons":[],"addons":[],"_links":{"self":[{"href":"https:\/\/www.huntersfriend.eu\/sv\/wp-json\/wp\/v2\/product\/285296","targetHints":{"allow":["GET"]}}],"collection":[{"href":"https:\/\/www.huntersfriend.eu\/sv\/wp-json\/wp\/v2\/product"}],"about":[{"href":"https:\/\/www.huntersfriend.eu\/sv\/wp-json\/wp\/v2\/types\/product"}],"replies":[{"embeddable":true,"href":"https:\/\/www.huntersfriend.eu\/sv\/wp-json\/wp\/v2\/comments?post=285296"}],"wp:featuredmedia":[{"embeddable":true,"href":"https:\/\/www.huntersfriend.eu\/sv\/wp-json\/wp\/v2\/media\/284077"}],"wp:attachment":[{"href":"https:\/\/www.huntersfriend.eu\/sv\/wp-json\/wp\/v2\/media?parent=285296"}],"wp:term":[{"taxonomy":"product_brand","embeddable":true,"href":"https:\/\/www.huntersfriend.eu\/sv\/wp-json\/wp\/v2\/product_brand?post=285296"},{"taxonomy":"product_cat","embeddable":true,"href":"https:\/\/www.huntersfriend.eu\/sv\/wp-json\/wp\/v2\/product_cat?post=285296"},{"taxonomy":"product_tag","embeddable":true,"href":"https:\/\/www.huntersfriend.eu\/sv\/wp-json\/wp\/v2\/product_tag?post=285296"}],"curies":[{"name":"wp","href":"https:\/\/api.w.org\/{rel}","templated":true}]}}