{"id":285292,"date":"2025-07-31T13:32:50","date_gmt":"2025-07-31T11:32:50","guid":{"rendered":"https:\/\/www.huntersfriend.eu\/product\/alps-outdoorz-guardian-dry-bag-2\/"},"modified":"2025-09-17T13:11:11","modified_gmt":"2025-09-17T11:11:11","slug":"alps-outdoorz-guardian-dry-bag-2","status":"publish","type":"product","link":"https:\/\/www.huntersfriend.eu\/sv\/produkt\/alps-outdoorz-guardian-dry-bag-2\/","title":{"rendered":"Alps outdoorz Guardian Dry Bag"},"content":{"rendered":"<p>N\u00e4r det \u00e4r absolut n\u00f6dv\u00e4ndigt att h\u00e5lla din utrustning torr \u00e4r Guardian Backpack Dry Bag precis vad du letar efter. Helt vattent\u00e4t, rolltop-design h\u00e5ller inneh\u00e5llet knastertorrt och ger bekv\u00e4m och enkel \u00e5tkomst till all din utrustning. <\/p>\n<p>N\u00e4r du k\u00f6per DU-licensierad utrustning vidtar du direkta \u00e5tg\u00e4rder f\u00f6r att st\u00f6dja bevarandet av livsmilj\u00f6er i hela Nordamerika och hj\u00e4lper till att uppn\u00e5 det kollektiva uppdraget f\u00f6r Ducks Unlimited och ALPS OutdoorZ.<\/p>\n<ul>\n<li>9200167 DU Mossy Oak\u00ae Original Bottomland\u00ae 35L<\/li>\n<li>9200168 DU Mossy Oak\u00ae Original Bottomland\u00ae 50L<\/li>\n<\/ul>\n<ul>\n<li>Ryggs\u00e4cksremmar f\u00f6r enkel transport<\/li>\n<li>Bekv\u00e4mt grepphandtag<\/li>\n<li>Slitstarkt 500D polyester PVC vattent\u00e4tt material<\/li>\n<li>Ovalformad platt botten hj\u00e4lper till att f\u00f6rhindra rullning<\/li>\n<li>S\u00e4ker roll-top-st\u00e4ngning med kompressionsrem upptill<\/li>\n<li>Starka, helsvetsade s\u00f6mmar<\/li>\n<li>Vattent\u00e4t ventil sl\u00e4pper ut inst\u00e4ngd luft, vilket g\u00f6r komprimeringen enkel och den packade storleken mindre<\/li>\n<li>Reparationssats medf\u00f6ljer<\/li>\n<\/ul>\n<table>\n<tbody>\n<tr>\n<th colspan=\"2\" scope=\"col\">35L<\/th>\n<\/tr>\n<tr>\n<th scope=\"row\">Kapacitet<\/th>\n<td>35L \/ 2135 in\u00b3<\/td>\n<\/tr>\n<tr>\n<th scope=\"row\">M\u00e5tt<br \/>\n(efter 3 rullningar)<\/th>\n<td>21&#8243; H x 13&#8243; W x 8&#8243; D<\/td>\n<\/tr>\n<tr>\n<th scope=\"row\">Vikt<\/th>\n<td>1 lb. 5 oz. <\/td>\n<\/tr>\n<tr>\n<th colspan=\"2\" scope=\"col\">50L<\/th>\n<\/tr>\n<tr>\n<th scope=\"row\">Kapacitet<\/th>\n<td>50L \/ 3050 in\u00b3<\/td>\n<\/tr>\n<tr>\n<th scope=\"row\">M\u00e5tt<br \/>\n(efter 3 rullningar)<\/th>\n<td>21&#8243; H x 15&#8243; W x 10&#8243; D<\/td>\n<\/tr>\n<tr>\n<th scope=\"row\">Vikt<\/th>\n<td>1 lb. 9 oz. <\/td>\n<\/tr>\n<\/tbody>\n<\/table>\n","protected":false},"excerpt":{"rendered":"<p>N\u00e4r det \u00e4r absolut n\u00f6dv\u00e4ndigt att h\u00e5lla din utrustning torr \u00e4r Guardian Backpack Dry Bag precis vad du letar efter. Helt vattent\u00e4t, rolltop-design h\u00e5ller inneh\u00e5llet knastertorrt och ger bekv\u00e4m och enkel \u00e5tkomst till all din utrustning. N\u00e4r du k\u00f6per DU-licensierad utrustning vidtar du direkta \u00e5tg\u00e4rder f\u00f6r att st\u00f6dja bevarandet av livsmilj\u00f6er i hela Nordamerika och [&#8230;]\n","protected":false},"featured_media":284064,"comment_status":"open","ping_status":"closed","template":"","meta":[],"product_brand":[],"product_cat":[2566],"product_tag":[],"class_list":{"0":"post-285292","1":"product","2":"type-product","3":"status-publish","4":"has-post-thumbnail","6":"product_cat-jaktvaskor","8":"first","9":"instock","10":"taxable","11":"shipping-taxable","12":"purchasable","13":"product-type-variable"},"composite_virtual":false,"composite_layout":"","composite_add_to_cart_form_location":"","composite_editable_in_cart":false,"composite_sold_individually_context":"","composite_shop_price_calc":"","composite_components":[],"composite_scenarios":[],"group_of_quantity":0,"min_quantity":0,"max_quantity":"","exclude_order_quantity_value_rules":"no","exclude_category_quantity_rules":"no","combine_variations":"no","exclude_global_add_ons":[],"addons":[],"_links":{"self":[{"href":"https:\/\/www.huntersfriend.eu\/sv\/wp-json\/wp\/v2\/product\/285292","targetHints":{"allow":["GET"]}}],"collection":[{"href":"https:\/\/www.huntersfriend.eu\/sv\/wp-json\/wp\/v2\/product"}],"about":[{"href":"https:\/\/www.huntersfriend.eu\/sv\/wp-json\/wp\/v2\/types\/product"}],"replies":[{"embeddable":true,"href":"https:\/\/www.huntersfriend.eu\/sv\/wp-json\/wp\/v2\/comments?post=285292"}],"wp:featuredmedia":[{"embeddable":true,"href":"https:\/\/www.huntersfriend.eu\/sv\/wp-json\/wp\/v2\/media\/284064"}],"wp:attachment":[{"href":"https:\/\/www.huntersfriend.eu\/sv\/wp-json\/wp\/v2\/media?parent=285292"}],"wp:term":[{"taxonomy":"product_brand","embeddable":true,"href":"https:\/\/www.huntersfriend.eu\/sv\/wp-json\/wp\/v2\/product_brand?post=285292"},{"taxonomy":"product_cat","embeddable":true,"href":"https:\/\/www.huntersfriend.eu\/sv\/wp-json\/wp\/v2\/product_cat?post=285292"},{"taxonomy":"product_tag","embeddable":true,"href":"https:\/\/www.huntersfriend.eu\/sv\/wp-json\/wp\/v2\/product_tag?post=285292"}],"curies":[{"name":"wp","href":"https:\/\/api.w.org\/{rel}","templated":true}]}}