{"id":285291,"date":"2025-08-06T00:38:14","date_gmt":"2025-08-05T22:38:14","guid":{"rendered":"https:\/\/www.huntersfriend.eu\/product\/mtm-ac11-ammunitionslada\/"},"modified":"2025-08-26T07:55:28","modified_gmt":"2025-08-26T05:55:28","slug":"mtm-ac11-ammunitionslada","status":"publish","type":"product","link":"https:\/\/www.huntersfriend.eu\/sv\/produkt\/mtm-ac11-ammunitionslada\/","title":{"rendered":"MTM AC11 ammunitionsl\u00e5da"},"content":{"rendered":"<p>MTM AC11 \u00e4r en stor, vattenavvisande ammunitionsl\u00e5da med ett g\u00e5ngj\u00e4rnsf\u00f6rsett lock. Tv\u00e5 l\u00e4tt\u00e5tkomliga sn\u00e4ppf\u00e4sten s\u00e4kerst\u00e4ller att den \u00e4r ordentligt st\u00e4ngd n\u00e4r den \u00e4r st\u00e4ngd. Handtaget f\u00e4lls ner vilket g\u00f6r den bekv\u00e4m att stapla. Det finns tre \u00f6ppningar f\u00f6r ett eller flera h\u00e4ngl\u00e5s f\u00f6r att s\u00e4kerst\u00e4lla s\u00e4ker transport (ing\u00e5r ej). Tillverkad av robust polypropen. Maximal belastning upp till 15 kg. M\u00e5tt cirka 39 x 22 x 23,5 cm. Vikt cirka 1023 g. Levereras utan inneh\u00e5ll.        <\/p>\n","protected":false},"excerpt":{"rendered":"<p>MTM AC11 \u00e4r en stor, vattenavvisande ammunitionsl\u00e5da med ett g\u00e5ngj\u00e4rnsf\u00f6rsett lock. Tv\u00e5 l\u00e4tt\u00e5tkomliga sn\u00e4ppf\u00e4sten s\u00e4kerst\u00e4ller att den \u00e4r ordentligt st\u00e4ngd n\u00e4r den \u00e4r st\u00e4ngd. Handtaget f\u00e4lls ner vilket g\u00f6r den bekv\u00e4m att stapla. Det finns tre \u00f6ppningar f\u00f6r ett eller flera h\u00e4ngl\u00e5s f\u00f6r att s\u00e4kerst\u00e4lla s\u00e4ker transport (ing\u00e5r ej). Tillverkad av robust polypropen. Maximal belastning [&#8230;]\n","protected":false},"featured_media":284668,"comment_status":"open","ping_status":"closed","template":"","meta":[],"product_brand":[],"product_cat":[2627],"product_tag":[],"class_list":{"0":"post-285291","1":"product","2":"type-product","3":"status-publish","4":"has-post-thumbnail","6":"product_cat-verktygslador","8":"first","9":"instock","10":"taxable","11":"shipping-taxable","12":"purchasable","13":"product-type-simple"},"composite_virtual":false,"composite_layout":"","composite_add_to_cart_form_location":"","composite_editable_in_cart":false,"composite_sold_individually_context":"","composite_shop_price_calc":"","composite_components":[],"composite_scenarios":[],"group_of_quantity":0,"min_quantity":0,"max_quantity":"","exclude_order_quantity_value_rules":"no","exclude_category_quantity_rules":"no","combine_variations":"no","exclude_global_add_ons":[],"addons":[],"_links":{"self":[{"href":"https:\/\/www.huntersfriend.eu\/sv\/wp-json\/wp\/v2\/product\/285291","targetHints":{"allow":["GET"]}}],"collection":[{"href":"https:\/\/www.huntersfriend.eu\/sv\/wp-json\/wp\/v2\/product"}],"about":[{"href":"https:\/\/www.huntersfriend.eu\/sv\/wp-json\/wp\/v2\/types\/product"}],"replies":[{"embeddable":true,"href":"https:\/\/www.huntersfriend.eu\/sv\/wp-json\/wp\/v2\/comments?post=285291"}],"wp:featuredmedia":[{"embeddable":true,"href":"https:\/\/www.huntersfriend.eu\/sv\/wp-json\/wp\/v2\/media\/284668"}],"wp:attachment":[{"href":"https:\/\/www.huntersfriend.eu\/sv\/wp-json\/wp\/v2\/media?parent=285291"}],"wp:term":[{"taxonomy":"product_brand","embeddable":true,"href":"https:\/\/www.huntersfriend.eu\/sv\/wp-json\/wp\/v2\/product_brand?post=285291"},{"taxonomy":"product_cat","embeddable":true,"href":"https:\/\/www.huntersfriend.eu\/sv\/wp-json\/wp\/v2\/product_cat?post=285291"},{"taxonomy":"product_tag","embeddable":true,"href":"https:\/\/www.huntersfriend.eu\/sv\/wp-json\/wp\/v2\/product_tag?post=285291"}],"curies":[{"name":"wp","href":"https:\/\/api.w.org\/{rel}","templated":true}]}}