{"id":285290,"date":"2025-08-06T00:38:14","date_gmt":"2025-08-05T22:38:14","guid":{"rendered":"https:\/\/www.huntersfriend.eu\/product\/mtm-acr7-ammunitionslada\/"},"modified":"2025-08-26T07:55:28","modified_gmt":"2025-08-26T05:55:28","slug":"mtm-acr7-ammunitionslada","status":"publish","type":"product","link":"https:\/\/www.huntersfriend.eu\/sv\/produkt\/mtm-acr7-ammunitionslada\/","title":{"rendered":"MTM ACR7 ammunitionsl\u00e5da"},"content":{"rendered":"<p>MTM ACR7 \u00e4r en universall\u00f6sning f\u00f6r transport av utrustning och ammunition. Den \u00e4r tillverkad av robust plast med en O-ring f\u00f6r att g\u00f6ra den st\u00e4nks\u00e4ker. Tv\u00e5 handtag och tv\u00e5 f\u00e4sten g\u00f6r hanteringen enkel. F\u00f6r att f\u00f6rhindra obeh\u00f6rig \u00e5tkomst kan MTM ACR7 s\u00e4kras med ett eller tv\u00e5 h\u00e4ngl\u00e5s (ing\u00e5r ej). M\u00e5tt cirka 31,5 x 22 x 21,5 inv\u00e4ndigt och cirka 44 x 27 x 23 cm utv\u00e4ndigt (L x B x H). H\u00f6gsta belastning 30 kg. Vikt 1,2 kg. Levereras utan inneh\u00e5ll.       <\/p>\n","protected":false},"excerpt":{"rendered":"<p>MTM ACR7 \u00e4r en universall\u00f6sning f\u00f6r transport av utrustning och ammunition. Den \u00e4r tillverkad av robust plast med en O-ring f\u00f6r att g\u00f6ra den st\u00e4nks\u00e4ker. Tv\u00e5 handtag och tv\u00e5 f\u00e4sten g\u00f6r hanteringen enkel. F\u00f6r att f\u00f6rhindra obeh\u00f6rig \u00e5tkomst kan MTM ACR7 s\u00e4kras med ett eller tv\u00e5 h\u00e4ngl\u00e5s (ing\u00e5r ej). M\u00e5tt cirka 31,5 x 22 x [&#8230;]\n","protected":false},"featured_media":284675,"comment_status":"open","ping_status":"closed","template":"","meta":[],"product_brand":[],"product_cat":[2627],"product_tag":[],"class_list":{"0":"post-285290","1":"product","2":"type-product","3":"status-publish","4":"has-post-thumbnail","6":"product_cat-verktygslador","7":"product_shipping_class-medium-sv","9":"first","10":"instock","11":"taxable","12":"shipping-taxable","13":"purchasable","14":"product-type-simple"},"composite_virtual":false,"composite_layout":"","composite_add_to_cart_form_location":"","composite_editable_in_cart":false,"composite_sold_individually_context":"","composite_shop_price_calc":"","composite_components":[],"composite_scenarios":[],"group_of_quantity":0,"min_quantity":0,"max_quantity":"","exclude_order_quantity_value_rules":"no","exclude_category_quantity_rules":"no","combine_variations":"no","exclude_global_add_ons":[],"addons":[],"_links":{"self":[{"href":"https:\/\/www.huntersfriend.eu\/sv\/wp-json\/wp\/v2\/product\/285290","targetHints":{"allow":["GET"]}}],"collection":[{"href":"https:\/\/www.huntersfriend.eu\/sv\/wp-json\/wp\/v2\/product"}],"about":[{"href":"https:\/\/www.huntersfriend.eu\/sv\/wp-json\/wp\/v2\/types\/product"}],"replies":[{"embeddable":true,"href":"https:\/\/www.huntersfriend.eu\/sv\/wp-json\/wp\/v2\/comments?post=285290"}],"wp:featuredmedia":[{"embeddable":true,"href":"https:\/\/www.huntersfriend.eu\/sv\/wp-json\/wp\/v2\/media\/284675"}],"wp:attachment":[{"href":"https:\/\/www.huntersfriend.eu\/sv\/wp-json\/wp\/v2\/media?parent=285290"}],"wp:term":[{"taxonomy":"product_brand","embeddable":true,"href":"https:\/\/www.huntersfriend.eu\/sv\/wp-json\/wp\/v2\/product_brand?post=285290"},{"taxonomy":"product_cat","embeddable":true,"href":"https:\/\/www.huntersfriend.eu\/sv\/wp-json\/wp\/v2\/product_cat?post=285290"},{"taxonomy":"product_tag","embeddable":true,"href":"https:\/\/www.huntersfriend.eu\/sv\/wp-json\/wp\/v2\/product_tag?post=285290"}],"curies":[{"name":"wp","href":"https:\/\/api.w.org\/{rel}","templated":true}]}}