{"id":285289,"date":"2025-08-07T00:36:17","date_gmt":"2025-08-06T22:36:17","guid":{"rendered":"https:\/\/www.huntersfriend.eu\/product\/black-fire-nut-6-flaskor\/"},"modified":"2025-08-26T07:55:06","modified_gmt":"2025-08-26T05:55:06","slug":"black-fire-nut-6-flaskor","status":"publish","type":"product","link":"https:\/\/www.huntersfriend.eu\/sv\/produkt\/black-fire-nut-6-flaskor\/","title":{"rendered":"Black fire nut, 6 flaskor"},"content":{"rendered":"<p data-start=\"0\" data-end=\"27\"><strong data-start=\"0\" data-end=\"27\">BlackFire Nut 6 \u00d7 500 g<\/strong><\/p>\n<p data-start=\"29\" data-end=\"418\">BlackFire Nut \u00e4r ett naturligt och mycket effektivt lockmedel med en s\u00f6t, intensiv n\u00f6taktig arom som s\u00e4rskilt tilltalar r\u00e5djur, \u00e4lg, vildsvin \u2013 och till och med bj\u00f6rnar. Det \u00e4r utvecklat speciellt f\u00f6r j\u00e4gare och erbjuder ett p\u00e5litligt s\u00e4tt att f\u00e5 vilt att \u00e5terv\u00e4nda till \u00e5telplatsen g\u00e5ng p\u00e5 g\u00e5ng. Sexpacken (500 g vardera) s\u00e4kerst\u00e4ller att du har tillr\u00e4ckligt med lockmedel f\u00f6r hela jakts\u00e4songen.  <\/p>\n<hr data-start=\"420\" data-end=\"423\">\n<p data-start=\"425\" data-end=\"441\"><strong data-start=\"425\" data-end=\"441\">Viktiga funktioner<\/strong><\/p>\n<ul data-start=\"442\" data-end=\"744\">\n<li data-start=\"442\" data-end=\"491\">\n<p data-start=\"444\" data-end=\"491\">En naturlig blandning av mineralsalt och n\u00f6taktig arom<\/p>\n<\/li>\n<li data-start=\"492\" data-end=\"542\">\n<p data-start=\"494\" data-end=\"542\">Stark, s\u00f6t n\u00f6taktig doft f\u00f6r maximal attraktion<\/p>\n<\/li>\n<li data-start=\"543\" data-end=\"599\">\n<p data-start=\"545\" data-end=\"599\">Lockar r\u00e5djur, \u00e4lg, vildsvin och bj\u00f6rnar<\/p>\n<\/li>\n<li data-start=\"600\" data-end=\"657\">\n<p data-start=\"602\" data-end=\"657\">L\u00e4mplig f\u00f6r anv\u00e4ndning \u00e5ret runt i alla v\u00e4derf\u00f6rh\u00e5llanden<\/p>\n<\/li>\n<li data-start=\"658\" data-end=\"712\">\n<p data-start=\"660\" data-end=\"712\">Kan anv\u00e4ndas separat eller blandas med spannm\u00e5l eller majs<\/p>\n<\/li>\n<li data-start=\"713\" data-end=\"744\">\n<p data-start=\"715\" data-end=\"744\">Praktisk sexpack \u2013 totalt 3 kg<\/p>\n<\/li>\n<\/ul>\n<hr data-start=\"746\" data-end=\"749\">\n<p data-start=\"751\" data-end=\"1157\"><strong data-start=\"751\" data-end=\"773\">Anv\u00e4ndning och f\u00f6rdelar<\/strong><br data-start=\"773\" data-end=\"776\">BlackFire Nut \u00e4r l\u00e4tt att applicera p\u00e5 marken, tr\u00e4dr\u00f6tter, stubbar, utfodringsomr\u00e5den eller vilt\u00e5krar. Det fungerar ocks\u00e5 bra blandat i spannm\u00e5l eller majs f\u00f6r en extra skjuts. Den starka aromen sprider sig snabbt och drar vilt till platsen, medan mineralsaltet h\u00e5ller dem kvar l\u00e4ngre och uppmuntrar dem att \u00e5terv\u00e4nda upprepade g\u00e5nger. Designad f\u00f6r alla \u00e5rstider, fungerar den \u00e4ven i kalla eller v\u00e5ta f\u00f6rh\u00e5llanden.   <\/p>\n<hr data-start=\"1159\" data-end=\"1162\">\n<p data-start=\"1164\" data-end=\"1571\"><strong data-start=\"1164\" data-end=\"1192\">Varf\u00f6r v\u00e4lja BlackFire Nut<\/strong><br data-start=\"1192\" data-end=\"1195\">N\u00f6taktig arom har visat sig vara mycket attraktiv f\u00f6r ett brett spektrum av vilt. I kombination med salt skapar det en oemotst\u00e5ndlig lockelse som inte bara lockar djur utan ocks\u00e5 h\u00e5ller dem kvar p\u00e5 platsen. Den l\u00e4ttanv\u00e4nda flaskan med flip-top-kork g\u00f6r appliceringen ren och snabb. Denna sexpack ger dig f\u00f6rtroende f\u00f6r att du har tillr\u00e4ckligt med lockmedel f\u00f6r hela s\u00e4songen \u2013 praktiskt och effektivt.   <\/p>\n<hr data-start=\"1573\" data-end=\"1576\">\n<p data-start=\"1578\" data-end=\"1606\"><strong data-start=\"1578\" data-end=\"1606\">Tekniska specifikationer<\/strong><\/p>\n<ul data-start=\"1607\" data-end=\"1802\">\n<li data-start=\"1607\" data-end=\"1647\">\n<p data-start=\"1609\" data-end=\"1647\"><strong data-start=\"1609\" data-end=\"1622\">Inneh\u00e5ll:<\/strong> 6 \u00d7 500 g (totalt 3 kg)<\/p>\n<\/li>\n<li data-start=\"1648\" data-end=\"1692\">\n<p data-start=\"1650\" data-end=\"1692\"><strong data-start=\"1650\" data-end=\"1666\">Ingredienser:<\/strong> Mineralsalt, n\u00f6taktig arom<\/p>\n<\/li>\n<li data-start=\"1693\" data-end=\"1741\">\n<p data-start=\"1695\" data-end=\"1741\"><strong data-start=\"1695\" data-end=\"1705\">Doft:<\/strong> S\u00f6t och intensiv n\u00f6taktig doft<\/p>\n<\/li>\n<li data-start=\"1742\" data-end=\"1782\">\n<p data-start=\"1744\" data-end=\"1782\"><strong data-start=\"1744\" data-end=\"1752\">Anv\u00e4ndning:<\/strong> Viltlockmedel, \u00e5ret runt<\/p>\n<\/li>\n<li data-start=\"1783\" data-end=\"1802\">\n<p data-start=\"1785\" data-end=\"1802\"><strong data-start=\"1785\" data-end=\"1797\">Tillverkad i:<\/strong> EU<\/p>\n<\/li>\n<\/ul>\n<hr data-start=\"1804\" data-end=\"1807\">\n<p data-start=\"1809\" data-end=\"2075\" data-is-last-node=\"\" data-is-only-node=\"\"><strong data-start=\"1809\" data-end=\"1820\">Sammanfattning<\/strong><br data-start=\"1820\" data-end=\"1823\">BlackFire Nut 6 \u00d7 500 g \u00e4r ett kraftfullt, naturligt och l\u00e4ttanv\u00e4nt lockmedel som drar in vilt och f\u00e5r dem att komma tillbaka. En perfekt l\u00f6sning f\u00f6r j\u00e4gare som vill maximera framg\u00e5ngen f\u00f6r sina \u00e5telplatser under alla \u00e5rstider och under alla f\u00f6rh\u00e5llanden. <\/p>\n","protected":false},"excerpt":{"rendered":"<p>BlackFire Nut 6 \u00d7 500 g BlackFire Nut \u00e4r ett naturligt och mycket effektivt lockmedel med en s\u00f6t, intensiv n\u00f6taktig arom som s\u00e4rskilt tilltalar r\u00e5djur, \u00e4lg, vildsvin \u2013 och till och med bj\u00f6rnar. Det \u00e4r utvecklat speciellt f\u00f6r j\u00e4gare och erbjuder ett p\u00e5litligt s\u00e4tt att f\u00e5 vilt att \u00e5terv\u00e4nda till \u00e5telplatsen g\u00e5ng p\u00e5 g\u00e5ng. Sexpacken [&#8230;]\n","protected":false},"featured_media":285109,"comment_status":"open","ping_status":"closed","template":"","meta":[],"product_brand":[],"product_cat":[2856],"product_tag":[],"class_list":{"0":"post-285289","1":"product","2":"type-product","3":"status-publish","4":"has-post-thumbnail","6":"product_cat-lockmedel-och-mineraler","7":"product_shipping_class-medium-sv","9":"first","10":"instock","11":"taxable","12":"shipping-taxable","13":"purchasable","14":"product-type-simple"},"composite_virtual":false,"composite_layout":"","composite_add_to_cart_form_location":"","composite_editable_in_cart":false,"composite_sold_individually_context":"","composite_shop_price_calc":"","composite_components":[],"composite_scenarios":[],"group_of_quantity":0,"min_quantity":0,"max_quantity":"","exclude_order_quantity_value_rules":"no","exclude_category_quantity_rules":"no","combine_variations":"no","exclude_global_add_ons":[],"addons":[],"_links":{"self":[{"href":"https:\/\/www.huntersfriend.eu\/sv\/wp-json\/wp\/v2\/product\/285289","targetHints":{"allow":["GET"]}}],"collection":[{"href":"https:\/\/www.huntersfriend.eu\/sv\/wp-json\/wp\/v2\/product"}],"about":[{"href":"https:\/\/www.huntersfriend.eu\/sv\/wp-json\/wp\/v2\/types\/product"}],"replies":[{"embeddable":true,"href":"https:\/\/www.huntersfriend.eu\/sv\/wp-json\/wp\/v2\/comments?post=285289"}],"wp:featuredmedia":[{"embeddable":true,"href":"https:\/\/www.huntersfriend.eu\/sv\/wp-json\/wp\/v2\/media\/285109"}],"wp:attachment":[{"href":"https:\/\/www.huntersfriend.eu\/sv\/wp-json\/wp\/v2\/media?parent=285289"}],"wp:term":[{"taxonomy":"product_brand","embeddable":true,"href":"https:\/\/www.huntersfriend.eu\/sv\/wp-json\/wp\/v2\/product_brand?post=285289"},{"taxonomy":"product_cat","embeddable":true,"href":"https:\/\/www.huntersfriend.eu\/sv\/wp-json\/wp\/v2\/product_cat?post=285289"},{"taxonomy":"product_tag","embeddable":true,"href":"https:\/\/www.huntersfriend.eu\/sv\/wp-json\/wp\/v2\/product_tag?post=285289"}],"curies":[{"name":"wp","href":"https:\/\/api.w.org\/{rel}","templated":true}]}}